{"id":915,"date":"2024-05-08T09:52:33","date_gmt":"2024-05-08T09:52:33","guid":{"rendered":"https:\/\/24xtrades.com\/?page_id=915"},"modified":"2024-05-09T11:59:47","modified_gmt":"2024-05-09T11:59:47","slug":"become-partner","status":"publish","type":"page","link":"https:\/\/www.24xtrades.com\/fr\/become-partner\/","title":{"rendered":"Devenir Partenaire"},"content":{"rendered":"<div data-elementor-type=\"wp-page\" data-elementor-id=\"915\" class=\"elementor elementor-915\" data-elementor-post-type=\"page\">\n\t\t\t\t\t\t<section class=\"elementor-section elementor-top-section elementor-element elementor-element-3ccf3eed elementor-section-boxed elementor-section-height-default elementor-section-height-default elementor-invisible\" data-id=\"3ccf3eed\" data-element_type=\"section\" data-settings=\"{&quot;animation&quot;:&quot;fadeInUp&quot;}\">\n\t\t\t\t\t\t<div class=\"elementor-container elementor-column-gap-default\">\n\t\t\t\t\t<div class=\"elementor-column elementor-col-100 elementor-top-column elementor-element elementor-element-5ab3dd3b\" data-id=\"5ab3dd3b\" data-element_type=\"column\">\n\t\t\t<div class=\"elementor-widget-wrap elementor-element-populated\">\n\t\t\t\t\t\t<div class=\"elementor-element elementor-element-5b62e20 elementor-invisible elementor-widget elementor-widget-heading\" data-id=\"5b62e20\" data-element_type=\"widget\" data-settings=\"{&quot;_animation&quot;:&quot;fadeInUp&quot;}\" data-widget_type=\"heading.default\">\n\t\t\t\t<div class=\"elementor-widget-container\">\n\t\t\t<style>\/*! elementor - v3.21.0 - 24-04-2024 *\/\n.elementor-heading-title{padding:0;margin:0;line-height:1}.elementor-widget-heading .elementor-heading-title[class*=elementor-size-]>a{color:inherit;font-size:inherit;line-height:inherit}.elementor-widget-heading .elementor-heading-title.elementor-size-small{font-size:15px}.elementor-widget-heading .elementor-heading-title.elementor-size-medium{font-size:19px}.elementor-widget-heading .elementor-heading-title.elementor-size-large{font-size:29px}.elementor-widget-heading .elementor-heading-title.elementor-size-xl{font-size:39px}.elementor-widget-heading .elementor-heading-title.elementor-size-xxl{font-size:59px}<\/style><h2 class=\"elementor-heading-title elementor-size-default\">Devenir Partenaire<\/h2>\t\t<\/div>\n\t\t\t\t<\/div>\n\t\t\t\t<div class=\"elementor-element elementor-element-234e73d4 elementor-absolute elementor-widget elementor-widget-image\" data-id=\"234e73d4\" data-element_type=\"widget\" data-settings=\"{&quot;_position&quot;:&quot;absolute&quot;}\" data-widget_type=\"image.default\">\n\t\t\t\t<div class=\"elementor-widget-container\">\n\t\t\t<style>\/*! elementor - v3.21.0 - 24-04-2024 *\/\n.elementor-widget-image{text-align:center}.elementor-widget-image a{display:inline-block}.elementor-widget-image a img[src$=\".svg\"]{width:48px}.elementor-widget-image img{vertical-align:middle;display:inline-block}<\/style>\t\t\t\t\t\t\t\t\t\t<img fetchpriority=\"high\" decoding=\"async\" width=\"800\" height=\"791\" src=\"https:\/\/www.24xtrades.com\/wp-content\/uploads\/2024\/04\/Group-200-1-1024x1013.png\" class=\"attachment-large size-large wp-image-20\" alt=\"\" srcset=\"https:\/\/www.24xtrades.com\/wp-content\/uploads\/2024\/04\/Group-200-1-1024x1013.png 1024w, https:\/\/www.24xtrades.com\/wp-content\/uploads\/2024\/04\/Group-200-1-300x297.png 300w, https:\/\/www.24xtrades.com\/wp-content\/uploads\/2024\/04\/Group-200-1-768x760.png 768w, https:\/\/www.24xtrades.com\/wp-content\/uploads\/2024\/04\/Group-200-1.png 1030w\" sizes=\"(max-width: 800px) 100vw, 800px\" \/>\t\t\t\t\t\t\t\t\t\t\t\t\t<\/div>\n\t\t\t\t<\/div>\n\t\t\t\t\t<\/div>\n\t\t<\/div>\n\t\t\t\t\t<\/div>\n\t\t<\/section>\n\t\t<div class=\"elementor-element elementor-element-679f4c9 e-flex e-con-boxed e-con e-parent\" data-id=\"679f4c9\" data-element_type=\"container\">\n\t\t\t\t\t<div class=\"e-con-inner\">\n\t\t\t\t<div class=\"elementor-element elementor-element-1ec8190 elementor-invisible elementor-widget elementor-widget-image\" data-id=\"1ec8190\" data-element_type=\"widget\" data-settings=\"{&quot;_animation&quot;:&quot;fadeInUp&quot;}\" data-widget_type=\"image.default\">\n\t\t\t\t<div class=\"elementor-widget-container\">\n\t\t\t\t\t\t\t\t\t\t<figure class=\"wp-caption\">\n\t\t\t\t\t\t\t\t\t\t<img decoding=\"async\" width=\"5667\" height=\"2607\" src=\"https:\/\/www.24xtrades.com\/wp-content\/uploads\/2024\/05\/1x-9-01.png\" class=\"attachment-full size-full wp-image-1168\" alt=\"\" srcset=\"https:\/\/www.24xtrades.com\/wp-content\/uploads\/2024\/05\/1x-9-01.png 5667w, https:\/\/www.24xtrades.com\/wp-content\/uploads\/2024\/05\/1x-9-01-300x138.png 300w, https:\/\/www.24xtrades.com\/wp-content\/uploads\/2024\/05\/1x-9-01-1024x471.png 1024w, https:\/\/www.24xtrades.com\/wp-content\/uploads\/2024\/05\/1x-9-01-768x353.png 768w, https:\/\/www.24xtrades.com\/wp-content\/uploads\/2024\/05\/1x-9-01-1536x707.png 1536w, https:\/\/www.24xtrades.com\/wp-content\/uploads\/2024\/05\/1x-9-01-2048x942.png 2048w\" sizes=\"(max-width: 5667px) 100vw, 5667px\" \/>\t\t\t\t\t\t\t\t\t\t\t<figcaption class=\"widget-image-caption wp-caption-text\"><\/figcaption>\n\t\t\t\t\t\t\t\t\t\t<\/figure>\n\t\t\t\t\t\t\t<\/div>\n\t\t\t\t<\/div>\n\t\t\t\t\t<\/div>\n\t\t\t\t<\/div>\n\t\t\t\t<section class=\"elementor-section elementor-top-section elementor-element elementor-element-6992b8b7 elementor-section-boxed elementor-section-height-default elementor-section-height-default\" data-id=\"6992b8b7\" data-element_type=\"section\">\n\t\t\t\t\t\t<div class=\"elementor-container elementor-column-gap-default\">\n\t\t\t\t\t<div class=\"elementor-column elementor-col-100 elementor-top-column elementor-element elementor-element-39de6340\" data-id=\"39de6340\" data-element_type=\"column\">\n\t\t\t<div class=\"elementor-widget-wrap elementor-element-populated\">\n\t\t\t\t\t\t<div class=\"elementor-element elementor-element-40a7d852 elementor-invisible elementor-widget elementor-widget-heading\" data-id=\"40a7d852\" data-element_type=\"widget\" data-settings=\"{&quot;_animation&quot;:&quot;fadeInUp&quot;}\" data-widget_type=\"heading.default\">\n\t\t\t\t<div class=\"elementor-widget-container\">\n\t\t\t<h2 class=\"elementor-heading-title elementor-size-default\">Choisissez votre forfait - obtenez une r\u00e9compense pour chaque commer\u00e7ant v\u00e9rifi\u00e9\n<\/h2>\t\t<\/div>\n\t\t\t\t<\/div>\n\t\t\t\t<section class=\"elementor-section elementor-inner-section elementor-element elementor-element-62a5b5bb elementor-section-boxed elementor-section-height-default elementor-section-height-default\" data-id=\"62a5b5bb\" data-element_type=\"section\">\n\t\t\t\t\t\t<div class=\"elementor-container elementor-column-gap-default\">\n\t\t\t\t\t<div class=\"elementor-column elementor-col-33 elementor-inner-column elementor-element elementor-element-42840271 elementor-invisible\" data-id=\"42840271\" data-element_type=\"column\" data-settings=\"{&quot;animation&quot;:&quot;fadeIn&quot;,&quot;animation_delay&quot;:100}\">\n\t\t\t<div class=\"elementor-widget-wrap elementor-element-populated\">\n\t\t\t\t\t\t<div class=\"elementor-element elementor-element-72489c86 jkit-equal-height-disable elementor-widget elementor-widget-jkit_icon_box\" data-id=\"72489c86\" data-element_type=\"widget\" data-widget_type=\"jkit_icon_box.default\">\n\t\t\t\t<div class=\"elementor-widget-container\">\n\t\t\t<div  class=\"jeg-elementor-kit jkit-icon-box icon-position- elementor-animation- jeg_module___69e22c1e4584f\" ><div class=\"jkit-icon-box-wrapper hover-from-left\"><div class=\"icon-box icon-box-header elementor-animation-\"><div class=\"icon style-color\"><img decoding=\"async\" width=\"959\" height=\"959\" src=\"https:\/\/www.24xtrades.com\/wp-content\/uploads\/2024\/05\/conversion-01.png\" class=\"attachment-full size-full\" alt=\"Conversion\" url=\"https:\/\/24xtrades.com\/wp-content\/uploads\/2024\/05\/conversion-01.png\" source=\"library\" srcset=\"https:\/\/www.24xtrades.com\/wp-content\/uploads\/2024\/05\/conversion-01.png 959w, https:\/\/www.24xtrades.com\/wp-content\/uploads\/2024\/05\/conversion-01-300x300.png 300w, https:\/\/www.24xtrades.com\/wp-content\/uploads\/2024\/05\/conversion-01-150x150.png 150w, https:\/\/www.24xtrades.com\/wp-content\/uploads\/2024\/05\/conversion-01-768x768.png 768w\" sizes=\"(max-width: 959px) 100vw, 959px\" \/><\/div><\/div><div class=\"icon-box icon-box-body\">\n                <h2 class=\"title\">Conversion<\/h2><p class=\"icon-box-description\">Recevez des r\u00e9compenses pour chaque commer\u00e7ant approuv\u00e9.<br \/>\n<br \/>\n<\/p>\n            <\/div>\n            \n            <\/div><\/div>\t\t<\/div>\n\t\t\t\t<\/div>\n\t\t\t\t\t<\/div>\n\t\t<\/div>\n\t\t\t\t<div class=\"elementor-column elementor-col-33 elementor-inner-column elementor-element elementor-element-9bab192 elementor-invisible\" data-id=\"9bab192\" data-element_type=\"column\" data-settings=\"{&quot;animation&quot;:&quot;fadeIn&quot;,&quot;animation_delay&quot;:200}\">\n\t\t\t<div class=\"elementor-widget-wrap elementor-element-populated\">\n\t\t\t\t\t\t<div class=\"elementor-element elementor-element-4d953b73 jkit-equal-height-disable elementor-widget elementor-widget-jkit_icon_box\" data-id=\"4d953b73\" data-element_type=\"widget\" data-widget_type=\"jkit_icon_box.default\">\n\t\t\t\t<div class=\"elementor-widget-container\">\n\t\t\t<div  class=\"jeg-elementor-kit jkit-icon-box icon-position- elementor-animation- jeg_module__1_69e22c1e4668a\" ><div class=\"jkit-icon-box-wrapper hover-from-left\"><div class=\"icon-box icon-box-header elementor-animation-\"><div class=\"icon style-color\"><img loading=\"lazy\" decoding=\"async\" width=\"959\" height=\"959\" src=\"https:\/\/www.24xtrades.com\/wp-content\/uploads\/2024\/05\/rebate-01.png\" class=\"attachment-full size-full\" alt=\"Rebate\" url=\"https:\/\/24xtrades.com\/wp-content\/uploads\/2024\/05\/rebate-01.png\" source=\"library\" srcset=\"https:\/\/www.24xtrades.com\/wp-content\/uploads\/2024\/05\/rebate-01.png 959w, https:\/\/www.24xtrades.com\/wp-content\/uploads\/2024\/05\/rebate-01-300x300.png 300w, https:\/\/www.24xtrades.com\/wp-content\/uploads\/2024\/05\/rebate-01-150x150.png 150w, https:\/\/www.24xtrades.com\/wp-content\/uploads\/2024\/05\/rebate-01-768x768.png 768w\" sizes=\"(max-width: 959px) 100vw, 959px\" \/><\/div><\/div><div class=\"icon-box icon-box-body\">\n                <h2 class=\"title\">Rabais<\/h2><p class=\"icon-box-description\">D\u00e9couvrez des paiements flexibles adapt\u00e9s \u00e0 vos besoins.<br \/>\n<br \/>\n<br \/>\n<br \/>\n<br \/>\n<br \/>\n<br \/>\n<\/p>\n            <\/div>\n            \n            <\/div><\/div>\t\t<\/div>\n\t\t\t\t<\/div>\n\t\t\t\t\t<\/div>\n\t\t<\/div>\n\t\t\t\t<div class=\"elementor-column elementor-col-33 elementor-inner-column elementor-element elementor-element-44c1e7fc elementor-invisible\" data-id=\"44c1e7fc\" data-element_type=\"column\" data-settings=\"{&quot;animation&quot;:&quot;fadeIn&quot;,&quot;animation_delay&quot;:300}\">\n\t\t\t<div class=\"elementor-widget-wrap elementor-element-populated\">\n\t\t\t\t\t\t<div class=\"elementor-element elementor-element-50e61702 jkit-equal-height-disable elementor-widget elementor-widget-jkit_icon_box\" data-id=\"50e61702\" data-element_type=\"widget\" data-widget_type=\"jkit_icon_box.default\">\n\t\t\t\t<div class=\"elementor-widget-container\">\n\t\t\t<div  class=\"jeg-elementor-kit jkit-icon-box icon-position- elementor-animation- jeg_module__2_69e22c1e47394\" ><div class=\"jkit-icon-box-wrapper hover-from-left\"><div class=\"icon-box icon-box-header elementor-animation-\"><div class=\"icon style-color\"><img loading=\"lazy\" decoding=\"async\" width=\"959\" height=\"959\" src=\"https:\/\/www.24xtrades.com\/wp-content\/uploads\/2024\/05\/top-partner-01.png\" class=\"attachment-full size-full\" alt=\"Valued Partner\" url=\"https:\/\/24xtrades.com\/wp-content\/uploads\/2024\/05\/top-partner-01.png\" source=\"library\" srcset=\"https:\/\/www.24xtrades.com\/wp-content\/uploads\/2024\/05\/top-partner-01.png 959w, https:\/\/www.24xtrades.com\/wp-content\/uploads\/2024\/05\/top-partner-01-300x300.png 300w, https:\/\/www.24xtrades.com\/wp-content\/uploads\/2024\/05\/top-partner-01-150x150.png 150w, https:\/\/www.24xtrades.com\/wp-content\/uploads\/2024\/05\/top-partner-01-768x768.png 768w\" sizes=\"(max-width: 959px) 100vw, 959px\" \/><\/div><\/div><div class=\"icon-box icon-box-body\">\n                <h2 class=\"title\">Partenaire de valeur<\/h2><p class=\"icon-box-description\">Acc\u00e9dez \u00e0 des programmes avanc\u00e9s en tant que partenaires de premier ordre.<br \/>\n<br \/>\n<br \/>\n<br \/>\n<br \/>\n<br \/>\n<\/p>\n            <\/div>\n            \n            <\/div><\/div>\t\t<\/div>\n\t\t\t\t<\/div>\n\t\t\t\t\t<\/div>\n\t\t<\/div>\n\t\t\t\t\t<\/div>\n\t\t<\/section>\n\t\t\t\t<div class=\"elementor-element elementor-element-6fad4764 elementor-absolute elementor-widget elementor-widget-image\" data-id=\"6fad4764\" data-element_type=\"widget\" data-settings=\"{&quot;_position&quot;:&quot;absolute&quot;}\" data-widget_type=\"image.default\">\n\t\t\t\t<div class=\"elementor-widget-container\">\n\t\t\t\t\t\t\t\t\t\t\t\t\t<img fetchpriority=\"high\" decoding=\"async\" width=\"800\" height=\"791\" src=\"https:\/\/www.24xtrades.com\/wp-content\/uploads\/2024\/04\/Group-200-1-1024x1013.png\" class=\"attachment-large size-large wp-image-20\" alt=\"\" srcset=\"https:\/\/www.24xtrades.com\/wp-content\/uploads\/2024\/04\/Group-200-1-1024x1013.png 1024w, https:\/\/www.24xtrades.com\/wp-content\/uploads\/2024\/04\/Group-200-1-300x297.png 300w, https:\/\/www.24xtrades.com\/wp-content\/uploads\/2024\/04\/Group-200-1-768x760.png 768w, https:\/\/www.24xtrades.com\/wp-content\/uploads\/2024\/04\/Group-200-1.png 1030w\" sizes=\"(max-width: 800px) 100vw, 800px\" \/>\t\t\t\t\t\t\t\t\t\t\t\t\t<\/div>\n\t\t\t\t<\/div>\n\t\t\t\t\t<\/div>\n\t\t<\/div>\n\t\t\t\t\t<\/div>\n\t\t<\/section>\n\t\t\t\t<\/div>","protected":false},"excerpt":{"rendered":"<p>Devenir partenaire Choisissez votre forfait \u2013 obtenez une r\u00e9compense pour chaque trader v\u00e9rifi\u00e9 Conversion Recevez des r\u00e9compenses pour chaque trader approuv\u00e9. Rabais Explorez des paiements flexibles adapt\u00e9s \u00e0 vos besoins. Partenaire privil\u00e9gi\u00e9 Acc\u00e9dez \u00e0 des programmes avanc\u00e9s en tant que partenaires de premier plan.<\/p>","protected":false},"author":1,"featured_media":0,"parent":0,"menu_order":0,"comment_status":"closed","ping_status":"closed","template":"","meta":{"footnotes":""},"class_list":["post-915","page","type-page","status-publish","hentry"],"_links":{"self":[{"href":"https:\/\/www.24xtrades.com\/fr\/wp-json\/wp\/v2\/pages\/915","targetHints":{"allow":["GET"]}}],"collection":[{"href":"https:\/\/www.24xtrades.com\/fr\/wp-json\/wp\/v2\/pages"}],"about":[{"href":"https:\/\/www.24xtrades.com\/fr\/wp-json\/wp\/v2\/types\/page"}],"author":[{"embeddable":true,"href":"https:\/\/www.24xtrades.com\/fr\/wp-json\/wp\/v2\/users\/1"}],"replies":[{"embeddable":true,"href":"https:\/\/www.24xtrades.com\/fr\/wp-json\/wp\/v2\/comments?post=915"}],"version-history":[{"count":13,"href":"https:\/\/www.24xtrades.com\/fr\/wp-json\/wp\/v2\/pages\/915\/revisions"}],"predecessor-version":[{"id":1171,"href":"https:\/\/www.24xtrades.com\/fr\/wp-json\/wp\/v2\/pages\/915\/revisions\/1171"}],"wp:attachment":[{"href":"https:\/\/www.24xtrades.com\/fr\/wp-json\/wp\/v2\/media?parent=915"}],"curies":[{"name":"wp","href":"https:\/\/api.w.org\/{rel}","templated":true}]}}