{"id":912,"date":"2024-05-08T09:52:19","date_gmt":"2024-05-08T09:52:19","guid":{"rendered":"https:\/\/24xtrades.com\/?page_id=912"},"modified":"2024-05-10T12:11:45","modified_gmt":"2024-05-10T12:11:45","slug":"future-expires","status":"publish","type":"page","link":"https:\/\/www.24xtrades.com\/fr\/future-expires\/","title":{"rendered":"Le futur expire"},"content":{"rendered":"<div data-elementor-type=\"wp-page\" data-elementor-id=\"912\" class=\"elementor elementor-912\" data-elementor-post-type=\"page\">\n\t\t\t\t<div class=\"elementor-element elementor-element-211b4b0 e-flex e-con-boxed e-con e-parent\" data-id=\"211b4b0\" data-element_type=\"container\">\n\t\t\t\t\t<div class=\"e-con-inner\">\n\t\t\t\t\t<\/div>\n\t\t\t\t<\/div>\n\t\t<div class=\"elementor-element elementor-element-b5ddbea e-flex e-con-boxed e-con e-parent\" data-id=\"b5ddbea\" data-element_type=\"container\">\n\t\t\t\t\t<div class=\"e-con-inner\">\n\t\t\t\t<div class=\"elementor-element elementor-element-cfe768b elementor-widget elementor-widget-html\" data-id=\"cfe768b\" data-element_type=\"widget\" data-widget_type=\"html.default\">\n\t\t\t\t<div class=\"elementor-widget-container\">\n\t\t\t<div class=\"col-12\">\n            <h2 class=\"headline headline--sub iframe-hide\">Expirations futures<\/h2>\n            <div>\n                <p>Gardez une longueur d&#039;avance gr\u00e2ce \u00e0 des strat\u00e9gies de trading robustes et veillez \u00e0 ce que vos plans de trading soient align\u00e9s sur les dates d&#039;expiration importantes des CFD. Veuillez noter que 24xtrade ne renouvelle pas les positions au-del\u00e0 de leur \u00e9ch\u00e9ance, de sorte que toutes les positions restant ouvertes apr\u00e8s leur expiration seront automatiquement ferm\u00e9es. Pour plus d&#039;informations, reportez-vous au tableau ci-dessous.<\/p>                    <div style=\"text-align: center;\">  <table> <tbody> <tr> <td>Instrument<\/td>  <td>Nom du produit<\/td>  <td>Date d&#039;expiration<\/td>  <td>Heure GMT+3<\/td>  <\/tr>  <tr> <td>CC.f<\/td>  <td>Futures sur le cacao aux \u00c9tats-Unis<\/td>  <td>09-04-2024<\/td>  <td>10:00:00 AM<\/td>  <\/tr>  <tr> <td>USOIL.fu<\/td>  <td>Contrats \u00e0 terme sur le p\u00e9trole brut West Texas Intermediate<\/td>  <td>17-04-2024<\/td>  <td>10:00:00 AM<\/td>  <\/tr>  <tr> <td>COP.f<\/td>  <td>Contrats \u00e0 terme sur le cuivre<\/td>  <td>17-04-2024<\/td>  <td>10:00:00 AM<\/td>  <\/tr>  <tr> <td>SB.f<\/td>  <td>Contrats \u00e0 terme sur le sucre aux \u00c9tats-Unis<\/td>  <td>22-04-2024<\/td>  <td>10:00:00 AM<\/td>  <\/tr>  <tr> <td>CT.f<\/td>  <td>Contrats \u00e0 terme sur le coton aux \u00c9tats-Unis<\/td>  <td>22-04-2024<\/td>  <td>10:00:00 AM<\/td>  <\/tr>  <tr> <td>NGAS.f<\/td>  <td>Contrats \u00e0 terme NGAS<\/td>  <td>23-04-2024<\/td>  <td>10:00:00 AM<\/td>  <\/tr>  <tr> <td>UKBREN.f<\/td>  <td>Contrats \u00e0 terme sur le p\u00e9trole brut Brent<\/td>  <td>25-04-2024<\/td>  <td>10:00:00 AM<\/td>  <\/tr>  <tr> <td>USCORN.f<\/td>  <td>Contrats \u00e0 terme sur le ma\u00efs<\/td>  <td>26-04-2024<\/td>  <td>10:00:00 AM<\/td>  <\/tr>  <tr> <td>SOYB.f<\/td>  <td>Contrats \u00e0 terme sur le soja<\/td>  <td>26-04-2024<\/td>  <td>10:00:00 AM<\/td>  <\/tr>  <tr> <td>USWHEA.f<\/td>  <td>Contrats \u00e0 terme sur le bl\u00e9<\/td>  <td>26-04-2024<\/td>  <td>10:00:00 AM<\/td>  <\/tr>  <\/tbody>  <\/table>          <br><\/div>\n            <\/div>\n        <\/div>\t\t<\/div>\n\t\t\t\t<\/div>\n\t\t\t\t\t<\/div>\n\t\t\t\t<\/div>\n\t\t\t\t<\/div>","protected":false},"excerpt":{"rendered":"<p>Futures expirations Gardez une longueur d&#039;avance gr\u00e2ce \u00e0 des strat\u00e9gies de trading robustes et veillez \u00e0 ce que vos plans de trading soient align\u00e9s sur les dates d&#039;expiration importantes des CFD. Veuillez noter que 24xtrade ne renouvelle pas les positions au-del\u00e0 de leur \u00e9ch\u00e9ance, de sorte que toutes les positions restant ouvertes apr\u00e8s leur expiration seront automatiquement ferm\u00e9es. Pour plus d&#039;informations, reportez-vous au tableau ci-dessous. Instrument [\u2026]<\/p>","protected":false},"author":1,"featured_media":0,"parent":0,"menu_order":0,"comment_status":"closed","ping_status":"closed","template":"","meta":{"footnotes":""},"class_list":["post-912","page","type-page","status-publish","hentry"],"_links":{"self":[{"href":"https:\/\/www.24xtrades.com\/fr\/wp-json\/wp\/v2\/pages\/912","targetHints":{"allow":["GET"]}}],"collection":[{"href":"https:\/\/www.24xtrades.com\/fr\/wp-json\/wp\/v2\/pages"}],"about":[{"href":"https:\/\/www.24xtrades.com\/fr\/wp-json\/wp\/v2\/types\/page"}],"author":[{"embeddable":true,"href":"https:\/\/www.24xtrades.com\/fr\/wp-json\/wp\/v2\/users\/1"}],"replies":[{"embeddable":true,"href":"https:\/\/www.24xtrades.com\/fr\/wp-json\/wp\/v2\/comments?post=912"}],"version-history":[{"count":10,"href":"https:\/\/www.24xtrades.com\/fr\/wp-json\/wp\/v2\/pages\/912\/revisions"}],"predecessor-version":[{"id":1283,"href":"https:\/\/www.24xtrades.com\/fr\/wp-json\/wp\/v2\/pages\/912\/revisions\/1283"}],"wp:attachment":[{"href":"https:\/\/www.24xtrades.com\/fr\/wp-json\/wp\/v2\/media?parent=912"}],"curies":[{"name":"wp","href":"https:\/\/api.w.org\/{rel}","templated":true}]}}