{"id":911,"date":"2024-05-08T09:52:15","date_gmt":"2024-05-08T09:52:15","guid":{"rendered":"https:\/\/24xtrades.com\/?page_id=911"},"modified":"2024-05-10T12:11:57","modified_gmt":"2024-05-10T12:11:57","slug":"market-holidays","status":"publish","type":"page","link":"https:\/\/www.24xtrades.com\/fr\/market-holidays\/","title":{"rendered":"Jours f\u00e9ri\u00e9s du march\u00e9"},"content":{"rendered":"<div data-elementor-type=\"wp-page\" data-elementor-id=\"911\" class=\"elementor elementor-911\" data-elementor-post-type=\"page\">\n\t\t\t\t<div class=\"elementor-element elementor-element-ee791cc e-flex e-con-boxed e-con e-parent\" data-id=\"ee791cc\" data-element_type=\"container\">\n\t\t\t\t\t<div class=\"e-con-inner\">\n\t\t\t\t<div class=\"elementor-element elementor-element-532bee6 elementor-widget elementor-widget-html\" data-id=\"532bee6\" data-element_type=\"widget\" data-widget_type=\"html.default\">\n\t\t\t\t<div class=\"elementor-widget-container\">\n\t\t\t<div class=\"col-12\">\n            <h2 class=\"headline headline--sub iframe-hide\">Trouvez les jours f\u00e9ri\u00e9s du march\u00e9 \u00e0 venir<\/h2>\n            <div>\n                <p style=\"text-align: left;\">Chez 24xtrade, nous ne laissons rien au hasard ! Et vous ? Consultez d\u00e8s maintenant le calendrier des jours f\u00e9ri\u00e9s ci-dessous pour savoir exactement quand et quels actifs pourraient \u00eatre affect\u00e9s par les jours f\u00e9ri\u00e9s \u00e0 venir, afin de profiter d&#039;une exp\u00e9rience de trading ultime gr\u00e2ce \u00e0 des strat\u00e9gies tourn\u00e9es vers l&#039;avenir.<br><\/p>\n\n\n\n\n\n\n\n\n\n\n\n\n\n\n\n<table>\n<tbody>\n<tr>\n<td>Symbole<\/td>\n<td>S\u00e9curit\u00e9<\/td>\n<td>Jeudi 4 \u2013 Journ\u00e9e des enfants<\/td>\n<td>Vendredi 5 - F\u00eate de Qingming<\/td>\n<td>Lundi 8 \u2013 A\u00efd el-Fitr<\/td>\n<td>Mardi 9 \u2013 A\u00efd el-Fitr<\/td>\n<td>Mercredi 10 \u2013 A\u00efd el-Fitr<\/td>\n<td>Jeudi 11 \u2013 A\u00efd el-Fitr<\/td>\n<td>Vendredi 12 \u2013 A\u00efd el-Fitr<\/td>\n<td>Mercredi 17 \u2013 Shri Ram Navmi<\/td>\n<td>Mardi 23 \u2013 Journ\u00e9e des enfants<\/td>\n<td>Jeudi 25 \u2013 Journ\u00e9e ANZAC<\/td>\n<td>Lundi 29 \u2013 Journ\u00e9e Showa<\/td>\n<\/tr>\n<tr>\n<td>Effets sp\u00e9ciaux<\/td>\n<td>Effets sp\u00e9ciaux<\/td>\n<td>Horaires normaux<\/td>\n<td>Horaires normaux<\/td>\n<td>Horaires normaux<\/td>\n<td>Horaires normaux<\/td>\n<td>Horaires normaux<\/td>\n<td>Horaires normaux<\/td>\n<td>Horaires normaux<\/td>\n<td>Horaires normaux<\/td>\n<td>Horaires normaux<\/td>\n<td>Horaires normaux<\/td>\n<td>Horaires normaux<\/td>\n<\/tr>\n<tr>\n<td>XAUUSD<\/td>\n<td>M\u00e9taux<\/td>\n<td>Horaires normaux<\/td>\n<td>Horaires normaux<\/td>\n<td>Horaires normaux<\/td>\n<td>Horaires normaux<\/td>\n<td>Horaires normaux<\/td>\n<td>Horaires normaux<\/td>\n<td>Horaires normaux<\/td>\n<td>Horaires normaux<\/td>\n<td>Horaires normaux<\/td>\n<td>Horaires normaux<\/td>\n<td>Horaires normaux<\/td>\n<\/tr>\n<tr>\n<td>XAGUSD<\/td>\n<td>M\u00e9taux<\/td>\n<td>Horaires normaux<\/td>\n<td>Horaires normaux<\/td>\n<td>Horaires normaux<\/td>\n<td>Horaires normaux<\/td>\n<td>Horaires normaux<\/td>\n<td>Horaires normaux<\/td>\n<td>Horaires normaux<\/td>\n<td>Horaires normaux<\/td>\n<td>Horaires normaux<\/td>\n<td>Horaires normaux<\/td>\n<td>Horaires normaux<\/td>\n<\/tr>\n<tr>\n<td>XAUEUR<\/td>\n<td>M\u00e9taux<\/td>\n<td>Horaires normaux<\/td>\n<td>Horaires normaux<\/td>\n<td>Horaires normaux<\/td>\n<td>Horaires normaux<\/td>\n<td>Horaires normaux<\/td>\n<td>Horaires normaux<\/td>\n<td>Horaires normaux<\/td>\n<td>Horaires normaux<\/td>\n<td>Horaires normaux<\/td>\n<td>Horaires normaux<\/td>\n<td>Horaires normaux<\/td>\n<\/tr>\n<tr>\n<td>XAGEUR<\/td>\n<td>M\u00e9taux<\/td>\n<td>Horaires normaux<\/td>\n<td>Horaires normaux<\/td>\n<td>Horaires normaux<\/td>\n<td>Horaires normaux<\/td>\n<td>Horaires normaux<\/td>\n<td>Horaires normaux<\/td>\n<td>Horaires normaux<\/td>\n<td>Horaires normaux<\/td>\n<td>Horaires normaux<\/td>\n<td>Horaires normaux<\/td>\n<td>Horaires normaux<\/td>\n<\/tr>\n<tr>\n<td>XPDUSD<\/td>\n<td>M\u00e9taux<\/td>\n<td>Horaires normaux<\/td>\n<td>Horaires normaux<\/td>\n<td>Horaires normaux<\/td>\n<td>Horaires normaux<\/td>\n<td>Horaires normaux<\/td>\n<td>Horaires normaux<\/td>\n<td>Horaires normaux<\/td>\n<td>Horaires normaux<\/td>\n<td>Horaires normaux<\/td>\n<td>Horaires normaux<\/td>\n<td>Horaires normaux<\/td>\n<\/tr>\n<tr>\n<td>XPTUSD<\/td>\n<td>M\u00e9taux<\/td>\n<td>Horaires normaux<\/td>\n<td>Horaires normaux<\/td>\n<td>Horaires normaux<\/td>\n<td>Horaires normaux<\/td>\n<td>Horaires normaux<\/td>\n<td>Horaires normaux<\/td>\n<td>Horaires normaux<\/td>\n<td>Horaires normaux<\/td>\n<td>Horaires normaux<\/td>\n<td>Horaires normaux<\/td>\n<td>Horaires normaux<\/td>\n<\/tr>\n<tr>\n<td>Cryptos<\/td>\n<td>Cryptos<\/td>\n<td>Horaires normaux<\/td>\n<td>Horaires normaux<\/td>\n<td>Horaires normaux<\/td>\n<td>Horaires normaux<\/td>\n<td>Horaires normaux<\/td>\n<td>Horaires normaux<\/td>\n<td>Horaires normaux<\/td>\n<td>Horaires normaux<\/td>\n<td>Horaires normaux<\/td>\n<td>Horaires normaux<\/td>\n<td>Horaires normaux<\/td>\n<\/tr>\n<tr>\n<td>DE40<\/td>\n<td>Indices<\/td>\n<td>Horaires normaux<\/td>\n<td>Horaires normaux<\/td>\n<td>Horaires normaux<\/td>\n<td>Horaires normaux<\/td>\n<td>Horaires normaux<\/td>\n<td>Horaires normaux<\/td>\n<td>Horaires normaux<\/td>\n<td>Horaires normaux<\/td>\n<td>Horaires normaux<\/td>\n<td>Horaires normaux<\/td>\n<td>Horaires normaux<\/td>\n<\/tr>\n<tr>\n<td>SWI20<\/td>\n<td>Indices<\/td>\n<td>Horaires normaux<\/td>\n<td>Horaires normaux<\/td>\n<td>Horaires normaux<\/td>\n<td>Horaires normaux<\/td>\n<td>Horaires normaux<\/td>\n<td>Horaires normaux<\/td>\n<td>Horaires normaux<\/td>\n<td>Horaires normaux<\/td>\n<td>Horaires normaux<\/td>\n<td>Horaires normaux<\/td>\n<td>Horaires normaux<\/td>\n<\/tr>\n<tr>\n<td>ES35<\/td>\n<td>Indices<\/td>\n<td>Horaires normaux<\/td>\n<td>Horaires normaux<\/td>\n<td>Horaires normaux<\/td>\n<td>Horaires normaux<\/td>\n<td>Horaires normaux<\/td>\n<td>Horaires normaux<\/td>\n<td>Horaires normaux<\/td>\n<td>Horaires normaux<\/td>\n<td>Horaires normaux<\/td>\n<td>Horaires normaux<\/td>\n<td>Horaires normaux<\/td>\n<\/tr>\n<tr>\n<td>F40<\/td>\n<td>Indices<\/td>\n<td>Horaires normaux<\/td>\n<td>Horaires normaux<\/td>\n<td>Horaires normaux<\/td>\n<td>Horaires normaux<\/td>\n<td>Horaires normaux<\/td>\n<td>Horaires normaux<\/td>\n<td>Horaires normaux<\/td>\n<td>Horaires normaux<\/td>\n<td>Horaires normaux<\/td>\n<td>Horaires normaux<\/td>\n<td>Horaires normaux<\/td>\n<\/tr>\n<tr>\n<td>N25<\/td>\n<td>Indices<\/td>\n<td>Horaires normaux<\/td>\n<td>Horaires normaux<\/td>\n<td>Horaires normaux<\/td>\n<td>Horaires normaux<\/td>\n<td>Horaires normaux<\/td>\n<td>Horaires normaux<\/td>\n<td>Horaires normaux<\/td>\n<td>Horaires normaux<\/td>\n<td>Horaires normaux<\/td>\n<td>Horaires normaux<\/td>\n<td>Horaires normaux<\/td>\n<\/tr>\n<tr>\n<td>STOXX50<\/td>\n<td>Indices<\/td>\n<td>Horaires normaux<\/td>\n<td>Horaires normaux<\/td>\n<td>Horaires normaux<\/td>\n<td>Horaires normaux<\/td>\n<td>Horaires normaux<\/td>\n<td>Horaires normaux<\/td>\n<td>Horaires normaux<\/td>\n<td>Horaires normaux<\/td>\n<td>Horaires normaux<\/td>\n<td>Horaires normaux<\/td>\n<td>Horaires normaux<\/td>\n<\/tr>\n<tr>\n<td>Royaume-Uni100<\/td>\n<td>Indices<\/td>\n<td>Horaires normaux<\/td>\n<td>Horaires normaux<\/td>\n<td>Horaires normaux<\/td>\n<td>Horaires normaux<\/td>\n<td>Horaires normaux<\/td>\n<td>Horaires normaux<\/td>\n<td>Horaires normaux<\/td>\n<td>Horaires normaux<\/td>\n<td>Horaires normaux<\/td>\n<td>Horaires normaux<\/td>\n<td>Horaires normaux<\/td>\n<\/tr>\n<tr>\n<td>200 AUD<\/td>\n<td>Indices<\/td>\n<td>Horaires normaux<\/td>\n<td>Horaires normaux<\/td>\n<td>Horaires normaux<\/td>\n<td>Horaires normaux<\/td>\n<td>Horaires normaux<\/td>\n<td>Horaires normaux<\/td>\n<td>Horaires normaux<\/td>\n<td>Horaires normaux<\/td>\n<td>Horaires normaux<\/td>\n<td>Ouverture tardive 10h10<\/td>\n<td>Horaires normaux<\/td>\n<\/tr>\n<tr>\n<td>JP225<\/td>\n<td>Indices<\/td>\n<td>Horaires normaux<\/td>\n<td>Horaires normaux<\/td>\n<td>Horaires normaux<\/td>\n<td>Horaires normaux<\/td>\n<td>Horaires normaux<\/td>\n<td>Horaires normaux<\/td>\n<td>Horaires normaux<\/td>\n<td>Horaires normaux<\/td>\n<td>Horaires normaux<\/td>\n<td>Horaires normaux<\/td>\n<td>Horaires normaux<\/td>\n<\/tr>\n<tr>\n<td>USTEC<\/td>\n<td>Indices<\/td>\n<td>Horaires normaux<\/td>\n<td>Horaires normaux<\/td>\n<td>Horaires normaux<\/td>\n<td>Horaires normaux<\/td>\n<td>Horaires normaux<\/td>\n<td>Horaires normaux<\/td>\n<td>Horaires normaux<\/td>\n<td>Horaires normaux<\/td>\n<td>Horaires normaux<\/td>\n<td>Horaires normaux<\/td>\n<td>Horaires normaux<\/td>\n<\/tr>\n<tr>\n<td>500 $ US<\/td>\n<td>Indices<\/td>\n<td>Horaires normaux<\/td>\n<td>Horaires normaux<\/td>\n<td>Horaires normaux<\/td>\n<td>Horaires normaux<\/td>\n<td>Horaires normaux<\/td>\n<td>Horaires normaux<\/td>\n<td>Horaires normaux<\/td>\n<td>Horaires normaux<\/td>\n<td>Horaires normaux<\/td>\n<td>Horaires normaux<\/td>\n<td>Horaires normaux<\/td>\n<\/tr>\n<tr>\n<td>\u00c9tats-Unis 30<\/td>\n<td>Indices<\/td>\n<td>Horaires normaux<\/td>\n<td>Horaires normaux<\/td>\n<td>Horaires normaux<\/td>\n<td>Horaires normaux<\/td>\n<td>Horaires normaux<\/td>\n<td>Horaires normaux<\/td>\n<td>Horaires normaux<\/td>\n<td>Horaires normaux<\/td>\n<td>Horaires normaux<\/td>\n<td>Horaires normaux<\/td>\n<td>Horaires normaux<\/td>\n<\/tr>\n<tr>\n<td>USOIL.C<\/td>\n<td>\u00c9nergies<\/td>\n<td>Horaires normaux<\/td>\n<td>Horaires normaux<\/td>\n<td>Horaires normaux<\/td>\n<td>Horaires normaux<\/td>\n<td>Horaires normaux<\/td>\n<td>Horaires normaux<\/td>\n<td>Horaires normaux<\/td>\n<td>Horaires normaux<\/td>\n<td>Horaires normaux<\/td>\n<td>Horaires normaux<\/td>\n<td>Horaires normaux<\/td>\n<\/tr>\n<tr>\n<td>BRENT<\/td>\n<td>\u00c9nergies<\/td>\n<td>Horaires normaux<\/td>\n<td>Horaires normaux<\/td>\n<td>Horaires normaux<\/td>\n<td>Horaires normaux<\/td>\n<td>Horaires normaux<\/td>\n<td>Horaires normaux<\/td>\n<td>Horaires normaux<\/td>\n<td>Horaires normaux<\/td>\n<td>Horaires normaux<\/td>\n<td>Horaires normaux<\/td>\n<td>Horaires normaux<\/td>\n<\/tr>\n<tr>\n<td>USOIL.fu<\/td>\n<td>Futurs<\/td>\n<td>Horaires normaux<\/td>\n<td>Horaires normaux<\/td>\n<td>Horaires normaux<\/td>\n<td>Horaires normaux<\/td>\n<td>Horaires normaux<\/td>\n<td>Horaires normaux<\/td>\n<td>Horaires normaux<\/td>\n<td>Horaires normaux<\/td>\n<td>Horaires normaux<\/td>\n<td>Horaires normaux<\/td>\n<td>Horaires normaux<\/td>\n<\/tr>\n<tr>\n<td>UKBREN.f<\/td>\n<td>Futurs<\/td>\n<td>Horaires normaux<\/td>\n<td>Horaires normaux<\/td>\n<td>Horaires normaux<\/td>\n<td>Horaires normaux<\/td>\n<td>Horaires normaux<\/td>\n<td>Horaires normaux<\/td>\n<td>Horaires normaux<\/td>\n<td>Horaires normaux<\/td>\n<td>Horaires normaux<\/td>\n<td>Horaires normaux<\/td>\n<td>Horaires normaux<\/td>\n<\/tr>\n<tr>\n<td>NGAS.f<\/td>\n<td>Futurs<\/td>\n<td>Horaires normaux<\/td>\n<td>Horaires normaux<\/td>\n<td>Horaires normaux<\/td>\n<td>Horaires normaux<\/td>\n<td>Horaires normaux<\/td>\n<td>Horaires normaux<\/td>\n<td>Horaires normaux<\/td>\n<td>Horaires normaux<\/td>\n<td>Horaires normaux<\/td>\n<td>Horaires normaux<\/td>\n<td>Horaires normaux<\/td>\n<\/tr>\n<tr>\n<td>COP.f<\/td>\n<td>Futurs<\/td>\n<td>Horaires normaux<\/td>\n<td>Horaires normaux<\/td>\n<td>Horaires normaux<\/td>\n<td>Horaires normaux<\/td>\n<td>Horaires normaux<\/td>\n<td>Horaires normaux<\/td>\n<td>Horaires normaux<\/td>\n<td>Horaires normaux<\/td>\n<td>Horaires normaux<\/td>\n<td>Horaires normaux<\/td>\n<td>Horaires normaux<\/td>\n<\/tr>\n<tr>\n<td>CC.f<\/td>\n<td>Futurs<\/td>\n<td>Horaires normaux<\/td>\n<td>Horaires normaux<\/td>\n<td>Horaires normaux<\/td>\n<td>Horaires normaux<\/td>\n<td>Horaires normaux<\/td>\n<td>Horaires normaux<\/td>\n<td>Horaires normaux<\/td>\n<td>Horaires normaux<\/td>\n<td>Horaires normaux<\/td>\n<td>Horaires normaux<\/td>\n<td>Horaires normaux<\/td>\n<\/tr>\n<tr>\n<td>USCORN.f<\/td>\n<td>Futurs<\/td>\n<td>Horaires normaux<\/td>\n<td>Horaires normaux<\/td>\n<td>Horaires normaux<\/td>\n<td>Horaires normaux<\/td>\n<td>Horaires normaux<\/td>\n<td>Horaires normaux<\/td>\n<td>Horaires normaux<\/td>\n<td>Horaires normaux<\/td>\n<td>Horaires normaux<\/td>\n<td>Horaires normaux<\/td>\n<td>Horaires normaux<\/td>\n<\/tr>\n<tr>\n<td>CT.f<\/td>\n<td>Futurs<\/td>\n<td>Horaires normaux<\/td>\n<td>Horaires normaux<\/td>\n<td>Horaires normaux<\/td>\n<td>Horaires normaux<\/td>\n<td>Horaires normaux<\/td>\n<td>Horaires normaux<\/td>\n<td>Horaires normaux<\/td>\n<td>Horaires normaux<\/td>\n<td>Horaires normaux<\/td>\n<td>Horaires normaux<\/td>\n<td>Horaires normaux<\/td>\n<\/tr>\n<tr>\n<td>USCOF.f<\/td>\n<td>Futurs<\/td>\n<td>Horaires normaux<\/td>\n<td>Horaires normaux<\/td>\n<td>Horaires normaux<\/td>\n<td>Horaires normaux<\/td>\n<td>Horaires normaux<\/td>\n<td>Horaires normaux<\/td>\n<td>Horaires normaux<\/td>\n<td>Horaires normaux<\/td>\n<td>Horaires normaux<\/td>\n<td>Horaires normaux<\/td>\n<td>Horaires normaux<\/td>\n<\/tr>\n<tr>\n<td>SB.f<\/td>\n<td>Futurs<\/td>\n<td>Horaires normaux<\/td>\n<td>Horaires normaux<\/td>\n<td>Horaires normaux<\/td>\n<td>Horaires normaux<\/td>\n<td>Horaires normaux<\/td>\n<td>Horaires normaux<\/td>\n<td>Horaires normaux<\/td>\n<td>Horaires normaux<\/td>\n<td>Horaires normaux<\/td>\n<td>Horaires normaux<\/td>\n<td>Horaires normaux<\/td>\n<\/tr>\n<tr>\n<td>SOYB.f<\/td>\n<td>Futurs<\/td>\n<td>Horaires normaux<\/td>\n<td>Horaires normaux<\/td>\n<td>Horaires normaux<\/td>\n<td>Horaires normaux<\/td>\n<td>Horaires normaux<\/td>\n<td>Horaires normaux<\/td>\n<td>Horaires normaux<\/td>\n<td>Horaires normaux<\/td>\n<td>Horaires normaux<\/td>\n<td>Horaires normaux<\/td>\n<td>Horaires normaux<\/td>\n<\/tr>\n<tr>\n<td>USWHEA.f<\/td>\n<td>Futurs<\/td>\n<td>Horaires normaux<\/td>\n<td>Horaires normaux<\/td>\n<td>Horaires normaux<\/td>\n<td>Horaires normaux<\/td>\n<td>Horaires normaux<\/td>\n<td>Horaires normaux<\/td>\n<td>Horaires normaux<\/td>\n<td>Horaires normaux<\/td>\n<td>Horaires normaux<\/td>\n<td>Horaires normaux<\/td>\n<td>Horaires normaux<\/td>\n<\/tr>\n<tr>\n<td>NOUS<\/td>\n<td>Actions<\/td>\n<td>Horaires normaux<\/td>\n<td>Horaires normaux<\/td>\n<td>Horaires normaux<\/td>\n<td>Horaires normaux<\/td>\n<td>Horaires normaux<\/td>\n<td>Horaires normaux<\/td>\n<td>Horaires normaux<\/td>\n<td>Horaires normaux<\/td>\n<td>Horaires normaux<\/td>\n<td>Horaires normaux<\/td>\n<td>Horaires normaux<\/td>\n<\/tr>\n<tr>\n<td>ALLEMAGNE<\/td>\n<td>Actions<\/td>\n<td>Horaires normaux<\/td>\n<td>Horaires normaux<\/td>\n<td>Horaires normaux<\/td>\n<td>Horaires normaux<\/td>\n<td>Horaires normaux<\/td>\n<td>Horaires normaux<\/td>\n<td>Horaires normaux<\/td>\n<td>Horaires normaux<\/td>\n<td>Horaires normaux<\/td>\n<td>Horaires normaux<\/td>\n<td>Horaires normaux<\/td>\n<\/tr>\n<tr>\n<td>FRANCE<\/td>\n<td>Actions<\/td>\n<td>Horaires normaux<\/td>\n<td>Horaires normaux<\/td>\n<td>Horaires normaux<\/td>\n<td>Horaires normaux<\/td>\n<td>Horaires normaux<\/td>\n<td>Horaires normaux<\/td>\n<td>Horaires normaux<\/td>\n<td>Horaires normaux<\/td>\n<td>Horaires normaux<\/td>\n<td>Horaires normaux<\/td>\n<td>Horaires normaux<\/td>\n<\/tr>\n<tr>\n<td>ESPAGNE<\/td>\n<td>Actions<\/td>\n<td>Horaires normaux<\/td>\n<td>Horaires normaux<\/td>\n<td>Horaires normaux<\/td>\n<td>Horaires normaux<\/td>\n<td>Horaires normaux<\/td>\n<td>Horaires normaux<\/td>\n<td>Horaires normaux<\/td>\n<td>Horaires normaux<\/td>\n<td>Horaires normaux<\/td>\n<td>Horaires normaux<\/td>\n<td>Horaires normaux<\/td>\n<\/tr>\n<tr>\n<td>JAPON<\/td>\n<td>Actions<\/td>\n<td>Horaires normaux<\/td>\n<td>Horaires normaux<\/td>\n<td>Horaires normaux<\/td>\n<td>Horaires normaux<\/td>\n<td>Horaires normaux<\/td>\n<td>Horaires normaux<\/td>\n<td>Horaires normaux<\/td>\n<td>Horaires normaux<\/td>\n<td>Horaires normaux<\/td>\n<td>Horaires normaux<\/td>\n<td>Ferm\u00e9<\/td>\n<\/tr>\n<tr>\n<td>TA\u00cfWAN<\/td>\n<td>Actions<\/td>\n<td>Ferm\u00e9<\/td>\n<td>Ferm\u00e9<\/td>\n<td>Horaires normaux<\/td>\n<td>Horaires normaux<\/td>\n<td>Horaires normaux<\/td>\n<td>Horaires normaux<\/td>\n<td>Horaires normaux<\/td>\n<td>Horaires normaux<\/td>\n<td>Horaires normaux<\/td>\n<td>Horaires normaux<\/td>\n<td>Horaires normaux<\/td>\n<\/tr>\n<tr>\n<td>INDIEN<\/td>\n<td>Actions<\/td>\n<td>Horaires normaux<\/td>\n<td>Horaires normaux<\/td>\n<td>Horaires normaux<\/td>\n<td>Horaires normaux<\/td>\n<td>Horaires normaux<\/td>\n<td>Ferm\u00e9<\/td>\n<td>Horaires normaux<\/td>\n<td>Ferm\u00e9<\/td>\n<td>Horaires normaux<\/td>\n<td>Horaires normaux<\/td>\n<td>Horaires normaux<\/td>\n<\/tr>\n<tr>\n<td>CHILI<\/td>\n<td>Actions<\/td>\n<td>Horaires normaux<\/td>\n<td>Horaires normaux<\/td>\n<td>Horaires normaux<\/td>\n<td>Horaires normaux<\/td>\n<td>Horaires normaux<\/td>\n<td>Horaires normaux<\/td>\n<td>Horaires normaux<\/td>\n<td>Horaires normaux<\/td>\n<td>Horaires normaux<\/td>\n<td>Horaires normaux<\/td>\n<td>Horaires normaux<\/td>\n<\/tr>\n<tr>\n<td>\u00c9mirats arabes unis<\/td>\n<td>Actions<\/td>\n<td>Horaires normaux<\/td>\n<td>Horaires normaux<\/td>\n<td>Ferm\u00e9<\/td>\n<td>Ferm\u00e9<\/td>\n<td>Ferm\u00e9<\/td>\n<td>Ferm\u00e9<\/td>\n<td>Ferm\u00e9<\/td>\n<td>Horaires normaux<\/td>\n<td>Horaires normaux<\/td>\n<td>Horaires normaux<\/td>\n<td>Horaires normaux<\/td>\n<\/tr>\n<tr>\n<td>MEXICAIN<\/td>\n<td>Actions<\/td>\n<td>Horaires normaux<\/td>\n<td>Horaires normaux<\/td>\n<td>Horaires normaux<\/td>\n<td>Horaires normaux<\/td>\n<td>Horaires normaux<\/td>\n<td>Horaires normaux<\/td>\n<td>Horaires normaux<\/td>\n<td>Horaires normaux<\/td>\n<td>Horaires normaux<\/td>\n<td>Horaires normaux<\/td>\n<td>Horaires normaux<\/td>\n<\/tr>\n<tr>\n<td>BR\u00c9SIL<\/td>\n<td>Actions<\/td>\n<td>Horaires normaux<\/td>\n<td>Horaires normaux<\/td>\n<td>Horaires normaux<\/td>\n<td>Horaires normaux<\/td>\n<td>Horaires normaux<\/td>\n<td>Horaires normaux<\/td>\n<td>Horaires normaux<\/td>\n<td>Horaires normaux<\/td>\n<td>Horaires normaux<\/td>\n<td>Horaires normaux<\/td>\n<td>Horaires normaux<\/td>\n<\/tr>\n<tr>\n<td>ROYAUME-UNI<\/td>\n<td>Actions<\/td>\n<td>Horaires normaux<\/td>\n<td>Horaires normaux<\/td>\n<td>Horaires normaux<\/td>\n<td>Horaires normaux<\/td>\n<td>Horaires normaux<\/td>\n<td>Horaires normaux<\/td>\n<td>Horaires normaux<\/td>\n<td>Horaires normaux<\/td>\n<td>Horaires normaux<\/td>\n<td>Horaires normaux<\/td>\n<td>Horaires normaux<\/td>\n<\/tr>\n<tr>\n<td>ARABIE SAOUDITE<\/td>\n<td>Actions<\/td>\n<td>Horaires normaux<\/td>\n<td>Horaires normaux<\/td>\n<td>Ferm\u00e9<\/td>\n<td>Ferm\u00e9<\/td>\n<td>Ferm\u00e9<\/td>\n<td>Ferm\u00e9<\/td>\n<td>Horaires normaux<\/td>\n<td>Horaires normaux<\/td>\n<td>Horaires normaux<\/td>\n<td>Horaires normaux<\/td>\n<td>Horaires normaux<\/td>\n<\/tr>\n<tr>\n<td>DINDE<\/td>\n<td>Actions<\/td>\n<td>Horaires normaux<\/td>\n<td>Horaires normaux<\/td>\n<td>Horaires normaux<\/td>\n<td>Fermeture anticip\u00e9e 12h30<\/td>\n<td>Ferm\u00e9<\/td>\n<td>Ferm\u00e9<\/td>\n<td>Ferm\u00e9<\/td>\n<td>Horaires normaux<\/td>\n<td>Ferm\u00e9<\/td>\n<td>Horaires normaux<\/td>\n<td>Horaires normaux<\/td>\n<\/tr>\n<tr>\n<td>MALAISIE<\/td>\n<td>Actions<\/td>\n<td>Horaires normaux<\/td>\n<td>Horaires normaux<\/td>\n<td>Horaires normaux<\/td>\n<td>Horaires normaux<\/td>\n<td>Ferm\u00e9<\/td>\n<td>Ferm\u00e9<\/td>\n<td>Horaires normaux<\/td>\n<td>Horaires normaux<\/td>\n<td>Horaires normaux<\/td>\n<td>Horaires normaux<\/td>\n<td>Horaires normaux<\/td>\n<\/tr>\n<\/tbody>\n<\/table>\n\n\n\n\n\n\n\n<p style=\"text-align: left;\"><span><br><\/span><\/p>\n\n\n\n\n\n\n\n\n\n\n\n\n*toutes les heures sont celles du serveur (GMT+2)<br>\n            <\/div>\n        <\/div>\t\t<\/div>\n\t\t\t\t<\/div>\n\t\t\t\t\t<\/div>\n\t\t\t\t<\/div>\n\t\t\t\t<\/div>","protected":false},"excerpt":{"rendered":"<p>Trouvez les jours f\u00e9ri\u00e9s \u00e0 venir sur le march\u00e9 Chez 24xtrade, nous ne n\u00e9gligeons aucun d\u00e9tail ! Et vous ? Consultez d\u00e8s maintenant le calendrier des jours f\u00e9ri\u00e9s ci-dessous pour savoir exactement quand et quels actifs pourraient \u00eatre affect\u00e9s par les jours f\u00e9ri\u00e9s \u00e0 venir, afin d&#039;alimenter l&#039;exp\u00e9rience de trading ultime gr\u00e2ce \u00e0 des strat\u00e9gies tourn\u00e9es vers l&#039;avenir. S\u00e9curit\u00e9 des symboles Jeudi 4 \u2013 Journ\u00e9e des enfants Vendredi 5 \u2013 Festival de Qingming Lundi [\u2026]<\/p>","protected":false},"author":1,"featured_media":0,"parent":0,"menu_order":0,"comment_status":"closed","ping_status":"closed","template":"","meta":{"footnotes":""},"class_list":["post-911","page","type-page","status-publish","hentry"],"_links":{"self":[{"href":"https:\/\/www.24xtrades.com\/fr\/wp-json\/wp\/v2\/pages\/911","targetHints":{"allow":["GET"]}}],"collection":[{"href":"https:\/\/www.24xtrades.com\/fr\/wp-json\/wp\/v2\/pages"}],"about":[{"href":"https:\/\/www.24xtrades.com\/fr\/wp-json\/wp\/v2\/types\/page"}],"author":[{"embeddable":true,"href":"https:\/\/www.24xtrades.com\/fr\/wp-json\/wp\/v2\/users\/1"}],"replies":[{"embeddable":true,"href":"https:\/\/www.24xtrades.com\/fr\/wp-json\/wp\/v2\/comments?post=911"}],"version-history":[{"count":13,"href":"https:\/\/www.24xtrades.com\/fr\/wp-json\/wp\/v2\/pages\/911\/revisions"}],"predecessor-version":[{"id":1286,"href":"https:\/\/www.24xtrades.com\/fr\/wp-json\/wp\/v2\/pages\/911\/revisions\/1286"}],"wp:attachment":[{"href":"https:\/\/www.24xtrades.com\/fr\/wp-json\/wp\/v2\/media?parent=911"}],"curies":[{"name":"wp","href":"https:\/\/api.w.org\/{rel}","templated":true}]}}