{"id":742,"date":"2024-04-30T00:48:37","date_gmt":"2024-04-30T00:48:37","guid":{"rendered":"https:\/\/24xtrades.com\/?page_id=742"},"modified":"2024-04-30T08:45:17","modified_gmt":"2024-04-30T08:45:17","slug":"trading-strategies","status":"publish","type":"page","link":"https:\/\/www.24xtrades.com\/fr\/trading-strategies\/","title":{"rendered":"Strat\u00e9gies de trading"},"content":{"rendered":"<div data-elementor-type=\"wp-page\" data-elementor-id=\"742\" class=\"elementor elementor-742\" data-elementor-post-type=\"page\">\n\t\t\t\t\t\t<section class=\"elementor-section elementor-top-section elementor-element elementor-element-6e516c7 elementor-section-boxed elementor-section-height-default elementor-section-height-default elementor-invisible\" data-id=\"6e516c7\" data-element_type=\"section\" data-settings=\"{&quot;animation&quot;:&quot;fadeInUp&quot;}\">\n\t\t\t\t\t\t<div class=\"elementor-container elementor-column-gap-default\">\n\t\t\t\t\t<div class=\"elementor-column elementor-col-100 elementor-top-column elementor-element elementor-element-d3928a5\" data-id=\"d3928a5\" data-element_type=\"column\">\n\t\t\t<div class=\"elementor-widget-wrap elementor-element-populated\">\n\t\t\t\t\t\t<div class=\"elementor-element elementor-element-9be6584 elementor-widget elementor-widget-heading\" data-id=\"9be6584\" data-element_type=\"widget\" data-widget_type=\"heading.default\">\n\t\t\t\t<div class=\"elementor-widget-container\">\n\t\t\t<style>\/*! elementor - v3.21.0 - 24-04-2024 *\/\n.elementor-heading-title{padding:0;margin:0;line-height:1}.elementor-widget-heading .elementor-heading-title[class*=elementor-size-]>a{color:inherit;font-size:inherit;line-height:inherit}.elementor-widget-heading .elementor-heading-title.elementor-size-small{font-size:15px}.elementor-widget-heading .elementor-heading-title.elementor-size-medium{font-size:19px}.elementor-widget-heading .elementor-heading-title.elementor-size-large{font-size:29px}.elementor-widget-heading .elementor-heading-title.elementor-size-xl{font-size:39px}.elementor-widget-heading .elementor-heading-title.elementor-size-xxl{font-size:59px}<\/style><h1 class=\"elementor-heading-title elementor-size-default\">\nStrat\u00e9gies de trading<\/h1>\t\t<\/div>\n\t\t\t\t<\/div>\n\t\t\t\t<div class=\"elementor-element elementor-element-77e82e7 elementor-invisible elementor-widget elementor-widget-text-editor\" data-id=\"77e82e7\" data-element_type=\"widget\" data-settings=\"{&quot;_animation&quot;:&quot;fadeInUp&quot;}\" data-widget_type=\"text-editor.default\">\n\t\t\t\t<div class=\"elementor-widget-container\">\n\t\t\t<style>\/*! elementor - v3.21.0 - 24-04-2024 *\/\n.elementor-widget-text-editor.elementor-drop-cap-view-stacked .elementor-drop-cap{background-color:#69727d;color:#fff}.elementor-widget-text-editor.elementor-drop-cap-view-framed .elementor-drop-cap{color:#69727d;border:3px solid;background-color:transparent}.elementor-widget-text-editor:not(.elementor-drop-cap-view-default) .elementor-drop-cap{margin-top:8px}.elementor-widget-text-editor:not(.elementor-drop-cap-view-default) .elementor-drop-cap-letter{width:1em;height:1em}.elementor-widget-text-editor .elementor-drop-cap{float:left;text-align:center;line-height:1;font-size:50px}.elementor-widget-text-editor .elementor-drop-cap-letter{display:inline-block}<\/style>\t\t\t\t<div class=\"elementor-element elementor-element-e6e828a elementor-widget elementor-widget-text-editor animated fadeInUp\" data-id=\"e6e828a\" data-element_type=\"widget\" data-settings=\"{&quot;_animation&quot;:&quot;fadeInUp&quot;}\" data-widget_type=\"text-editor.default\"><div class=\"elementor-widget-container\"><h3 class=\"consulting-custom-title\">Qu&#039;est-ce qu&#039;une strat\u00e9gie de trading ?<\/h3><\/div><\/div>\t\t\t\t\t\t<\/div>\n\t\t\t\t<\/div>\n\t\t\t\t<div class=\"elementor-element elementor-element-49e1374 elementor-invisible elementor-widget elementor-widget-text-editor\" data-id=\"49e1374\" data-element_type=\"widget\" data-settings=\"{&quot;_animation&quot;:&quot;fadeInUp&quot;}\" data-widget_type=\"text-editor.default\">\n\t\t\t\t<div class=\"elementor-widget-container\">\n\t\t\t\t\t\t\t<div class=\"elementor-element elementor-element-e2acab6 elementor-widget elementor-widget-text-editor animated fadeInUp\" data-id=\"e2acab6\" data-element_type=\"widget\" data-settings=\"{&quot;_animation&quot;:&quot;fadeInUp&quot;}\" data-widget_type=\"text-editor.default\"><div class=\"elementor-widget-container\"><div class=\"elementor-element elementor-element-2dea73d elementor-widget elementor-widget-text-editor animated fadeInUp\" data-id=\"2dea73d\" data-element_type=\"widget\" data-settings=\"{&quot;_animation&quot;:&quot;fadeInUp&quot;}\" data-widget_type=\"text-editor.default\"><div class=\"elementor-widget-container\"><div class=\"elementor-element elementor-element-7925898 elementor-widget elementor-widget-text-editor animated fadeInUp\" data-id=\"7925898\" data-element_type=\"widget\" data-settings=\"{&quot;_animation&quot;:&quot;fadeInUp&quot;}\" data-widget_type=\"text-editor.default\"><div class=\"elementor-widget-container\">Une strat\u00e9gie de trading est une approche m\u00e9thodique de l&#039;achat et de la vente de titres sur le march\u00e9. Une strat\u00e9gie de trading est construite autour de r\u00e8gles et de crit\u00e8res pr\u00e9d\u00e9finis qui sont utilis\u00e9s pour prendre des d\u00e9cisions de trading. Une strat\u00e9gie de trading peut \u00eatre simple ou complexe et prend en compte des facteurs tels que le style d&#039;investissement, la capitalisation boursi\u00e8re, les indicateurs techniques, l&#039;analyse fondamentale, le secteur d&#039;activit\u00e9, le niveau de diversification du portefeuille, l&#039;horizon temporel ou la p\u00e9riode de d\u00e9tention, la tol\u00e9rance au risque, l&#039;effet de levier, les consid\u00e9rations fiscales, etc. \u00a0<\/div><\/div><div class=\"elementor-element elementor-element-16793cf elementor-widget elementor-widget-vc_custom_heading animated fadeIn\" data-id=\"16793cf\" data-element_type=\"widget\" data-settings=\"{&quot;_animation&quot;:&quot;fadeIn&quot;}\" data-widget_type=\"vc_custom_heading.default\"><div class=\"elementor-widget-container\"><div class=\"vc_custom_heading  consulting_heading_font  text_align_center\"><h3 class=\"consulting-custom-title\">Principales strat\u00e9gies de trading actives<\/h3><\/div><\/div><\/div><div class=\"elementor-element elementor-element-bd0e3f0 elementor-widget elementor-widget-text-editor animated fadeInUp\" data-id=\"bd0e3f0\" data-element_type=\"widget\" data-settings=\"{&quot;_animation&quot;:&quot;fadeInUp&quot;}\" data-widget_type=\"text-editor.default\"><div class=\"elementor-widget-container\"><h6>Day Trading<\/h6><\/div><\/div><div class=\"elementor-element elementor-element-9097a37 elementor-widget elementor-widget-text-editor\" data-id=\"9097a37\" data-element_type=\"widget\" data-widget_type=\"text-editor.default\"><div class=\"elementor-widget-container\">Le style de trading actif le plus connu est probablement le day trading. Il est fr\u00e9quemment utilis\u00e9 comme un pseudonyme pour le trading actif. Le day trading, comme son nom l&#039;indique, est la pratique consistant \u00e0 acheter et \u00e0 vendre des titres le m\u00eame jour. Les positions sont cl\u00f4tur\u00e9es le jour m\u00eame o\u00f9 elles sont prises dans le cadre du day trading, et aucune position n&#039;est conserv\u00e9e pendant la nuit.<\/div><\/div><div class=\"elementor-element elementor-element-b48c59e elementor-widget elementor-widget-text-editor animated fadeInUp\" data-id=\"b48c59e\" data-element_type=\"widget\" data-settings=\"{&quot;_animation&quot;:&quot;fadeInUp&quot;}\" data-widget_type=\"text-editor.default\"><div class=\"elementor-widget-container\"><h6>Trading de position<\/h6><\/div><\/div><div class=\"elementor-element elementor-element-7fc9569 elementor-widget elementor-widget-text-editor\" data-id=\"7fc9569\" data-element_type=\"widget\" data-widget_type=\"text-editor.default\"><div class=\"elementor-widget-container\">Certaines personnes consid\u00e8rent le trading de position comme une strat\u00e9gie d&#039;achat et de conservation plut\u00f4t que comme un trading actif. Le trading de position, en revanche, lorsqu&#039;il est effectu\u00e9 par un trader exp\u00e9riment\u00e9, peut \u00eatre consid\u00e9r\u00e9 comme un trading actif. Le trading de position utilise des graphiques \u00e0 plus long terme allant du quotidien au mensuel en conjonction avec d&#039;autres m\u00e9thodes pour d\u00e9terminer la tendance actuelle du march\u00e9. Selon la tendance, ce type de trading peut durer plusieurs jours \u00e0 plusieurs semaines, voire plus longtemps.<\/div><\/div><div class=\"elementor-element elementor-element-ec5cbc4 elementor-widget elementor-widget-text-editor animated fadeInUp\" data-id=\"ec5cbc4\" data-element_type=\"widget\" data-settings=\"{&quot;_animation&quot;:&quot;fadeInUp&quot;}\" data-widget_type=\"text-editor.default\"><div class=\"elementor-widget-container\"><h6>Le swing trading<\/h6><\/div><\/div><div class=\"elementor-element elementor-element-882648e elementor-widget elementor-widget-text-editor\" data-id=\"882648e\" data-element_type=\"widget\" data-widget_type=\"text-editor.default\"><div class=\"elementor-widget-container\">Les swing traders entrent g\u00e9n\u00e9ralement sur le march\u00e9 lorsqu&#039;une tendance se brise. La volatilit\u00e9 des prix est courante \u00e0 la fin d&#039;une tendance, car la nouvelle tendance tente de s&#039;\u00e9tablir. Les swing traders ach\u00e8tent ou vendent lorsque la volatilit\u00e9 des prix se produit. Les swing trades sont g\u00e9n\u00e9ralement conserv\u00e9s plus longtemps qu&#039;une journ\u00e9e, mais pendant une p\u00e9riode plus courte que les trades de tendance. Les swing traders \u00e9laborent fr\u00e9quemment un ensemble de r\u00e8gles de trading bas\u00e9es sur une analyse technique ou fondamentale.<\/div><\/div><div class=\"elementor-element elementor-element-c6ee2d4 elementor-widget elementor-widget-text-editor animated fadeInUp\" data-id=\"c6ee2d4\" data-element_type=\"widget\" data-settings=\"{&quot;_animation&quot;:&quot;fadeInUp&quot;}\" data-widget_type=\"text-editor.default\"><div class=\"elementor-widget-container\"><h6>Scalping<\/h6><\/div><\/div><div class=\"elementor-element elementor-element-5f7149a elementor-widget elementor-widget-text-editor\" data-id=\"5f7149a\" data-element_type=\"widget\" data-widget_type=\"text-editor.default\"><div class=\"elementor-widget-container\">Le scalping est l&#039;une des strat\u00e9gies les plus rapides utilis\u00e9es par les traders actifs. Il consiste essentiellement \u00e0 identifier et \u00e0 exploiter les \u00e9carts entre les cours acheteur et vendeur qui sont l\u00e9g\u00e8rement plus larges ou plus \u00e9troits que la normale en raison de d\u00e9s\u00e9quilibres temporaires entre l&#039;offre et la demande. Un scalper ne tente pas de capitaliser sur des mouvements importants ou de r\u00e9aliser des transactions en gros volumes. Il cherche plut\u00f4t \u00e0 tirer profit de mouvements faibles et fr\u00e9quents avec des volumes de transactions mesur\u00e9s.<\/div><\/div><\/div><\/div><\/div><\/div>\t\t\t\t\t\t<\/div>\n\t\t\t\t<\/div>\n\t\t\t\t<div class=\"elementor-element elementor-element-911d075 elementor-absolute elementor-widget elementor-widget-image\" data-id=\"911d075\" data-element_type=\"widget\" data-settings=\"{&quot;_position&quot;:&quot;absolute&quot;}\" data-widget_type=\"image.default\">\n\t\t\t\t<div class=\"elementor-widget-container\">\n\t\t\t<style>\/*! elementor - v3.21.0 - 24-04-2024 *\/\n.elementor-widget-image{text-align:center}.elementor-widget-image a{display:inline-block}.elementor-widget-image a img[src$=\".svg\"]{width:48px}.elementor-widget-image img{vertical-align:middle;display:inline-block}<\/style>\t\t\t\t\t\t\t\t\t\t<img fetchpriority=\"high\" decoding=\"async\" width=\"800\" height=\"791\" src=\"https:\/\/www.24xtrades.com\/wp-content\/uploads\/2024\/04\/Group-200-1-1024x1013.png\" class=\"attachment-large size-large wp-image-20\" alt=\"\" srcset=\"https:\/\/www.24xtrades.com\/wp-content\/uploads\/2024\/04\/Group-200-1-1024x1013.png 1024w, https:\/\/www.24xtrades.com\/wp-content\/uploads\/2024\/04\/Group-200-1-300x297.png 300w, https:\/\/www.24xtrades.com\/wp-content\/uploads\/2024\/04\/Group-200-1-768x760.png 768w, https:\/\/www.24xtrades.com\/wp-content\/uploads\/2024\/04\/Group-200-1.png 1030w\" sizes=\"(max-width: 800px) 100vw, 800px\" \/>\t\t\t\t\t\t\t\t\t\t\t\t\t<\/div>\n\t\t\t\t<\/div>\n\t\t\t\t\t<\/div>\n\t\t<\/div>\n\t\t\t\t\t<\/div>\n\t\t<\/section>\n\t\t\t\t<\/div>","protected":false},"excerpt":{"rendered":"<p>Strat\u00e9gies de trading Qu&#039;est-ce qu&#039;une strat\u00e9gie de trading ? Une strat\u00e9gie de trading est une approche m\u00e9thodique de l&#039;achat et de la vente de titres sur le march\u00e9. Une strat\u00e9gie de trading est construite autour de r\u00e8gles et de crit\u00e8res pr\u00e9d\u00e9finis qui sont utilis\u00e9s pour prendre des d\u00e9cisions de trading. Une strat\u00e9gie de trading peut \u00eatre simple ou complexe, et elle prend en compte des facteurs tels que le style d&#039;investissement, [\u2026]<\/p>","protected":false},"author":1,"featured_media":0,"parent":0,"menu_order":0,"comment_status":"closed","ping_status":"closed","template":"","meta":{"footnotes":""},"class_list":["post-742","page","type-page","status-publish","hentry"],"_links":{"self":[{"href":"https:\/\/www.24xtrades.com\/fr\/wp-json\/wp\/v2\/pages\/742","targetHints":{"allow":["GET"]}}],"collection":[{"href":"https:\/\/www.24xtrades.com\/fr\/wp-json\/wp\/v2\/pages"}],"about":[{"href":"https:\/\/www.24xtrades.com\/fr\/wp-json\/wp\/v2\/types\/page"}],"author":[{"embeddable":true,"href":"https:\/\/www.24xtrades.com\/fr\/wp-json\/wp\/v2\/users\/1"}],"replies":[{"embeddable":true,"href":"https:\/\/www.24xtrades.com\/fr\/wp-json\/wp\/v2\/comments?post=742"}],"version-history":[{"count":10,"href":"https:\/\/www.24xtrades.com\/fr\/wp-json\/wp\/v2\/pages\/742\/revisions"}],"predecessor-version":[{"id":831,"href":"https:\/\/www.24xtrades.com\/fr\/wp-json\/wp\/v2\/pages\/742\/revisions\/831"}],"wp:attachment":[{"href":"https:\/\/www.24xtrades.com\/fr\/wp-json\/wp\/v2\/media?parent=742"}],"curies":[{"name":"wp","href":"https:\/\/api.w.org\/{rel}","templated":true}]}}