{"id":741,"date":"2024-04-30T00:48:29","date_gmt":"2024-04-30T00:48:29","guid":{"rendered":"https:\/\/24xtrades.com\/?page_id=741"},"modified":"2024-04-30T06:44:46","modified_gmt":"2024-04-30T06:44:46","slug":"margin-and-leverage","status":"publish","type":"page","link":"https:\/\/www.24xtrades.com\/fr\/margin-and-leverage\/","title":{"rendered":"Marge et effet de levier"},"content":{"rendered":"<div data-elementor-type=\"wp-page\" data-elementor-id=\"741\" class=\"elementor elementor-741\" data-elementor-post-type=\"page\">\n\t\t\t\t\t\t<section class=\"elementor-section elementor-top-section elementor-element elementor-element-72eac239 elementor-section-boxed elementor-section-height-default elementor-section-height-default elementor-invisible\" data-id=\"72eac239\" data-element_type=\"section\" data-settings=\"{&quot;animation&quot;:&quot;fadeInUp&quot;}\">\n\t\t\t\t\t\t<div class=\"elementor-container elementor-column-gap-default\">\n\t\t\t\t\t<div class=\"elementor-column elementor-col-100 elementor-top-column elementor-element elementor-element-72cc463d\" data-id=\"72cc463d\" data-element_type=\"column\">\n\t\t\t<div class=\"elementor-widget-wrap elementor-element-populated\">\n\t\t\t\t\t\t<div class=\"elementor-element elementor-element-e1f4e6b elementor-widget elementor-widget-heading\" data-id=\"e1f4e6b\" data-element_type=\"widget\" data-widget_type=\"heading.default\">\n\t\t\t\t<div class=\"elementor-widget-container\">\n\t\t\t<style>\/*! elementor - v3.21.0 - 24-04-2024 *\/\n.elementor-heading-title{padding:0;margin:0;line-height:1}.elementor-widget-heading .elementor-heading-title[class*=elementor-size-]>a{color:inherit;font-size:inherit;line-height:inherit}.elementor-widget-heading .elementor-heading-title.elementor-size-small{font-size:15px}.elementor-widget-heading .elementor-heading-title.elementor-size-medium{font-size:19px}.elementor-widget-heading .elementor-heading-title.elementor-size-large{font-size:29px}.elementor-widget-heading .elementor-heading-title.elementor-size-xl{font-size:39px}.elementor-widget-heading .elementor-heading-title.elementor-size-xxl{font-size:59px}<\/style><h1 class=\"elementor-heading-title elementor-size-default\">\nMarge et effet de levier<\/h1>\t\t<\/div>\n\t\t\t\t<\/div>\n\t\t\t\t<div class=\"elementor-element elementor-element-fb57ed9 elementor-invisible elementor-widget elementor-widget-text-editor\" data-id=\"fb57ed9\" data-element_type=\"widget\" data-settings=\"{&quot;_animation&quot;:&quot;fadeInUp&quot;}\" data-widget_type=\"text-editor.default\">\n\t\t\t\t<div class=\"elementor-widget-container\">\n\t\t\t<style>\/*! elementor - v3.21.0 - 24-04-2024 *\/\n.elementor-widget-text-editor.elementor-drop-cap-view-stacked .elementor-drop-cap{background-color:#69727d;color:#fff}.elementor-widget-text-editor.elementor-drop-cap-view-framed .elementor-drop-cap{color:#69727d;border:3px solid;background-color:transparent}.elementor-widget-text-editor:not(.elementor-drop-cap-view-default) .elementor-drop-cap{margin-top:8px}.elementor-widget-text-editor:not(.elementor-drop-cap-view-default) .elementor-drop-cap-letter{width:1em;height:1em}.elementor-widget-text-editor .elementor-drop-cap{float:left;text-align:center;line-height:1;font-size:50px}.elementor-widget-text-editor .elementor-drop-cap-letter{display:inline-block}<\/style>\t\t\t\t<div class=\"elementor-element elementor-element-e6e828a elementor-widget elementor-widget-text-editor animated fadeInUp\" data-id=\"e6e828a\" data-element_type=\"widget\" data-settings=\"{&quot;_animation&quot;:&quot;fadeInUp&quot;}\" data-widget_type=\"text-editor.default\"><div class=\"elementor-widget-container\"><h3 class=\"consulting-custom-title\">Qu&#039;est-ce que l&#039;effet de levier exactement ?<\/h3><\/div><\/div>\t\t\t\t\t\t<\/div>\n\t\t\t\t<\/div>\n\t\t\t\t<div class=\"elementor-element elementor-element-88e5a2e elementor-invisible elementor-widget elementor-widget-text-editor\" data-id=\"88e5a2e\" data-element_type=\"widget\" data-settings=\"{&quot;_animation&quot;:&quot;fadeInUp&quot;}\" data-widget_type=\"text-editor.default\">\n\t\t\t\t<div class=\"elementor-widget-container\">\n\t\t\t\t\t\t\t<div class=\"elementor-element elementor-element-e2acab6 elementor-widget elementor-widget-text-editor animated fadeInUp\" data-id=\"e2acab6\" data-element_type=\"widget\" data-settings=\"{&quot;_animation&quot;:&quot;fadeInUp&quot;}\" data-widget_type=\"text-editor.default\"><div class=\"elementor-widget-container\"><div class=\"elementor-element elementor-element-2dea73d elementor-widget elementor-widget-text-editor animated fadeInUp\" data-id=\"2dea73d\" data-element_type=\"widget\" data-settings=\"{&quot;_animation&quot;:&quot;fadeInUp&quot;}\" data-widget_type=\"text-editor.default\"><div class=\"elementor-widget-container\"><p>Le trading sur marge est utilis\u00e9 pour augmenter le pouvoir d&#039;achat d&#039;un investisseur. Un investisseur n&#039;est tenu de mettre en place qu&#039;une fraction des fonds n\u00e9cessaires pour ouvrir une position beaucoup plus importante. Cela signifie qu&#039;au lieu de payer la valeur totale de la position, vous n&#039;avez qu&#039;\u00e0 payer un pourcentage de celle-ci, appel\u00e9 \u00ab marge initiale \u00bb.<\/p><p>\u00a0<\/p><\/div><\/div><div class=\"elementor-element elementor-element-52c9b86 elementor-widget elementor-widget-vc_custom_heading animated fadeIn\" data-id=\"52c9b86\" data-element_type=\"widget\" data-settings=\"{&quot;_animation&quot;:&quot;fadeIn&quot;}\" data-widget_type=\"vc_custom_heading.default\"><div class=\"elementor-widget-container\"><div class=\"vc_custom_heading consulting_heading_font text_align_center\"><h3 class=\"consulting-custom-title\">Le ratio de levier<\/h3><\/div><\/div><\/div><div class=\"elementor-element elementor-element-726a5f9 elementor-widget elementor-widget-text-editor animated fadeInUp\" data-id=\"726a5f9\" data-element_type=\"widget\" data-settings=\"{&quot;_animation&quot;:&quot;fadeInUp&quot;}\" data-widget_type=\"text-editor.default\"><div class=\"elementor-widget-container\"><p>Le ratio de levier et les exigences de marge varient selon le courtier. L&#039;effet de levier propos\u00e9 sera \u00e9galement d\u00e9termin\u00e9 par la taille de la transaction.<\/p><p>Une marge minimale requise de 1% \u00e9quivaut \u00e0 un effet de levier de 100:1. Un ratio de levier de 10:1 est \u00e9gal \u00e0 10%.<\/p><div>\u00a0<\/div><\/div><\/div><div class=\"elementor-element elementor-element-732c29d elementor-widget elementor-widget-vc_custom_heading animated fadeIn\" data-id=\"732c29d\" data-element_type=\"widget\" data-settings=\"{&quot;_animation&quot;:&quot;fadeIn&quot;}\" data-widget_type=\"vc_custom_heading.default\"><div class=\"elementor-widget-container\"><div class=\"vc_custom_heading consulting_heading_font text_align_center\"><h3 class=\"consulting-custom-title\">Exigence de marge et marge initiale<\/h3><\/div><\/div><\/div><div class=\"elementor-element elementor-element-dc7cb76 elementor-widget elementor-widget-text-editor animated fadeInUp\" data-id=\"dc7cb76\" data-element_type=\"widget\" data-settings=\"{&quot;_animation&quot;:&quot;fadeInUp&quot;}\" data-widget_type=\"text-editor.default\"><div class=\"elementor-widget-container\"><p>La marge initiale correspond au montant d\u00e9pos\u00e9 pour ouvrir la position. Elle est \u00e9galement connue sous le nom de \u00ab d\u00e9p\u00f4t initial \u00bb dans certains milieux. Les exigences de marge initiale varient en fonction du type d&#039;actif, de l&#039;instrument de trading et de la taille de transaction pr\u00e9vue de la position sur chaque march\u00e9.<\/p><p>REMARQUE\u00a0: avant de vous lancer dans le trading \u00e0 effet de levier, il est essentiel de comprendre les concepts de marge et d&#039;effet de levier. Il est \u00e9galement conseill\u00e9 de vous entra\u00eener au trading avec un compte de d\u00e9monstration dans un environnement sans risque.<\/p><\/div><\/div><\/div><\/div>\t\t\t\t\t\t<\/div>\n\t\t\t\t<\/div>\n\t\t\t\t<div class=\"elementor-element elementor-element-6d87f66a elementor-absolute elementor-widget elementor-widget-image\" data-id=\"6d87f66a\" data-element_type=\"widget\" data-settings=\"{&quot;_position&quot;:&quot;absolute&quot;}\" data-widget_type=\"image.default\">\n\t\t\t\t<div class=\"elementor-widget-container\">\n\t\t\t<style>\/*! elementor - v3.21.0 - 24-04-2024 *\/\n.elementor-widget-image{text-align:center}.elementor-widget-image a{display:inline-block}.elementor-widget-image a img[src$=\".svg\"]{width:48px}.elementor-widget-image img{vertical-align:middle;display:inline-block}<\/style>\t\t\t\t\t\t\t\t\t\t<img fetchpriority=\"high\" decoding=\"async\" width=\"800\" height=\"791\" src=\"https:\/\/www.24xtrades.com\/wp-content\/uploads\/2024\/04\/Group-200-1-1024x1013.png\" class=\"attachment-large size-large wp-image-20\" alt=\"\" srcset=\"https:\/\/www.24xtrades.com\/wp-content\/uploads\/2024\/04\/Group-200-1-1024x1013.png 1024w, https:\/\/www.24xtrades.com\/wp-content\/uploads\/2024\/04\/Group-200-1-300x297.png 300w, https:\/\/www.24xtrades.com\/wp-content\/uploads\/2024\/04\/Group-200-1-768x760.png 768w, https:\/\/www.24xtrades.com\/wp-content\/uploads\/2024\/04\/Group-200-1.png 1030w\" sizes=\"(max-width: 800px) 100vw, 800px\" \/>\t\t\t\t\t\t\t\t\t\t\t\t\t<\/div>\n\t\t\t\t<\/div>\n\t\t\t\t\t<\/div>\n\t\t<\/div>\n\t\t\t\t\t<\/div>\n\t\t<\/section>\n\t\t\t\t<\/div>","protected":false},"excerpt":{"rendered":"<p>Marge et effet de levier Qu&#039;est-ce que l&#039;effet de levier exactement ? Le trading sur marge est utilis\u00e9 pour augmenter le pouvoir d&#039;achat d&#039;un investisseur. Un investisseur n&#039;est tenu de mettre en place qu&#039;une fraction des fonds n\u00e9cessaires pour ouvrir une position beaucoup plus importante. Cela signifie qu&#039;au lieu de payer la valeur totale de la position, vous n&#039;avez qu&#039;\u00e0 payer une partie des fonds n\u00e9cessaires pour ouvrir une position beaucoup plus importante.<\/p>","protected":false},"author":1,"featured_media":0,"parent":0,"menu_order":0,"comment_status":"closed","ping_status":"closed","template":"","meta":{"footnotes":""},"class_list":["post-741","page","type-page","status-publish","hentry"],"_links":{"self":[{"href":"https:\/\/www.24xtrades.com\/fr\/wp-json\/wp\/v2\/pages\/741","targetHints":{"allow":["GET"]}}],"collection":[{"href":"https:\/\/www.24xtrades.com\/fr\/wp-json\/wp\/v2\/pages"}],"about":[{"href":"https:\/\/www.24xtrades.com\/fr\/wp-json\/wp\/v2\/types\/page"}],"author":[{"embeddable":true,"href":"https:\/\/www.24xtrades.com\/fr\/wp-json\/wp\/v2\/users\/1"}],"replies":[{"embeddable":true,"href":"https:\/\/www.24xtrades.com\/fr\/wp-json\/wp\/v2\/comments?post=741"}],"version-history":[{"count":7,"href":"https:\/\/www.24xtrades.com\/fr\/wp-json\/wp\/v2\/pages\/741\/revisions"}],"predecessor-version":[{"id":783,"href":"https:\/\/www.24xtrades.com\/fr\/wp-json\/wp\/v2\/pages\/741\/revisions\/783"}],"wp:attachment":[{"href":"https:\/\/www.24xtrades.com\/fr\/wp-json\/wp\/v2\/media?parent=741"}],"curies":[{"name":"wp","href":"https:\/\/api.w.org\/{rel}","templated":true}]}}