{"id":739,"date":"2024-04-30T00:47:50","date_gmt":"2024-04-30T00:47:50","guid":{"rendered":"https:\/\/24xtrades.com\/?page_id=739"},"modified":"2024-04-30T06:39:13","modified_gmt":"2024-04-30T06:39:13","slug":"cfd","status":"publish","type":"page","link":"https:\/\/www.24xtrades.com\/fr\/cfd\/","title":{"rendered":"CFD"},"content":{"rendered":"<div data-elementor-type=\"wp-page\" data-elementor-id=\"739\" class=\"elementor elementor-739\" data-elementor-post-type=\"page\">\n\t\t\t\t\t\t<section class=\"elementor-section elementor-top-section elementor-element elementor-element-400449c1 elementor-section-boxed elementor-section-height-default elementor-section-height-default elementor-invisible\" data-id=\"400449c1\" data-element_type=\"section\" data-settings=\"{&quot;animation&quot;:&quot;fadeInUp&quot;}\">\n\t\t\t\t\t\t<div class=\"elementor-container elementor-column-gap-default\">\n\t\t\t\t\t<div class=\"elementor-column elementor-col-100 elementor-top-column elementor-element elementor-element-1aff5ff8\" data-id=\"1aff5ff8\" data-element_type=\"column\">\n\t\t\t<div class=\"elementor-widget-wrap elementor-element-populated\">\n\t\t\t\t\t\t<div class=\"elementor-element elementor-element-7ea31eb elementor-widget elementor-widget-heading\" data-id=\"7ea31eb\" data-element_type=\"widget\" data-widget_type=\"heading.default\">\n\t\t\t\t<div class=\"elementor-widget-container\">\n\t\t\t<style>\/*! elementor - v3.21.0 - 24-04-2024 *\/\n.elementor-heading-title{padding:0;margin:0;line-height:1}.elementor-widget-heading .elementor-heading-title[class*=elementor-size-]>a{color:inherit;font-size:inherit;line-height:inherit}.elementor-widget-heading .elementor-heading-title.elementor-size-small{font-size:15px}.elementor-widget-heading .elementor-heading-title.elementor-size-medium{font-size:19px}.elementor-widget-heading .elementor-heading-title.elementor-size-large{font-size:29px}.elementor-widget-heading .elementor-heading-title.elementor-size-xl{font-size:39px}.elementor-widget-heading .elementor-heading-title.elementor-size-xxl{font-size:59px}<\/style><h1 class=\"elementor-heading-title elementor-size-default\">CFD 24XTRADE<\/h1>\t\t<\/div>\n\t\t\t\t<\/div>\n\t\t\t\t<div class=\"elementor-element elementor-element-44ece71 elementor-invisible elementor-widget elementor-widget-text-editor\" data-id=\"44ece71\" data-element_type=\"widget\" data-settings=\"{&quot;_animation&quot;:&quot;fadeInUp&quot;}\" data-widget_type=\"text-editor.default\">\n\t\t\t\t<div class=\"elementor-widget-container\">\n\t\t\t<style>\/*! elementor - v3.21.0 - 24-04-2024 *\/\n.elementor-widget-text-editor.elementor-drop-cap-view-stacked .elementor-drop-cap{background-color:#69727d;color:#fff}.elementor-widget-text-editor.elementor-drop-cap-view-framed .elementor-drop-cap{color:#69727d;border:3px solid;background-color:transparent}.elementor-widget-text-editor:not(.elementor-drop-cap-view-default) .elementor-drop-cap{margin-top:8px}.elementor-widget-text-editor:not(.elementor-drop-cap-view-default) .elementor-drop-cap-letter{width:1em;height:1em}.elementor-widget-text-editor .elementor-drop-cap{float:left;text-align:center;line-height:1;font-size:50px}.elementor-widget-text-editor .elementor-drop-cap-letter{display:inline-block}<\/style>\t\t\t\t<div class=\"elementor-element elementor-element-e6e828a elementor-widget elementor-widget-text-editor animated fadeInUp\" data-id=\"e6e828a\" data-element_type=\"widget\" data-settings=\"{&quot;_animation&quot;:&quot;fadeInUp&quot;}\" data-widget_type=\"text-editor.default\"><div class=\"elementor-widget-container\"><h3 class=\"consulting-custom-title\">N\u00e9gociation de CFD<\/h3><\/div><\/div>\t\t\t\t\t\t<\/div>\n\t\t\t\t<\/div>\n\t\t\t\t<div class=\"elementor-element elementor-element-3f9f718 elementor-invisible elementor-widget elementor-widget-text-editor\" data-id=\"3f9f718\" data-element_type=\"widget\" data-settings=\"{&quot;_animation&quot;:&quot;fadeInUp&quot;}\" data-widget_type=\"text-editor.default\">\n\t\t\t\t<div class=\"elementor-widget-container\">\n\t\t\t\t\t\t\t<div class=\"elementor-element elementor-element-e2acab6 elementor-widget elementor-widget-text-editor animated fadeInUp\" data-id=\"e2acab6\" data-element_type=\"widget\" data-settings=\"{&quot;_animation&quot;:&quot;fadeInUp&quot;}\" data-widget_type=\"text-editor.default\"><div class=\"elementor-widget-container\"><p>Qu&#039;est-ce que c&#039;est et comment \u00e7a marche ?<\/p><\/div><\/div><div class=\"elementor-element elementor-element-7925898 elementor-widget elementor-widget-text-editor animated fadeInUp\" data-id=\"7925898\" data-element_type=\"widget\" data-settings=\"{&quot;_animation&quot;:&quot;fadeInUp&quot;}\" data-widget_type=\"text-editor.default\"><div class=\"elementor-widget-container\"><p>Le CFD, ou contrat sur diff\u00e9rence, est un contrat entre un acheteur et un courtier ou une autre institution vendeuse pour \u00e9changer la diff\u00e9rence entre le prix d&#039;achat du contrat et le prix auquel il est vendu. L&#039;achat ou la vente d&#039;un CFD sert de proxy pour l&#039;achat ou la vente d&#039;un actif sous-jacent, sans qu&#039;il soit n\u00e9cessaire d&#039;\u00e9changer r\u00e9ellement l&#039;actif.<\/p><p>Voil\u00e0 comment cela fonctionne : si le prix de cl\u00f4ture p\u00e9riodique de l&#039;instrument sous-jacent augmente, l&#039;acheteur en profite ; et s&#039;il baisse, le vendeur en profite.<\/p><\/div><\/div><div class=\"elementor-element elementor-element-5eaa4d5 elementor-widget elementor-widget-vc_custom_heading animated fadeIn\" data-id=\"5eaa4d5\" data-element_type=\"widget\" data-settings=\"{&quot;_animation&quot;:&quot;fadeIn&quot;}\" data-widget_type=\"vc_custom_heading.default\"><div class=\"elementor-widget-container\"><div class=\"vc_custom_heading consulting_heading_font text_align_center\"><h3 class=\"consulting-custom-title\">Avantages des CFD<\/h3><\/div><\/div><\/div><div class=\"elementor-element elementor-element-9f37569 elementor-widget elementor-widget-text-editor animated fadeInUp\" data-id=\"9f37569\" data-element_type=\"widget\" data-settings=\"{&quot;_animation&quot;:&quot;fadeInUp&quot;}\" data-widget_type=\"text-editor.default\"><div class=\"elementor-widget-container\"><p>Le trading de CFD est une alternative populaire \u00e0 l&#039;investissement traditionnel en raison de sa capacit\u00e9 \u00e0 maximiser les investissements en capital et, par cons\u00e9quent, \u00e0 augmenter vos profits ou pertes potentiels. Cette approche du trading sur le Forex a gagn\u00e9 en popularit\u00e9 au cours de la derni\u00e8re d\u00e9cennie, en particulier avec certaines soci\u00e9t\u00e9s de courtage offrant une protection contre les soldes n\u00e9gatifs pour limiter les lourdes pertes qui pourraient endetter votre compte de trading.<\/p><\/div><\/div><div class=\"elementor-element elementor-element-e8adc19 elementor-widget elementor-widget-text-editor animated fadeInUp\" data-id=\"e8adc19\" data-element_type=\"widget\" data-settings=\"{&quot;_animation&quot;:&quot;fadeInUp&quot;}\" data-widget_type=\"text-editor.default\"><div class=\"elementor-widget-container\"><p>Principaux avantages :<\/p><\/div><\/div><div class=\"elementor-element elementor-element-d9aefe1 elementor-widget elementor-widget-text-editor\" data-id=\"d9aefe1\" data-element_type=\"widget\" data-widget_type=\"text-editor.default\"><div class=\"elementor-widget-container\"><p>*Un effet de levier plus important dans le commerce<\/p><p>*Potentiel de b\u00e9n\u00e9fices sur les march\u00e9s baissiers et haussiers<\/p><p>*Tailles de lots flexibles<\/p><p>*Co\u00fbts de transaction r\u00e9duits<\/p><p>*Options de couverture plus larges<\/p><p>*Aucune date d&#039;expiration<\/p><\/div><\/div><div class=\"elementor-element elementor-element-6bc30b3 elementor-widget elementor-widget-vc_custom_heading animated fadeIn\" data-id=\"6bc30b3\" data-element_type=\"widget\" data-settings=\"{&quot;_animation&quot;:&quot;fadeIn&quot;}\" data-widget_type=\"vc_custom_heading.default\"><div class=\"elementor-widget-container\"><div class=\"vc_custom_heading consulting_heading_font text_align_center\"><h3 class=\"consulting-custom-title\">Aller long ou aller short<\/h3><\/div><\/div><\/div><div class=\"elementor-element elementor-element-f02bc15 elementor-widget elementor-widget-text-editor animated fadeInUp\" data-id=\"f02bc15\" data-element_type=\"widget\" data-settings=\"{&quot;_animation&quot;:&quot;fadeInUp&quot;}\" data-widget_type=\"text-editor.default\"><div class=\"elementor-widget-container\"><p>Les CFD peuvent impliquer des transactions longues ou courtes. Dans une transaction CFD longue, un trader conclut un contrat d&#039;achat dans l&#039;espoir que le prix de l&#039;actif sous-jacent augmentera. Dans une transaction CFD courte, un trader conclut un contrat de vente dans l&#039;espoir que le prix de l&#039;actif sous-jacent baissera.<\/p><p>La possibilit\u00e9 de prendre des positions longues ou courtes sur le march\u00e9 est particuli\u00e8rement utile pour les traders \u00e0 court terme. Les strat\u00e9gies d\u2019investissement traditionnelles de type \u00ab buy-and-hold \u00bb sont con\u00e7ues pour des p\u00e9riodes plus longues, allant de quelques mois \u00e0 quelques ann\u00e9es. Le fait de pouvoir rapidement devenir net-long ou net-short sur une classe d\u2019actifs donn\u00e9e est utile pour tirer parti des fluctuations p\u00e9riodiques des prix. Si un march\u00e9 conna\u00eet une hausse ou un effondrement inattendu, on peut n\u00e9gocier des CFD et participer \u00e0 l\u2019action.<\/p><\/div><\/div><div class=\"elementor-element elementor-element-e540629 elementor-widget elementor-widget-vc_custom_heading animated fadeIn\" data-id=\"e540629\" data-element_type=\"widget\" data-settings=\"{&quot;_animation&quot;:&quot;fadeIn&quot;}\" data-widget_type=\"vc_custom_heading.default\"><div class=\"elementor-widget-container\"><div class=\"vc_custom_heading consulting_heading_font text_align_center\"><h3 class=\"consulting-custom-title\">N\u00e9gociez sur une grande vari\u00e9t\u00e9 de march\u00e9s.<\/h3><\/div><\/div><\/div><div class=\"elementor-element elementor-element-f823f38 elementor-widget elementor-widget-text-editor animated fadeInUp\" data-id=\"f823f38\" data-element_type=\"widget\" data-settings=\"{&quot;_animation&quot;:&quot;fadeInUp&quot;}\" data-widget_type=\"text-editor.default\"><div class=\"elementor-widget-container\"><p>Les CFD peuvent \u00eatre utilis\u00e9s pour n\u00e9gocier plus de 10 000 actifs diff\u00e9rents, notamment des actions, des indices, des mati\u00e8res premi\u00e8res, des devises, des crypto-monnaies, des options, etc. De plus, vous n&#039;avez pas besoin d&#039;utiliser plusieurs plateformes pour n\u00e9gocier sur diff\u00e9rents march\u00e9s. Tout est accessible via une seule connexion, o\u00f9 que vous en ayez besoin : vous pouvez n\u00e9gocier en utilisant votre navigateur Web, votre t\u00e9l\u00e9phone ou votre tablette.<\/p><\/div><\/div><div class=\"elementor-element elementor-element-b84fd6e elementor-widget elementor-widget-vc_custom_heading animated fadeIn\" data-id=\"b84fd6e\" data-element_type=\"widget\" data-settings=\"{&quot;_animation&quot;:&quot;fadeIn&quot;}\" data-widget_type=\"vc_custom_heading.default\"><div class=\"elementor-widget-container\"><div class=\"vc_custom_heading consulting_heading_font text_align_center\"><h3 class=\"consulting-custom-title\">Prot\u00e9gez votre portefeuille d\u2019investissement<\/h3><\/div><\/div><\/div><div class=\"elementor-element elementor-element-5a567e9 elementor-widget elementor-widget-text-editor animated fadeInUp\" data-id=\"5a567e9\" data-element_type=\"widget\" data-settings=\"{&quot;_animation&quot;:&quot;fadeInUp&quot;}\" data-widget_type=\"text-editor.default\"><div class=\"elementor-widget-container\"><p>Gr\u00e2ce \u00e0 l\u2019engagement de capital limit\u00e9 n\u00e9cessaire pour ouvrir une position, les traders ont acc\u00e8s \u00e0 des fonds qui peuvent \u00eatre utilis\u00e9s pour mettre en \u0153uvre des positions couvertes et limiter leur risque \u00e0 tout moment.<\/p><p>Il s&#039;agit d&#039;une strat\u00e9gie utile lorsque vous avez pris une position risqu\u00e9e sur un CFD ou lorsqu&#039;une position \u00e0 long terme accumule des pertes. Au lieu de vendre \u00e0 perte et de vider les fonds de votre compte, vous pouvez ouvrir des positions suppl\u00e9mentaires dans l&#039;espoir de g\u00e9n\u00e9rer des gains qui \u00e9quilibrent votre position initiale. Lorsqu&#039;elle est utilis\u00e9e correctement, une strat\u00e9gie de couverture peut \u00e9quilibrer certains des risques associ\u00e9s aux transactions CFD.<\/p><\/div><\/div>\t\t\t\t\t\t<\/div>\n\t\t\t\t<\/div>\n\t\t\t\t<div class=\"elementor-element elementor-element-7fb9a14d elementor-absolute elementor-widget elementor-widget-image\" data-id=\"7fb9a14d\" data-element_type=\"widget\" data-settings=\"{&quot;_position&quot;:&quot;absolute&quot;}\" data-widget_type=\"image.default\">\n\t\t\t\t<div class=\"elementor-widget-container\">\n\t\t\t<style>\/*! elementor - v3.21.0 - 24-04-2024 *\/\n.elementor-widget-image{text-align:center}.elementor-widget-image a{display:inline-block}.elementor-widget-image a img[src$=\".svg\"]{width:48px}.elementor-widget-image img{vertical-align:middle;display:inline-block}<\/style>\t\t\t\t\t\t\t\t\t\t<img fetchpriority=\"high\" decoding=\"async\" width=\"800\" height=\"791\" src=\"https:\/\/www.24xtrades.com\/wp-content\/uploads\/2024\/04\/Group-200-1-1024x1013.png\" class=\"attachment-large size-large wp-image-20\" alt=\"\" srcset=\"https:\/\/www.24xtrades.com\/wp-content\/uploads\/2024\/04\/Group-200-1-1024x1013.png 1024w, https:\/\/www.24xtrades.com\/wp-content\/uploads\/2024\/04\/Group-200-1-300x297.png 300w, https:\/\/www.24xtrades.com\/wp-content\/uploads\/2024\/04\/Group-200-1-768x760.png 768w, https:\/\/www.24xtrades.com\/wp-content\/uploads\/2024\/04\/Group-200-1.png 1030w\" sizes=\"(max-width: 800px) 100vw, 800px\" \/>\t\t\t\t\t\t\t\t\t\t\t\t\t<\/div>\n\t\t\t\t<\/div>\n\t\t\t\t\t<\/div>\n\t\t<\/div>\n\t\t\t\t\t<\/div>\n\t\t<\/section>\n\t\t\t\t<\/div>","protected":false},"excerpt":{"rendered":"<p>24XTRADE CFD Trading CFD Qu&#039;est-ce que c&#039;est et comment \u00e7a marche ? Le CFD ou le contrat sur diff\u00e9rence, est un contrat entre un acheteur et un courtier ou une autre institution vendeuse pour \u00e9changer la diff\u00e9rence entre le prix d&#039;achat du contrat et le prix auquel il est vendu. L&#039;achat ou la vente d&#039;un CFD [\u2026]<\/p>","protected":false},"author":1,"featured_media":0,"parent":0,"menu_order":0,"comment_status":"closed","ping_status":"closed","template":"","meta":{"footnotes":""},"class_list":["post-739","page","type-page","status-publish","hentry"],"_links":{"self":[{"href":"https:\/\/www.24xtrades.com\/fr\/wp-json\/wp\/v2\/pages\/739","targetHints":{"allow":["GET"]}}],"collection":[{"href":"https:\/\/www.24xtrades.com\/fr\/wp-json\/wp\/v2\/pages"}],"about":[{"href":"https:\/\/www.24xtrades.com\/fr\/wp-json\/wp\/v2\/types\/page"}],"author":[{"embeddable":true,"href":"https:\/\/www.24xtrades.com\/fr\/wp-json\/wp\/v2\/users\/1"}],"replies":[{"embeddable":true,"href":"https:\/\/www.24xtrades.com\/fr\/wp-json\/wp\/v2\/comments?post=739"}],"version-history":[{"count":7,"href":"https:\/\/www.24xtrades.com\/fr\/wp-json\/wp\/v2\/pages\/739\/revisions"}],"predecessor-version":[{"id":775,"href":"https:\/\/www.24xtrades.com\/fr\/wp-json\/wp\/v2\/pages\/739\/revisions\/775"}],"wp:attachment":[{"href":"https:\/\/www.24xtrades.com\/fr\/wp-json\/wp\/v2\/media?parent=739"}],"curies":[{"name":"wp","href":"https:\/\/api.w.org\/{rel}","templated":true}]}}