{"id":737,"date":"2024-04-30T00:47:29","date_gmt":"2024-04-30T00:47:29","guid":{"rendered":"https:\/\/24xtrades.com\/?page_id=737"},"modified":"2024-05-09T12:18:48","modified_gmt":"2024-05-09T12:18:48","slug":"analysis","status":"publish","type":"page","link":"https:\/\/www.24xtrades.com\/fr\/analysis\/","title":{"rendered":"Analyse"},"content":{"rendered":"<div data-elementor-type=\"wp-page\" data-elementor-id=\"737\" class=\"elementor elementor-737\" data-elementor-post-type=\"page\">\n\t\t\t\t<div class=\"elementor-element elementor-element-8eb341c e-flex e-con-boxed e-con e-parent\" data-id=\"8eb341c\" data-element_type=\"container\">\n\t\t\t\t\t<div class=\"e-con-inner\">\n\t\t\t\t<div class=\"elementor-element elementor-element-02e7e99 elementor-widget elementor-widget-heading\" data-id=\"02e7e99\" data-element_type=\"widget\" data-widget_type=\"heading.default\">\n\t\t\t\t<div class=\"elementor-widget-container\">\n\t\t\t<style>\/*! elementor - v3.21.0 - 24-04-2024 *\/\n.elementor-heading-title{padding:0;margin:0;line-height:1}.elementor-widget-heading .elementor-heading-title[class*=elementor-size-]>a{color:inherit;font-size:inherit;line-height:inherit}.elementor-widget-heading .elementor-heading-title.elementor-size-small{font-size:15px}.elementor-widget-heading .elementor-heading-title.elementor-size-medium{font-size:19px}.elementor-widget-heading .elementor-heading-title.elementor-size-large{font-size:29px}.elementor-widget-heading .elementor-heading-title.elementor-size-xl{font-size:39px}.elementor-widget-heading .elementor-heading-title.elementor-size-xxl{font-size:59px}<\/style><h1 class=\"elementor-heading-title elementor-size-default\">Analyse<\/h1>\t\t<\/div>\n\t\t\t\t<\/div>\n\t\t\t\t\t<\/div>\n\t\t\t\t<\/div>\n\t\t<div class=\"elementor-element elementor-element-3b11b54 e-flex e-con-boxed e-con e-parent\" data-id=\"3b11b54\" data-element_type=\"container\">\n\t\t\t\t\t<div class=\"e-con-inner\">\n\t\t\t\t<div class=\"elementor-element elementor-element-6f7452e elementor-invisible elementor-widget elementor-widget-image\" data-id=\"6f7452e\" data-element_type=\"widget\" data-settings=\"{&quot;_animation&quot;:&quot;fadeInUp&quot;}\" data-widget_type=\"image.default\">\n\t\t\t\t<div class=\"elementor-widget-container\">\n\t\t\t<style>\/*! elementor - v3.21.0 - 24-04-2024 *\/\n.elementor-widget-image{text-align:center}.elementor-widget-image a{display:inline-block}.elementor-widget-image a img[src$=\".svg\"]{width:48px}.elementor-widget-image img{vertical-align:middle;display:inline-block}<\/style>\t\t\t\t\t\t\t<figure class=\"wp-caption\">\n\t\t\t\t\t\t\t\t\t\t<img fetchpriority=\"high\" decoding=\"async\" width=\"1360\" height=\"610\" src=\"https:\/\/www.24xtrades.com\/wp-content\/uploads\/2024\/05\/1x-12.png\" class=\"attachment-full size-full wp-image-1175\" alt=\"\" srcset=\"https:\/\/www.24xtrades.com\/wp-content\/uploads\/2024\/05\/1x-12.png 1360w, https:\/\/www.24xtrades.com\/wp-content\/uploads\/2024\/05\/1x-12-300x135.png 300w, https:\/\/www.24xtrades.com\/wp-content\/uploads\/2024\/05\/1x-12-1024x459.png 1024w, https:\/\/www.24xtrades.com\/wp-content\/uploads\/2024\/05\/1x-12-768x344.png 768w\" sizes=\"(max-width: 1360px) 100vw, 1360px\" \/>\t\t\t\t\t\t\t\t\t\t\t<figcaption class=\"widget-image-caption wp-caption-text\"><\/figcaption>\n\t\t\t\t\t\t\t\t\t\t<\/figure>\n\t\t\t\t\t\t\t<\/div>\n\t\t\t\t<\/div>\n\t\t\t\t\t<\/div>\n\t\t\t\t<\/div>\n\t\t\t\t<section class=\"elementor-section elementor-top-section elementor-element elementor-element-4ccc8a93 elementor-section-boxed elementor-section-height-default elementor-section-height-default elementor-invisible\" data-id=\"4ccc8a93\" data-element_type=\"section\" data-settings=\"{&quot;animation&quot;:&quot;fadeInUp&quot;}\">\n\t\t\t\t\t\t<div class=\"elementor-container elementor-column-gap-default\">\n\t\t\t\t\t<div class=\"elementor-column elementor-col-100 elementor-top-column elementor-element elementor-element-61fcd6cc\" data-id=\"61fcd6cc\" data-element_type=\"column\">\n\t\t\t<div class=\"elementor-widget-wrap elementor-element-populated\">\n\t\t\t\t\t\t<div class=\"elementor-element elementor-element-245f42c elementor-invisible elementor-widget elementor-widget-text-editor\" data-id=\"245f42c\" data-element_type=\"widget\" data-settings=\"{&quot;_animation&quot;:&quot;fadeInUp&quot;}\" data-widget_type=\"text-editor.default\">\n\t\t\t\t<div class=\"elementor-widget-container\">\n\t\t\t<style>\/*! elementor - v3.21.0 - 24-04-2024 *\/\n.elementor-widget-text-editor.elementor-drop-cap-view-stacked .elementor-drop-cap{background-color:#69727d;color:#fff}.elementor-widget-text-editor.elementor-drop-cap-view-framed .elementor-drop-cap{color:#69727d;border:3px solid;background-color:transparent}.elementor-widget-text-editor:not(.elementor-drop-cap-view-default) .elementor-drop-cap{margin-top:8px}.elementor-widget-text-editor:not(.elementor-drop-cap-view-default) .elementor-drop-cap-letter{width:1em;height:1em}.elementor-widget-text-editor .elementor-drop-cap{float:left;text-align:center;line-height:1;font-size:50px}.elementor-widget-text-editor .elementor-drop-cap-letter{display:inline-block}<\/style>\t\t\t\t<div class=\"elementor-element elementor-element-e6e828a elementor-widget elementor-widget-text-editor animated fadeInUp\" data-id=\"e6e828a\" data-element_type=\"widget\" data-settings=\"{&quot;_animation&quot;:&quot;fadeInUp&quot;}\" data-widget_type=\"text-editor.default\"><div class=\"elementor-widget-container\"><h3 class=\"consulting-custom-title\">Qu&#039;est-ce que l&#039;analyse de march\u00e9 ?<\/h3><\/div><\/div>\t\t\t\t\t\t<\/div>\n\t\t\t\t<\/div>\n\t\t\t\t<div class=\"elementor-element elementor-element-d076b59 elementor-invisible elementor-widget elementor-widget-text-editor\" data-id=\"d076b59\" data-element_type=\"widget\" data-settings=\"{&quot;_animation&quot;:&quot;fadeInUp&quot;}\" data-widget_type=\"text-editor.default\">\n\t\t\t\t<div class=\"elementor-widget-container\">\n\t\t\t\t\t\t\t<div class=\"elementor-element elementor-element-7925898 elementor-widget elementor-widget-text-editor animated fadeInUp\" data-id=\"7925898\" data-element_type=\"widget\" data-settings=\"{&quot;_animation&quot;:&quot;fadeInUp&quot;}\" data-widget_type=\"text-editor.default\"><div class=\"elementor-widget-container\"><p>Une analyse de march\u00e9 est une \u00e9valuation qualitative et quantitative du march\u00e9 externe et de vos ressources internes. Une analyse de march\u00e9 approfondie \u00e9value de mani\u00e8re ad\u00e9quate les opportunit\u00e9s, la valeur, le risque, la concurrence, les conditions \u00e9conomiques et vous aide \u00e0 prendre de meilleures d\u00e9cisions et \u00e0 am\u00e9liorer votre r\u00e9ussite en tant que trader.<\/p><\/div><\/div><div class=\"elementor-element elementor-element-b6c3d40 elementor-widget elementor-widget-vc_custom_heading animated fadeIn\" data-id=\"b6c3d40\" data-element_type=\"widget\" data-settings=\"{&quot;_animation&quot;:&quot;fadeIn&quot;}\" data-widget_type=\"vc_custom_heading.default\"><div class=\"elementor-widget-container\"><div class=\"vc_custom_heading consulting_heading_font text_align_center\"><h3 class=\"consulting-custom-title\">Que peut faire l\u2019analyse de march\u00e9 pour vous ?<\/h3><\/div><\/div><\/div><div class=\"elementor-element elementor-element-1323373 elementor-widget elementor-widget-text-editor animated fadeInUp\" data-id=\"1323373\" data-element_type=\"widget\" data-settings=\"{&quot;_animation&quot;:&quot;fadeInUp&quot;}\" data-widget_type=\"text-editor.default\"><div class=\"elementor-widget-container\"><p>L&#039;analyse est utile pour pr\u00e9voir les prix futurs d&#039;un actif sous-jacent en fonction des tendances et des mod\u00e8les pass\u00e9s. Elle fournit des informations utiles avant de prendre des d\u00e9cisions. Comment ? En examinant les forces \u00e9conomiques, politiques et sociales qui peuvent avoir un impact sur les actifs<\/p><\/div><\/div><div class=\"elementor-element elementor-element-4a548cd elementor-widget elementor-widget-vc_custom_heading animated fadeIn\" data-id=\"4a548cd\" data-element_type=\"widget\" data-settings=\"{&quot;_animation&quot;:&quot;fadeIn&quot;}\" data-widget_type=\"vc_custom_heading.default\"><div class=\"elementor-widget-container\"><div class=\"vc_custom_heading consulting_heading_font text_align_center\"><h3 class=\"consulting-custom-title\">Types d&#039;analyse<\/h3><\/div><\/div><\/div><div class=\"elementor-element elementor-element-00052d9 elementor-widget elementor-widget-text-editor animated fadeInUp\" data-id=\"00052d9\" data-element_type=\"widget\" data-settings=\"{&quot;_animation&quot;:&quot;fadeInUp&quot;}\" data-widget_type=\"text-editor.default\"><div class=\"elementor-widget-container\"><h6>Analyse technique<\/h6><\/div><\/div><div class=\"elementor-element elementor-element-046a610 elementor-widget elementor-widget-text-editor\" data-id=\"046a610\" data-element_type=\"widget\" data-widget_type=\"text-editor.default\"><div class=\"elementor-widget-container\"><p>L&#039;analyse technique consiste \u00e0 examiner les donn\u00e9es historiques des actifs pour identifier les tendances, la mani\u00e8re dont elles se r\u00e9p\u00e8tent, le moment o\u00f9 elles se r\u00e9p\u00e8tent et la raison pour laquelle l&#039;actif a pr\u00e9sent\u00e9 ce comportement. De cette mani\u00e8re, le trader sera en mesure de faire une pr\u00e9diction pr\u00e9cise sur le prix futur proche de l&#039;actif.<\/p><\/div><\/div><div class=\"elementor-element elementor-element-cea4dab elementor-widget elementor-widget-text-editor animated fadeInUp\" data-id=\"cea4dab\" data-element_type=\"widget\" data-settings=\"{&quot;_animation&quot;:&quot;fadeInUp&quot;}\" data-widget_type=\"text-editor.default\"><div class=\"elementor-widget-container\"><h6>Analyse fondamentale<\/h6><\/div><\/div><div class=\"elementor-element elementor-element-ca176c0 elementor-widget elementor-widget-text-editor\" data-id=\"ca176c0\" data-element_type=\"widget\" data-widget_type=\"text-editor.default\"><div class=\"elementor-widget-container\"><p>L&#039;impact des \u00e9v\u00e9nements financiers et des actualit\u00e9s sur les prix des instruments financiers est utilis\u00e9 dans l&#039;analyse fondamentale. En ce qui concerne les actions, elle prend en compte les donn\u00e9es publiques telles que les revenus, les b\u00e9n\u00e9fices, la croissance future et le rendement des capitaux propres pour d\u00e9terminer le potentiel futur de l&#039;entreprise. Le calendrier \u00e9conomique est l&#039;un des outils qui vous informera des \u00e9v\u00e9nements financiers \u00e0 venir.<\/p><\/div><\/div><div class=\"elementor-element elementor-element-28d51e0 elementor-widget elementor-widget-text-editor animated fadeInUp\" data-id=\"28d51e0\" data-element_type=\"widget\" data-settings=\"{&quot;_animation&quot;:&quot;fadeInUp&quot;}\" data-widget_type=\"text-editor.default\"><div class=\"elementor-widget-container\"><h6>Analyse sentimentale<\/h6><\/div><\/div><div class=\"elementor-element elementor-element-7e32005 elementor-widget elementor-widget-text-editor\" data-id=\"7e32005\" data-element_type=\"widget\" data-widget_type=\"text-editor.default\"><div class=\"elementor-widget-container\"><p>L&#039;analyse sentimentale est une mesure qualitative de l&#039;attitude d&#039;un trader envers les march\u00e9s financiers en g\u00e9n\u00e9ral, ou envers des instruments sp\u00e9cifiques en particulier. La performance \u00e0 long terme du march\u00e9 est influenc\u00e9e par la volont\u00e9 d&#039;investir ou de s&#039;abstenir d&#039;investir. L&#039;analyse des sentiments correspond \u00e9galement aux opinions, sentiments ou approches du grand public qui fa\u00e7onnent la psychologie du march\u00e9.<br \/><br \/><br \/><\/p><\/div><\/div>\t\t\t\t\t\t<\/div>\n\t\t\t\t<\/div>\n\t\t\t\t<div class=\"elementor-element elementor-element-25ad02c1 elementor-absolute elementor-widget elementor-widget-image\" data-id=\"25ad02c1\" data-element_type=\"widget\" data-settings=\"{&quot;_position&quot;:&quot;absolute&quot;}\" data-widget_type=\"image.default\">\n\t\t\t\t<div class=\"elementor-widget-container\">\n\t\t\t\t\t\t\t\t\t\t\t\t\t<img decoding=\"async\" width=\"800\" height=\"791\" src=\"https:\/\/www.24xtrades.com\/wp-content\/uploads\/2024\/04\/Group-200-1-1024x1013.png\" class=\"attachment-large size-large wp-image-20\" alt=\"\" srcset=\"https:\/\/www.24xtrades.com\/wp-content\/uploads\/2024\/04\/Group-200-1-1024x1013.png 1024w, https:\/\/www.24xtrades.com\/wp-content\/uploads\/2024\/04\/Group-200-1-300x297.png 300w, https:\/\/www.24xtrades.com\/wp-content\/uploads\/2024\/04\/Group-200-1-768x760.png 768w, https:\/\/www.24xtrades.com\/wp-content\/uploads\/2024\/04\/Group-200-1.png 1030w\" sizes=\"(max-width: 800px) 100vw, 800px\" \/>\t\t\t\t\t\t\t\t\t\t\t\t\t<\/div>\n\t\t\t\t<\/div>\n\t\t\t\t\t<\/div>\n\t\t<\/div>\n\t\t\t\t\t<\/div>\n\t\t<\/section>\n\t\t\t\t<\/div>","protected":false},"excerpt":{"rendered":"<p>Analyse Qu\u2019est-ce que l\u2019analyse de march\u00e9 ? Une analyse de march\u00e9 est une \u00e9valuation qualitative et quantitative du march\u00e9 externe et de vos ressources internes. Une analyse de march\u00e9 approfondie \u00e9value de mani\u00e8re ad\u00e9quate les opportunit\u00e9s, la valeur, le risque, la concurrence, les conditions \u00e9conomiques et vous aide \u00e0 prendre de meilleures d\u00e9cisions et \u00e0 am\u00e9liorer votre r\u00e9ussite en tant que trader. Que peut faire l\u2019analyse de march\u00e9 pour vous ? L\u2019analyse est [\u2026]<\/p>","protected":false},"author":1,"featured_media":0,"parent":0,"menu_order":0,"comment_status":"closed","ping_status":"closed","template":"","meta":{"footnotes":""},"class_list":["post-737","page","type-page","status-publish","hentry"],"_links":{"self":[{"href":"https:\/\/www.24xtrades.com\/fr\/wp-json\/wp\/v2\/pages\/737","targetHints":{"allow":["GET"]}}],"collection":[{"href":"https:\/\/www.24xtrades.com\/fr\/wp-json\/wp\/v2\/pages"}],"about":[{"href":"https:\/\/www.24xtrades.com\/fr\/wp-json\/wp\/v2\/types\/page"}],"author":[{"embeddable":true,"href":"https:\/\/www.24xtrades.com\/fr\/wp-json\/wp\/v2\/users\/1"}],"replies":[{"embeddable":true,"href":"https:\/\/www.24xtrades.com\/fr\/wp-json\/wp\/v2\/comments?post=737"}],"version-history":[{"count":13,"href":"https:\/\/www.24xtrades.com\/fr\/wp-json\/wp\/v2\/pages\/737\/revisions"}],"predecessor-version":[{"id":1210,"href":"https:\/\/www.24xtrades.com\/fr\/wp-json\/wp\/v2\/pages\/737\/revisions\/1210"}],"wp:attachment":[{"href":"https:\/\/www.24xtrades.com\/fr\/wp-json\/wp\/v2\/media?parent=737"}],"curies":[{"name":"wp","href":"https:\/\/api.w.org\/{rel}","templated":true}]}}