{"id":383,"date":"2024-04-26T13:05:46","date_gmt":"2024-04-26T13:05:46","guid":{"rendered":"https:\/\/24xtrades.com\/?page_id=383"},"modified":"2024-05-15T20:27:26","modified_gmt":"2024-05-15T20:27:26","slug":"24xtrade-web","status":"publish","type":"page","link":"https:\/\/www.24xtrades.com\/fr\/24xtrade-web\/","title":{"rendered":"Site Web de 24xtrade"},"content":{"rendered":"<div data-elementor-type=\"wp-page\" data-elementor-id=\"383\" class=\"elementor elementor-383\" data-elementor-post-type=\"page\">\n\t\t\t\t\t\t<section class=\"elementor-section elementor-top-section elementor-element elementor-element-2dab8a8 elementor-section-boxed elementor-section-height-default elementor-section-height-default elementor-invisible\" data-id=\"2dab8a8\" data-element_type=\"section\" data-settings=\"{&quot;animation&quot;:&quot;fadeInUp&quot;}\">\n\t\t\t\t\t\t<div class=\"elementor-container elementor-column-gap-default\">\n\t\t\t\t\t<div class=\"elementor-column elementor-col-100 elementor-top-column elementor-element elementor-element-fc7fe35\" data-id=\"fc7fe35\" data-element_type=\"column\">\n\t\t\t<div class=\"elementor-widget-wrap elementor-element-populated\">\n\t\t\t\t\t\t<div class=\"elementor-element elementor-element-7f611bc elementor-hidden-tablet elementor-widget elementor-widget-image\" data-id=\"7f611bc\" data-element_type=\"widget\" data-widget_type=\"image.default\">\n\t\t\t\t<div class=\"elementor-widget-container\">\n\t\t\t<style>\/*! elementor - v3.21.0 - 24-04-2024 *\/\n.elementor-widget-image{text-align:center}.elementor-widget-image a{display:inline-block}.elementor-widget-image a img[src$=\".svg\"]{width:48px}.elementor-widget-image img{vertical-align:middle;display:inline-block}<\/style>\t\t\t\t\t\t\t\t\t\t<img fetchpriority=\"high\" decoding=\"async\" width=\"720\" height=\"480\" src=\"https:\/\/www.24xtrades.com\/wp-content\/uploads\/2024\/04\/overview-1.gif\" class=\"attachment-full size-full wp-image-223\" alt=\"\" \/>\t\t\t\t\t\t\t\t\t\t\t\t\t<\/div>\n\t\t\t\t<\/div>\n\t\t\t\t<div class=\"elementor-element elementor-element-d406200 elementor-widget elementor-widget-heading\" data-id=\"d406200\" data-element_type=\"widget\" data-widget_type=\"heading.default\">\n\t\t\t\t<div class=\"elementor-widget-container\">\n\t\t\t<style>\/*! elementor - v3.21.0 - 24-04-2024 *\/\n.elementor-heading-title{padding:0;margin:0;line-height:1}.elementor-widget-heading .elementor-heading-title[class*=elementor-size-]>a{color:inherit;font-size:inherit;line-height:inherit}.elementor-widget-heading .elementor-heading-title.elementor-size-small{font-size:15px}.elementor-widget-heading .elementor-heading-title.elementor-size-medium{font-size:19px}.elementor-widget-heading .elementor-heading-title.elementor-size-large{font-size:29px}.elementor-widget-heading .elementor-heading-title.elementor-size-xl{font-size:39px}.elementor-widget-heading .elementor-heading-title.elementor-size-xxl{font-size:59px}<\/style><h1 class=\"elementor-heading-title elementor-size-default\">Site Web 24XTRADE<\/h1>\t\t<\/div>\n\t\t\t\t<\/div>\n\t\t\t\t<div class=\"elementor-element elementor-element-7c13aaa elementor-absolute elementor-widget elementor-widget-image\" data-id=\"7c13aaa\" data-element_type=\"widget\" data-settings=\"{&quot;_position&quot;:&quot;absolute&quot;}\" data-widget_type=\"image.default\">\n\t\t\t\t<div class=\"elementor-widget-container\">\n\t\t\t\t\t\t\t\t\t\t\t\t\t<img decoding=\"async\" width=\"800\" height=\"791\" src=\"https:\/\/www.24xtrades.com\/wp-content\/uploads\/2024\/04\/Group-200-1-1024x1013.png\" class=\"attachment-large size-large wp-image-20\" alt=\"\" srcset=\"https:\/\/www.24xtrades.com\/wp-content\/uploads\/2024\/04\/Group-200-1-1024x1013.png 1024w, https:\/\/www.24xtrades.com\/wp-content\/uploads\/2024\/04\/Group-200-1-300x297.png 300w, https:\/\/www.24xtrades.com\/wp-content\/uploads\/2024\/04\/Group-200-1-768x760.png 768w, https:\/\/www.24xtrades.com\/wp-content\/uploads\/2024\/04\/Group-200-1.png 1030w\" sizes=\"(max-width: 800px) 100vw, 800px\" \/>\t\t\t\t\t\t\t\t\t\t\t\t\t<\/div>\n\t\t\t\t<\/div>\n\t\t\t\t<div class=\"elementor-element elementor-element-3fd8890 elementor-invisible elementor-widget elementor-widget-text-editor\" data-id=\"3fd8890\" data-element_type=\"widget\" data-settings=\"{&quot;_animation&quot;:&quot;fadeInUp&quot;}\" data-widget_type=\"text-editor.default\">\n\t\t\t\t<div class=\"elementor-widget-container\">\n\t\t\t<style>\/*! elementor - v3.21.0 - 24-04-2024 *\/\n.elementor-widget-text-editor.elementor-drop-cap-view-stacked .elementor-drop-cap{background-color:#69727d;color:#fff}.elementor-widget-text-editor.elementor-drop-cap-view-framed .elementor-drop-cap{color:#69727d;border:3px solid;background-color:transparent}.elementor-widget-text-editor:not(.elementor-drop-cap-view-default) .elementor-drop-cap{margin-top:8px}.elementor-widget-text-editor:not(.elementor-drop-cap-view-default) .elementor-drop-cap-letter{width:1em;height:1em}.elementor-widget-text-editor .elementor-drop-cap{float:left;text-align:center;line-height:1;font-size:50px}.elementor-widget-text-editor .elementor-drop-cap-letter{display:inline-block}<\/style>\t\t\t\t<div data-id=\"58314de\" data-element_type=\"widget\" data-settings=\"{&quot;_animation&quot;:&quot;fadeIn&quot;}\" data-widget_type=\"vc_custom_heading.default\">\u00a0<\/div><div data-id=\"7925898\" data-element_type=\"widget\" data-settings=\"{&quot;_animation&quot;:&quot;fadeInUp&quot;}\" data-widget_type=\"text-editor.default\"><div><p>Avec 24XTRADE, le trading Forex n&#039;a jamais \u00e9t\u00e9 aussi simple. Ouvrez un compte de trading gratuit avec nous et commencez \u00e0 trader sur le Forex depuis votre navigateur MAINTENANT.<\/p><\/div><\/div><section data-id=\"b659036\" data-element_type=\"section\"><div><div data-id=\"3b66683\" data-element_type=\"column\"><div><div data-id=\"1d650b1\" data-element_type=\"widget\" data-settings=\"{&quot;_animation&quot;:&quot;fadeInUp&quot;}\" data-widget_type=\"text-editor.default\"><div><p>Transactions s\u00fbres et s\u00e9curis\u00e9es<\/p><p>Aucune installation n\u00e9cessaire<\/p><p>Lancement et ex\u00e9cution rapides des commandes<\/p><p>Aucune pr\u00e9f\u00e9rence de syst\u00e8me d&#039;exploitation<\/p><p>Aucun probl\u00e8me d&#039;installation<\/p><\/div><\/div><\/div><\/div><\/div><\/section>\t\t\t\t\t\t<\/div>\n\t\t\t\t<\/div>\n\t\t\t\t\t<\/div>\n\t\t<\/div>\n\t\t\t\t\t<\/div>\n\t\t<\/section>\n\t\t\t\t<\/div>","protected":false},"excerpt":{"rendered":"<p>24XTRADE Web Avec 24XTRADE, le trading Forex n&#039;a jamais \u00e9t\u00e9 aussi simple. Ouvrez un compte de trading gratuit avec nous et commencez \u00e0 trader sur le Forex depuis votre navigateur MAINTENANT. Transactions s\u00fbres et s\u00e9curis\u00e9es Aucune installation requise Lancement et ex\u00e9cution des commandes rapides Aucune pr\u00e9f\u00e9rence de syst\u00e8me d&#039;exploitation Aucun probl\u00e8me d&#039;installation<\/p>","protected":false},"author":1,"featured_media":0,"parent":0,"menu_order":0,"comment_status":"closed","ping_status":"closed","template":"","meta":{"footnotes":""},"class_list":["post-383","page","type-page","status-publish","hentry"],"_links":{"self":[{"href":"https:\/\/www.24xtrades.com\/fr\/wp-json\/wp\/v2\/pages\/383","targetHints":{"allow":["GET"]}}],"collection":[{"href":"https:\/\/www.24xtrades.com\/fr\/wp-json\/wp\/v2\/pages"}],"about":[{"href":"https:\/\/www.24xtrades.com\/fr\/wp-json\/wp\/v2\/types\/page"}],"author":[{"embeddable":true,"href":"https:\/\/www.24xtrades.com\/fr\/wp-json\/wp\/v2\/users\/1"}],"replies":[{"embeddable":true,"href":"https:\/\/www.24xtrades.com\/fr\/wp-json\/wp\/v2\/comments?post=383"}],"version-history":[{"count":19,"href":"https:\/\/www.24xtrades.com\/fr\/wp-json\/wp\/v2\/pages\/383\/revisions"}],"predecessor-version":[{"id":1418,"href":"https:\/\/www.24xtrades.com\/fr\/wp-json\/wp\/v2\/pages\/383\/revisions\/1418"}],"wp:attachment":[{"href":"https:\/\/www.24xtrades.com\/fr\/wp-json\/wp\/v2\/media?parent=383"}],"curies":[{"name":"wp","href":"https:\/\/api.w.org\/{rel}","templated":true}]}}