{"id":352,"date":"2024-04-26T13:03:35","date_gmt":"2024-04-26T13:03:35","guid":{"rendered":"https:\/\/24xtrades.com\/?page_id=352"},"modified":"2024-05-09T11:38:54","modified_gmt":"2024-05-09T11:38:54","slug":"stock-trading","status":"publish","type":"page","link":"https:\/\/www.24xtrades.com\/fr\/stock-trading\/","title":{"rendered":"N\u00e9gociation d&#039;actions"},"content":{"rendered":"<div data-elementor-type=\"wp-page\" data-elementor-id=\"352\" class=\"elementor elementor-352\" data-elementor-post-type=\"page\">\n\t\t\t\t\t\t<section class=\"elementor-section elementor-top-section elementor-element elementor-element-44ba7fe8 elementor-section-boxed elementor-section-height-default elementor-section-height-default elementor-invisible\" data-id=\"44ba7fe8\" data-element_type=\"section\" data-settings=\"{&quot;animation&quot;:&quot;fadeInUp&quot;}\">\n\t\t\t\t\t\t<div class=\"elementor-container elementor-column-gap-default\">\n\t\t\t\t\t<div class=\"elementor-column elementor-col-100 elementor-top-column elementor-element elementor-element-2c2ee2\" data-id=\"2c2ee2\" data-element_type=\"column\">\n\t\t\t<div class=\"elementor-widget-wrap elementor-element-populated\">\n\t\t\t\t\t\t<div class=\"elementor-element elementor-element-9dc6db1 elementor-absolute elementor-widget elementor-widget-image\" data-id=\"9dc6db1\" data-element_type=\"widget\" data-settings=\"{&quot;_position&quot;:&quot;absolute&quot;}\" data-widget_type=\"image.default\">\n\t\t\t\t<div class=\"elementor-widget-container\">\n\t\t\t<style>\/*! elementor - v3.21.0 - 24-04-2024 *\/\n.elementor-widget-image{text-align:center}.elementor-widget-image a{display:inline-block}.elementor-widget-image a img[src$=\".svg\"]{width:48px}.elementor-widget-image img{vertical-align:middle;display:inline-block}<\/style>\t\t\t\t\t\t\t\t\t\t<img fetchpriority=\"high\" decoding=\"async\" width=\"800\" height=\"791\" src=\"https:\/\/www.24xtrades.com\/wp-content\/uploads\/2024\/04\/Group-200-1-1024x1013.png\" class=\"attachment-large size-large wp-image-20\" alt=\"\" srcset=\"https:\/\/www.24xtrades.com\/wp-content\/uploads\/2024\/04\/Group-200-1-1024x1013.png 1024w, https:\/\/www.24xtrades.com\/wp-content\/uploads\/2024\/04\/Group-200-1-300x297.png 300w, https:\/\/www.24xtrades.com\/wp-content\/uploads\/2024\/04\/Group-200-1-768x760.png 768w, https:\/\/www.24xtrades.com\/wp-content\/uploads\/2024\/04\/Group-200-1.png 1030w\" sizes=\"(max-width: 800px) 100vw, 800px\" \/>\t\t\t\t\t\t\t\t\t\t\t\t\t<\/div>\n\t\t\t\t<\/div>\n\t\t\t\t\t<\/div>\n\t\t<\/div>\n\t\t\t\t\t<\/div>\n\t\t<\/section>\n\t\t<div class=\"elementor-element elementor-element-a3382b8 e-flex e-con-boxed e-con e-parent\" data-id=\"a3382b8\" data-element_type=\"container\">\n\t\t\t\t\t<div class=\"e-con-inner\">\n\t\t\t\t<div class=\"elementor-element elementor-element-03fce12 elementor-widget elementor-widget-heading\" data-id=\"03fce12\" data-element_type=\"widget\" data-widget_type=\"heading.default\">\n\t\t\t\t<div class=\"elementor-widget-container\">\n\t\t\t<style>\/*! elementor - v3.21.0 - 24-04-2024 *\/\n.elementor-heading-title{padding:0;margin:0;line-height:1}.elementor-widget-heading .elementor-heading-title[class*=elementor-size-]>a{color:inherit;font-size:inherit;line-height:inherit}.elementor-widget-heading .elementor-heading-title.elementor-size-small{font-size:15px}.elementor-widget-heading .elementor-heading-title.elementor-size-medium{font-size:19px}.elementor-widget-heading .elementor-heading-title.elementor-size-large{font-size:29px}.elementor-widget-heading .elementor-heading-title.elementor-size-xl{font-size:39px}.elementor-widget-heading .elementor-heading-title.elementor-size-xxl{font-size:59px}<\/style><h1 class=\"elementor-heading-title elementor-size-default\">N\u00e9gociation d&#039;actions<\/h1>\t\t<\/div>\n\t\t\t\t<\/div>\n\t\t\t\t<div class=\"elementor-element elementor-element-481fcb3 elementor-widget elementor-widget-image\" data-id=\"481fcb3\" data-element_type=\"widget\" data-widget_type=\"image.default\">\n\t\t\t\t<div class=\"elementor-widget-container\">\n\t\t\t\t\t\t\t\t\t\t\t\t\t<img decoding=\"async\" width=\"800\" height=\"359\" src=\"https:\/\/www.24xtrades.com\/wp-content\/uploads\/2024\/05\/1x-7-1024x459.png\" class=\"attachment-large size-large wp-image-1117\" alt=\"\" srcset=\"https:\/\/www.24xtrades.com\/wp-content\/uploads\/2024\/05\/1x-7-1024x459.png 1024w, https:\/\/www.24xtrades.com\/wp-content\/uploads\/2024\/05\/1x-7-300x135.png 300w, https:\/\/www.24xtrades.com\/wp-content\/uploads\/2024\/05\/1x-7-768x344.png 768w, https:\/\/www.24xtrades.com\/wp-content\/uploads\/2024\/05\/1x-7.png 1360w\" sizes=\"(max-width: 800px) 100vw, 800px\" \/>\t\t\t\t\t\t\t\t\t\t\t\t\t<\/div>\n\t\t\t\t<\/div>\n\t\t\t\t\t<\/div>\n\t\t\t\t<\/div>\n\t\t<div class=\"elementor-element elementor-element-a51e192 e-flex e-con-boxed e-con e-parent\" data-id=\"a51e192\" data-element_type=\"container\">\n\t\t\t\t\t<div class=\"e-con-inner\">\n\t\t\t\t<div class=\"elementor-element elementor-element-4b88f4f elementor-invisible elementor-widget elementor-widget-text-editor\" data-id=\"4b88f4f\" data-element_type=\"widget\" data-settings=\"{&quot;_animation&quot;:&quot;fadeInUp&quot;}\" data-widget_type=\"text-editor.default\">\n\t\t\t\t<div class=\"elementor-widget-container\">\n\t\t\t<style>\/*! elementor - v3.21.0 - 24-04-2024 *\/\n.elementor-widget-text-editor.elementor-drop-cap-view-stacked .elementor-drop-cap{background-color:#69727d;color:#fff}.elementor-widget-text-editor.elementor-drop-cap-view-framed .elementor-drop-cap{color:#69727d;border:3px solid;background-color:transparent}.elementor-widget-text-editor:not(.elementor-drop-cap-view-default) .elementor-drop-cap{margin-top:8px}.elementor-widget-text-editor:not(.elementor-drop-cap-view-default) .elementor-drop-cap-letter{width:1em;height:1em}.elementor-widget-text-editor .elementor-drop-cap{float:left;text-align:center;line-height:1;font-size:50px}.elementor-widget-text-editor .elementor-drop-cap-letter{display:inline-block}<\/style>\t\t\t\t<div data-id=\"05114bc\" data-element_type=\"widget\" data-settings=\"{&quot;_animation&quot;:&quot;fadeIn&quot;}\" data-widget_type=\"vc_custom_heading.default\">\n<div>\n<div>\n<h3>Actions<\/h3>\n<\/div>\n<\/div>\n<\/div>\t\t\t\t\t\t<\/div>\n\t\t\t\t<\/div>\n\t\t\t\t<div class=\"elementor-element elementor-element-7629274 elementor-invisible elementor-widget elementor-widget-text-editor\" data-id=\"7629274\" data-element_type=\"widget\" data-settings=\"{&quot;_animation&quot;:&quot;fadeInUp&quot;}\" data-widget_type=\"text-editor.default\">\n\t\t\t\t<div class=\"elementor-widget-container\">\n\t\t\t\t\t\t\t<p>24XTRADE propose des transactions boursi\u00e8res sans commission, sans frais cach\u00e9s ni d\u00e9penses suppl\u00e9mentaires. Nos spreads sont fixes et extr\u00eamement comp\u00e9titifs, et nous maintenons les co\u00fbts de transaction au minimum. En tant que trader 24xtrade, vous b\u00e9n\u00e9ficiez d&#039;un acc\u00e8s 24 heures sur 24 \u00e0 des investissements \u00e0 faible co\u00fbt dans les actions des bourses les plus importantes et les plus connues au monde.<\/p><p>B\u00e9n\u00e9ficiez de spreads serr\u00e9s, de d\u00e9p\u00f4ts et de retraits rapides et tradez en utilisant la plateforme la plus populaire au monde, MetaTrader 5, ou directement dans votre navigateur en utilisant notre WebTrader !<br \/><br \/><\/p><section data-id=\"a0094d2\" data-element_type=\"section\"><div><div data-id=\"1b06784\" data-element_type=\"column\"><div><div data-id=\"003e155\" data-element_type=\"widget\" data-settings=\"{&quot;_animation&quot;:&quot;fadeIn&quot;}\" data-widget_type=\"vc_custom_heading.default\"><div><div><h3>Que sont exactement les actions ?<\/h3><\/div><\/div><\/div><div data-id=\"2f2ba49\" data-element_type=\"widget\" data-settings=\"{&quot;_animation&quot;:&quot;fadeInUp&quot;}\" data-widget_type=\"text-editor.default\"><div><p>Les actions, par d\u00e9finition, sont des titres qui repr\u00e9sentent des parts de propri\u00e9t\u00e9 au sein d&#039;une entreprise. Les entreprises vendent g\u00e9n\u00e9ralement des actions si elles veulent lever des fonds pour d\u00e9velopper leur activit\u00e9. Du point de vue d&#039;un investisseur, l&#039;achat d&#039;actions peut vous permettre d&#039;accro\u00eetre votre patrimoine. L&#039;offre et la demande d\u00e9terminent le prix des actions, ce qui signifie g\u00e9n\u00e9ralement que plus il y a de personnes qui vendent le m\u00eame type d&#039;actions, plus le prix est bas. Inversement, plus il y a de personnes qui ach\u00e8tent l&#039;action, plus le prix est \u00e9lev\u00e9. Vous pouvez alors choisir de vendre vos actions pour r\u00e9aliser un b\u00e9n\u00e9fice.<br \/><br \/><\/p><\/div><\/div><\/div><\/div><\/div><\/section><section data-id=\"03b91bb\" data-element_type=\"section\"><div><div data-id=\"bbaef9c\" data-element_type=\"column\"><div><div data-id=\"2e91ea5\" data-element_type=\"widget\" data-settings=\"{&quot;_animation&quot;:&quot;fadeIn&quot;}\" data-widget_type=\"vc_custom_heading.default\"><div><div><h3>Avantages de la n\u00e9gociation d&#039;actions sur 24XTRADE<\/h3><\/div><\/div><\/div><div data-id=\"9f11c0d\" data-element_type=\"widget\" data-settings=\"{&quot;_animation&quot;:&quot;fadeInUp&quot;}\" data-widget_type=\"text-editor.default\"><div><h6>Effet de levier<\/h6><\/div><\/div><div data-id=\"2d6c0d3\" data-element_type=\"widget\" data-widget_type=\"text-editor.default\"><div><p>L&#039;effet de levier vous permet d&#039;obtenir une exposition significative \u00e0 n&#039;importe quel march\u00e9 financier avec un investissement modeste. Vous pouvez ainsi augmenter vos b\u00e9n\u00e9fices globaux, car ils sont bas\u00e9s sur le montant total de l&#039;investissement de la position.<\/p><\/div><\/div><div data-id=\"3ead42e\" data-element_type=\"widget\" data-settings=\"{&quot;_animation&quot;:&quot;fadeInUp&quot;}\" data-widget_type=\"text-editor.default\"><div><h6>Diversification<\/h6><\/div><\/div><div data-id=\"165d561\" data-element_type=\"widget\" data-widget_type=\"text-editor.default\"><div><p>R\u00e9partir vos actifs sur plusieurs classes d\u2019actifs permet de constituer un portefeuille bien diversifi\u00e9, de minimiser la volatilit\u00e9 du march\u00e9 en proportion directe de vos transactions et de r\u00e9duire votre exposition totale au risque.<\/p><\/div><\/div><div data-id=\"510314e\" data-element_type=\"widget\" data-settings=\"{&quot;_animation&quot;:&quot;fadeInUp&quot;}\" data-widget_type=\"text-editor.default\"><div><h6>Gestion des risques<\/h6><\/div><\/div><div data-id=\"82d1fe9\" data-element_type=\"widget\" data-widget_type=\"text-editor.default\"><div><p>Gr\u00e2ce aux param\u00e8tres stop loss\/take profit, une gestion financi\u00e8re appropri\u00e9e est toujours possible. Vous pouvez maintenir vos niveaux de risque \u00e0 un niveau raisonnable en fermant automatiquement toutes les positions ouvertes si le prix baisse ou augmente au-dessus d&#039;un niveau sp\u00e9cifi\u00e9.<\/p><\/div><\/div><div data-id=\"9151192\" data-element_type=\"widget\" data-settings=\"{&quot;_animation&quot;:&quot;fadeInUp&quot;}\" data-widget_type=\"text-editor.default\"><div><h6>Opportunit\u00e9s de march\u00e9<\/h6><\/div><\/div><div data-id=\"1987323\" data-element_type=\"widget\" data-widget_type=\"text-editor.default\"><div><p>Des b\u00e9n\u00e9fices peuvent \u00eatre r\u00e9alis\u00e9s via le trading sur Internet, que le march\u00e9 soit en hausse ou en baisse. Vous pouvez ouvrir une position de VENTE et r\u00e9aliser un b\u00e9n\u00e9fice lorsque le prix de l&#039;actif baisse, ou vous pouvez ouvrir une position d&#039;ACHAT et b\u00e9n\u00e9ficier de l&#039;augmentation du prix de l&#039;actif.<\/p><p>\u00a0<\/p><\/div><\/div><\/div><\/div><\/div><\/section>\t\t\t\t\t\t<\/div>\n\t\t\t\t<\/div>\n\t\t\t\t\t<\/div>\n\t\t\t\t<\/div>\n\t\t\t\t<\/div>","protected":false},"excerpt":{"rendered":"<p>N\u00e9gociation d&#039;actions 24XTRADE propose des op\u00e9rations sur actions sans commission, sans frais cach\u00e9s ni d\u00e9penses suppl\u00e9mentaires. Nos spreads sont fixes et extr\u00eamement comp\u00e9titifs, et nous maintenons les co\u00fbts de n\u00e9gociation au minimum. En tant que trader Tradeopol, vous b\u00e9n\u00e9ficiez d&#039;un acc\u00e8s 24 heures sur 24 \u00e0 des investissements \u00e0 faible co\u00fbt dans les actions des bourses les plus importantes et les plus connues au monde. Profitez de spreads serr\u00e9s, de [\u2026]<\/p>","protected":false},"author":1,"featured_media":0,"parent":0,"menu_order":0,"comment_status":"closed","ping_status":"closed","template":"","meta":{"footnotes":""},"class_list":["post-352","page","type-page","status-publish","hentry"],"_links":{"self":[{"href":"https:\/\/www.24xtrades.com\/fr\/wp-json\/wp\/v2\/pages\/352","targetHints":{"allow":["GET"]}}],"collection":[{"href":"https:\/\/www.24xtrades.com\/fr\/wp-json\/wp\/v2\/pages"}],"about":[{"href":"https:\/\/www.24xtrades.com\/fr\/wp-json\/wp\/v2\/types\/page"}],"author":[{"embeddable":true,"href":"https:\/\/www.24xtrades.com\/fr\/wp-json\/wp\/v2\/users\/1"}],"replies":[{"embeddable":true,"href":"https:\/\/www.24xtrades.com\/fr\/wp-json\/wp\/v2\/comments?post=352"}],"version-history":[{"count":28,"href":"https:\/\/www.24xtrades.com\/fr\/wp-json\/wp\/v2\/pages\/352\/revisions"}],"predecessor-version":[{"id":1153,"href":"https:\/\/www.24xtrades.com\/fr\/wp-json\/wp\/v2\/pages\/352\/revisions\/1153"}],"wp:attachment":[{"href":"https:\/\/www.24xtrades.com\/fr\/wp-json\/wp\/v2\/media?parent=352"}],"curies":[{"name":"wp","href":"https:\/\/api.w.org\/{rel}","templated":true}]}}