{"id":351,"date":"2024-04-26T13:03:27","date_gmt":"2024-04-26T13:03:27","guid":{"rendered":"https:\/\/24xtrades.com\/?page_id=351"},"modified":"2024-05-09T11:38:34","modified_gmt":"2024-05-09T11:38:34","slug":"crypto-trading","status":"publish","type":"page","link":"https:\/\/www.24xtrades.com\/fr\/crypto-trading\/","title":{"rendered":"Trading de crypto-monnaies"},"content":{"rendered":"<div data-elementor-type=\"wp-page\" data-elementor-id=\"351\" class=\"elementor elementor-351\" data-elementor-post-type=\"page\">\n\t\t\t\t\t\t<section class=\"elementor-section elementor-top-section elementor-element elementor-element-4b30f069 elementor-section-boxed elementor-section-height-default elementor-section-height-default elementor-invisible\" data-id=\"4b30f069\" data-element_type=\"section\" data-settings=\"{&quot;animation&quot;:&quot;fadeInUp&quot;}\">\n\t\t\t\t\t\t<div class=\"elementor-container elementor-column-gap-default\">\n\t\t\t\t\t<div class=\"elementor-column elementor-col-100 elementor-top-column elementor-element elementor-element-7f6ab3cb\" data-id=\"7f6ab3cb\" data-element_type=\"column\">\n\t\t\t<div class=\"elementor-widget-wrap elementor-element-populated\">\n\t\t\t\t\t\t<div class=\"elementor-element elementor-element-2a11c95b elementor-absolute elementor-widget elementor-widget-image\" data-id=\"2a11c95b\" data-element_type=\"widget\" data-settings=\"{&quot;_position&quot;:&quot;absolute&quot;}\" data-widget_type=\"image.default\">\n\t\t\t\t<div class=\"elementor-widget-container\">\n\t\t\t<style>\/*! elementor - v3.21.0 - 24-04-2024 *\/\n.elementor-widget-image{text-align:center}.elementor-widget-image a{display:inline-block}.elementor-widget-image a img[src$=\".svg\"]{width:48px}.elementor-widget-image img{vertical-align:middle;display:inline-block}<\/style>\t\t\t\t\t\t\t\t\t\t<img fetchpriority=\"high\" decoding=\"async\" width=\"800\" height=\"791\" src=\"https:\/\/www.24xtrades.com\/wp-content\/uploads\/2024\/04\/Group-200-1-1024x1013.png\" class=\"attachment-large size-large wp-image-20\" alt=\"\" srcset=\"https:\/\/www.24xtrades.com\/wp-content\/uploads\/2024\/04\/Group-200-1-1024x1013.png 1024w, https:\/\/www.24xtrades.com\/wp-content\/uploads\/2024\/04\/Group-200-1-300x297.png 300w, https:\/\/www.24xtrades.com\/wp-content\/uploads\/2024\/04\/Group-200-1-768x760.png 768w, https:\/\/www.24xtrades.com\/wp-content\/uploads\/2024\/04\/Group-200-1.png 1030w\" sizes=\"(max-width: 800px) 100vw, 800px\" \/>\t\t\t\t\t\t\t\t\t\t\t\t\t<\/div>\n\t\t\t\t<\/div>\n\t\t\t\t\t<\/div>\n\t\t<\/div>\n\t\t\t\t\t<\/div>\n\t\t<\/section>\n\t\t<div class=\"elementor-element elementor-element-f7a41ab e-flex e-con-boxed e-con e-parent\" data-id=\"f7a41ab\" data-element_type=\"container\">\n\t\t\t\t\t<div class=\"e-con-inner\">\n\t\t\t\t<div class=\"elementor-element elementor-element-cabdb32 elementor-widget elementor-widget-heading\" data-id=\"cabdb32\" data-element_type=\"widget\" data-widget_type=\"heading.default\">\n\t\t\t\t<div class=\"elementor-widget-container\">\n\t\t\t<style>\/*! elementor - v3.21.0 - 24-04-2024 *\/\n.elementor-heading-title{padding:0;margin:0;line-height:1}.elementor-widget-heading .elementor-heading-title[class*=elementor-size-]>a{color:inherit;font-size:inherit;line-height:inherit}.elementor-widget-heading .elementor-heading-title.elementor-size-small{font-size:15px}.elementor-widget-heading .elementor-heading-title.elementor-size-medium{font-size:19px}.elementor-widget-heading .elementor-heading-title.elementor-size-large{font-size:29px}.elementor-widget-heading .elementor-heading-title.elementor-size-xl{font-size:39px}.elementor-widget-heading .elementor-heading-title.elementor-size-xxl{font-size:59px}<\/style><h1 class=\"elementor-heading-title elementor-size-default\">Pourquoi les monnaies num\u00e9riques (cryptomonnaies)<\/h1>\t\t<\/div>\n\t\t\t\t<\/div>\n\t\t\t\t<div class=\"elementor-element elementor-element-010b7e5 elementor-widget elementor-widget-image\" data-id=\"010b7e5\" data-element_type=\"widget\" data-widget_type=\"image.default\">\n\t\t\t\t<div class=\"elementor-widget-container\">\n\t\t\t\t\t\t\t\t\t\t\t\t\t<img decoding=\"async\" width=\"800\" height=\"359\" src=\"https:\/\/www.24xtrades.com\/wp-content\/uploads\/2024\/05\/1x-6-1024x459.png\" class=\"attachment-large size-large wp-image-1118\" alt=\"\" srcset=\"https:\/\/www.24xtrades.com\/wp-content\/uploads\/2024\/05\/1x-6-1024x459.png 1024w, https:\/\/www.24xtrades.com\/wp-content\/uploads\/2024\/05\/1x-6-300x135.png 300w, https:\/\/www.24xtrades.com\/wp-content\/uploads\/2024\/05\/1x-6-768x344.png 768w, https:\/\/www.24xtrades.com\/wp-content\/uploads\/2024\/05\/1x-6.png 1360w\" sizes=\"(max-width: 800px) 100vw, 800px\" \/>\t\t\t\t\t\t\t\t\t\t\t\t\t<\/div>\n\t\t\t\t<\/div>\n\t\t\t\t\t<\/div>\n\t\t\t\t<\/div>\n\t\t<div class=\"elementor-element elementor-element-c9746b5 e-flex e-con-boxed e-con e-parent\" data-id=\"c9746b5\" data-element_type=\"container\">\n\t\t\t\t\t<div class=\"e-con-inner\">\n\t\t\t\t<div class=\"elementor-element elementor-element-5044d75 elementor-invisible elementor-widget elementor-widget-text-editor\" data-id=\"5044d75\" data-element_type=\"widget\" data-settings=\"{&quot;_animation&quot;:&quot;fadeInUp&quot;}\" data-widget_type=\"text-editor.default\">\n\t\t\t\t<div class=\"elementor-widget-container\">\n\t\t\t<style>\/*! elementor - v3.21.0 - 24-04-2024 *\/\n.elementor-widget-text-editor.elementor-drop-cap-view-stacked .elementor-drop-cap{background-color:#69727d;color:#fff}.elementor-widget-text-editor.elementor-drop-cap-view-framed .elementor-drop-cap{color:#69727d;border:3px solid;background-color:transparent}.elementor-widget-text-editor:not(.elementor-drop-cap-view-default) .elementor-drop-cap{margin-top:8px}.elementor-widget-text-editor:not(.elementor-drop-cap-view-default) .elementor-drop-cap-letter{width:1em;height:1em}.elementor-widget-text-editor .elementor-drop-cap{float:left;text-align:center;line-height:1;font-size:50px}.elementor-widget-text-editor .elementor-drop-cap-letter{display:inline-block}<\/style>\t\t\t\t<h2 class=\"title\">Trading de crypto-monnaies<\/h2>\t\t\t\t\t\t<\/div>\n\t\t\t\t<\/div>\n\t\t\t\t<div class=\"elementor-element elementor-element-3a39632 elementor-invisible elementor-widget elementor-widget-text-editor\" data-id=\"3a39632\" data-element_type=\"widget\" data-settings=\"{&quot;_animation&quot;:&quot;fadeInUp&quot;}\" data-widget_type=\"text-editor.default\">\n\t\t\t\t<div class=\"elementor-widget-container\">\n\t\t\t\t\t\t\t<div class=\"elementor-element elementor-element-1d8f4b7 elementor-widget elementor-widget-text-editor animated fadeInUp\" data-id=\"1d8f4b7\" data-element_type=\"widget\" data-settings=\"{&quot;_animation&quot;:&quot;fadeInUp&quot;}\" data-widget_type=\"text-editor.default\"><div class=\"elementor-widget-container\"><p>\u00c9tapes pour n\u00e9gocier des CFD sur crypto-monnaies<\/p><\/div><\/div><div class=\"elementor-element elementor-element-1ef0040 elementor-widget elementor-widget-text-editor animated fadeInUp\" data-id=\"1ef0040\" data-element_type=\"widget\" data-settings=\"{&quot;_animation&quot;:&quot;fadeInUp&quot;}\" data-widget_type=\"text-editor.default\"><div class=\"elementor-widget-container\"><p>1. Renseignez-vous sur les CFD de cryptomonnaies et sur leur fonctionnement. Apprendre leur fonctionnement peut \u00e9largir votre compr\u00e9hension de cette facette des march\u00e9s financiers. Ces connaissances vous seront utiles lors de vos transactions.<\/p><p>2. Cr\u00e9ez et financez un compte de trading. Vous pouvez trader sur une plateforme en utilisant votre compte de trading. Sans cela, vous \u00eates simplement limit\u00e9 \u00e0 ce que vous pouvez accomplir sur une plateforme de trading. Pour commencer \u00e0 trader, financez votre compte avec le montant de trading souhait\u00e9 apr\u00e8s l&#039;avoir \u00e9tabli.<\/p><p>3. \u00c9laborez une strat\u00e9gie de trading efficace. Le plan vous guidera tout au long de la proc\u00e9dure de trading et du calendrier. Suivez votre strat\u00e9gie aussi pr\u00e9cis\u00e9ment que possible, en apportant des modifications mineures si n\u00e9cessaire.<\/p><p>4. S\u00e9lectionnez une plateforme de trading. Pour mettre votre expertise \u00e0 profit, vous aurez besoin d&#039;une plateforme de trading. Vous pouvez investir dans n&#039;importe quelle crypto-monnaie et la n\u00e9gocier en utilisant la plateforme, que ce soit \u00e0 long ou \u00e0 court terme. Si n\u00e9cessaire, la plateforme vous aidera \u00e0 faciliter vos transactions.<\/p><p>Ouvrez un compte 24XTRADE et commencez \u00e0 profiter de nos produits et services. Commencez avec un petit montant pour tester votre exp\u00e9rience avec nous, puis augmentez-le \u00e0 votre guise.<br \/><br \/><br \/><\/p><\/div><\/div>\t\t\t\t\t\t<\/div>\n\t\t\t\t<\/div>\n\t\t\t\t\t<\/div>\n\t\t\t\t<\/div>\n\t\t\t\t<\/div>","protected":false},"excerpt":{"rendered":"<p>Pourquoi les monnaies num\u00e9riques (crypto-monnaies) \u00c9tapes du trading de crypto-monnaies CFD 1. Apprenez-en plus sur les CFD de crypto-monnaies et leur fonctionnement. Apprendre leur fonctionnement peut \u00e9largir votre compr\u00e9hension de cette facette des march\u00e9s financiers. Ces connaissances vous seront utiles lors de vos transactions. 2. Cr\u00e9ez et financez un compte de trading. Vous pouvez trader sur une plateforme en utilisant [\u2026]<\/p>","protected":false},"author":1,"featured_media":0,"parent":0,"menu_order":0,"comment_status":"closed","ping_status":"closed","template":"","meta":{"footnotes":""},"class_list":["post-351","page","type-page","status-publish","hentry"],"_links":{"self":[{"href":"https:\/\/www.24xtrades.com\/fr\/wp-json\/wp\/v2\/pages\/351","targetHints":{"allow":["GET"]}}],"collection":[{"href":"https:\/\/www.24xtrades.com\/fr\/wp-json\/wp\/v2\/pages"}],"about":[{"href":"https:\/\/www.24xtrades.com\/fr\/wp-json\/wp\/v2\/types\/page"}],"author":[{"embeddable":true,"href":"https:\/\/www.24xtrades.com\/fr\/wp-json\/wp\/v2\/users\/1"}],"replies":[{"embeddable":true,"href":"https:\/\/www.24xtrades.com\/fr\/wp-json\/wp\/v2\/comments?post=351"}],"version-history":[{"count":28,"href":"https:\/\/www.24xtrades.com\/fr\/wp-json\/wp\/v2\/pages\/351\/revisions"}],"predecessor-version":[{"id":1150,"href":"https:\/\/www.24xtrades.com\/fr\/wp-json\/wp\/v2\/pages\/351\/revisions\/1150"}],"wp:attachment":[{"href":"https:\/\/www.24xtrades.com\/fr\/wp-json\/wp\/v2\/media?parent=351"}],"curies":[{"name":"wp","href":"https:\/\/api.w.org\/{rel}","templated":true}]}}