{"id":350,"date":"2024-04-26T13:03:18","date_gmt":"2024-04-26T13:03:18","guid":{"rendered":"https:\/\/24xtrades.com\/?page_id=350"},"modified":"2024-05-09T11:39:10","modified_gmt":"2024-05-09T11:39:10","slug":"commodity-trading","status":"publish","type":"page","link":"https:\/\/www.24xtrades.com\/fr\/commodity-trading\/","title":{"rendered":"N\u00e9goce de mati\u00e8res premi\u00e8res"},"content":{"rendered":"<div data-elementor-type=\"wp-page\" data-elementor-id=\"350\" class=\"elementor elementor-350\" data-elementor-post-type=\"page\">\n\t\t\t\t\t\t<section class=\"elementor-section elementor-top-section elementor-element elementor-element-1a5f3679 elementor-section-boxed elementor-section-height-default elementor-section-height-default elementor-invisible\" data-id=\"1a5f3679\" data-element_type=\"section\" data-settings=\"{&quot;animation&quot;:&quot;fadeInUp&quot;}\">\n\t\t\t\t\t\t<div class=\"elementor-container elementor-column-gap-default\">\n\t\t\t\t\t<div class=\"elementor-column elementor-col-100 elementor-top-column elementor-element elementor-element-201bc1d4\" data-id=\"201bc1d4\" data-element_type=\"column\">\n\t\t\t<div class=\"elementor-widget-wrap elementor-element-populated\">\n\t\t\t\t\t\t<div class=\"elementor-element elementor-element-d037765 elementor-absolute elementor-widget elementor-widget-image\" data-id=\"d037765\" data-element_type=\"widget\" data-settings=\"{&quot;_position&quot;:&quot;absolute&quot;}\" data-widget_type=\"image.default\">\n\t\t\t\t<div class=\"elementor-widget-container\">\n\t\t\t<style>\/*! elementor - v3.21.0 - 24-04-2024 *\/\n.elementor-widget-image{text-align:center}.elementor-widget-image a{display:inline-block}.elementor-widget-image a img[src$=\".svg\"]{width:48px}.elementor-widget-image img{vertical-align:middle;display:inline-block}<\/style>\t\t\t\t\t\t\t\t\t\t<img fetchpriority=\"high\" decoding=\"async\" width=\"800\" height=\"791\" src=\"https:\/\/www.24xtrades.com\/wp-content\/uploads\/2024\/04\/Group-200-1-1024x1013.png\" class=\"attachment-large size-large wp-image-20\" alt=\"\" srcset=\"https:\/\/www.24xtrades.com\/wp-content\/uploads\/2024\/04\/Group-200-1-1024x1013.png 1024w, https:\/\/www.24xtrades.com\/wp-content\/uploads\/2024\/04\/Group-200-1-300x297.png 300w, https:\/\/www.24xtrades.com\/wp-content\/uploads\/2024\/04\/Group-200-1-768x760.png 768w, https:\/\/www.24xtrades.com\/wp-content\/uploads\/2024\/04\/Group-200-1.png 1030w\" sizes=\"(max-width: 800px) 100vw, 800px\" \/>\t\t\t\t\t\t\t\t\t\t\t\t\t<\/div>\n\t\t\t\t<\/div>\n\t\t\t\t\t<\/div>\n\t\t<\/div>\n\t\t\t\t\t<\/div>\n\t\t<\/section>\n\t\t<div class=\"elementor-element elementor-element-b6ba1a5 e-flex e-con-boxed e-con e-parent\" data-id=\"b6ba1a5\" data-element_type=\"container\">\n\t\t\t\t\t<div class=\"e-con-inner\">\n\t\t\t\t<div class=\"elementor-element elementor-element-44b735a elementor-widget elementor-widget-heading\" data-id=\"44b735a\" data-element_type=\"widget\" data-widget_type=\"heading.default\">\n\t\t\t\t<div class=\"elementor-widget-container\">\n\t\t\t<style>\/*! elementor - v3.21.0 - 24-04-2024 *\/\n.elementor-heading-title{padding:0;margin:0;line-height:1}.elementor-widget-heading .elementor-heading-title[class*=elementor-size-]>a{color:inherit;font-size:inherit;line-height:inherit}.elementor-widget-heading .elementor-heading-title.elementor-size-small{font-size:15px}.elementor-widget-heading .elementor-heading-title.elementor-size-medium{font-size:19px}.elementor-widget-heading .elementor-heading-title.elementor-size-large{font-size:29px}.elementor-widget-heading .elementor-heading-title.elementor-size-xl{font-size:39px}.elementor-widget-heading .elementor-heading-title.elementor-size-xxl{font-size:59px}<\/style><h1 class=\"elementor-heading-title elementor-size-default\">\nN\u00e9goce de mati\u00e8res premi\u00e8res<\/h1>\t\t<\/div>\n\t\t\t\t<\/div>\n\t\t\t\t<div class=\"elementor-element elementor-element-64424c4 elementor-widget elementor-widget-image\" data-id=\"64424c4\" data-element_type=\"widget\" data-widget_type=\"image.default\">\n\t\t\t\t<div class=\"elementor-widget-container\">\n\t\t\t\t\t\t\t\t\t\t\t\t\t<img decoding=\"async\" width=\"800\" height=\"359\" src=\"https:\/\/www.24xtrades.com\/wp-content\/uploads\/2024\/05\/1x-8-1024x460.png\" class=\"attachment-large size-large wp-image-1116\" alt=\"\" srcset=\"https:\/\/www.24xtrades.com\/wp-content\/uploads\/2024\/05\/1x-8-1024x460.png 1024w, https:\/\/www.24xtrades.com\/wp-content\/uploads\/2024\/05\/1x-8-300x135.png 300w, https:\/\/www.24xtrades.com\/wp-content\/uploads\/2024\/05\/1x-8-768x345.png 768w, https:\/\/www.24xtrades.com\/wp-content\/uploads\/2024\/05\/1x-8.png 1361w\" sizes=\"(max-width: 800px) 100vw, 800px\" \/>\t\t\t\t\t\t\t\t\t\t\t\t\t<\/div>\n\t\t\t\t<\/div>\n\t\t\t\t\t<\/div>\n\t\t\t\t<\/div>\n\t\t<div class=\"elementor-element elementor-element-894404d e-flex e-con-boxed e-con e-parent\" data-id=\"894404d\" data-element_type=\"container\">\n\t\t\t\t\t<div class=\"e-con-inner\">\n\t\t\t\t<div class=\"elementor-element elementor-element-fdf1fca elementor-invisible elementor-widget elementor-widget-text-editor\" data-id=\"fdf1fca\" data-element_type=\"widget\" data-settings=\"{&quot;_animation&quot;:&quot;fadeInUp&quot;}\" data-widget_type=\"text-editor.default\">\n\t\t\t\t<div class=\"elementor-widget-container\">\n\t\t\t<style>\/*! elementor - v3.21.0 - 24-04-2024 *\/\n.elementor-widget-text-editor.elementor-drop-cap-view-stacked .elementor-drop-cap{background-color:#69727d;color:#fff}.elementor-widget-text-editor.elementor-drop-cap-view-framed .elementor-drop-cap{color:#69727d;border:3px solid;background-color:transparent}.elementor-widget-text-editor:not(.elementor-drop-cap-view-default) .elementor-drop-cap{margin-top:8px}.elementor-widget-text-editor:not(.elementor-drop-cap-view-default) .elementor-drop-cap-letter{width:1em;height:1em}.elementor-widget-text-editor .elementor-drop-cap{float:left;text-align:center;line-height:1;font-size:50px}.elementor-widget-text-editor .elementor-drop-cap-letter{display:inline-block}<\/style>\t\t\t\t<h3>N\u00e9gociez des contrats de marchandises avec 24XTRADE<\/h3><nav aria-label=\"fil d&#039;Ariane\"><\/nav>\t\t\t\t\t\t<\/div>\n\t\t\t\t<\/div>\n\t\t\t\t<div class=\"elementor-element elementor-element-a49fe05 elementor-invisible elementor-widget elementor-widget-text-editor\" data-id=\"a49fe05\" data-element_type=\"widget\" data-settings=\"{&quot;_animation&quot;:&quot;fadeInUp&quot;}\" data-widget_type=\"text-editor.default\">\n\t\t\t\t<div class=\"elementor-widget-container\">\n\t\t\t\t\t\t\t<div data-id=\"2f2ba49\" data-element_type=\"widget\" data-settings=\"{&quot;_animation&quot;:&quot;fadeInUp&quot;}\" data-widget_type=\"text-editor.default\"><div><p>Con\u00e7u pour les traders qui souhaitent profiter des march\u00e9s en hausse et en baisse, le trading de mati\u00e8res premi\u00e8res sur la base de contrats sur diff\u00e9rence (CFD) est l&#039;endroit o\u00f9 la mati\u00e8re premi\u00e8re est \u00e9chang\u00e9e via un accord contractuel entre un acheteur et un vendeur pour n\u00e9gocier sur la diff\u00e9rence de prix de la mati\u00e8re premi\u00e8re.<\/p><\/div><\/div><div data-id=\"679465b\" data-element_type=\"widget\" data-widget_type=\"text-editor.default\"><div><p>Avec 24XTRADE, n\u00e9gociez une grande vari\u00e9t\u00e9 de m\u00e9taux, d&#039;\u00e9nergie, de mati\u00e8res premi\u00e8res agricoles avec un temps d&#039;ex\u00e9cution rapide, des outils de gestion des risques et des conditions de trading transparentes.<\/p><\/div><\/div><p>B\u00e9n\u00e9ficiez de spreads serr\u00e9s, de d\u00e9p\u00f4ts et de retraits rapides et tradez en utilisant la plateforme la plus populaire au monde, MetaTrader 5, ou directement dans votre navigateur en utilisant notre WebTrader !<\/p><section data-id=\"0bd53d5\" data-element_type=\"section\"><div><div data-id=\"d13ac38\" data-element_type=\"column\"><div><div data-id=\"ed12cef\" data-element_type=\"widget\" data-settings=\"{&quot;_animation&quot;:&quot;fadeInUp&quot;}\" data-widget_type=\"text-editor.default\"><div><h3>M\u00e9taux<\/h3><\/div><\/div><div data-id=\"2cbf25e\" data-element_type=\"widget\" data-settings=\"{&quot;_animation&quot;:&quot;fadeInUp&quot;}\" data-widget_type=\"text-editor.default\"><div><p>Les m\u00e9taux sont consid\u00e9r\u00e9s comme des mati\u00e8res premi\u00e8res solides car ils se trouvent sous terre. Ils sont class\u00e9s comme<br \/>m\u00e9taux pr\u00e9cieux ou semi-pr\u00e9cieux. M\u00e9taux non pr\u00e9cieux utilis\u00e9s dans le d\u00e9veloppement industriel<br \/>et la construction sont \u00e9galement inclus.<\/p><\/div><\/div><\/div><\/div><\/div><\/section><section data-id=\"8ac1500\" data-element_type=\"section\"><div><div data-id=\"e6959d7\" data-element_type=\"column\"><div><div data-id=\"5966196\" data-element_type=\"widget\" data-settings=\"{&quot;_animation&quot;:&quot;fadeInUp&quot;}\" data-widget_type=\"text-editor.default\"><div><h3>\u00a0\u00c9nergie<\/h3><\/div><\/div><div data-id=\"a7f3c14\" data-element_type=\"widget\" data-settings=\"{&quot;_animation&quot;:&quot;fadeInUp&quot;}\" data-widget_type=\"text-editor.default\"><div><p>En raison de son importance pour l\u2019\u00e9conomie globale, le march\u00e9 de l\u2019\u00e9nergie est l\u2019un des plus fortement n\u00e9goci\u00e9s.<br \/>march\u00e9s. Consid\u00e9rez le nombre d&#039;industries qui d\u00e9pendent de l&#039;essence pour alimenter leurs op\u00e9rations afin de comprendre<br \/>\u00e0 quel point le march\u00e9 de l\u2019\u00e9nergie est puissant.<\/p><\/div><\/div><\/div><\/div><\/div><\/section><section data-id=\"481c075\" data-element_type=\"section\"><div><div data-id=\"069c6e6\" data-element_type=\"column\"><div><div data-id=\"d0c7d52\" data-element_type=\"widget\" data-settings=\"{&quot;_animation&quot;:&quot;fadeInUp&quot;}\" data-widget_type=\"text-editor.default\"><div><h3>\u00a0 \u00a0Agriculture<\/h3><\/div><\/div><div data-id=\"4cb4e47\" data-element_type=\"widget\" data-settings=\"{&quot;_animation&quot;:&quot;fadeInUp&quot;}\" data-widget_type=\"text-editor.default\"><div><p>Le march\u00e9 des mati\u00e8res premi\u00e8res agricoles est sensible aux fluctuations mondiales de l\u2019offre et de la demande, ainsi qu\u2019aux catastrophes naturelles, qui ont g\u00e9n\u00e9ralement un impact sur les cultures et les herbes, et \u00e0 la demande saisonni\u00e8re pour certaines cultures.<\/p><\/div><\/div><div data-id=\"82480bd\" data-element_type=\"widget\" data-widget_type=\"text-editor.default\"><div><p>24XTRADE offre tout ce dont vous avez besoin pour entrer dans le monde du trading de mati\u00e8res premi\u00e8res et d&#039;or et devenir<br \/>un trader CFD \u00e0 succ\u00e8s. Des informations de trading gratuites, des articles perspicaces, des analyses et des entretiens avec des teneurs de march\u00e9 \u00e0 la strat\u00e9gie de trading pour tous les niveaux d&#039;exp\u00e9rience - que vous soyez un d\u00e9butant complet<br \/>ou une main exp\u00e9riment\u00e9e, nous avons quelque chose pour vous.<\/p><p>\u00a0<\/p><\/div><\/div><\/div><\/div><\/div><\/section>\t\t\t\t\t\t<\/div>\n\t\t\t\t<\/div>\n\t\t\t\t\t<\/div>\n\t\t\t\t<\/div>\n\t\t\t\t<\/div>","protected":false},"excerpt":{"rendered":"<p>N\u00e9gociation de mati\u00e8res premi\u00e8res N\u00e9gociez des contrats de mati\u00e8res premi\u00e8res avec 24XTRADE Con\u00e7u pour les traders qui souhaitent profiter des march\u00e9s en hausse et en baisse, le trading de mati\u00e8res premi\u00e8res sur la base de contrats sur diff\u00e9rence (CFD) consiste \u00e0 \u00e9changer des mati\u00e8res premi\u00e8res via un accord contractuel entre un acheteur et un vendeur pour n\u00e9gocier la diff\u00e9rence de prix de la mati\u00e8re premi\u00e8re. [\u2026]<\/p>","protected":false},"author":1,"featured_media":0,"parent":0,"menu_order":0,"comment_status":"closed","ping_status":"closed","template":"","meta":{"footnotes":""},"class_list":["post-350","page","type-page","status-publish","hentry"],"_links":{"self":[{"href":"https:\/\/www.24xtrades.com\/fr\/wp-json\/wp\/v2\/pages\/350","targetHints":{"allow":["GET"]}}],"collection":[{"href":"https:\/\/www.24xtrades.com\/fr\/wp-json\/wp\/v2\/pages"}],"about":[{"href":"https:\/\/www.24xtrades.com\/fr\/wp-json\/wp\/v2\/types\/page"}],"author":[{"embeddable":true,"href":"https:\/\/www.24xtrades.com\/fr\/wp-json\/wp\/v2\/users\/1"}],"replies":[{"embeddable":true,"href":"https:\/\/www.24xtrades.com\/fr\/wp-json\/wp\/v2\/comments?post=350"}],"version-history":[{"count":34,"href":"https:\/\/www.24xtrades.com\/fr\/wp-json\/wp\/v2\/pages\/350\/revisions"}],"predecessor-version":[{"id":1156,"href":"https:\/\/www.24xtrades.com\/fr\/wp-json\/wp\/v2\/pages\/350\/revisions\/1156"}],"wp:attachment":[{"href":"https:\/\/www.24xtrades.com\/fr\/wp-json\/wp\/v2\/media?parent=350"}],"curies":[{"name":"wp","href":"https:\/\/api.w.org\/{rel}","templated":true}]}}