{"id":349,"date":"2024-04-26T13:03:08","date_gmt":"2024-04-26T13:03:08","guid":{"rendered":"https:\/\/24xtrades.com\/?page_id=349"},"modified":"2024-08-21T10:55:35","modified_gmt":"2024-08-21T10:55:35","slug":"indices-trading","status":"publish","type":"page","link":"https:\/\/www.24xtrades.com\/fr\/indices-trading\/","title":{"rendered":"Trading d&#039;indices"},"content":{"rendered":"<div data-elementor-type=\"wp-page\" data-elementor-id=\"349\" class=\"elementor elementor-349\" data-elementor-post-type=\"page\">\n\t\t\t\t\t\t<section class=\"elementor-section elementor-top-section elementor-element elementor-element-46460957 elementor-section-boxed elementor-section-height-default elementor-section-height-default elementor-invisible\" data-id=\"46460957\" data-element_type=\"section\" data-settings=\"{&quot;animation&quot;:&quot;fadeInUp&quot;}\">\n\t\t\t\t\t\t<div class=\"elementor-container elementor-column-gap-default\">\n\t\t\t\t\t<div class=\"elementor-column elementor-col-100 elementor-top-column elementor-element elementor-element-5fab4f74\" data-id=\"5fab4f74\" data-element_type=\"column\">\n\t\t\t<div class=\"elementor-widget-wrap elementor-element-populated\">\n\t\t\t\t\t\t<div class=\"elementor-element elementor-element-65c711bd elementor-absolute elementor-widget elementor-widget-image\" data-id=\"65c711bd\" data-element_type=\"widget\" data-settings=\"{&quot;_position&quot;:&quot;absolute&quot;}\" data-widget_type=\"image.default\">\n\t\t\t\t<div class=\"elementor-widget-container\">\n\t\t\t<style>\/*! elementor - v3.21.0 - 24-04-2024 *\/\n.elementor-widget-image{text-align:center}.elementor-widget-image a{display:inline-block}.elementor-widget-image a img[src$=\".svg\"]{width:48px}.elementor-widget-image img{vertical-align:middle;display:inline-block}<\/style>\t\t\t\t\t\t\t\t\t\t<img fetchpriority=\"high\" decoding=\"async\" width=\"800\" height=\"791\" src=\"https:\/\/www.24xtrades.com\/wp-content\/uploads\/2024\/04\/Group-200-1-1024x1013.png\" class=\"attachment-large size-large wp-image-20\" alt=\"\" srcset=\"https:\/\/www.24xtrades.com\/wp-content\/uploads\/2024\/04\/Group-200-1-1024x1013.png 1024w, https:\/\/www.24xtrades.com\/wp-content\/uploads\/2024\/04\/Group-200-1-300x297.png 300w, https:\/\/www.24xtrades.com\/wp-content\/uploads\/2024\/04\/Group-200-1-768x760.png 768w, https:\/\/www.24xtrades.com\/wp-content\/uploads\/2024\/04\/Group-200-1.png 1030w\" sizes=\"(max-width: 800px) 100vw, 800px\" \/>\t\t\t\t\t\t\t\t\t\t\t\t\t<\/div>\n\t\t\t\t<\/div>\n\t\t\t\t\t<\/div>\n\t\t<\/div>\n\t\t\t\t\t<\/div>\n\t\t<\/section>\n\t\t<div class=\"elementor-element elementor-element-1a2ff2b e-flex e-con-boxed e-con e-parent\" data-id=\"1a2ff2b\" data-element_type=\"container\">\n\t\t\t\t\t<div class=\"e-con-inner\">\n\t\t\t\t<div class=\"elementor-element elementor-element-5aa9ec3 elementor-widget elementor-widget-heading\" data-id=\"5aa9ec3\" data-element_type=\"widget\" data-widget_type=\"heading.default\">\n\t\t\t\t<div class=\"elementor-widget-container\">\n\t\t\t<style>\/*! elementor - v3.21.0 - 24-04-2024 *\/\n.elementor-heading-title{padding:0;margin:0;line-height:1}.elementor-widget-heading .elementor-heading-title[class*=elementor-size-]>a{color:inherit;font-size:inherit;line-height:inherit}.elementor-widget-heading .elementor-heading-title.elementor-size-small{font-size:15px}.elementor-widget-heading .elementor-heading-title.elementor-size-medium{font-size:19px}.elementor-widget-heading .elementor-heading-title.elementor-size-large{font-size:29px}.elementor-widget-heading .elementor-heading-title.elementor-size-xl{font-size:39px}.elementor-widget-heading .elementor-heading-title.elementor-size-xxl{font-size:59px}<\/style><h1 class=\"elementor-heading-title elementor-size-default\">Trading d&#039;indices\n<\/h1>\t\t<\/div>\n\t\t\t\t<\/div>\n\t\t\t\t<div class=\"elementor-element elementor-element-4e5a1f6 elementor-widget elementor-widget-image\" data-id=\"4e5a1f6\" data-element_type=\"widget\" data-widget_type=\"image.default\">\n\t\t\t\t<div class=\"elementor-widget-container\">\n\t\t\t\t\t\t\t\t\t\t\t\t\t<img decoding=\"async\" width=\"800\" height=\"359\" src=\"https:\/\/www.24xtrades.com\/wp-content\/uploads\/2024\/05\/1x-4-1024x460.png\" class=\"attachment-large size-large wp-image-1120\" alt=\"\" srcset=\"https:\/\/www.24xtrades.com\/wp-content\/uploads\/2024\/05\/1x-4-1024x460.png 1024w, https:\/\/www.24xtrades.com\/wp-content\/uploads\/2024\/05\/1x-4-300x135.png 300w, https:\/\/www.24xtrades.com\/wp-content\/uploads\/2024\/05\/1x-4-768x345.png 768w, https:\/\/www.24xtrades.com\/wp-content\/uploads\/2024\/05\/1x-4.png 1361w\" sizes=\"(max-width: 800px) 100vw, 800px\" \/>\t\t\t\t\t\t\t\t\t\t\t\t\t<\/div>\n\t\t\t\t<\/div>\n\t\t\t\t\t<\/div>\n\t\t\t\t<\/div>\n\t\t<div class=\"elementor-element elementor-element-1c67fff e-flex e-con-boxed e-con e-parent\" data-id=\"1c67fff\" data-element_type=\"container\">\n\t\t\t\t\t<div class=\"e-con-inner\">\n\t\t\t\t<div class=\"elementor-element elementor-element-5b2e1a3 elementor-invisible elementor-widget elementor-widget-text-editor\" data-id=\"5b2e1a3\" data-element_type=\"widget\" data-settings=\"{&quot;_animation&quot;:&quot;fadeInUp&quot;}\" data-widget_type=\"text-editor.default\">\n\t\t\t\t<div class=\"elementor-widget-container\">\n\t\t\t<style>\/*! elementor - v3.21.0 - 24-04-2024 *\/\n.elementor-widget-text-editor.elementor-drop-cap-view-stacked .elementor-drop-cap{background-color:#69727d;color:#fff}.elementor-widget-text-editor.elementor-drop-cap-view-framed .elementor-drop-cap{color:#69727d;border:3px solid;background-color:transparent}.elementor-widget-text-editor:not(.elementor-drop-cap-view-default) .elementor-drop-cap{margin-top:8px}.elementor-widget-text-editor:not(.elementor-drop-cap-view-default) .elementor-drop-cap-letter{width:1em;height:1em}.elementor-widget-text-editor .elementor-drop-cap{float:left;text-align:center;line-height:1;font-size:50px}.elementor-widget-text-editor .elementor-drop-cap-letter{display:inline-block}<\/style>\t\t\t\t<p>\u00c0 l&#039;\u00e8re de l&#039;information, l&#039;\u00e2ge d&#039;or des avanc\u00e9es technologiques a ouvert le monde de l&#039;investissement et le trading est devenu accessible \u00e0 tous ceux qui souhaitent r\u00e9aliser des b\u00e9n\u00e9fices. L&#039;une de ces plateformes de trading populaires est Indices, car elles offrent aux traders de vastes opportunit\u00e9s d&#039;accro\u00eetre leur richesse et d&#039;am\u00e9liorer leur pouvoir financier.<\/p><p>\u00a0<\/p>\t\t\t\t\t\t<\/div>\n\t\t\t\t<\/div>\n\t\t\t\t<div class=\"elementor-element elementor-element-a22a233 elementor-invisible elementor-widget elementor-widget-text-editor\" data-id=\"a22a233\" data-element_type=\"widget\" data-settings=\"{&quot;_animation&quot;:&quot;fadeInUp&quot;}\" data-widget_type=\"text-editor.default\">\n\t\t\t\t<div class=\"elementor-widget-container\">\n\t\t\t\t\t\t\t<h3>Pourquoi devriez-vous n\u00e9gocier des CFD sur indices<\/h3><nav aria-label=\"fil d&#039;Ariane\"><\/nav>\t\t\t\t\t\t<\/div>\n\t\t\t\t<\/div>\n\t\t\t\t<div class=\"elementor-element elementor-element-1fc855b elementor-invisible elementor-widget elementor-widget-text-editor\" data-id=\"1fc855b\" data-element_type=\"widget\" data-settings=\"{&quot;_animation&quot;:&quot;fadeInUp&quot;}\" data-widget_type=\"text-editor.default\">\n\t\t\t\t<div class=\"elementor-widget-container\">\n\t\t\t\t\t\t\t<div data-id=\"ea8a7f6\" data-element_type=\"widget\" data-settings=\"{&quot;_animation&quot;:&quot;fadeInUp&quot;}\" data-widget_type=\"text-editor.default\"><div data-id=\"45fc28e\" data-element_type=\"widget\" data-settings=\"{&quot;_animation&quot;:&quot;fadeInUp&quot;}\" data-widget_type=\"text-editor.default\"><div><h6>*Vous pouvez toujours en profiter.<\/h6><\/div><\/div><div data-id=\"e0ef912\" data-element_type=\"widget\" data-widget_type=\"text-editor.default\"><div><p>Les deux alternatives de trading, Longing et Shorting, vous offrent une opportunit\u00e9 fantastique de maximiser votre retour sur investissement quelle que soit la situation du march\u00e9.<\/p><\/div><\/div><div data-id=\"2295a36\" data-element_type=\"widget\" data-settings=\"{&quot;_animation&quot;:&quot;fadeInUp&quot;}\" data-widget_type=\"text-editor.default\"><div><h6>*Vous pouvez \u00e9changer\u00a0<b>Dans une vari\u00e9t\u00e9<\/b>\u00a0Des march\u00e9s.<\/h6><\/div><\/div><div data-id=\"816bb15\" data-element_type=\"widget\" data-widget_type=\"text-editor.default\"><div><p>Le trading de contrats sur diff\u00e9rence permet aux traders de n\u00e9gocier sur une vari\u00e9t\u00e9 de march\u00e9s. Il existe environ 5 000 indices disponibles \u00e0 la n\u00e9gociation aux \u00c9tats-Unis. Le Dow Jones Industrial Average, le Dax, le Nikkei, le FTSE, le S&amp;P 500 et le Nasdaq Composite font partie des indices les plus suivis dans le monde.<\/p><\/div><\/div><div data-id=\"3727f37\" data-element_type=\"widget\" data-settings=\"{&quot;_animation&quot;:&quot;fadeInUp&quot;}\" data-widget_type=\"text-editor.default\"><div><h6>*Il am\u00e9liore votre concentration<\/h6><\/div><\/div><div data-id=\"febc5c8\" data-element_type=\"widget\" data-widget_type=\"text-editor.default\"><div><p>Les indices de trading auront un impact sur votre trading. Ils vous permettent de vous concentrer sur certaines actions dans lesquelles vous pouvez investir et r\u00e9aliser des b\u00e9n\u00e9fices sans en d\u00e9tenir directement la propri\u00e9t\u00e9. En vous concentrant sur ces actions, vous \u00e9vitez de devenir incertain lorsque vous faites votre choix parmi un large \u00e9ventail d&#039;actions.<\/p><\/div><\/div><div data-id=\"2b4c3c0\" data-element_type=\"widget\" data-settings=\"{&quot;_animation&quot;:&quot;fadeInUp&quot;}\" data-widget_type=\"text-editor.default\"><div><h6>*Vous aurez une compr\u00e9hension plus approfondie de l\u2019industrie.<\/h6><\/div><\/div><div data-id=\"acb1ae2\" data-element_type=\"widget\" data-widget_type=\"text-editor.default\"><div><p>Le trading de CFD n\u00e9cessite de faire des pr\u00e9visions correctes. Par cons\u00e9quent, vous devez avoir une compr\u00e9hension approfondie de ce que repr\u00e9sentent les entreprises dans lesquelles vous souhaitez investir, ainsi que de leurs conditions et de leurs actions. \u00c9tudier le march\u00e9 afin d&#039;avoir les informations n\u00e9cessaires pour faire des pr\u00e9visions correctes vous permettra de mieux conna\u00eetre ces opportunit\u00e9s d&#039;investissement potentielles.<\/p><\/div><\/div><\/div>\t\t\t\t\t\t<\/div>\n\t\t\t\t<\/div>\n\t\t\t\t<div class=\"elementor-element elementor-element-a420b67 elementor-invisible elementor-widget elementor-widget-text-editor\" data-id=\"a420b67\" data-element_type=\"widget\" data-settings=\"{&quot;_animation&quot;:&quot;fadeInUp&quot;}\" data-widget_type=\"text-editor.default\">\n\t\t\t\t<div class=\"elementor-widget-container\">\n\t\t\t\t\t\t\t<div data-id=\"71527e2\" data-element_type=\"widget\" data-settings=\"{&quot;_animation&quot;:&quot;fadeIn&quot;}\" data-widget_type=\"vc_custom_heading.default\"><div><div><h3>Comment trader les indices<\/h3><\/div><\/div><\/div><div data-id=\"af9796b\" data-element_type=\"widget\" data-widget_type=\"text-editor.default\"><div>\u00a0<\/div><\/div><nav aria-label=\"fil d&#039;Ariane\"><\/nav>\t\t\t\t\t\t<\/div>\n\t\t\t\t<\/div>\n\t\t\t\t<div class=\"elementor-element elementor-element-4c3aaad elementor-invisible elementor-widget elementor-widget-text-editor\" data-id=\"4c3aaad\" data-element_type=\"widget\" data-settings=\"{&quot;_animation&quot;:&quot;fadeInUp&quot;}\" data-widget_type=\"text-editor.default\">\n\t\t\t\t<div class=\"elementor-widget-container\">\n\t\t\t\t\t\t\t<div data-id=\"ea8a7f6\" data-element_type=\"widget\" data-settings=\"{&quot;_animation&quot;:&quot;fadeInUp&quot;}\" data-widget_type=\"text-editor.default\"><div data-id=\"45fc28e\" data-element_type=\"widget\" data-settings=\"{&quot;_animation&quot;:&quot;fadeInUp&quot;}\" data-widget_type=\"text-editor.default\"><div data-id=\"ea8a7f6\" data-element_type=\"widget\" data-settings=\"{&quot;_animation&quot;:&quot;fadeInUp&quot;}\" data-widget_type=\"text-editor.default\"><div data-id=\"45fc28e\" data-element_type=\"widget\" data-settings=\"{&quot;_animation&quot;:&quot;fadeInUp&quot;}\" data-widget_type=\"text-editor.default\"><div data-id=\"af9796b\" data-element_type=\"widget\" data-widget_type=\"text-editor.default\"><div><p>Le trading d&#039;indices est tr\u00e8s populaire non seulement parce qu&#039;il permet aux traders et aux investisseurs d&#039;acc\u00e9der \u00e0 une \u00e9conomie enti\u00e8re via une seule transaction, mais il peut \u00e9galement \u00eatre n\u00e9goci\u00e9 dans les deux sens, ce qui signifie qu&#039;il est possible de<br \/>profitez des mouvements de prix \u00e0 la hausse comme \u00e0 la baisse. Les instructions \u00e9tape par \u00e9tape<br \/>ci-dessous vous aidera \u00e0 d\u00e9marrer rapidement\u00a0:<\/p><\/div><\/div><div data-id=\"e93e969\" data-element_type=\"widget\" data-settings=\"{&quot;_animation&quot;:&quot;fadeInUp&quot;}\" data-widget_type=\"text-editor.default\"><div><h6>*Choisissez un type d&#039;actif<\/h6><\/div><\/div><div data-id=\"29611ec\" data-element_type=\"widget\" data-widget_type=\"text-editor.default\"><div><p>L&#039;indice boursier ne peut pas \u00eatre n\u00e9goci\u00e9 comme un actif pur : un trader ne peut exploiter que son d\u00e9riv\u00e9. Les CFD (Contracts for Difference) sont des instruments financiers qui permettent un effet de levier plus important lors du trading et l&#039;ouverture de positions longues (achat) et courtes (vente). Les CFD sur indices ont g\u00e9n\u00e9ralement le m\u00eame prix que leur indice sous-jacent et suivent les m\u00eames tendances.<\/p><\/div><\/div><div data-id=\"227321d\" data-element_type=\"widget\" data-settings=\"{&quot;_animation&quot;:&quot;fadeInUp&quot;}\" data-widget_type=\"text-editor.default\"><div><h6>*Choisir un index particulier<\/h6><\/div><\/div><div data-id=\"9f797c9\" data-element_type=\"widget\" data-widget_type=\"text-editor.default\"><div><p>En fonction de vos objectifs et pr\u00e9f\u00e9rences d&#039;investissement, choisissez l&#039;instrument qui correspondra le mieux \u00e0 votre strat\u00e9gie de trading. Nous recommandons aux investisseurs moins exp\u00e9riment\u00e9s d&#039;\u00e9tudier d&#039;abord le march\u00e9 et de s&#039;entra\u00eener \u00e0 trader sur un compte de d\u00e9monstration avant de s\u00e9lectionner un actif pour un trading r\u00e9el.<\/p><\/div><\/div><div data-id=\"f263b11\" data-element_type=\"widget\" data-settings=\"{&quot;_animation&quot;:&quot;fadeInUp&quot;}\" data-widget_type=\"text-editor.default\"><div><h6>*Choisissez le volume et la direction de votre commande<\/h6><\/div><\/div><div data-id=\"e9da6c1\" data-element_type=\"widget\" data-widget_type=\"text-editor.default\"><div><p>Le volume de la commande doit \u00eatre bas\u00e9 sur votre investissement initial et le niveau de risque que vous \u00eates pr\u00eat \u00e0 prendre.<\/p><\/div><\/div><div data-id=\"d059edb\" data-element_type=\"widget\" data-settings=\"{&quot;_animation&quot;:&quot;fadeInUp&quot;}\" data-widget_type=\"text-editor.default\"><div><h6>*Passer un ordre d&#039;achat<\/h6><\/div><\/div><div data-id=\"2c2d2bb\" data-element_type=\"widget\" data-widget_type=\"text-editor.default\"><div><p>Si vous pensez que le prix de l&#039;indice va augmenter, passez un ordre de vente si vous pr\u00e9voyez son mouvement \u00e0 la baisse.<\/p><\/div><\/div><div data-id=\"19b9247\" data-element_type=\"widget\" data-settings=\"{&quot;_animation&quot;:&quot;fadeInUp&quot;}\" data-widget_type=\"text-editor.default\"><div><h6>*Investissez et surveillez vos r\u00e9sultats.<\/h6><\/div><\/div><div data-id=\"48e7842\" data-element_type=\"widget\" data-widget_type=\"text-editor.default\"><div><p>Le trading ne s&#039;arr\u00eate pas lorsque vous ouvrez une position. Vous devez surveiller vos investissements et r\u00e9agir en fonction de la situation du march\u00e9.<\/p><\/div><\/div><\/div><\/div><\/div><\/div>\t\t\t\t\t\t<\/div>\n\t\t\t\t<\/div>\n\t\t\t\t\t<\/div>\n\t\t\t\t<\/div>\n\t\t\t\t<\/div>","protected":false},"excerpt":{"rendered":"<p>N\u00e9gociation d&#039;indices \u00c0 l&#039;\u00e8re de l&#039;information, une \u00e8re d&#039;or de progr\u00e8s technologique a ouvert le monde de l&#039;investissement et le trading est devenu accessible \u00e0 tous ceux qui veulent faire des b\u00e9n\u00e9fices. L&#039;une de ces plateformes de trading populaires est Indices, car elles offrent aux traders de vastes opportunit\u00e9s d&#039;accro\u00eetre leur richesse et d&#039;am\u00e9liorer leur pouvoir financier. Pourquoi [\u2026]<\/p>","protected":false},"author":1,"featured_media":0,"parent":0,"menu_order":0,"comment_status":"closed","ping_status":"closed","template":"","meta":{"footnotes":""},"class_list":["post-349","page","type-page","status-publish","hentry"],"_links":{"self":[{"href":"https:\/\/www.24xtrades.com\/fr\/wp-json\/wp\/v2\/pages\/349","targetHints":{"allow":["GET"]}}],"collection":[{"href":"https:\/\/www.24xtrades.com\/fr\/wp-json\/wp\/v2\/pages"}],"about":[{"href":"https:\/\/www.24xtrades.com\/fr\/wp-json\/wp\/v2\/types\/page"}],"author":[{"embeddable":true,"href":"https:\/\/www.24xtrades.com\/fr\/wp-json\/wp\/v2\/users\/1"}],"replies":[{"embeddable":true,"href":"https:\/\/www.24xtrades.com\/fr\/wp-json\/wp\/v2\/comments?post=349"}],"version-history":[{"count":37,"href":"https:\/\/www.24xtrades.com\/fr\/wp-json\/wp\/v2\/pages\/349\/revisions"}],"predecessor-version":[{"id":1479,"href":"https:\/\/www.24xtrades.com\/fr\/wp-json\/wp\/v2\/pages\/349\/revisions\/1479"}],"wp:attachment":[{"href":"https:\/\/www.24xtrades.com\/fr\/wp-json\/wp\/v2\/media?parent=349"}],"curies":[{"name":"wp","href":"https:\/\/api.w.org\/{rel}","templated":true}]}}