{"id":348,"date":"2024-04-26T13:02:59","date_gmt":"2024-04-26T13:02:59","guid":{"rendered":"https:\/\/24xtrades.com\/?page_id=348"},"modified":"2024-05-09T11:37:43","modified_gmt":"2024-05-09T11:37:43","slug":"forex-trading","status":"publish","type":"page","link":"https:\/\/www.24xtrades.com\/fr\/forex-trading\/","title":{"rendered":"Trading Forex"},"content":{"rendered":"<div data-elementor-type=\"wp-page\" data-elementor-id=\"348\" class=\"elementor elementor-348\" data-elementor-post-type=\"page\">\n\t\t\t\t\t\t<section class=\"elementor-section elementor-top-section elementor-element elementor-element-719f068 elementor-section-boxed elementor-section-height-default elementor-section-height-default elementor-invisible\" data-id=\"719f068\" data-element_type=\"section\" data-settings=\"{&quot;animation&quot;:&quot;fadeInUp&quot;}\">\n\t\t\t\t\t\t<div class=\"elementor-container elementor-column-gap-default\">\n\t\t\t\t\t<div class=\"elementor-column elementor-col-100 elementor-top-column elementor-element elementor-element-edbcf4b\" data-id=\"edbcf4b\" data-element_type=\"column\">\n\t\t\t<div class=\"elementor-widget-wrap elementor-element-populated\">\n\t\t\t\t\t\t<div class=\"elementor-element elementor-element-77e867d elementor-widget elementor-widget-heading\" data-id=\"77e867d\" data-element_type=\"widget\" data-widget_type=\"heading.default\">\n\t\t\t\t<div class=\"elementor-widget-container\">\n\t\t\t<style>\/*! elementor - v3.21.0 - 24-04-2024 *\/\n.elementor-heading-title{padding:0;margin:0;line-height:1}.elementor-widget-heading .elementor-heading-title[class*=elementor-size-]>a{color:inherit;font-size:inherit;line-height:inherit}.elementor-widget-heading .elementor-heading-title.elementor-size-small{font-size:15px}.elementor-widget-heading .elementor-heading-title.elementor-size-medium{font-size:19px}.elementor-widget-heading .elementor-heading-title.elementor-size-large{font-size:29px}.elementor-widget-heading .elementor-heading-title.elementor-size-xl{font-size:39px}.elementor-widget-heading .elementor-heading-title.elementor-size-xxl{font-size:59px}<\/style><h1 class=\"elementor-heading-title elementor-size-default\">Trading Forex<\/h1>\t\t<\/div>\n\t\t\t\t<\/div>\n\t\t\t\t<div class=\"elementor-element elementor-element-17e2ad1 elementor-absolute elementor-widget elementor-widget-image\" data-id=\"17e2ad1\" data-element_type=\"widget\" data-settings=\"{&quot;_position&quot;:&quot;absolute&quot;}\" data-widget_type=\"image.default\">\n\t\t\t\t<div class=\"elementor-widget-container\">\n\t\t\t<style>\/*! elementor - v3.21.0 - 24-04-2024 *\/\n.elementor-widget-image{text-align:center}.elementor-widget-image a{display:inline-block}.elementor-widget-image a img[src$=\".svg\"]{width:48px}.elementor-widget-image img{vertical-align:middle;display:inline-block}<\/style>\t\t\t\t\t\t\t\t\t\t<img fetchpriority=\"high\" decoding=\"async\" width=\"800\" height=\"791\" src=\"https:\/\/www.24xtrades.com\/wp-content\/uploads\/2024\/04\/Group-200-1-1024x1013.png\" class=\"attachment-large size-large wp-image-20\" alt=\"\" srcset=\"https:\/\/www.24xtrades.com\/wp-content\/uploads\/2024\/04\/Group-200-1-1024x1013.png 1024w, https:\/\/www.24xtrades.com\/wp-content\/uploads\/2024\/04\/Group-200-1-300x297.png 300w, https:\/\/www.24xtrades.com\/wp-content\/uploads\/2024\/04\/Group-200-1-768x760.png 768w, https:\/\/www.24xtrades.com\/wp-content\/uploads\/2024\/04\/Group-200-1.png 1030w\" sizes=\"(max-width: 800px) 100vw, 800px\" \/>\t\t\t\t\t\t\t\t\t\t\t\t\t<\/div>\n\t\t\t\t<\/div>\n\t\t\t\t\t<\/div>\n\t\t<\/div>\n\t\t\t\t\t<\/div>\n\t\t<\/section>\n\t\t<div class=\"elementor-element elementor-element-8f2e690 e-con-full e-flex e-con e-parent\" data-id=\"8f2e690\" data-element_type=\"container\">\n\t\t\t\t<div class=\"elementor-element elementor-element-abd8dab elementor-hidden-tablet elementor-widget elementor-widget-image\" data-id=\"abd8dab\" data-element_type=\"widget\" data-widget_type=\"image.default\">\n\t\t\t\t<div class=\"elementor-widget-container\">\n\t\t\t\t\t\t\t\t\t\t\t\t\t<img decoding=\"async\" width=\"1361\" height=\"611\" src=\"https:\/\/www.24xtrades.com\/wp-content\/uploads\/2024\/05\/1x-5.png\" class=\"attachment-full size-full wp-image-1119\" alt=\"\" srcset=\"https:\/\/www.24xtrades.com\/wp-content\/uploads\/2024\/05\/1x-5.png 1361w, https:\/\/www.24xtrades.com\/wp-content\/uploads\/2024\/05\/1x-5-300x135.png 300w, https:\/\/www.24xtrades.com\/wp-content\/uploads\/2024\/05\/1x-5-1024x460.png 1024w, https:\/\/www.24xtrades.com\/wp-content\/uploads\/2024\/05\/1x-5-768x345.png 768w\" sizes=\"(max-width: 1361px) 100vw, 1361px\" \/>\t\t\t\t\t\t\t\t\t\t\t\t\t<\/div>\n\t\t\t\t<\/div>\n\t\t\t\t<\/div>\n\t\t\t\t<section class=\"elementor-section elementor-top-section elementor-element elementor-element-2ee4a915 elementor-section-boxed elementor-section-height-default elementor-section-height-default\" data-id=\"2ee4a915\" data-element_type=\"section\">\n\t\t\t\t\t\t<div class=\"elementor-container elementor-column-gap-default\">\n\t\t\t\t\t<div class=\"elementor-column elementor-col-100 elementor-top-column elementor-element elementor-element-1dd826b1\" data-id=\"1dd826b1\" data-element_type=\"column\">\n\t\t\t<div class=\"elementor-widget-wrap elementor-element-populated\">\n\t\t\t\t\t\t<div class=\"elementor-element elementor-element-c560f29 elementor-invisible elementor-widget elementor-widget-text-editor\" data-id=\"c560f29\" data-element_type=\"widget\" data-settings=\"{&quot;_animation&quot;:&quot;fadeInUp&quot;}\" data-widget_type=\"text-editor.default\">\n\t\t\t\t<div class=\"elementor-widget-container\">\n\t\t\t<style>\/*! elementor - v3.21.0 - 24-04-2024 *\/\n.elementor-widget-text-editor.elementor-drop-cap-view-stacked .elementor-drop-cap{background-color:#69727d;color:#fff}.elementor-widget-text-editor.elementor-drop-cap-view-framed .elementor-drop-cap{color:#69727d;border:3px solid;background-color:transparent}.elementor-widget-text-editor:not(.elementor-drop-cap-view-default) .elementor-drop-cap{margin-top:8px}.elementor-widget-text-editor:not(.elementor-drop-cap-view-default) .elementor-drop-cap-letter{width:1em;height:1em}.elementor-widget-text-editor .elementor-drop-cap{float:left;text-align:center;line-height:1;font-size:50px}.elementor-widget-text-editor .elementor-drop-cap-letter{display:inline-block}<\/style>\t\t\t\t<p>D\u00e9couvrez les opportunit\u00e9s disponibles sur le march\u00e9 qui ne dort jamais. Tradez des devises sur le plus grand march\u00e9 du monde avec plus de 146,6 billions de dollars de volume de transactions quotidien. Dot\u00e9 d&#039;une profondeur robuste et d&#039;une liquidit\u00e9 maximale, le Forex est une destination de choix pour les traders actifs du monde entier. Acc\u00e9dez \u00e0 plus de 40 CFD sur des paires de devises 24 heures sur 24, cinq jours sur sept !<\/p><p>B\u00e9n\u00e9ficiez de spreads serr\u00e9s, de d\u00e9p\u00f4ts et de retraits rapides et tradez en utilisant la plateforme la plus populaire au monde, MetaTrader 5, ou directement dans votre navigateur en utilisant notre WebTrader !<\/p>\t\t\t\t\t\t<\/div>\n\t\t\t\t<\/div>\n\t\t\t\t<div class=\"elementor-element elementor-element-3a8f20a elementor-invisible elementor-widget elementor-widget-text-editor\" data-id=\"3a8f20a\" data-element_type=\"widget\" data-settings=\"{&quot;_animation&quot;:&quot;fadeInUp&quot;}\" data-widget_type=\"text-editor.default\">\n\t\t\t\t<div class=\"elementor-widget-container\">\n\t\t\t\t\t\t\t<div class=\"elementor-element elementor-element-e6e828a elementor-widget elementor-widget-text-editor animated fadeInUp\" data-id=\"e6e828a\" data-element_type=\"widget\" data-settings=\"{&quot;_animation&quot;:&quot;fadeInUp&quot;}\" data-widget_type=\"text-editor.default\"><div class=\"elementor-widget-container\"><h3 class=\"consulting-custom-title\">Le trading Forex est-il cher ?<\/h3><\/div><\/div>\t\t\t\t\t\t<\/div>\n\t\t\t\t<\/div>\n\t\t\t\t<div class=\"elementor-element elementor-element-4ed54490 elementor-invisible elementor-widget elementor-widget-text-editor\" data-id=\"4ed54490\" data-element_type=\"widget\" data-settings=\"{&quot;_animation&quot;:&quot;fadeInUp&quot;}\" data-widget_type=\"text-editor.default\">\n\t\t\t\t<div class=\"elementor-widget-container\">\n\t\t\t\t\t\t\t<p>Cela d\u00e9pend beaucoup de la fa\u00e7on dont vous souhaitez trader, de votre intention d&#039;utiliser un effet de levier ou non, et du montant d&#039;argent que vous \u00eates pr\u00eat \u00e0 risquer. Vous pouvez commencer avec $250 et progresser jusqu&#039;\u00e0 $50 000 \u2013 le ciel est la limite. Cependant, gardez \u00e0 l&#039;esprit qu&#039;augmenter le montant de l&#039;effet de levier que vous utilisez augmente \u00e9galement le niveau de risque que vous encourez. Le trading se r\u00e9sume en fin de compte \u00e0 la tol\u00e9rance psychologique et \u00e0 la gestion du risque d&#039;un trader. Les traders exp\u00e9riment\u00e9s peuvent limiter le risque et augmenter les gains en effectuant une analyse de march\u00e9 compl\u00e8te, en \u00e9laborant une strat\u00e9gie de trading efficace et en suivant les recommandations de gestion de l&#039;argent.<\/p>\t\t\t\t\t\t<\/div>\n\t\t\t\t<\/div>\n\t\t\t\t<div class=\"elementor-element elementor-element-33a40fea elementor-widget__width-auto elementor-absolute elementor-widget elementor-widget-image\" data-id=\"33a40fea\" data-element_type=\"widget\" data-settings=\"{&quot;_position&quot;:&quot;absolute&quot;}\" data-widget_type=\"image.default\">\n\t\t\t\t<div class=\"elementor-widget-container\">\n\t\t\t\t\t\t\t\t\t\t\t\t\t<img decoding=\"async\" width=\"603\" height=\"604\" src=\"https:\/\/www.24xtrades.com\/wp-content\/uploads\/2024\/04\/Group-200.png\" class=\"attachment-large size-large wp-image-23\" alt=\"\" srcset=\"https:\/\/www.24xtrades.com\/wp-content\/uploads\/2024\/04\/Group-200.png 603w, https:\/\/www.24xtrades.com\/wp-content\/uploads\/2024\/04\/Group-200-300x300.png 300w, https:\/\/www.24xtrades.com\/wp-content\/uploads\/2024\/04\/Group-200-150x150.png 150w\" sizes=\"(max-width: 603px) 100vw, 603px\" \/>\t\t\t\t\t\t\t\t\t\t\t\t\t<\/div>\n\t\t\t\t<\/div>\n\t\t\t\t\t<\/div>\n\t\t<\/div>\n\t\t\t\t\t<\/div>\n\t\t<\/section>\n\t\t\t\t<\/div>","protected":false},"excerpt":{"rendered":"<p>Trading Forex D\u00e9couvrez les opportunit\u00e9s disponibles sur le march\u00e9 qui ne dort jamais. Tradez des devises sur le plus grand march\u00e9 du monde avec plus de $6,6 trillions de dollars de volume de transactions quotidien. Dot\u00e9 d&#039;une profondeur robuste et d&#039;une liquidit\u00e9 maximale, le Forex est une destination de choix pour les traders actifs du monde entier. Acc\u00e9dez \u00e0 plus de 40 CFD sur [\u2026]<\/p>","protected":false},"author":1,"featured_media":0,"parent":0,"menu_order":0,"comment_status":"closed","ping_status":"closed","template":"","meta":{"footnotes":""},"class_list":["post-348","page","type-page","status-publish","hentry"],"_links":{"self":[{"href":"https:\/\/www.24xtrades.com\/fr\/wp-json\/wp\/v2\/pages\/348","targetHints":{"allow":["GET"]}}],"collection":[{"href":"https:\/\/www.24xtrades.com\/fr\/wp-json\/wp\/v2\/pages"}],"about":[{"href":"https:\/\/www.24xtrades.com\/fr\/wp-json\/wp\/v2\/types\/page"}],"author":[{"embeddable":true,"href":"https:\/\/www.24xtrades.com\/fr\/wp-json\/wp\/v2\/users\/1"}],"replies":[{"embeddable":true,"href":"https:\/\/www.24xtrades.com\/fr\/wp-json\/wp\/v2\/comments?post=348"}],"version-history":[{"count":52,"href":"https:\/\/www.24xtrades.com\/fr\/wp-json\/wp\/v2\/pages\/348\/revisions"}],"predecessor-version":[{"id":1147,"href":"https:\/\/www.24xtrades.com\/fr\/wp-json\/wp\/v2\/pages\/348\/revisions\/1147"}],"wp:attachment":[{"href":"https:\/\/www.24xtrades.com\/fr\/wp-json\/wp\/v2\/media?parent=348"}],"curies":[{"name":"wp","href":"https:\/\/api.w.org\/{rel}","templated":true}]}}