{"id":321,"date":"2024-04-26T12:57:12","date_gmt":"2024-04-26T12:57:12","guid":{"rendered":"https:\/\/24xtrades.com\/?page_id=321"},"modified":"2024-04-30T10:43:15","modified_gmt":"2024-04-30T10:43:15","slug":"how-it-works","status":"publish","type":"page","link":"https:\/\/www.24xtrades.com\/fr\/how-it-works\/","title":{"rendered":"Comment \u00e7a marche"},"content":{"rendered":"<div data-elementor-type=\"wp-page\" data-elementor-id=\"321\" class=\"elementor elementor-321\" data-elementor-post-type=\"page\">\n\t\t\t\t\t\t<section class=\"elementor-section elementor-top-section elementor-element elementor-element-63ff7d62 elementor-section-boxed elementor-section-height-default elementor-section-height-default elementor-invisible\" data-id=\"63ff7d62\" data-element_type=\"section\" data-settings=\"{&quot;animation&quot;:&quot;fadeInUp&quot;}\">\n\t\t\t\t\t\t<div class=\"elementor-container elementor-column-gap-default\">\n\t\t\t\t\t<div class=\"elementor-column elementor-col-100 elementor-top-column elementor-element elementor-element-3dde255b\" data-id=\"3dde255b\" data-element_type=\"column\">\n\t\t\t<div class=\"elementor-widget-wrap elementor-element-populated\">\n\t\t\t\t\t\t<div class=\"elementor-element elementor-element-7a5bd9b6 elementor-widget elementor-widget-heading\" data-id=\"7a5bd9b6\" data-element_type=\"widget\" data-widget_type=\"heading.default\">\n\t\t\t\t<div class=\"elementor-widget-container\">\n\t\t\t<style>\/*! elementor - v3.21.0 - 24-04-2024 *\/\n.elementor-heading-title{padding:0;margin:0;line-height:1}.elementor-widget-heading .elementor-heading-title[class*=elementor-size-]>a{color:inherit;font-size:inherit;line-height:inherit}.elementor-widget-heading .elementor-heading-title.elementor-size-small{font-size:15px}.elementor-widget-heading .elementor-heading-title.elementor-size-medium{font-size:19px}.elementor-widget-heading .elementor-heading-title.elementor-size-large{font-size:29px}.elementor-widget-heading .elementor-heading-title.elementor-size-xl{font-size:39px}.elementor-widget-heading .elementor-heading-title.elementor-size-xxl{font-size:59px}<\/style><h1 class=\"elementor-heading-title elementor-size-default\">Comment \u00e7a marche<\/h1>\t\t<\/div>\n\t\t\t\t<\/div>\n\t\t\t\t<div class=\"elementor-element elementor-element-412280ac elementor-absolute elementor-widget elementor-widget-image\" data-id=\"412280ac\" data-element_type=\"widget\" data-settings=\"{&quot;_position&quot;:&quot;absolute&quot;}\" data-widget_type=\"image.default\">\n\t\t\t\t<div class=\"elementor-widget-container\">\n\t\t\t<style>\/*! elementor - v3.21.0 - 24-04-2024 *\/\n.elementor-widget-image{text-align:center}.elementor-widget-image a{display:inline-block}.elementor-widget-image a img[src$=\".svg\"]{width:48px}.elementor-widget-image img{vertical-align:middle;display:inline-block}<\/style>\t\t\t\t\t\t\t\t\t\t<img fetchpriority=\"high\" decoding=\"async\" width=\"800\" height=\"791\" src=\"https:\/\/www.24xtrades.com\/wp-content\/uploads\/2024\/04\/Group-200-1-1024x1013.png\" class=\"attachment-large size-large wp-image-20\" alt=\"\" srcset=\"https:\/\/www.24xtrades.com\/wp-content\/uploads\/2024\/04\/Group-200-1-1024x1013.png 1024w, https:\/\/www.24xtrades.com\/wp-content\/uploads\/2024\/04\/Group-200-1-300x297.png 300w, https:\/\/www.24xtrades.com\/wp-content\/uploads\/2024\/04\/Group-200-1-768x760.png 768w, https:\/\/www.24xtrades.com\/wp-content\/uploads\/2024\/04\/Group-200-1.png 1030w\" sizes=\"(max-width: 800px) 100vw, 800px\" \/>\t\t\t\t\t\t\t\t\t\t\t\t\t<\/div>\n\t\t\t\t<\/div>\n\t\t\t\t\t<\/div>\n\t\t<\/div>\n\t\t\t\t\t<\/div>\n\t\t<\/section>\n\t\t\t\t<section class=\"elementor-section elementor-top-section elementor-element elementor-element-4295eef7 elementor-section-boxed elementor-section-height-default elementor-section-height-default\" data-id=\"4295eef7\" data-element_type=\"section\" data-settings=\"{&quot;background_background&quot;:&quot;gradient&quot;}\">\n\t\t\t\t\t\t<div class=\"elementor-container elementor-column-gap-default\">\n\t\t\t\t\t<div class=\"elementor-column elementor-col-100 elementor-top-column elementor-element elementor-element-474249f8\" data-id=\"474249f8\" data-element_type=\"column\">\n\t\t\t<div class=\"elementor-widget-wrap elementor-element-populated\">\n\t\t\t\t\t\t<div class=\"elementor-element elementor-element-45d9f8e3 elementor-widget__width-auto elementor-absolute elementor-widget elementor-widget-image\" data-id=\"45d9f8e3\" data-element_type=\"widget\" data-settings=\"{&quot;_position&quot;:&quot;absolute&quot;}\" data-widget_type=\"image.default\">\n\t\t\t\t<div class=\"elementor-widget-container\">\n\t\t\t\t\t\t\t\t\t\t\t\t\t<img decoding=\"async\" width=\"603\" height=\"604\" src=\"https:\/\/www.24xtrades.com\/wp-content\/uploads\/2024\/04\/Group-200.png\" class=\"attachment-full size-full wp-image-23\" alt=\"\" srcset=\"https:\/\/www.24xtrades.com\/wp-content\/uploads\/2024\/04\/Group-200.png 603w, https:\/\/www.24xtrades.com\/wp-content\/uploads\/2024\/04\/Group-200-300x300.png 300w, https:\/\/www.24xtrades.com\/wp-content\/uploads\/2024\/04\/Group-200-150x150.png 150w\" sizes=\"(max-width: 603px) 100vw, 603px\" \/>\t\t\t\t\t\t\t\t\t\t\t\t\t<\/div>\n\t\t\t\t<\/div>\n\t\t\t\t<section class=\"elementor-section elementor-inner-section elementor-element elementor-element-5edd683 elementor-section-boxed elementor-section-height-default elementor-section-height-default\" data-id=\"5edd683\" data-element_type=\"section\">\n\t\t\t\t\t\t<div class=\"elementor-container elementor-column-gap-default\">\n\t\t\t\t\t<div class=\"elementor-column elementor-col-50 elementor-inner-column elementor-element elementor-element-1520089b elementor-invisible\" data-id=\"1520089b\" data-element_type=\"column\" data-settings=\"{&quot;animation&quot;:&quot;fadeInLeft&quot;,&quot;animation_tablet&quot;:&quot;fadeInUp&quot;}\">\n\t\t\t<div class=\"elementor-widget-wrap elementor-element-populated\">\n\t\t\t\t\t\t<div class=\"elementor-element elementor-element-7d70310f elementor-widget elementor-widget-heading\" data-id=\"7d70310f\" data-element_type=\"widget\" data-widget_type=\"heading.default\">\n\t\t\t\t<div class=\"elementor-widget-container\">\n\t\t\t<h2 class=\"elementor-heading-title elementor-size-default\">24xtrade a pour mission de d\u00e9mocratiser l&#039;acc\u00e8s aux march\u00e9s financiers, en les rendant accessibles aux individus de tous horizons gr\u00e2ce \u00e0 son interface conviviale et intuitive. Gr\u00e2ce \u00e0 l&#039;int\u00e9gration d&#039;outils d&#039;investissement de pointe et \u00e0 une communaut\u00e9 de traders solidaires, 24xtrade r\u00e9volutionne la fa\u00e7on dont des millions d&#039;utilisateurs \u00e0 travers le monde s&#039;engagent dans le trading et l&#039;investissement, en simplifiant le processus et en favorisant la transparence \u00e0 chaque \u00e9tape du processus.\n<br>\n<br>\nS&#039;adressant \u00e0 un large \u00e9ventail de passionn\u00e9s de trading, 24xtrade propose une plateforme dynamique qui transcende les complexit\u00e9s souvent associ\u00e9es aux march\u00e9s financiers. En combinant des instruments d&#039;investissement innovants avec un \u00e9cosyst\u00e8me collaboratif, la plateforme permet aux individus de naviguer dans le monde du trading en toute confiance, leur permettant de prendre des d\u00e9cisions \u00e9clair\u00e9es et de prendre le contr\u00f4le de leur avenir financier.\n<\/h2>\t\t<\/div>\n\t\t\t\t<\/div>\n\t\t\t\t\t<\/div>\n\t\t<\/div>\n\t\t\t\t<div class=\"elementor-column elementor-col-50 elementor-inner-column elementor-element elementor-element-6ec7442 elementor-hidden-tablet elementor-hidden-mobile\" data-id=\"6ec7442\" data-element_type=\"column\">\n\t\t\t<div class=\"elementor-widget-wrap elementor-element-populated\">\n\t\t\t\t\t\t<div class=\"elementor-element elementor-element-b8a4f87 elementor-widget__width-initial elementor-widget elementor-widget-image\" data-id=\"b8a4f87\" data-element_type=\"widget\" data-widget_type=\"image.default\">\n\t\t\t\t<div class=\"elementor-widget-container\">\n\t\t\t\t\t\t\t\t\t\t\t\t\t<img decoding=\"async\" width=\"450\" height=\"498\" src=\"https:\/\/www.24xtrades.com\/wp-content\/uploads\/2024\/04\/download_img.png\" class=\"attachment-large size-large wp-image-224\" alt=\"\" srcset=\"https:\/\/www.24xtrades.com\/wp-content\/uploads\/2024\/04\/download_img.png 450w, https:\/\/www.24xtrades.com\/wp-content\/uploads\/2024\/04\/download_img-271x300.png 271w\" sizes=\"(max-width: 450px) 100vw, 450px\" \/>\t\t\t\t\t\t\t\t\t\t\t\t\t<\/div>\n\t\t\t\t<\/div>\n\t\t\t\t\t<\/div>\n\t\t<\/div>\n\t\t\t\t\t<\/div>\n\t\t<\/section>\n\t\t\t\t\t<\/div>\n\t\t<\/div>\n\t\t\t\t\t<\/div>\n\t\t<\/section>\n\t\t\t\t<\/div>","protected":false},"excerpt":{"rendered":"<p>Comment \u00e7a marche Tradeopol a pour mission de d\u00e9mocratiser l\u2019acc\u00e8s aux march\u00e9s financiers, en les rendant accessibles aux individus de tous horizons gr\u00e2ce \u00e0 son interface conviviale et intuitive. Gr\u00e2ce \u00e0 l\u2019int\u00e9gration d\u2019outils d\u2019investissement de pointe et \u00e0 une communaut\u00e9 de traders solidaires, Tradeopol r\u00e9volutionne la fa\u00e7on dont des millions d\u2019utilisateurs \u00e0 travers le monde s\u2019engagent [\u2026]<\/p>","protected":false},"author":1,"featured_media":0,"parent":0,"menu_order":0,"comment_status":"closed","ping_status":"closed","template":"","meta":{"footnotes":""},"class_list":["post-321","page","type-page","status-publish","hentry"],"_links":{"self":[{"href":"https:\/\/www.24xtrades.com\/fr\/wp-json\/wp\/v2\/pages\/321","targetHints":{"allow":["GET"]}}],"collection":[{"href":"https:\/\/www.24xtrades.com\/fr\/wp-json\/wp\/v2\/pages"}],"about":[{"href":"https:\/\/www.24xtrades.com\/fr\/wp-json\/wp\/v2\/types\/page"}],"author":[{"embeddable":true,"href":"https:\/\/www.24xtrades.com\/fr\/wp-json\/wp\/v2\/users\/1"}],"replies":[{"embeddable":true,"href":"https:\/\/www.24xtrades.com\/fr\/wp-json\/wp\/v2\/comments?post=321"}],"version-history":[{"count":28,"href":"https:\/\/www.24xtrades.com\/fr\/wp-json\/wp\/v2\/pages\/321\/revisions"}],"predecessor-version":[{"id":834,"href":"https:\/\/www.24xtrades.com\/fr\/wp-json\/wp\/v2\/pages\/321\/revisions\/834"}],"wp:attachment":[{"href":"https:\/\/www.24xtrades.com\/fr\/wp-json\/wp\/v2\/media?parent=321"}],"curies":[{"name":"wp","href":"https:\/\/api.w.org\/{rel}","templated":true}]}}