{"id":912,"date":"2024-05-08T09:52:19","date_gmt":"2024-05-08T09:52:19","guid":{"rendered":"https:\/\/24xtrades.com\/?page_id=912"},"modified":"2024-05-10T12:11:45","modified_gmt":"2024-05-10T12:11:45","slug":"future-expires","status":"publish","type":"page","link":"https:\/\/www.24xtrades.com\/es\/future-expires\/","title":{"rendered":"El futuro expira"},"content":{"rendered":"<div data-elementor-type=\"wp-page\" data-elementor-id=\"912\" class=\"elementor elementor-912\" data-elementor-post-type=\"page\">\n\t\t\t\t<div class=\"elementor-element elementor-element-211b4b0 e-flex e-con-boxed e-con e-parent\" data-id=\"211b4b0\" data-element_type=\"container\">\n\t\t\t\t\t<div class=\"e-con-inner\">\n\t\t\t\t\t<\/div>\n\t\t\t\t<\/div>\n\t\t<div class=\"elementor-element elementor-element-b5ddbea e-flex e-con-boxed e-con e-parent\" data-id=\"b5ddbea\" data-element_type=\"container\">\n\t\t\t\t\t<div class=\"e-con-inner\">\n\t\t\t\t<div class=\"elementor-element elementor-element-cfe768b elementor-widget elementor-widget-html\" data-id=\"cfe768b\" data-element_type=\"widget\" data-widget_type=\"html.default\">\n\t\t\t\t<div class=\"elementor-widget-container\">\n\t\t\t<div class=\"col-12\">\n            <h2 class=\"headline headline--sub iframe-hide\">Vencimientos futuros<\/h2>\n            <div>\n                <p>Mant\u00e9ngase a la vanguardia con estrategias comerciales s\u00f3lidas y mantenga sus planes comerciales alineados con las fechas de vencimiento de CFD importantes. Tenga en cuenta que 24xtrade no renueva posiciones m\u00e1s all\u00e1 de su vencimiento, por lo que cualquier posici\u00f3n que permanezca abierta despu\u00e9s de su vencimiento se cerrar\u00e1 autom\u00e1ticamente. Para obtener m\u00e1s informaci\u00f3n, consulte la siguiente tabla.<\/p>                    <div style=\"text-align: center;\">  <table> <tbody> <tr> <td>Instrumento<\/td>  <td>Nombre del producto<\/td>  <td>Fecha de expiraci\u00f3n<\/td>  <td>Hora GMT+3<\/td>  <\/tr>  <tr> <td>CC.f<\/td>  <td>Futuros de cacao de EE.UU.<\/td>  <td>09-04-2024<\/td>  <td>10:00:00 a.m.<\/td>  <\/tr>  <tr> <td>USOIL.fu<\/td>  <td>Futuros del petr\u00f3leo crudo West Texas Intermediate<\/td>  <td>17-04-2024<\/td>  <td>10:00:00 a.m.<\/td>  <\/tr>  <tr> <td>COP.f<\/td>  <td>Futuros de cobre<\/td>  <td>17-04-2024<\/td>  <td>10:00:00 a.m.<\/td>  <\/tr>  <tr> <td>SB.f<\/td>  <td>Futuros del az\u00facar en Estados Unidos<\/td>  <td>22-04-2024<\/td>  <td>10:00:00 a.m.<\/td>  <\/tr>  <tr> <td>Cont.f<\/td>  <td>Futuros de algod\u00f3n de EE.UU.<\/td>  <td>22-04-2024<\/td>  <td>10:00:00 a.m.<\/td>  <\/tr>  <tr> <td>NGAS.f<\/td>  <td>Futuros de NGAS<\/td>  <td>23-04-2024<\/td>  <td>10:00:00 a.m.<\/td>  <\/tr>  <tr> <td>UKBREN.f<\/td>  <td>Futuros de petr\u00f3leo crudo Brent<\/td>  <td>25-04-2024<\/td>  <td>10:00:00 a.m.<\/td>  <\/tr>  <tr> <td>USCORN.f<\/td>  <td>Futuros de ma\u00edz<\/td>  <td>26-04-2024<\/td>  <td>10:00:00 a.m.<\/td>  <\/tr>  <tr> <td>SoyB.f<\/td>  <td>Futuros de soja<\/td>  <td>26-04-2024<\/td>  <td>10:00:00 a.m.<\/td>  <\/tr>  <tr> <td>USWHEA.f<\/td>  <td>Futuros de trigo<\/td>  <td>26-04-2024<\/td>  <td>10:00:00 a.m.<\/td>  <\/tr>  <\/tbody>  <\/table>          <br><\/div>\n            <\/div>\n        <\/div>\t\t<\/div>\n\t\t\t\t<\/div>\n\t\t\t\t\t<\/div>\n\t\t\t\t<\/div>\n\t\t\t\t<\/div>","protected":false},"excerpt":{"rendered":"<p>Vencimientos futuros Mant\u00e9ngase a la vanguardia con estrategias comerciales s\u00f3lidas y mantenga sus planes comerciales alineados con las fechas de vencimiento de CFD importantes. Tenga en cuenta que 24xtrade no renueva posiciones m\u00e1s all\u00e1 de su vencimiento, por lo que cualquier posici\u00f3n que permanezca abierta despu\u00e9s de su vencimiento se cerrar\u00e1 autom\u00e1ticamente. Para obtener m\u00e1s informaci\u00f3n, consulte la tabla a continuaci\u00f3n. Instrumento [\u2026]<\/p>","protected":false},"author":1,"featured_media":0,"parent":0,"menu_order":0,"comment_status":"closed","ping_status":"closed","template":"","meta":{"footnotes":""},"class_list":["post-912","page","type-page","status-publish","hentry"],"_links":{"self":[{"href":"https:\/\/www.24xtrades.com\/es\/wp-json\/wp\/v2\/pages\/912","targetHints":{"allow":["GET"]}}],"collection":[{"href":"https:\/\/www.24xtrades.com\/es\/wp-json\/wp\/v2\/pages"}],"about":[{"href":"https:\/\/www.24xtrades.com\/es\/wp-json\/wp\/v2\/types\/page"}],"author":[{"embeddable":true,"href":"https:\/\/www.24xtrades.com\/es\/wp-json\/wp\/v2\/users\/1"}],"replies":[{"embeddable":true,"href":"https:\/\/www.24xtrades.com\/es\/wp-json\/wp\/v2\/comments?post=912"}],"version-history":[{"count":10,"href":"https:\/\/www.24xtrades.com\/es\/wp-json\/wp\/v2\/pages\/912\/revisions"}],"predecessor-version":[{"id":1283,"href":"https:\/\/www.24xtrades.com\/es\/wp-json\/wp\/v2\/pages\/912\/revisions\/1283"}],"wp:attachment":[{"href":"https:\/\/www.24xtrades.com\/es\/wp-json\/wp\/v2\/media?parent=912"}],"curies":[{"name":"wp","href":"https:\/\/api.w.org\/{rel}","templated":true}]}}