{"id":911,"date":"2024-05-08T09:52:15","date_gmt":"2024-05-08T09:52:15","guid":{"rendered":"https:\/\/24xtrades.com\/?page_id=911"},"modified":"2024-05-10T12:11:57","modified_gmt":"2024-05-10T12:11:57","slug":"market-holidays","status":"publish","type":"page","link":"https:\/\/www.24xtrades.com\/es\/market-holidays\/","title":{"rendered":"Vacaciones de mercado"},"content":{"rendered":"<div data-elementor-type=\"wp-page\" data-elementor-id=\"911\" class=\"elementor elementor-911\" data-elementor-post-type=\"page\">\n\t\t\t\t<div class=\"elementor-element elementor-element-ee791cc e-flex e-con-boxed e-con e-parent\" data-id=\"ee791cc\" data-element_type=\"container\">\n\t\t\t\t\t<div class=\"e-con-inner\">\n\t\t\t\t<div class=\"elementor-element elementor-element-532bee6 elementor-widget elementor-widget-html\" data-id=\"532bee6\" data-element_type=\"widget\" data-widget_type=\"html.default\">\n\t\t\t\t<div class=\"elementor-widget-container\">\n\t\t\t<div class=\"col-12\">\n            <h2 class=\"headline headline--sub iframe-hide\">Encuentre los pr\u00f3ximos d\u00edas festivos del mercado<\/h2>\n            <div>\n                <p style=\"text-align: left;\">En 24xtrade no dejamos piedra sin mover. \u00bfY usted? Consulte ahora el calendario de d\u00edas festivos que aparece a continuaci\u00f3n para saber exactamente cu\u00e1ndo y qu\u00e9 activos podr\u00edan verse afectados por los pr\u00f3ximos d\u00edas festivos, y as\u00ed poder disfrutar de la mejor experiencia de trading a trav\u00e9s de estrategias con visi\u00f3n de futuro.<br><\/p>\n\n\n\n\n\n\n\n\n\n\n\n\n\n\n\n<table>\n<tbody>\n<tr>\n<td>S\u00edmbolo<\/td>\n<td>Seguridad<\/td>\n<td>Jueves 4 \u2013 D\u00eda del Ni\u00f1o<\/td>\n<td>Viernes 5 \u2013 Festival Qingming<\/td>\n<td>Lunes 8 \u2013 Eid al-Fitr<\/td>\n<td>Martes 9 \u2013 Eid al-Fitr<\/td>\n<td>Mi\u00e9rcoles 10 \u2013 Eid al-Fitr<\/td>\n<td>Jueves 11 \u2013 Eid al-Fitr<\/td>\n<td>Viernes 12 \u2013 Eid al-Fitr<\/td>\n<td>Mi\u00e9rcoles 17 - Shri Ram Navmi<\/td>\n<td>Martes 23 \u2013 D\u00eda del Ni\u00f1o<\/td>\n<td>Jueves 25 \u2013 D\u00eda de ANZAC<\/td>\n<td>Lunes 29 \u2013 D\u00eda del Showa<\/td>\n<\/tr>\n<tr>\n<td>Efectos especiales<\/td>\n<td>Efectos especiales<\/td>\n<td>Horario normal<\/td>\n<td>Horario normal<\/td>\n<td>Horario normal<\/td>\n<td>Horario normal<\/td>\n<td>Horario normal<\/td>\n<td>Horario normal<\/td>\n<td>Horario normal<\/td>\n<td>Horario normal<\/td>\n<td>Horario normal<\/td>\n<td>Horario normal<\/td>\n<td>Horario normal<\/td>\n<\/tr>\n<tr>\n<td>D\u00f3lar estadounidense XAU<\/td>\n<td>Rieles<\/td>\n<td>Horario normal<\/td>\n<td>Horario normal<\/td>\n<td>Horario normal<\/td>\n<td>Horario normal<\/td>\n<td>Horario normal<\/td>\n<td>Horario normal<\/td>\n<td>Horario normal<\/td>\n<td>Horario normal<\/td>\n<td>Horario normal<\/td>\n<td>Horario normal<\/td>\n<td>Horario normal<\/td>\n<\/tr>\n<tr>\n<td>XAGUSD<\/td>\n<td>Rieles<\/td>\n<td>Horario normal<\/td>\n<td>Horario normal<\/td>\n<td>Horario normal<\/td>\n<td>Horario normal<\/td>\n<td>Horario normal<\/td>\n<td>Horario normal<\/td>\n<td>Horario normal<\/td>\n<td>Horario normal<\/td>\n<td>Horario normal<\/td>\n<td>Horario normal<\/td>\n<td>Horario normal<\/td>\n<\/tr>\n<tr>\n<td>XAUER<\/td>\n<td>Rieles<\/td>\n<td>Horario normal<\/td>\n<td>Horario normal<\/td>\n<td>Horario normal<\/td>\n<td>Horario normal<\/td>\n<td>Horario normal<\/td>\n<td>Horario normal<\/td>\n<td>Horario normal<\/td>\n<td>Horario normal<\/td>\n<td>Horario normal<\/td>\n<td>Horario normal<\/td>\n<td>Horario normal<\/td>\n<\/tr>\n<tr>\n<td>XAGEUR<\/td>\n<td>Rieles<\/td>\n<td>Horario normal<\/td>\n<td>Horario normal<\/td>\n<td>Horario normal<\/td>\n<td>Horario normal<\/td>\n<td>Horario normal<\/td>\n<td>Horario normal<\/td>\n<td>Horario normal<\/td>\n<td>Horario normal<\/td>\n<td>Horario normal<\/td>\n<td>Horario normal<\/td>\n<td>Horario normal<\/td>\n<\/tr>\n<tr>\n<td>XPDUSD<\/td>\n<td>Rieles<\/td>\n<td>Horario normal<\/td>\n<td>Horario normal<\/td>\n<td>Horario normal<\/td>\n<td>Horario normal<\/td>\n<td>Horario normal<\/td>\n<td>Horario normal<\/td>\n<td>Horario normal<\/td>\n<td>Horario normal<\/td>\n<td>Horario normal<\/td>\n<td>Horario normal<\/td>\n<td>Horario normal<\/td>\n<\/tr>\n<tr>\n<td>XPTUSD<\/td>\n<td>Rieles<\/td>\n<td>Horario normal<\/td>\n<td>Horario normal<\/td>\n<td>Horario normal<\/td>\n<td>Horario normal<\/td>\n<td>Horario normal<\/td>\n<td>Horario normal<\/td>\n<td>Horario normal<\/td>\n<td>Horario normal<\/td>\n<td>Horario normal<\/td>\n<td>Horario normal<\/td>\n<td>Horario normal<\/td>\n<\/tr>\n<tr>\n<td>Criptomonedas<\/td>\n<td>Criptomonedas<\/td>\n<td>Horario normal<\/td>\n<td>Horario normal<\/td>\n<td>Horario normal<\/td>\n<td>Horario normal<\/td>\n<td>Horario normal<\/td>\n<td>Horario normal<\/td>\n<td>Horario normal<\/td>\n<td>Horario normal<\/td>\n<td>Horario normal<\/td>\n<td>Horario normal<\/td>\n<td>Horario normal<\/td>\n<\/tr>\n<tr>\n<td>DE40<\/td>\n<td>\u00cdndices<\/td>\n<td>Horario normal<\/td>\n<td>Horario normal<\/td>\n<td>Horario normal<\/td>\n<td>Horario normal<\/td>\n<td>Horario normal<\/td>\n<td>Horario normal<\/td>\n<td>Horario normal<\/td>\n<td>Horario normal<\/td>\n<td>Horario normal<\/td>\n<td>Horario normal<\/td>\n<td>Horario normal<\/td>\n<\/tr>\n<tr>\n<td>SWI20<\/td>\n<td>\u00cdndices<\/td>\n<td>Horario normal<\/td>\n<td>Horario normal<\/td>\n<td>Horario normal<\/td>\n<td>Horario normal<\/td>\n<td>Horario normal<\/td>\n<td>Horario normal<\/td>\n<td>Horario normal<\/td>\n<td>Horario normal<\/td>\n<td>Horario normal<\/td>\n<td>Horario normal<\/td>\n<td>Horario normal<\/td>\n<\/tr>\n<tr>\n<td>ES35<\/td>\n<td>\u00cdndices<\/td>\n<td>Horario normal<\/td>\n<td>Horario normal<\/td>\n<td>Horario normal<\/td>\n<td>Horario normal<\/td>\n<td>Horario normal<\/td>\n<td>Horario normal<\/td>\n<td>Horario normal<\/td>\n<td>Horario normal<\/td>\n<td>Horario normal<\/td>\n<td>Horario normal<\/td>\n<td>Horario normal<\/td>\n<\/tr>\n<tr>\n<td>F40<\/td>\n<td>\u00cdndices<\/td>\n<td>Horario normal<\/td>\n<td>Horario normal<\/td>\n<td>Horario normal<\/td>\n<td>Horario normal<\/td>\n<td>Horario normal<\/td>\n<td>Horario normal<\/td>\n<td>Horario normal<\/td>\n<td>Horario normal<\/td>\n<td>Horario normal<\/td>\n<td>Horario normal<\/td>\n<td>Horario normal<\/td>\n<\/tr>\n<tr>\n<td>N25<\/td>\n<td>\u00cdndices<\/td>\n<td>Horario normal<\/td>\n<td>Horario normal<\/td>\n<td>Horario normal<\/td>\n<td>Horario normal<\/td>\n<td>Horario normal<\/td>\n<td>Horario normal<\/td>\n<td>Horario normal<\/td>\n<td>Horario normal<\/td>\n<td>Horario normal<\/td>\n<td>Horario normal<\/td>\n<td>Horario normal<\/td>\n<\/tr>\n<tr>\n<td>\u00cdndice Stoxx50<\/td>\n<td>\u00cdndices<\/td>\n<td>Horario normal<\/td>\n<td>Horario normal<\/td>\n<td>Horario normal<\/td>\n<td>Horario normal<\/td>\n<td>Horario normal<\/td>\n<td>Horario normal<\/td>\n<td>Horario normal<\/td>\n<td>Horario normal<\/td>\n<td>Horario normal<\/td>\n<td>Horario normal<\/td>\n<td>Horario normal<\/td>\n<\/tr>\n<tr>\n<td>Reino Unido 100<\/td>\n<td>\u00cdndices<\/td>\n<td>Horario normal<\/td>\n<td>Horario normal<\/td>\n<td>Horario normal<\/td>\n<td>Horario normal<\/td>\n<td>Horario normal<\/td>\n<td>Horario normal<\/td>\n<td>Horario normal<\/td>\n<td>Horario normal<\/td>\n<td>Horario normal<\/td>\n<td>Horario normal<\/td>\n<td>Horario normal<\/td>\n<\/tr>\n<tr>\n<td>200 d\u00f3lares australianos<\/td>\n<td>\u00cdndices<\/td>\n<td>Horario normal<\/td>\n<td>Horario normal<\/td>\n<td>Horario normal<\/td>\n<td>Horario normal<\/td>\n<td>Horario normal<\/td>\n<td>Horario normal<\/td>\n<td>Horario normal<\/td>\n<td>Horario normal<\/td>\n<td>Horario normal<\/td>\n<td>Abierto hasta tarde 10:10<\/td>\n<td>Horario normal<\/td>\n<\/tr>\n<tr>\n<td>JP225<\/td>\n<td>\u00cdndices<\/td>\n<td>Horario normal<\/td>\n<td>Horario normal<\/td>\n<td>Horario normal<\/td>\n<td>Horario normal<\/td>\n<td>Horario normal<\/td>\n<td>Horario normal<\/td>\n<td>Horario normal<\/td>\n<td>Horario normal<\/td>\n<td>Horario normal<\/td>\n<td>Horario normal<\/td>\n<td>Horario normal<\/td>\n<\/tr>\n<tr>\n<td>Universidad Tecnol\u00f3gica de Estados Unidos<\/td>\n<td>\u00cdndices<\/td>\n<td>Horario normal<\/td>\n<td>Horario normal<\/td>\n<td>Horario normal<\/td>\n<td>Horario normal<\/td>\n<td>Horario normal<\/td>\n<td>Horario normal<\/td>\n<td>Horario normal<\/td>\n<td>Horario normal<\/td>\n<td>Horario normal<\/td>\n<td>Horario normal<\/td>\n<td>Horario normal<\/td>\n<\/tr>\n<tr>\n<td>Estados Unidos 500<\/td>\n<td>\u00cdndices<\/td>\n<td>Horario normal<\/td>\n<td>Horario normal<\/td>\n<td>Horario normal<\/td>\n<td>Horario normal<\/td>\n<td>Horario normal<\/td>\n<td>Horario normal<\/td>\n<td>Horario normal<\/td>\n<td>Horario normal<\/td>\n<td>Horario normal<\/td>\n<td>Horario normal<\/td>\n<td>Horario normal<\/td>\n<\/tr>\n<tr>\n<td>Estados Unidos 30<\/td>\n<td>\u00cdndices<\/td>\n<td>Horario normal<\/td>\n<td>Horario normal<\/td>\n<td>Horario normal<\/td>\n<td>Horario normal<\/td>\n<td>Horario normal<\/td>\n<td>Horario normal<\/td>\n<td>Horario normal<\/td>\n<td>Horario normal<\/td>\n<td>Horario normal<\/td>\n<td>Horario normal<\/td>\n<td>Horario normal<\/td>\n<\/tr>\n<tr>\n<td>USOIL.C<\/td>\n<td>Energ\u00edas<\/td>\n<td>Horario normal<\/td>\n<td>Horario normal<\/td>\n<td>Horario normal<\/td>\n<td>Horario normal<\/td>\n<td>Horario normal<\/td>\n<td>Horario normal<\/td>\n<td>Horario normal<\/td>\n<td>Horario normal<\/td>\n<td>Horario normal<\/td>\n<td>Horario normal<\/td>\n<td>Horario normal<\/td>\n<\/tr>\n<tr>\n<td>Brent<\/td>\n<td>Energ\u00edas<\/td>\n<td>Horario normal<\/td>\n<td>Horario normal<\/td>\n<td>Horario normal<\/td>\n<td>Horario normal<\/td>\n<td>Horario normal<\/td>\n<td>Horario normal<\/td>\n<td>Horario normal<\/td>\n<td>Horario normal<\/td>\n<td>Horario normal<\/td>\n<td>Horario normal<\/td>\n<td>Horario normal<\/td>\n<\/tr>\n<tr>\n<td>USOIL.fu<\/td>\n<td>Futuros<\/td>\n<td>Horario normal<\/td>\n<td>Horario normal<\/td>\n<td>Horario normal<\/td>\n<td>Horario normal<\/td>\n<td>Horario normal<\/td>\n<td>Horario normal<\/td>\n<td>Horario normal<\/td>\n<td>Horario normal<\/td>\n<td>Horario normal<\/td>\n<td>Horario normal<\/td>\n<td>Horario normal<\/td>\n<\/tr>\n<tr>\n<td>UKBREN.f<\/td>\n<td>Futuros<\/td>\n<td>Horario normal<\/td>\n<td>Horario normal<\/td>\n<td>Horario normal<\/td>\n<td>Horario normal<\/td>\n<td>Horario normal<\/td>\n<td>Horario normal<\/td>\n<td>Horario normal<\/td>\n<td>Horario normal<\/td>\n<td>Horario normal<\/td>\n<td>Horario normal<\/td>\n<td>Horario normal<\/td>\n<\/tr>\n<tr>\n<td>NGAS.f<\/td>\n<td>Futuros<\/td>\n<td>Horario normal<\/td>\n<td>Horario normal<\/td>\n<td>Horario normal<\/td>\n<td>Horario normal<\/td>\n<td>Horario normal<\/td>\n<td>Horario normal<\/td>\n<td>Horario normal<\/td>\n<td>Horario normal<\/td>\n<td>Horario normal<\/td>\n<td>Horario normal<\/td>\n<td>Horario normal<\/td>\n<\/tr>\n<tr>\n<td>COP.f<\/td>\n<td>Futuros<\/td>\n<td>Horario normal<\/td>\n<td>Horario normal<\/td>\n<td>Horario normal<\/td>\n<td>Horario normal<\/td>\n<td>Horario normal<\/td>\n<td>Horario normal<\/td>\n<td>Horario normal<\/td>\n<td>Horario normal<\/td>\n<td>Horario normal<\/td>\n<td>Horario normal<\/td>\n<td>Horario normal<\/td>\n<\/tr>\n<tr>\n<td>CC.f<\/td>\n<td>Futuros<\/td>\n<td>Horario normal<\/td>\n<td>Horario normal<\/td>\n<td>Horario normal<\/td>\n<td>Horario normal<\/td>\n<td>Horario normal<\/td>\n<td>Horario normal<\/td>\n<td>Horario normal<\/td>\n<td>Horario normal<\/td>\n<td>Horario normal<\/td>\n<td>Horario normal<\/td>\n<td>Horario normal<\/td>\n<\/tr>\n<tr>\n<td>USCORN.f<\/td>\n<td>Futuros<\/td>\n<td>Horario normal<\/td>\n<td>Horario normal<\/td>\n<td>Horario normal<\/td>\n<td>Horario normal<\/td>\n<td>Horario normal<\/td>\n<td>Horario normal<\/td>\n<td>Horario normal<\/td>\n<td>Horario normal<\/td>\n<td>Horario normal<\/td>\n<td>Horario normal<\/td>\n<td>Horario normal<\/td>\n<\/tr>\n<tr>\n<td>Cont.f<\/td>\n<td>Futuros<\/td>\n<td>Horario normal<\/td>\n<td>Horario normal<\/td>\n<td>Horario normal<\/td>\n<td>Horario normal<\/td>\n<td>Horario normal<\/td>\n<td>Horario normal<\/td>\n<td>Horario normal<\/td>\n<td>Horario normal<\/td>\n<td>Horario normal<\/td>\n<td>Horario normal<\/td>\n<td>Horario normal<\/td>\n<\/tr>\n<tr>\n<td>USCOF.f<\/td>\n<td>Futuros<\/td>\n<td>Horario normal<\/td>\n<td>Horario normal<\/td>\n<td>Horario normal<\/td>\n<td>Horario normal<\/td>\n<td>Horario normal<\/td>\n<td>Horario normal<\/td>\n<td>Horario normal<\/td>\n<td>Horario normal<\/td>\n<td>Horario normal<\/td>\n<td>Horario normal<\/td>\n<td>Horario normal<\/td>\n<\/tr>\n<tr>\n<td>SB.f<\/td>\n<td>Futuros<\/td>\n<td>Horario normal<\/td>\n<td>Horario normal<\/td>\n<td>Horario normal<\/td>\n<td>Horario normal<\/td>\n<td>Horario normal<\/td>\n<td>Horario normal<\/td>\n<td>Horario normal<\/td>\n<td>Horario normal<\/td>\n<td>Horario normal<\/td>\n<td>Horario normal<\/td>\n<td>Horario normal<\/td>\n<\/tr>\n<tr>\n<td>SoyB.f<\/td>\n<td>Futuros<\/td>\n<td>Horario normal<\/td>\n<td>Horario normal<\/td>\n<td>Horario normal<\/td>\n<td>Horario normal<\/td>\n<td>Horario normal<\/td>\n<td>Horario normal<\/td>\n<td>Horario normal<\/td>\n<td>Horario normal<\/td>\n<td>Horario normal<\/td>\n<td>Horario normal<\/td>\n<td>Horario normal<\/td>\n<\/tr>\n<tr>\n<td>USWHEA.f<\/td>\n<td>Futuros<\/td>\n<td>Horario normal<\/td>\n<td>Horario normal<\/td>\n<td>Horario normal<\/td>\n<td>Horario normal<\/td>\n<td>Horario normal<\/td>\n<td>Horario normal<\/td>\n<td>Horario normal<\/td>\n<td>Horario normal<\/td>\n<td>Horario normal<\/td>\n<td>Horario normal<\/td>\n<td>Horario normal<\/td>\n<\/tr>\n<tr>\n<td>A NOSOTROS<\/td>\n<td>Acciones<\/td>\n<td>Horario normal<\/td>\n<td>Horario normal<\/td>\n<td>Horario normal<\/td>\n<td>Horario normal<\/td>\n<td>Horario normal<\/td>\n<td>Horario normal<\/td>\n<td>Horario normal<\/td>\n<td>Horario normal<\/td>\n<td>Horario normal<\/td>\n<td>Horario normal<\/td>\n<td>Horario normal<\/td>\n<\/tr>\n<tr>\n<td>ALEMANIA<\/td>\n<td>Acciones<\/td>\n<td>Horario normal<\/td>\n<td>Horario normal<\/td>\n<td>Horario normal<\/td>\n<td>Horario normal<\/td>\n<td>Horario normal<\/td>\n<td>Horario normal<\/td>\n<td>Horario normal<\/td>\n<td>Horario normal<\/td>\n<td>Horario normal<\/td>\n<td>Horario normal<\/td>\n<td>Horario normal<\/td>\n<\/tr>\n<tr>\n<td>FRANCIA<\/td>\n<td>Acciones<\/td>\n<td>Horario normal<\/td>\n<td>Horario normal<\/td>\n<td>Horario normal<\/td>\n<td>Horario normal<\/td>\n<td>Horario normal<\/td>\n<td>Horario normal<\/td>\n<td>Horario normal<\/td>\n<td>Horario normal<\/td>\n<td>Horario normal<\/td>\n<td>Horario normal<\/td>\n<td>Horario normal<\/td>\n<\/tr>\n<tr>\n<td>ESPA\u00d1A<\/td>\n<td>Acciones<\/td>\n<td>Horario normal<\/td>\n<td>Horario normal<\/td>\n<td>Horario normal<\/td>\n<td>Horario normal<\/td>\n<td>Horario normal<\/td>\n<td>Horario normal<\/td>\n<td>Horario normal<\/td>\n<td>Horario normal<\/td>\n<td>Horario normal<\/td>\n<td>Horario normal<\/td>\n<td>Horario normal<\/td>\n<\/tr>\n<tr>\n<td>JAP\u00d3N<\/td>\n<td>Acciones<\/td>\n<td>Horario normal<\/td>\n<td>Horario normal<\/td>\n<td>Horario normal<\/td>\n<td>Horario normal<\/td>\n<td>Horario normal<\/td>\n<td>Horario normal<\/td>\n<td>Horario normal<\/td>\n<td>Horario normal<\/td>\n<td>Horario normal<\/td>\n<td>Horario normal<\/td>\n<td>Cerrado<\/td>\n<\/tr>\n<tr>\n<td>Taiw\u00e1n<\/td>\n<td>Acciones<\/td>\n<td>Cerrado<\/td>\n<td>Cerrado<\/td>\n<td>Horario normal<\/td>\n<td>Horario normal<\/td>\n<td>Horario normal<\/td>\n<td>Horario normal<\/td>\n<td>Horario normal<\/td>\n<td>Horario normal<\/td>\n<td>Horario normal<\/td>\n<td>Horario normal<\/td>\n<td>Horario normal<\/td>\n<\/tr>\n<tr>\n<td>INDIO<\/td>\n<td>Acciones<\/td>\n<td>Horario normal<\/td>\n<td>Horario normal<\/td>\n<td>Horario normal<\/td>\n<td>Horario normal<\/td>\n<td>Horario normal<\/td>\n<td>Cerrado<\/td>\n<td>Horario normal<\/td>\n<td>Cerrado<\/td>\n<td>Horario normal<\/td>\n<td>Horario normal<\/td>\n<td>Horario normal<\/td>\n<\/tr>\n<tr>\n<td>CHILE<\/td>\n<td>Acciones<\/td>\n<td>Horario normal<\/td>\n<td>Horario normal<\/td>\n<td>Horario normal<\/td>\n<td>Horario normal<\/td>\n<td>Horario normal<\/td>\n<td>Horario normal<\/td>\n<td>Horario normal<\/td>\n<td>Horario normal<\/td>\n<td>Horario normal<\/td>\n<td>Horario normal<\/td>\n<td>Horario normal<\/td>\n<\/tr>\n<tr>\n<td>Emiratos \u00c1rabes Unidos<\/td>\n<td>Acciones<\/td>\n<td>Horario normal<\/td>\n<td>Horario normal<\/td>\n<td>Cerrado<\/td>\n<td>Cerrado<\/td>\n<td>Cerrado<\/td>\n<td>Cerrado<\/td>\n<td>Cerrado<\/td>\n<td>Horario normal<\/td>\n<td>Horario normal<\/td>\n<td>Horario normal<\/td>\n<td>Horario normal<\/td>\n<\/tr>\n<tr>\n<td>MEXICANO<\/td>\n<td>Acciones<\/td>\n<td>Horario normal<\/td>\n<td>Horario normal<\/td>\n<td>Horario normal<\/td>\n<td>Horario normal<\/td>\n<td>Horario normal<\/td>\n<td>Horario normal<\/td>\n<td>Horario normal<\/td>\n<td>Horario normal<\/td>\n<td>Horario normal<\/td>\n<td>Horario normal<\/td>\n<td>Horario normal<\/td>\n<\/tr>\n<tr>\n<td>BRASIL<\/td>\n<td>Acciones<\/td>\n<td>Horario normal<\/td>\n<td>Horario normal<\/td>\n<td>Horario normal<\/td>\n<td>Horario normal<\/td>\n<td>Horario normal<\/td>\n<td>Horario normal<\/td>\n<td>Horario normal<\/td>\n<td>Horario normal<\/td>\n<td>Horario normal<\/td>\n<td>Horario normal<\/td>\n<td>Horario normal<\/td>\n<\/tr>\n<tr>\n<td>Reino Unido<\/td>\n<td>Acciones<\/td>\n<td>Horario normal<\/td>\n<td>Horario normal<\/td>\n<td>Horario normal<\/td>\n<td>Horario normal<\/td>\n<td>Horario normal<\/td>\n<td>Horario normal<\/td>\n<td>Horario normal<\/td>\n<td>Horario normal<\/td>\n<td>Horario normal<\/td>\n<td>Horario normal<\/td>\n<td>Horario normal<\/td>\n<\/tr>\n<tr>\n<td>ARABIA SAUDITA<\/td>\n<td>Acciones<\/td>\n<td>Horario normal<\/td>\n<td>Horario normal<\/td>\n<td>Cerrado<\/td>\n<td>Cerrado<\/td>\n<td>Cerrado<\/td>\n<td>Cerrado<\/td>\n<td>Horario normal<\/td>\n<td>Horario normal<\/td>\n<td>Horario normal<\/td>\n<td>Horario normal<\/td>\n<td>Horario normal<\/td>\n<\/tr>\n<tr>\n<td>PAVO<\/td>\n<td>Acciones<\/td>\n<td>Horario normal<\/td>\n<td>Horario normal<\/td>\n<td>Horario normal<\/td>\n<td>Cierre temprano 12:30<\/td>\n<td>Cerrado<\/td>\n<td>Cerrado<\/td>\n<td>Cerrado<\/td>\n<td>Horario normal<\/td>\n<td>Cerrado<\/td>\n<td>Horario normal<\/td>\n<td>Horario normal<\/td>\n<\/tr>\n<tr>\n<td>MALASIA<\/td>\n<td>Acciones<\/td>\n<td>Horario normal<\/td>\n<td>Horario normal<\/td>\n<td>Horario normal<\/td>\n<td>Horario normal<\/td>\n<td>Cerrado<\/td>\n<td>Cerrado<\/td>\n<td>Horario normal<\/td>\n<td>Horario normal<\/td>\n<td>Horario normal<\/td>\n<td>Horario normal<\/td>\n<td>Horario normal<\/td>\n<\/tr>\n<\/tbody>\n<\/table>\n\n\n\n\n\n\n\n<p style=\"text-align: left;\"><span><br><\/span><\/p>\n\n\n\n\n\n\n\n\n\n\n\n\n*Todas las horas son en horario del servidor (GMT+2)<br>\n            <\/div>\n        <\/div>\t\t<\/div>\n\t\t\t\t<\/div>\n\t\t\t\t\t<\/div>\n\t\t\t\t<\/div>\n\t\t\t\t<\/div>","protected":false},"excerpt":{"rendered":"<p>Descubra los pr\u00f3ximos d\u00edas festivos del mercado En 24xtrade no dejamos piedra sin mover. \u00bfY usted? Consulte ahora el calendario de d\u00edas festivos a continuaci\u00f3n para saber exactamente cu\u00e1ndo y qu\u00e9 activos podr\u00edan verse afectados por los pr\u00f3ximos d\u00edas festivos, para impulsar la mejor experiencia comercial a trav\u00e9s de estrategias con visi\u00f3n de futuro. Symbol Security Jueves 4: D\u00eda del Ni\u00f1o Viernes 5: Festival Qingming Lunes [\u2026]<\/p>","protected":false},"author":1,"featured_media":0,"parent":0,"menu_order":0,"comment_status":"closed","ping_status":"closed","template":"","meta":{"footnotes":""},"class_list":["post-911","page","type-page","status-publish","hentry"],"_links":{"self":[{"href":"https:\/\/www.24xtrades.com\/es\/wp-json\/wp\/v2\/pages\/911","targetHints":{"allow":["GET"]}}],"collection":[{"href":"https:\/\/www.24xtrades.com\/es\/wp-json\/wp\/v2\/pages"}],"about":[{"href":"https:\/\/www.24xtrades.com\/es\/wp-json\/wp\/v2\/types\/page"}],"author":[{"embeddable":true,"href":"https:\/\/www.24xtrades.com\/es\/wp-json\/wp\/v2\/users\/1"}],"replies":[{"embeddable":true,"href":"https:\/\/www.24xtrades.com\/es\/wp-json\/wp\/v2\/comments?post=911"}],"version-history":[{"count":13,"href":"https:\/\/www.24xtrades.com\/es\/wp-json\/wp\/v2\/pages\/911\/revisions"}],"predecessor-version":[{"id":1286,"href":"https:\/\/www.24xtrades.com\/es\/wp-json\/wp\/v2\/pages\/911\/revisions\/1286"}],"wp:attachment":[{"href":"https:\/\/www.24xtrades.com\/es\/wp-json\/wp\/v2\/media?parent=911"}],"curies":[{"name":"wp","href":"https:\/\/api.w.org\/{rel}","templated":true}]}}