{"id":742,"date":"2024-04-30T00:48:37","date_gmt":"2024-04-30T00:48:37","guid":{"rendered":"https:\/\/24xtrades.com\/?page_id=742"},"modified":"2024-04-30T08:45:17","modified_gmt":"2024-04-30T08:45:17","slug":"trading-strategies","status":"publish","type":"page","link":"https:\/\/www.24xtrades.com\/es\/trading-strategies\/","title":{"rendered":"Estrategias comerciales"},"content":{"rendered":"<div data-elementor-type=\"wp-page\" data-elementor-id=\"742\" class=\"elementor elementor-742\" data-elementor-post-type=\"page\">\n\t\t\t\t\t\t<section class=\"elementor-section elementor-top-section elementor-element elementor-element-6e516c7 elementor-section-boxed elementor-section-height-default elementor-section-height-default elementor-invisible\" data-id=\"6e516c7\" data-element_type=\"section\" data-settings=\"{&quot;animation&quot;:&quot;fadeInUp&quot;}\">\n\t\t\t\t\t\t<div class=\"elementor-container elementor-column-gap-default\">\n\t\t\t\t\t<div class=\"elementor-column elementor-col-100 elementor-top-column elementor-element elementor-element-d3928a5\" data-id=\"d3928a5\" data-element_type=\"column\">\n\t\t\t<div class=\"elementor-widget-wrap elementor-element-populated\">\n\t\t\t\t\t\t<div class=\"elementor-element elementor-element-9be6584 elementor-widget elementor-widget-heading\" data-id=\"9be6584\" data-element_type=\"widget\" data-widget_type=\"heading.default\">\n\t\t\t\t<div class=\"elementor-widget-container\">\n\t\t\t<style>\/*! elementor - v3.21.0 - 24-04-2024 *\/\n.elementor-heading-title{padding:0;margin:0;line-height:1}.elementor-widget-heading .elementor-heading-title[class*=elementor-size-]>a{color:inherit;font-size:inherit;line-height:inherit}.elementor-widget-heading .elementor-heading-title.elementor-size-small{font-size:15px}.elementor-widget-heading .elementor-heading-title.elementor-size-medium{font-size:19px}.elementor-widget-heading .elementor-heading-title.elementor-size-large{font-size:29px}.elementor-widget-heading .elementor-heading-title.elementor-size-xl{font-size:39px}.elementor-widget-heading .elementor-heading-title.elementor-size-xxl{font-size:59px}<\/style><h1 class=\"elementor-heading-title elementor-size-default\">\nEstrategias comerciales<\/h1>\t\t<\/div>\n\t\t\t\t<\/div>\n\t\t\t\t<div class=\"elementor-element elementor-element-77e82e7 elementor-invisible elementor-widget elementor-widget-text-editor\" data-id=\"77e82e7\" data-element_type=\"widget\" data-settings=\"{&quot;_animation&quot;:&quot;fadeInUp&quot;}\" data-widget_type=\"text-editor.default\">\n\t\t\t\t<div class=\"elementor-widget-container\">\n\t\t\t<style>\/*! elementor - v3.21.0 - 24-04-2024 *\/\n.elementor-widget-text-editor.elementor-drop-cap-view-stacked .elementor-drop-cap{background-color:#69727d;color:#fff}.elementor-widget-text-editor.elementor-drop-cap-view-framed .elementor-drop-cap{color:#69727d;border:3px solid;background-color:transparent}.elementor-widget-text-editor:not(.elementor-drop-cap-view-default) .elementor-drop-cap{margin-top:8px}.elementor-widget-text-editor:not(.elementor-drop-cap-view-default) .elementor-drop-cap-letter{width:1em;height:1em}.elementor-widget-text-editor .elementor-drop-cap{float:left;text-align:center;line-height:1;font-size:50px}.elementor-widget-text-editor .elementor-drop-cap-letter{display:inline-block}<\/style>\t\t\t\t<div class=\"elementor-element elementor-element-e6e828a elementor-widget elementor-widget-text-editor animated fadeInUp\" data-id=\"e6e828a\" data-element_type=\"widget\" data-settings=\"{&quot;_animation&quot;:&quot;fadeInUp&quot;}\" data-widget_type=\"text-editor.default\"><div class=\"elementor-widget-container\"><h3 class=\"consulting-custom-title\">\u00bfQu\u00e9 es una estrategia comercial?<\/h3><\/div><\/div>\t\t\t\t\t\t<\/div>\n\t\t\t\t<\/div>\n\t\t\t\t<div class=\"elementor-element elementor-element-49e1374 elementor-invisible elementor-widget elementor-widget-text-editor\" data-id=\"49e1374\" data-element_type=\"widget\" data-settings=\"{&quot;_animation&quot;:&quot;fadeInUp&quot;}\" data-widget_type=\"text-editor.default\">\n\t\t\t\t<div class=\"elementor-widget-container\">\n\t\t\t\t\t\t\t<div class=\"elementor-element elementor-element-e2acab6 elementor-widget elementor-widget-text-editor animated fadeInUp\" data-id=\"e2acab6\" data-element_type=\"widget\" data-settings=\"{&quot;_animation&quot;:&quot;fadeInUp&quot;}\" data-widget_type=\"text-editor.default\"><div class=\"elementor-widget-container\"><div class=\"elementor-element elementor-element-2dea73d elementor-widget elementor-widget-text-editor animated fadeInUp\" data-id=\"2dea73d\" data-element_type=\"widget\" data-settings=\"{&quot;_animation&quot;:&quot;fadeInUp&quot;}\" data-widget_type=\"text-editor.default\"><div class=\"elementor-widget-container\"><div class=\"elementor-element elementor-element-7925898 elementor-widget elementor-widget-text-editor animated fadeInUp\" data-id=\"7925898\" data-element_type=\"widget\" data-settings=\"{&quot;_animation&quot;:&quot;fadeInUp&quot;}\" data-widget_type=\"text-editor.default\"><div class=\"elementor-widget-container\">Una estrategia comercial es un enfoque met\u00f3dico para comprar y vender valores en el mercado. Una estrategia comercial se construye en torno a reglas y criterios predefinidos que se utilizan para tomar decisiones comerciales. Una estrategia comercial puede ser simple o compleja y tiene en cuenta factores como el estilo de inversi\u00f3n, la capitalizaci\u00f3n de mercado, los indicadores t\u00e9cnicos, el an\u00e1lisis fundamental, el sector industrial, el nivel de diversificaci\u00f3n de la cartera, el horizonte temporal o per\u00edodo de tenencia, la tolerancia al riesgo, el apalancamiento, las consideraciones fiscales, etc. \u00a0<\/div><\/div><div class=\"elementor-element elementor-element-16793cf elementor-widget elementor-widget-vc_custom_heading animated fadeIn\" data-id=\"16793cf\" data-element_type=\"widget\" data-settings=\"{&quot;_animation&quot;:&quot;fadeIn&quot;}\" data-widget_type=\"vc_custom_heading.default\"><div class=\"elementor-widget-container\"><div class=\"vc_custom_heading  consulting_heading_font  text_align_center\"><h3 class=\"consulting-custom-title\">Principales estrategias de trading activo<\/h3><\/div><\/div><\/div><div class=\"elementor-element elementor-element-bd0e3f0 elementor-widget elementor-widget-text-editor animated fadeInUp\" data-id=\"bd0e3f0\" data-element_type=\"widget\" data-settings=\"{&quot;_animation&quot;:&quot;fadeInUp&quot;}\" data-widget_type=\"text-editor.default\"><div class=\"elementor-widget-container\"><h6>Comercio intrad\u00eda<\/h6><\/div><\/div><div class=\"elementor-element elementor-element-9097a37 elementor-widget elementor-widget-text-editor\" data-id=\"9097a37\" data-element_type=\"widget\" data-widget_type=\"text-editor.default\"><div class=\"elementor-widget-container\">El estilo de negociaci\u00f3n activa m\u00e1s conocido es probablemente la negociaci\u00f3n intrad\u00eda. Se utiliza con frecuencia como alias de negociaci\u00f3n activa. La negociaci\u00f3n intrad\u00eda, como sugiere el nombre, es la pr\u00e1ctica de comprar y vender valores el mismo d\u00eda. Las posiciones se cierran el mismo d\u00eda en que se toman en la negociaci\u00f3n intrad\u00eda y ninguna posici\u00f3n se mantiene durante la noche.<\/div><\/div><div class=\"elementor-element elementor-element-b48c59e elementor-widget elementor-widget-text-editor animated fadeInUp\" data-id=\"b48c59e\" data-element_type=\"widget\" data-settings=\"{&quot;_animation&quot;:&quot;fadeInUp&quot;}\" data-widget_type=\"text-editor.default\"><div class=\"elementor-widget-container\"><h6>Comercio de posici\u00f3n<\/h6><\/div><\/div><div class=\"elementor-element elementor-element-7fc9569 elementor-widget elementor-widget-text-editor\" data-id=\"7fc9569\" data-element_type=\"widget\" data-widget_type=\"text-editor.default\"><div class=\"elementor-widget-container\">Algunas personas consideran que el trading de posici\u00f3n es una estrategia de compra y retenci\u00f3n en lugar de un trading activo. El trading de posici\u00f3n, por otro lado, cuando lo realiza un trader experimentado, puede considerarse trading activo. El trading de posici\u00f3n emplea gr\u00e1ficos a largo plazo que van desde diarios hasta mensuales junto con otros m\u00e9todos para determinar la tendencia actual del mercado. Dependiendo de la tendencia, este tipo de trading puede durar desde varios d\u00edas hasta varias semanas, o incluso m\u00e1s.<\/div><\/div><div class=\"elementor-element elementor-element-ec5cbc4 elementor-widget elementor-widget-text-editor animated fadeInUp\" data-id=\"ec5cbc4\" data-element_type=\"widget\" data-settings=\"{&quot;_animation&quot;:&quot;fadeInUp&quot;}\" data-widget_type=\"text-editor.default\"><div class=\"elementor-widget-container\"><h6>Comercio oscilatorio<\/h6><\/div><\/div><div class=\"elementor-element elementor-element-882648e elementor-widget elementor-widget-text-editor\" data-id=\"882648e\" data-element_type=\"widget\" data-widget_type=\"text-editor.default\"><div class=\"elementor-widget-container\">Los operadores de swing suelen entrar en el mercado cuando se rompe una tendencia. La volatilidad de los precios es habitual al final de una tendencia, cuando la nueva tendencia intenta establecerse. Los operadores de swing compran o venden cuando se produce volatilidad de los precios. Las operaciones de swing suelen durar m\u00e1s de un d\u00eda, pero durante un per\u00edodo de tiempo m\u00e1s corto que las operaciones de tendencia. Los operadores de swing suelen desarrollar un conjunto de reglas de negociaci\u00f3n que se basan en el an\u00e1lisis t\u00e9cnico o fundamental.<\/div><\/div><div class=\"elementor-element elementor-element-c6ee2d4 elementor-widget elementor-widget-text-editor animated fadeInUp\" data-id=\"c6ee2d4\" data-element_type=\"widget\" data-settings=\"{&quot;_animation&quot;:&quot;fadeInUp&quot;}\" data-widget_type=\"text-editor.default\"><div class=\"elementor-widget-container\"><h6>Especulaci\u00f3n<\/h6><\/div><\/div><div class=\"elementor-element elementor-element-5f7149a elementor-widget elementor-widget-text-editor\" data-id=\"5f7149a\" data-element_type=\"widget\" data-widget_type=\"text-editor.default\"><div class=\"elementor-widget-container\">El scalping es una de las estrategias m\u00e1s r\u00e1pidas que utilizan los traders activos. B\u00e1sicamente, consiste en identificar y explotar los diferenciales entre oferta y demanda que son ligeramente m\u00e1s amplios o m\u00e1s estrechos de lo normal debido a desequilibrios temporales entre la oferta y la demanda. Un scalper no intenta sacar provecho de grandes movimientos ni realizar transacciones en grandes vol\u00famenes. En cambio, busca sacar provecho de movimientos peque\u00f1os y frecuentes con vol\u00famenes de transacciones medidos.<\/div><\/div><\/div><\/div><\/div><\/div>\t\t\t\t\t\t<\/div>\n\t\t\t\t<\/div>\n\t\t\t\t<div class=\"elementor-element elementor-element-911d075 elementor-absolute elementor-widget elementor-widget-image\" data-id=\"911d075\" data-element_type=\"widget\" data-settings=\"{&quot;_position&quot;:&quot;absolute&quot;}\" data-widget_type=\"image.default\">\n\t\t\t\t<div class=\"elementor-widget-container\">\n\t\t\t<style>\/*! elementor - v3.21.0 - 24-04-2024 *\/\n.elementor-widget-image{text-align:center}.elementor-widget-image a{display:inline-block}.elementor-widget-image a img[src$=\".svg\"]{width:48px}.elementor-widget-image img{vertical-align:middle;display:inline-block}<\/style>\t\t\t\t\t\t\t\t\t\t<img fetchpriority=\"high\" decoding=\"async\" width=\"800\" height=\"791\" src=\"https:\/\/www.24xtrades.com\/wp-content\/uploads\/2024\/04\/Group-200-1-1024x1013.png\" class=\"attachment-large size-large wp-image-20\" alt=\"\" srcset=\"https:\/\/www.24xtrades.com\/wp-content\/uploads\/2024\/04\/Group-200-1-1024x1013.png 1024w, https:\/\/www.24xtrades.com\/wp-content\/uploads\/2024\/04\/Group-200-1-300x297.png 300w, https:\/\/www.24xtrades.com\/wp-content\/uploads\/2024\/04\/Group-200-1-768x760.png 768w, https:\/\/www.24xtrades.com\/wp-content\/uploads\/2024\/04\/Group-200-1.png 1030w\" sizes=\"(max-width: 800px) 100vw, 800px\" \/>\t\t\t\t\t\t\t\t\t\t\t\t\t<\/div>\n\t\t\t\t<\/div>\n\t\t\t\t\t<\/div>\n\t\t<\/div>\n\t\t\t\t\t<\/div>\n\t\t<\/section>\n\t\t\t\t<\/div>","protected":false},"excerpt":{"rendered":"<p>Estrategias de trading \u00bfQu\u00e9 es una estrategia de trading? Una estrategia de trading es un enfoque met\u00f3dico para comprar y vender valores en el mercado. Una estrategia de trading se construye en torno a reglas y criterios predefinidos que se utilizan para tomar decisiones de trading. Una estrategia de trading puede ser simple o compleja y tiene en cuenta factores como el estilo de inversi\u00f3n, [\u2026]<\/p>","protected":false},"author":1,"featured_media":0,"parent":0,"menu_order":0,"comment_status":"closed","ping_status":"closed","template":"","meta":{"footnotes":""},"class_list":["post-742","page","type-page","status-publish","hentry"],"_links":{"self":[{"href":"https:\/\/www.24xtrades.com\/es\/wp-json\/wp\/v2\/pages\/742","targetHints":{"allow":["GET"]}}],"collection":[{"href":"https:\/\/www.24xtrades.com\/es\/wp-json\/wp\/v2\/pages"}],"about":[{"href":"https:\/\/www.24xtrades.com\/es\/wp-json\/wp\/v2\/types\/page"}],"author":[{"embeddable":true,"href":"https:\/\/www.24xtrades.com\/es\/wp-json\/wp\/v2\/users\/1"}],"replies":[{"embeddable":true,"href":"https:\/\/www.24xtrades.com\/es\/wp-json\/wp\/v2\/comments?post=742"}],"version-history":[{"count":10,"href":"https:\/\/www.24xtrades.com\/es\/wp-json\/wp\/v2\/pages\/742\/revisions"}],"predecessor-version":[{"id":831,"href":"https:\/\/www.24xtrades.com\/es\/wp-json\/wp\/v2\/pages\/742\/revisions\/831"}],"wp:attachment":[{"href":"https:\/\/www.24xtrades.com\/es\/wp-json\/wp\/v2\/media?parent=742"}],"curies":[{"name":"wp","href":"https:\/\/api.w.org\/{rel}","templated":true}]}}