{"id":741,"date":"2024-04-30T00:48:29","date_gmt":"2024-04-30T00:48:29","guid":{"rendered":"https:\/\/24xtrades.com\/?page_id=741"},"modified":"2024-04-30T06:44:46","modified_gmt":"2024-04-30T06:44:46","slug":"margin-and-leverage","status":"publish","type":"page","link":"https:\/\/www.24xtrades.com\/es\/margin-and-leverage\/","title":{"rendered":"Margen y apalancamiento"},"content":{"rendered":"<div data-elementor-type=\"wp-page\" data-elementor-id=\"741\" class=\"elementor elementor-741\" data-elementor-post-type=\"page\">\n\t\t\t\t\t\t<section class=\"elementor-section elementor-top-section elementor-element elementor-element-72eac239 elementor-section-boxed elementor-section-height-default elementor-section-height-default elementor-invisible\" data-id=\"72eac239\" data-element_type=\"section\" data-settings=\"{&quot;animation&quot;:&quot;fadeInUp&quot;}\">\n\t\t\t\t\t\t<div class=\"elementor-container elementor-column-gap-default\">\n\t\t\t\t\t<div class=\"elementor-column elementor-col-100 elementor-top-column elementor-element elementor-element-72cc463d\" data-id=\"72cc463d\" data-element_type=\"column\">\n\t\t\t<div class=\"elementor-widget-wrap elementor-element-populated\">\n\t\t\t\t\t\t<div class=\"elementor-element elementor-element-e1f4e6b elementor-widget elementor-widget-heading\" data-id=\"e1f4e6b\" data-element_type=\"widget\" data-widget_type=\"heading.default\">\n\t\t\t\t<div class=\"elementor-widget-container\">\n\t\t\t<style>\/*! elementor - v3.21.0 - 24-04-2024 *\/\n.elementor-heading-title{padding:0;margin:0;line-height:1}.elementor-widget-heading .elementor-heading-title[class*=elementor-size-]>a{color:inherit;font-size:inherit;line-height:inherit}.elementor-widget-heading .elementor-heading-title.elementor-size-small{font-size:15px}.elementor-widget-heading .elementor-heading-title.elementor-size-medium{font-size:19px}.elementor-widget-heading .elementor-heading-title.elementor-size-large{font-size:29px}.elementor-widget-heading .elementor-heading-title.elementor-size-xl{font-size:39px}.elementor-widget-heading .elementor-heading-title.elementor-size-xxl{font-size:59px}<\/style><h1 class=\"elementor-heading-title elementor-size-default\">\nMargen y apalancamiento<\/h1>\t\t<\/div>\n\t\t\t\t<\/div>\n\t\t\t\t<div class=\"elementor-element elementor-element-fb57ed9 elementor-invisible elementor-widget elementor-widget-text-editor\" data-id=\"fb57ed9\" data-element_type=\"widget\" data-settings=\"{&quot;_animation&quot;:&quot;fadeInUp&quot;}\" data-widget_type=\"text-editor.default\">\n\t\t\t\t<div class=\"elementor-widget-container\">\n\t\t\t<style>\/*! elementor - v3.21.0 - 24-04-2024 *\/\n.elementor-widget-text-editor.elementor-drop-cap-view-stacked .elementor-drop-cap{background-color:#69727d;color:#fff}.elementor-widget-text-editor.elementor-drop-cap-view-framed .elementor-drop-cap{color:#69727d;border:3px solid;background-color:transparent}.elementor-widget-text-editor:not(.elementor-drop-cap-view-default) .elementor-drop-cap{margin-top:8px}.elementor-widget-text-editor:not(.elementor-drop-cap-view-default) .elementor-drop-cap-letter{width:1em;height:1em}.elementor-widget-text-editor .elementor-drop-cap{float:left;text-align:center;line-height:1;font-size:50px}.elementor-widget-text-editor .elementor-drop-cap-letter{display:inline-block}<\/style>\t\t\t\t<div class=\"elementor-element elementor-element-e6e828a elementor-widget elementor-widget-text-editor animated fadeInUp\" data-id=\"e6e828a\" data-element_type=\"widget\" data-settings=\"{&quot;_animation&quot;:&quot;fadeInUp&quot;}\" data-widget_type=\"text-editor.default\"><div class=\"elementor-widget-container\"><h3 class=\"consulting-custom-title\">\u00bfQu\u00e9 es exactamente el apalancamiento?<\/h3><\/div><\/div>\t\t\t\t\t\t<\/div>\n\t\t\t\t<\/div>\n\t\t\t\t<div class=\"elementor-element elementor-element-88e5a2e elementor-invisible elementor-widget elementor-widget-text-editor\" data-id=\"88e5a2e\" data-element_type=\"widget\" data-settings=\"{&quot;_animation&quot;:&quot;fadeInUp&quot;}\" data-widget_type=\"text-editor.default\">\n\t\t\t\t<div class=\"elementor-widget-container\">\n\t\t\t\t\t\t\t<div class=\"elementor-element elementor-element-e2acab6 elementor-widget elementor-widget-text-editor animated fadeInUp\" data-id=\"e2acab6\" data-element_type=\"widget\" data-settings=\"{&quot;_animation&quot;:&quot;fadeInUp&quot;}\" data-widget_type=\"text-editor.default\"><div class=\"elementor-widget-container\"><div class=\"elementor-element elementor-element-2dea73d elementor-widget elementor-widget-text-editor animated fadeInUp\" data-id=\"2dea73d\" data-element_type=\"widget\" data-settings=\"{&quot;_animation&quot;:&quot;fadeInUp&quot;}\" data-widget_type=\"text-editor.default\"><div class=\"elementor-widget-container\"><p>El trading con margen se utiliza para aumentar el poder adquisitivo del inversor. El inversor solo debe aportar una fracci\u00f3n de los fondos necesarios para abrir una posici\u00f3n mucho mayor. Esto significa que, en lugar de pagar el valor total de la posici\u00f3n, solo debe pagar un porcentaje de este, conocido como &quot;margen inicial&quot;.<\/p><p>\u00a0<\/p><\/div><\/div><div class=\"elementor-element elementor-element-52c9b86 elementor-widget elementor-widget-vc_custom_heading animated fadeIn\" data-id=\"52c9b86\" data-element_type=\"widget\" data-settings=\"{&quot;_animation&quot;:&quot;fadeIn&quot;}\" data-widget_type=\"vc_custom_heading.default\"><div class=\"elementor-widget-container\"><div class=\"vc_custom_heading consulting_heading_font text_align_center\"><h3 class=\"consulting-custom-title\">El ratio de apalancamiento<\/h3><\/div><\/div><\/div><div class=\"elementor-element elementor-element-726a5f9 elementor-widget elementor-widget-text-editor animated fadeInUp\" data-id=\"726a5f9\" data-element_type=\"widget\" data-settings=\"{&quot;_animation&quot;:&quot;fadeInUp&quot;}\" data-widget_type=\"text-editor.default\"><div class=\"elementor-widget-container\"><p>El ratio de apalancamiento y los requisitos de margen var\u00edan seg\u00fan el br\u00f3ker. El apalancamiento ofrecido tambi\u00e9n estar\u00e1 determinado por el tama\u00f1o de la operaci\u00f3n.<\/p><p>Un requisito de margen m\u00ednimo de 1% equivale a un apalancamiento de 100:1. Una relaci\u00f3n de apalancamiento de 10:1 equivale a 10%.<\/p><div>\u00a0<\/div><\/div><\/div><div class=\"elementor-element elementor-element-732c29d elementor-widget elementor-widget-vc_custom_heading animated fadeIn\" data-id=\"732c29d\" data-element_type=\"widget\" data-settings=\"{&quot;_animation&quot;:&quot;fadeIn&quot;}\" data-widget_type=\"vc_custom_heading.default\"><div class=\"elementor-widget-container\"><div class=\"vc_custom_heading consulting_heading_font text_align_center\"><h3 class=\"consulting-custom-title\">Requisito de margen y margen inicial<\/h3><\/div><\/div><\/div><div class=\"elementor-element elementor-element-dc7cb76 elementor-widget elementor-widget-text-editor animated fadeInUp\" data-id=\"dc7cb76\" data-element_type=\"widget\" data-settings=\"{&quot;_animation&quot;:&quot;fadeInUp&quot;}\" data-widget_type=\"text-editor.default\"><div class=\"elementor-widget-container\"><p>El margen inicial es el monto que se deposita para abrir la posici\u00f3n. En algunos c\u00edrculos, tambi\u00e9n se lo conoce como \u201cdep\u00f3sito inicial\u201d. Los requisitos de margen inicial var\u00edan seg\u00fan el tipo de activo, el instrumento de negociaci\u00f3n y el tama\u00f1o de la operaci\u00f3n prevista para la posici\u00f3n en cada mercado.<\/p><p>NOTA: Antes de realizar operaciones apalancadas, es fundamental que comprenda los conceptos de margen y apalancamiento. Tambi\u00e9n es recomendable practicar operaciones con una cuenta demo en un entorno libre de riesgos.<\/p><\/div><\/div><\/div><\/div>\t\t\t\t\t\t<\/div>\n\t\t\t\t<\/div>\n\t\t\t\t<div class=\"elementor-element elementor-element-6d87f66a elementor-absolute elementor-widget elementor-widget-image\" data-id=\"6d87f66a\" data-element_type=\"widget\" data-settings=\"{&quot;_position&quot;:&quot;absolute&quot;}\" data-widget_type=\"image.default\">\n\t\t\t\t<div class=\"elementor-widget-container\">\n\t\t\t<style>\/*! elementor - v3.21.0 - 24-04-2024 *\/\n.elementor-widget-image{text-align:center}.elementor-widget-image a{display:inline-block}.elementor-widget-image a img[src$=\".svg\"]{width:48px}.elementor-widget-image img{vertical-align:middle;display:inline-block}<\/style>\t\t\t\t\t\t\t\t\t\t<img fetchpriority=\"high\" decoding=\"async\" width=\"800\" height=\"791\" src=\"https:\/\/www.24xtrades.com\/wp-content\/uploads\/2024\/04\/Group-200-1-1024x1013.png\" class=\"attachment-large size-large wp-image-20\" alt=\"\" srcset=\"https:\/\/www.24xtrades.com\/wp-content\/uploads\/2024\/04\/Group-200-1-1024x1013.png 1024w, https:\/\/www.24xtrades.com\/wp-content\/uploads\/2024\/04\/Group-200-1-300x297.png 300w, https:\/\/www.24xtrades.com\/wp-content\/uploads\/2024\/04\/Group-200-1-768x760.png 768w, https:\/\/www.24xtrades.com\/wp-content\/uploads\/2024\/04\/Group-200-1.png 1030w\" sizes=\"(max-width: 800px) 100vw, 800px\" \/>\t\t\t\t\t\t\t\t\t\t\t\t\t<\/div>\n\t\t\t\t<\/div>\n\t\t\t\t\t<\/div>\n\t\t<\/div>\n\t\t\t\t\t<\/div>\n\t\t<\/section>\n\t\t\t\t<\/div>","protected":false},"excerpt":{"rendered":"<p>Margen y apalancamiento \u00bfQu\u00e9 es exactamente el apalancamiento? El trading con margen se utiliza para aumentar el poder adquisitivo de un inversor. A un inversor solo se le exige que aporte una fracci\u00f3n de los fondos necesarios para abrir una posici\u00f3n mucho m\u00e1s grande. Esto significa que, en lugar de pagar el valor total de la posici\u00f3n, solo necesita pagar una [\u2026]<\/p>","protected":false},"author":1,"featured_media":0,"parent":0,"menu_order":0,"comment_status":"closed","ping_status":"closed","template":"","meta":{"footnotes":""},"class_list":["post-741","page","type-page","status-publish","hentry"],"_links":{"self":[{"href":"https:\/\/www.24xtrades.com\/es\/wp-json\/wp\/v2\/pages\/741","targetHints":{"allow":["GET"]}}],"collection":[{"href":"https:\/\/www.24xtrades.com\/es\/wp-json\/wp\/v2\/pages"}],"about":[{"href":"https:\/\/www.24xtrades.com\/es\/wp-json\/wp\/v2\/types\/page"}],"author":[{"embeddable":true,"href":"https:\/\/www.24xtrades.com\/es\/wp-json\/wp\/v2\/users\/1"}],"replies":[{"embeddable":true,"href":"https:\/\/www.24xtrades.com\/es\/wp-json\/wp\/v2\/comments?post=741"}],"version-history":[{"count":7,"href":"https:\/\/www.24xtrades.com\/es\/wp-json\/wp\/v2\/pages\/741\/revisions"}],"predecessor-version":[{"id":783,"href":"https:\/\/www.24xtrades.com\/es\/wp-json\/wp\/v2\/pages\/741\/revisions\/783"}],"wp:attachment":[{"href":"https:\/\/www.24xtrades.com\/es\/wp-json\/wp\/v2\/media?parent=741"}],"curies":[{"name":"wp","href":"https:\/\/api.w.org\/{rel}","templated":true}]}}