{"id":739,"date":"2024-04-30T00:47:50","date_gmt":"2024-04-30T00:47:50","guid":{"rendered":"https:\/\/24xtrades.com\/?page_id=739"},"modified":"2024-04-30T06:39:13","modified_gmt":"2024-04-30T06:39:13","slug":"cfd","status":"publish","type":"page","link":"https:\/\/www.24xtrades.com\/es\/cfd\/","title":{"rendered":"CFD"},"content":{"rendered":"<div data-elementor-type=\"wp-page\" data-elementor-id=\"739\" class=\"elementor elementor-739\" data-elementor-post-type=\"page\">\n\t\t\t\t\t\t<section class=\"elementor-section elementor-top-section elementor-element elementor-element-400449c1 elementor-section-boxed elementor-section-height-default elementor-section-height-default elementor-invisible\" data-id=\"400449c1\" data-element_type=\"section\" data-settings=\"{&quot;animation&quot;:&quot;fadeInUp&quot;}\">\n\t\t\t\t\t\t<div class=\"elementor-container elementor-column-gap-default\">\n\t\t\t\t\t<div class=\"elementor-column elementor-col-100 elementor-top-column elementor-element elementor-element-1aff5ff8\" data-id=\"1aff5ff8\" data-element_type=\"column\">\n\t\t\t<div class=\"elementor-widget-wrap elementor-element-populated\">\n\t\t\t\t\t\t<div class=\"elementor-element elementor-element-7ea31eb elementor-widget elementor-widget-heading\" data-id=\"7ea31eb\" data-element_type=\"widget\" data-widget_type=\"heading.default\">\n\t\t\t\t<div class=\"elementor-widget-container\">\n\t\t\t<style>\/*! elementor - v3.21.0 - 24-04-2024 *\/\n.elementor-heading-title{padding:0;margin:0;line-height:1}.elementor-widget-heading .elementor-heading-title[class*=elementor-size-]>a{color:inherit;font-size:inherit;line-height:inherit}.elementor-widget-heading .elementor-heading-title.elementor-size-small{font-size:15px}.elementor-widget-heading .elementor-heading-title.elementor-size-medium{font-size:19px}.elementor-widget-heading .elementor-heading-title.elementor-size-large{font-size:29px}.elementor-widget-heading .elementor-heading-title.elementor-size-xl{font-size:39px}.elementor-widget-heading .elementor-heading-title.elementor-size-xxl{font-size:59px}<\/style><h1 class=\"elementor-heading-title elementor-size-default\">CFD de 24XTRADE<\/h1>\t\t<\/div>\n\t\t\t\t<\/div>\n\t\t\t\t<div class=\"elementor-element elementor-element-44ece71 elementor-invisible elementor-widget elementor-widget-text-editor\" data-id=\"44ece71\" data-element_type=\"widget\" data-settings=\"{&quot;_animation&quot;:&quot;fadeInUp&quot;}\" data-widget_type=\"text-editor.default\">\n\t\t\t\t<div class=\"elementor-widget-container\">\n\t\t\t<style>\/*! elementor - v3.21.0 - 24-04-2024 *\/\n.elementor-widget-text-editor.elementor-drop-cap-view-stacked .elementor-drop-cap{background-color:#69727d;color:#fff}.elementor-widget-text-editor.elementor-drop-cap-view-framed .elementor-drop-cap{color:#69727d;border:3px solid;background-color:transparent}.elementor-widget-text-editor:not(.elementor-drop-cap-view-default) .elementor-drop-cap{margin-top:8px}.elementor-widget-text-editor:not(.elementor-drop-cap-view-default) .elementor-drop-cap-letter{width:1em;height:1em}.elementor-widget-text-editor .elementor-drop-cap{float:left;text-align:center;line-height:1;font-size:50px}.elementor-widget-text-editor .elementor-drop-cap-letter{display:inline-block}<\/style>\t\t\t\t<div class=\"elementor-element elementor-element-e6e828a elementor-widget elementor-widget-text-editor animated fadeInUp\" data-id=\"e6e828a\" data-element_type=\"widget\" data-settings=\"{&quot;_animation&quot;:&quot;fadeInUp&quot;}\" data-widget_type=\"text-editor.default\"><div class=\"elementor-widget-container\"><h3 class=\"consulting-custom-title\">Comercio de CFD<\/h3><\/div><\/div>\t\t\t\t\t\t<\/div>\n\t\t\t\t<\/div>\n\t\t\t\t<div class=\"elementor-element elementor-element-3f9f718 elementor-invisible elementor-widget elementor-widget-text-editor\" data-id=\"3f9f718\" data-element_type=\"widget\" data-settings=\"{&quot;_animation&quot;:&quot;fadeInUp&quot;}\" data-widget_type=\"text-editor.default\">\n\t\t\t\t<div class=\"elementor-widget-container\">\n\t\t\t\t\t\t\t<div class=\"elementor-element elementor-element-e2acab6 elementor-widget elementor-widget-text-editor animated fadeInUp\" data-id=\"e2acab6\" data-element_type=\"widget\" data-settings=\"{&quot;_animation&quot;:&quot;fadeInUp&quot;}\" data-widget_type=\"text-editor.default\"><div class=\"elementor-widget-container\"><p>\u00bfQu\u00e9 es y c\u00f3mo funciona?<\/p><\/div><\/div><div class=\"elementor-element elementor-element-7925898 elementor-widget elementor-widget-text-editor animated fadeInUp\" data-id=\"7925898\" data-element_type=\"widget\" data-settings=\"{&quot;_animation&quot;:&quot;fadeInUp&quot;}\" data-widget_type=\"text-editor.default\"><div class=\"elementor-widget-container\"><p>Un CFD o contrato por diferencia es un contrato entre un comprador y un corredor u otra instituci\u00f3n vendedora para intercambiar la diferencia entre el precio de compra del contrato y el precio al que se vende. Comprar o vender un CFD sirve como sustituto de comprar o vender un activo subyacente, sin necesidad de intercambiar realmente el activo.<\/p><p>As\u00ed es como funciona: si el precio de cierre peri\u00f3dico del instrumento subyacente sube, el comprador se beneficia; y si baja, el vendedor se beneficia.<\/p><\/div><\/div><div class=\"elementor-element elementor-element-5eaa4d5 elementor-widget elementor-widget-vc_custom_heading animated fadeIn\" data-id=\"5eaa4d5\" data-element_type=\"widget\" data-settings=\"{&quot;_animation&quot;:&quot;fadeIn&quot;}\" data-widget_type=\"vc_custom_heading.default\"><div class=\"elementor-widget-container\"><div class=\"vc_custom_heading consulting_heading_font text_align_center\"><h3 class=\"consulting-custom-title\">Ventajas de los CFD<\/h3><\/div><\/div><\/div><div class=\"elementor-element elementor-element-9f37569 elementor-widget elementor-widget-text-editor animated fadeInUp\" data-id=\"9f37569\" data-element_type=\"widget\" data-settings=\"{&quot;_animation&quot;:&quot;fadeInUp&quot;}\" data-widget_type=\"text-editor.default\"><div class=\"elementor-widget-container\"><p>El trading con CFD es una alternativa popular a la inversi\u00f3n tradicional debido a su capacidad para maximizar las inversiones de capital y, a su vez, aumentar sus posibles ganancias o p\u00e9rdidas. Este enfoque del trading de divisas ha ganado popularidad durante la \u00faltima d\u00e9cada, especialmente con algunas firmas de corretaje que ofrecen protecci\u00f3n de saldo negativo para limitar las grandes p\u00e9rdidas que podr\u00edan endeudar su cuenta de operaciones.<\/p><\/div><\/div><div class=\"elementor-element elementor-element-e8adc19 elementor-widget elementor-widget-text-editor animated fadeInUp\" data-id=\"e8adc19\" data-element_type=\"widget\" data-settings=\"{&quot;_animation&quot;:&quot;fadeInUp&quot;}\" data-widget_type=\"text-editor.default\"><div class=\"elementor-widget-container\"><p>Beneficios clave:<\/p><\/div><\/div><div class=\"elementor-element elementor-element-d9aefe1 elementor-widget elementor-widget-text-editor\" data-id=\"d9aefe1\" data-element_type=\"widget\" data-widget_type=\"text-editor.default\"><div class=\"elementor-widget-container\"><p>*Mayor apalancamiento en el comercio<\/p><p>*Potencial de ganancias tanto en mercados bajistas como alcistas<\/p><p>*Tama\u00f1os de lotes flexibles<\/p><p>*Costos comerciales m\u00e1s bajos<\/p><p>*Opciones de cobertura de Broder<\/p><p>*Sin fecha de caducidad<\/p><\/div><\/div><div class=\"elementor-element elementor-element-6bc30b3 elementor-widget elementor-widget-vc_custom_heading animated fadeIn\" data-id=\"6bc30b3\" data-element_type=\"widget\" data-settings=\"{&quot;_animation&quot;:&quot;fadeIn&quot;}\" data-widget_type=\"vc_custom_heading.default\"><div class=\"elementor-widget-container\"><div class=\"vc_custom_heading consulting_heading_font text_align_center\"><h3 class=\"consulting-custom-title\">Ir largo o ir corto<\/h3><\/div><\/div><\/div><div class=\"elementor-element elementor-element-f02bc15 elementor-widget elementor-widget-text-editor animated fadeInUp\" data-id=\"f02bc15\" data-element_type=\"widget\" data-settings=\"{&quot;_animation&quot;:&quot;fadeInUp&quot;}\" data-widget_type=\"text-editor.default\"><div class=\"elementor-widget-container\"><p>Los CFD pueden implicar operaciones a largo o corto plazo. En una operaci\u00f3n a largo plazo con CFD, un operador celebra un contrato de compra con la esperanza de que el precio del activo subyacente suba. En una operaci\u00f3n a corto plazo con CFD, un operador celebra un contrato de venta con la esperanza de que el precio del activo subyacente baje.<\/p><p>La flexibilidad para tomar posiciones largas o cortas en el mercado es especialmente \u00fatil para los operadores a corto plazo. Las estrategias de inversi\u00f3n tradicionales de \u201ccomprar y mantener\u201d est\u00e1n dise\u00f1adas para marcos temporales m\u00e1s largos, que van desde meses hasta a\u00f1os. Poder convertirse r\u00e1pidamente en una posici\u00f3n neta larga o neta corta en una determinada clase de activo es \u00fatil para sacar provecho de las oscilaciones peri\u00f3dicas de los precios. Si un mercado sube o baja inesperadamente, se pueden operar con CFD y participar en la acci\u00f3n.<\/p><\/div><\/div><div class=\"elementor-element elementor-element-e540629 elementor-widget elementor-widget-vc_custom_heading animated fadeIn\" data-id=\"e540629\" data-element_type=\"widget\" data-settings=\"{&quot;_animation&quot;:&quot;fadeIn&quot;}\" data-widget_type=\"vc_custom_heading.default\"><div class=\"elementor-widget-container\"><div class=\"vc_custom_heading consulting_heading_font text_align_center\"><h3 class=\"consulting-custom-title\">Comercio en una amplia variedad de mercados.<\/h3><\/div><\/div><\/div><div class=\"elementor-element elementor-element-f823f38 elementor-widget elementor-widget-text-editor animated fadeInUp\" data-id=\"f823f38\" data-element_type=\"widget\" data-settings=\"{&quot;_animation&quot;:&quot;fadeInUp&quot;}\" data-widget_type=\"text-editor.default\"><div class=\"elementor-widget-container\"><p>Los CFD se pueden utilizar para operar con m\u00e1s de 10 000 activos diferentes, entre los que se incluyen acciones, \u00edndices, materias primas, divisas, criptomonedas, opciones y m\u00e1s. Adem\u00e1s, no es necesario utilizar varias plataformas para operar en diferentes mercados. Todo es accesible a trav\u00e9s de un \u00fanico inicio de sesi\u00f3n, donde sea que lo necesite: puede operar utilizando su navegador web, tel\u00e9fono o tableta.<\/p><\/div><\/div><div class=\"elementor-element elementor-element-b84fd6e elementor-widget elementor-widget-vc_custom_heading animated fadeIn\" data-id=\"b84fd6e\" data-element_type=\"widget\" data-settings=\"{&quot;_animation&quot;:&quot;fadeIn&quot;}\" data-widget_type=\"vc_custom_heading.default\"><div class=\"elementor-widget-container\"><div class=\"vc_custom_heading consulting_heading_font text_align_center\"><h3 class=\"consulting-custom-title\">C\u00f3mo cubrir su cartera de inversiones<\/h3><\/div><\/div><\/div><div class=\"elementor-element elementor-element-5a567e9 elementor-widget elementor-widget-text-editor animated fadeInUp\" data-id=\"5a567e9\" data-element_type=\"widget\" data-settings=\"{&quot;_animation&quot;:&quot;fadeInUp&quot;}\" data-widget_type=\"text-editor.default\"><div class=\"elementor-widget-container\"><p>Gracias al compromiso de capital limitado necesario para abrir una posici\u00f3n, los operadores tienen acceso a fondos que pueden usarse para implementar posiciones cubiertas y limitar su riesgo en cualquier momento.<\/p><p>Esta es una estrategia \u00fatil cuando ha tomado una posici\u00f3n arriesgada en un CFD o cuando una posici\u00f3n a largo plazo est\u00e1 acumulando p\u00e9rdidas. En lugar de vender con p\u00e9rdidas y agotar los fondos de su cuenta, puede abrir posiciones adicionales con la esperanza de generar ganancias que equilibren su posici\u00f3n inicial. Cuando se utiliza correctamente, una estrategia de cobertura puede equilibrar algunos de los riesgos que conllevan las operaciones con CFD.<\/p><\/div><\/div>\t\t\t\t\t\t<\/div>\n\t\t\t\t<\/div>\n\t\t\t\t<div class=\"elementor-element elementor-element-7fb9a14d elementor-absolute elementor-widget elementor-widget-image\" data-id=\"7fb9a14d\" data-element_type=\"widget\" data-settings=\"{&quot;_position&quot;:&quot;absolute&quot;}\" data-widget_type=\"image.default\">\n\t\t\t\t<div class=\"elementor-widget-container\">\n\t\t\t<style>\/*! elementor - v3.21.0 - 24-04-2024 *\/\n.elementor-widget-image{text-align:center}.elementor-widget-image a{display:inline-block}.elementor-widget-image a img[src$=\".svg\"]{width:48px}.elementor-widget-image img{vertical-align:middle;display:inline-block}<\/style>\t\t\t\t\t\t\t\t\t\t<img fetchpriority=\"high\" decoding=\"async\" width=\"800\" height=\"791\" src=\"https:\/\/www.24xtrades.com\/wp-content\/uploads\/2024\/04\/Group-200-1-1024x1013.png\" class=\"attachment-large size-large wp-image-20\" alt=\"\" srcset=\"https:\/\/www.24xtrades.com\/wp-content\/uploads\/2024\/04\/Group-200-1-1024x1013.png 1024w, https:\/\/www.24xtrades.com\/wp-content\/uploads\/2024\/04\/Group-200-1-300x297.png 300w, https:\/\/www.24xtrades.com\/wp-content\/uploads\/2024\/04\/Group-200-1-768x760.png 768w, https:\/\/www.24xtrades.com\/wp-content\/uploads\/2024\/04\/Group-200-1.png 1030w\" sizes=\"(max-width: 800px) 100vw, 800px\" \/>\t\t\t\t\t\t\t\t\t\t\t\t\t<\/div>\n\t\t\t\t<\/div>\n\t\t\t\t\t<\/div>\n\t\t<\/div>\n\t\t\t\t\t<\/div>\n\t\t<\/section>\n\t\t\t\t<\/div>","protected":false},"excerpt":{"rendered":"<p>24XTRADE CFD Trading con CFD \u00bfQu\u00e9 es y c\u00f3mo funciona? El CFD o contrato por diferencia es un contrato entre un comprador y un corredor u otra instituci\u00f3n vendedora para intercambiar la diferencia entre el precio de compra del contrato y el precio al que se vende. Comprar o vender un CFD [\u2026]<\/p>","protected":false},"author":1,"featured_media":0,"parent":0,"menu_order":0,"comment_status":"closed","ping_status":"closed","template":"","meta":{"footnotes":""},"class_list":["post-739","page","type-page","status-publish","hentry"],"_links":{"self":[{"href":"https:\/\/www.24xtrades.com\/es\/wp-json\/wp\/v2\/pages\/739","targetHints":{"allow":["GET"]}}],"collection":[{"href":"https:\/\/www.24xtrades.com\/es\/wp-json\/wp\/v2\/pages"}],"about":[{"href":"https:\/\/www.24xtrades.com\/es\/wp-json\/wp\/v2\/types\/page"}],"author":[{"embeddable":true,"href":"https:\/\/www.24xtrades.com\/es\/wp-json\/wp\/v2\/users\/1"}],"replies":[{"embeddable":true,"href":"https:\/\/www.24xtrades.com\/es\/wp-json\/wp\/v2\/comments?post=739"}],"version-history":[{"count":7,"href":"https:\/\/www.24xtrades.com\/es\/wp-json\/wp\/v2\/pages\/739\/revisions"}],"predecessor-version":[{"id":775,"href":"https:\/\/www.24xtrades.com\/es\/wp-json\/wp\/v2\/pages\/739\/revisions\/775"}],"wp:attachment":[{"href":"https:\/\/www.24xtrades.com\/es\/wp-json\/wp\/v2\/media?parent=739"}],"curies":[{"name":"wp","href":"https:\/\/api.w.org\/{rel}","templated":true}]}}