{"id":352,"date":"2024-04-26T13:03:35","date_gmt":"2024-04-26T13:03:35","guid":{"rendered":"https:\/\/24xtrades.com\/?page_id=352"},"modified":"2024-05-09T11:38:54","modified_gmt":"2024-05-09T11:38:54","slug":"stock-trading","status":"publish","type":"page","link":"https:\/\/www.24xtrades.com\/es\/stock-trading\/","title":{"rendered":"Comercio de acciones"},"content":{"rendered":"<div data-elementor-type=\"wp-page\" data-elementor-id=\"352\" class=\"elementor elementor-352\" data-elementor-post-type=\"page\">\n\t\t\t\t\t\t<section class=\"elementor-section elementor-top-section elementor-element elementor-element-44ba7fe8 elementor-section-boxed elementor-section-height-default elementor-section-height-default elementor-invisible\" data-id=\"44ba7fe8\" data-element_type=\"section\" data-settings=\"{&quot;animation&quot;:&quot;fadeInUp&quot;}\">\n\t\t\t\t\t\t<div class=\"elementor-container elementor-column-gap-default\">\n\t\t\t\t\t<div class=\"elementor-column elementor-col-100 elementor-top-column elementor-element elementor-element-2c2ee2\" data-id=\"2c2ee2\" data-element_type=\"column\">\n\t\t\t<div class=\"elementor-widget-wrap elementor-element-populated\">\n\t\t\t\t\t\t<div class=\"elementor-element elementor-element-9dc6db1 elementor-absolute elementor-widget elementor-widget-image\" data-id=\"9dc6db1\" data-element_type=\"widget\" data-settings=\"{&quot;_position&quot;:&quot;absolute&quot;}\" data-widget_type=\"image.default\">\n\t\t\t\t<div class=\"elementor-widget-container\">\n\t\t\t<style>\/*! elementor - v3.21.0 - 24-04-2024 *\/\n.elementor-widget-image{text-align:center}.elementor-widget-image a{display:inline-block}.elementor-widget-image a img[src$=\".svg\"]{width:48px}.elementor-widget-image img{vertical-align:middle;display:inline-block}<\/style>\t\t\t\t\t\t\t\t\t\t<img fetchpriority=\"high\" decoding=\"async\" width=\"800\" height=\"791\" src=\"https:\/\/www.24xtrades.com\/wp-content\/uploads\/2024\/04\/Group-200-1-1024x1013.png\" class=\"attachment-large size-large wp-image-20\" alt=\"\" srcset=\"https:\/\/www.24xtrades.com\/wp-content\/uploads\/2024\/04\/Group-200-1-1024x1013.png 1024w, https:\/\/www.24xtrades.com\/wp-content\/uploads\/2024\/04\/Group-200-1-300x297.png 300w, https:\/\/www.24xtrades.com\/wp-content\/uploads\/2024\/04\/Group-200-1-768x760.png 768w, https:\/\/www.24xtrades.com\/wp-content\/uploads\/2024\/04\/Group-200-1.png 1030w\" sizes=\"(max-width: 800px) 100vw, 800px\" \/>\t\t\t\t\t\t\t\t\t\t\t\t\t<\/div>\n\t\t\t\t<\/div>\n\t\t\t\t\t<\/div>\n\t\t<\/div>\n\t\t\t\t\t<\/div>\n\t\t<\/section>\n\t\t<div class=\"elementor-element elementor-element-a3382b8 e-flex e-con-boxed e-con e-parent\" data-id=\"a3382b8\" data-element_type=\"container\">\n\t\t\t\t\t<div class=\"e-con-inner\">\n\t\t\t\t<div class=\"elementor-element elementor-element-03fce12 elementor-widget elementor-widget-heading\" data-id=\"03fce12\" data-element_type=\"widget\" data-widget_type=\"heading.default\">\n\t\t\t\t<div class=\"elementor-widget-container\">\n\t\t\t<style>\/*! elementor - v3.21.0 - 24-04-2024 *\/\n.elementor-heading-title{padding:0;margin:0;line-height:1}.elementor-widget-heading .elementor-heading-title[class*=elementor-size-]>a{color:inherit;font-size:inherit;line-height:inherit}.elementor-widget-heading .elementor-heading-title.elementor-size-small{font-size:15px}.elementor-widget-heading .elementor-heading-title.elementor-size-medium{font-size:19px}.elementor-widget-heading .elementor-heading-title.elementor-size-large{font-size:29px}.elementor-widget-heading .elementor-heading-title.elementor-size-xl{font-size:39px}.elementor-widget-heading .elementor-heading-title.elementor-size-xxl{font-size:59px}<\/style><h1 class=\"elementor-heading-title elementor-size-default\">Comercio de acciones<\/h1>\t\t<\/div>\n\t\t\t\t<\/div>\n\t\t\t\t<div class=\"elementor-element elementor-element-481fcb3 elementor-widget elementor-widget-image\" data-id=\"481fcb3\" data-element_type=\"widget\" data-widget_type=\"image.default\">\n\t\t\t\t<div class=\"elementor-widget-container\">\n\t\t\t\t\t\t\t\t\t\t\t\t\t<img decoding=\"async\" width=\"800\" height=\"359\" src=\"https:\/\/www.24xtrades.com\/wp-content\/uploads\/2024\/05\/1x-7-1024x459.png\" class=\"attachment-large size-large wp-image-1117\" alt=\"\" srcset=\"https:\/\/www.24xtrades.com\/wp-content\/uploads\/2024\/05\/1x-7-1024x459.png 1024w, https:\/\/www.24xtrades.com\/wp-content\/uploads\/2024\/05\/1x-7-300x135.png 300w, https:\/\/www.24xtrades.com\/wp-content\/uploads\/2024\/05\/1x-7-768x344.png 768w, https:\/\/www.24xtrades.com\/wp-content\/uploads\/2024\/05\/1x-7.png 1360w\" sizes=\"(max-width: 800px) 100vw, 800px\" \/>\t\t\t\t\t\t\t\t\t\t\t\t\t<\/div>\n\t\t\t\t<\/div>\n\t\t\t\t\t<\/div>\n\t\t\t\t<\/div>\n\t\t<div class=\"elementor-element elementor-element-a51e192 e-flex e-con-boxed e-con e-parent\" data-id=\"a51e192\" data-element_type=\"container\">\n\t\t\t\t\t<div class=\"e-con-inner\">\n\t\t\t\t<div class=\"elementor-element elementor-element-4b88f4f elementor-invisible elementor-widget elementor-widget-text-editor\" data-id=\"4b88f4f\" data-element_type=\"widget\" data-settings=\"{&quot;_animation&quot;:&quot;fadeInUp&quot;}\" data-widget_type=\"text-editor.default\">\n\t\t\t\t<div class=\"elementor-widget-container\">\n\t\t\t<style>\/*! elementor - v3.21.0 - 24-04-2024 *\/\n.elementor-widget-text-editor.elementor-drop-cap-view-stacked .elementor-drop-cap{background-color:#69727d;color:#fff}.elementor-widget-text-editor.elementor-drop-cap-view-framed .elementor-drop-cap{color:#69727d;border:3px solid;background-color:transparent}.elementor-widget-text-editor:not(.elementor-drop-cap-view-default) .elementor-drop-cap{margin-top:8px}.elementor-widget-text-editor:not(.elementor-drop-cap-view-default) .elementor-drop-cap-letter{width:1em;height:1em}.elementor-widget-text-editor .elementor-drop-cap{float:left;text-align:center;line-height:1;font-size:50px}.elementor-widget-text-editor .elementor-drop-cap-letter{display:inline-block}<\/style>\t\t\t\t<div data-id=\"05114bc\" data-element_type=\"widget\" data-settings=\"{&quot;_animation&quot;:&quot;fadeIn&quot;}\" data-widget_type=\"vc_custom_heading.default\">\n<div>\n<div>\n<h3>Cepo<\/h3>\n<\/div>\n<\/div>\n<\/div>\t\t\t\t\t\t<\/div>\n\t\t\t\t<\/div>\n\t\t\t\t<div class=\"elementor-element elementor-element-7629274 elementor-invisible elementor-widget elementor-widget-text-editor\" data-id=\"7629274\" data-element_type=\"widget\" data-settings=\"{&quot;_animation&quot;:&quot;fadeInUp&quot;}\" data-widget_type=\"text-editor.default\">\n\t\t\t\t<div class=\"elementor-widget-container\">\n\t\t\t\t\t\t\t<p>24XTRADE ofrece operaciones burs\u00e1tiles sin comisiones, sin costes ocultos ni gastos adicionales. Nuestros spreads son fijos y extremadamente competitivos, y mantenemos los costes de operaci\u00f3n al m\u00ednimo. Como operador de 24XTRADE, disfruta de acceso las 24 horas del d\u00eda a inversiones de bajo coste en acciones de las bolsas m\u00e1s grandes y conocidas del mundo.<\/p><p>Disfrute de spreads ajustados, dep\u00f3sitos y retiros r\u00e1pidos, y opere utilizando la plataforma m\u00e1s popular del mundo, MetaTrader 5, o directamente en su navegador utilizando nuestro WebTrader.<br \/><br \/><\/p><section data-id=\"a0094d2\" data-element_type=\"section\"><div><div data-id=\"1b06784\" data-element_type=\"column\"><div><div data-id=\"003e155\" data-element_type=\"widget\" data-settings=\"{&quot;_animation&quot;:&quot;fadeIn&quot;}\" data-widget_type=\"vc_custom_heading.default\"><div><div><h3>\u00bfQu\u00e9 son exactamente las acciones?<\/h3><\/div><\/div><\/div><div data-id=\"2f2ba49\" data-element_type=\"widget\" data-settings=\"{&quot;_animation&quot;:&quot;fadeInUp&quot;}\" data-widget_type=\"text-editor.default\"><div><p>Las acciones, por definici\u00f3n, son valores que representan participaciones en la propiedad de una empresa. Las empresas suelen vender acciones si quieren recaudar dinero para hacer crecer o desarrollar su negocio. Desde el punto de vista de un inversor, la compra de acciones podr\u00eda ofrecerle una forma de aumentar su riqueza. La oferta y la demanda determinan el precio de las acciones, lo que normalmente significa que cuantas m\u00e1s personas vendan el mismo tipo de acciones, menor ser\u00e1 el precio. Por el contrario, cuantas m\u00e1s personas compren las acciones, mayor ser\u00e1 el precio. A continuaci\u00f3n, puede optar por vender sus acciones para obtener una ganancia.<br \/><br \/><\/p><\/div><\/div><\/div><\/div><\/div><\/section><section data-id=\"03b91bb\" data-element_type=\"section\"><div><div data-id=\"bbaef9c\" data-element_type=\"column\"><div><div data-id=\"2e91ea5\" data-element_type=\"widget\" data-settings=\"{&quot;_animation&quot;:&quot;fadeIn&quot;}\" data-widget_type=\"vc_custom_heading.default\"><div><div><h3>Ventajas de operar con acciones en 24XTRADE<\/h3><\/div><\/div><\/div><div data-id=\"9f11c0d\" data-element_type=\"widget\" data-settings=\"{&quot;_animation&quot;:&quot;fadeInUp&quot;}\" data-widget_type=\"text-editor.default\"><div><h6>Aprovechar<\/h6><\/div><\/div><div data-id=\"2d6c0d3\" data-element_type=\"widget\" data-widget_type=\"text-editor.default\"><div><p>El apalancamiento le permite obtener una exposici\u00f3n significativa a cualquier mercado financiero con una inversi\u00f3n modesta. Puede aumentar sus ganancias generales al hacerlo, ya que se basan en el monto total de inversi\u00f3n de la posici\u00f3n.<\/p><\/div><\/div><div data-id=\"3ead42e\" data-element_type=\"widget\" data-settings=\"{&quot;_animation&quot;:&quot;fadeInUp&quot;}\" data-widget_type=\"text-editor.default\"><div><h6>Diversificaci\u00f3n<\/h6><\/div><\/div><div data-id=\"165d561\" data-element_type=\"widget\" data-widget_type=\"text-editor.default\"><div><p>Distribuir sus activos en distintas clases de activos da como resultado una cartera bien diversificada, minimiza la volatilidad del mercado en proporci\u00f3n directa a sus transacciones y reduce su exposici\u00f3n total al riesgo.<\/p><\/div><\/div><div data-id=\"510314e\" data-element_type=\"widget\" data-settings=\"{&quot;_animation&quot;:&quot;fadeInUp&quot;}\" data-widget_type=\"text-editor.default\"><div><h6>Gesti\u00f3n de riesgos<\/h6><\/div><\/div><div data-id=\"82d1fe9\" data-element_type=\"widget\" data-widget_type=\"text-editor.default\"><div><p>Gracias a los par\u00e1metros de stop loss\/take profit, siempre es posible gestionar adecuadamente el dinero. Puede mantener niveles de riesgo razonables cancelando autom\u00e1ticamente cualquier posici\u00f3n abierta si el precio cae o aumenta por encima de un nivel espec\u00edfico.<\/p><\/div><\/div><div data-id=\"9151192\" data-element_type=\"widget\" data-settings=\"{&quot;_animation&quot;:&quot;fadeInUp&quot;}\" data-widget_type=\"text-editor.default\"><div><h6>Oportunidades de mercado<\/h6><\/div><\/div><div data-id=\"1987323\" data-element_type=\"widget\" data-widget_type=\"text-editor.default\"><div><p>Se pueden obtener ganancias a trav\u00e9s de operaciones en Internet tanto en mercados alcistas como bajistas. Puede abrir una posici\u00f3n de VENTA y obtener ganancias cuando el precio del activo baje, o puede abrir una posici\u00f3n de COMPRA y obtener ganancias cuando el precio del activo aumente.<\/p><p>\u00a0<\/p><\/div><\/div><\/div><\/div><\/div><\/section>\t\t\t\t\t\t<\/div>\n\t\t\t\t<\/div>\n\t\t\t\t\t<\/div>\n\t\t\t\t<\/div>\n\t\t\t\t<\/div>","protected":false},"excerpt":{"rendered":"<p>Operaciones burs\u00e1tiles Stocks 24XTRADE ofrece operaciones burs\u00e1tiles sin comisiones, sin costes ocultos ni gastos adicionales. Nuestros spreads son fijos y extremadamente competitivos, y mantenemos los costes de operaci\u00f3n al m\u00ednimo. Como operador de Tradeopol, disfruta de acceso las 24 horas del d\u00eda a inversiones de bajo coste en acciones de las bolsas m\u00e1s grandes y conocidas del mundo. Disfrute de spreads ajustados, [\u2026]<\/p>","protected":false},"author":1,"featured_media":0,"parent":0,"menu_order":0,"comment_status":"closed","ping_status":"closed","template":"","meta":{"footnotes":""},"class_list":["post-352","page","type-page","status-publish","hentry"],"_links":{"self":[{"href":"https:\/\/www.24xtrades.com\/es\/wp-json\/wp\/v2\/pages\/352","targetHints":{"allow":["GET"]}}],"collection":[{"href":"https:\/\/www.24xtrades.com\/es\/wp-json\/wp\/v2\/pages"}],"about":[{"href":"https:\/\/www.24xtrades.com\/es\/wp-json\/wp\/v2\/types\/page"}],"author":[{"embeddable":true,"href":"https:\/\/www.24xtrades.com\/es\/wp-json\/wp\/v2\/users\/1"}],"replies":[{"embeddable":true,"href":"https:\/\/www.24xtrades.com\/es\/wp-json\/wp\/v2\/comments?post=352"}],"version-history":[{"count":28,"href":"https:\/\/www.24xtrades.com\/es\/wp-json\/wp\/v2\/pages\/352\/revisions"}],"predecessor-version":[{"id":1153,"href":"https:\/\/www.24xtrades.com\/es\/wp-json\/wp\/v2\/pages\/352\/revisions\/1153"}],"wp:attachment":[{"href":"https:\/\/www.24xtrades.com\/es\/wp-json\/wp\/v2\/media?parent=352"}],"curies":[{"name":"wp","href":"https:\/\/api.w.org\/{rel}","templated":true}]}}