{"id":351,"date":"2024-04-26T13:03:27","date_gmt":"2024-04-26T13:03:27","guid":{"rendered":"https:\/\/24xtrades.com\/?page_id=351"},"modified":"2024-05-09T11:38:34","modified_gmt":"2024-05-09T11:38:34","slug":"crypto-trading","status":"publish","type":"page","link":"https:\/\/www.24xtrades.com\/es\/crypto-trading\/","title":{"rendered":"Comercio de criptomonedas"},"content":{"rendered":"<div data-elementor-type=\"wp-page\" data-elementor-id=\"351\" class=\"elementor elementor-351\" data-elementor-post-type=\"page\">\n\t\t\t\t\t\t<section class=\"elementor-section elementor-top-section elementor-element elementor-element-4b30f069 elementor-section-boxed elementor-section-height-default elementor-section-height-default elementor-invisible\" data-id=\"4b30f069\" data-element_type=\"section\" data-settings=\"{&quot;animation&quot;:&quot;fadeInUp&quot;}\">\n\t\t\t\t\t\t<div class=\"elementor-container elementor-column-gap-default\">\n\t\t\t\t\t<div class=\"elementor-column elementor-col-100 elementor-top-column elementor-element elementor-element-7f6ab3cb\" data-id=\"7f6ab3cb\" data-element_type=\"column\">\n\t\t\t<div class=\"elementor-widget-wrap elementor-element-populated\">\n\t\t\t\t\t\t<div class=\"elementor-element elementor-element-2a11c95b elementor-absolute elementor-widget elementor-widget-image\" data-id=\"2a11c95b\" data-element_type=\"widget\" data-settings=\"{&quot;_position&quot;:&quot;absolute&quot;}\" data-widget_type=\"image.default\">\n\t\t\t\t<div class=\"elementor-widget-container\">\n\t\t\t<style>\/*! elementor - v3.21.0 - 24-04-2024 *\/\n.elementor-widget-image{text-align:center}.elementor-widget-image a{display:inline-block}.elementor-widget-image a img[src$=\".svg\"]{width:48px}.elementor-widget-image img{vertical-align:middle;display:inline-block}<\/style>\t\t\t\t\t\t\t\t\t\t<img fetchpriority=\"high\" decoding=\"async\" width=\"800\" height=\"791\" src=\"https:\/\/www.24xtrades.com\/wp-content\/uploads\/2024\/04\/Group-200-1-1024x1013.png\" class=\"attachment-large size-large wp-image-20\" alt=\"\" srcset=\"https:\/\/www.24xtrades.com\/wp-content\/uploads\/2024\/04\/Group-200-1-1024x1013.png 1024w, https:\/\/www.24xtrades.com\/wp-content\/uploads\/2024\/04\/Group-200-1-300x297.png 300w, https:\/\/www.24xtrades.com\/wp-content\/uploads\/2024\/04\/Group-200-1-768x760.png 768w, https:\/\/www.24xtrades.com\/wp-content\/uploads\/2024\/04\/Group-200-1.png 1030w\" sizes=\"(max-width: 800px) 100vw, 800px\" \/>\t\t\t\t\t\t\t\t\t\t\t\t\t<\/div>\n\t\t\t\t<\/div>\n\t\t\t\t\t<\/div>\n\t\t<\/div>\n\t\t\t\t\t<\/div>\n\t\t<\/section>\n\t\t<div class=\"elementor-element elementor-element-f7a41ab e-flex e-con-boxed e-con e-parent\" data-id=\"f7a41ab\" data-element_type=\"container\">\n\t\t\t\t\t<div class=\"e-con-inner\">\n\t\t\t\t<div class=\"elementor-element elementor-element-cabdb32 elementor-widget elementor-widget-heading\" data-id=\"cabdb32\" data-element_type=\"widget\" data-widget_type=\"heading.default\">\n\t\t\t\t<div class=\"elementor-widget-container\">\n\t\t\t<style>\/*! elementor - v3.21.0 - 24-04-2024 *\/\n.elementor-heading-title{padding:0;margin:0;line-height:1}.elementor-widget-heading .elementor-heading-title[class*=elementor-size-]>a{color:inherit;font-size:inherit;line-height:inherit}.elementor-widget-heading .elementor-heading-title.elementor-size-small{font-size:15px}.elementor-widget-heading .elementor-heading-title.elementor-size-medium{font-size:19px}.elementor-widget-heading .elementor-heading-title.elementor-size-large{font-size:29px}.elementor-widget-heading .elementor-heading-title.elementor-size-xl{font-size:39px}.elementor-widget-heading .elementor-heading-title.elementor-size-xxl{font-size:59px}<\/style><h1 class=\"elementor-heading-title elementor-size-default\">\u00bfPor qu\u00e9 las monedas digitales (criptomonedas)?<\/h1>\t\t<\/div>\n\t\t\t\t<\/div>\n\t\t\t\t<div class=\"elementor-element elementor-element-010b7e5 elementor-widget elementor-widget-image\" data-id=\"010b7e5\" data-element_type=\"widget\" data-widget_type=\"image.default\">\n\t\t\t\t<div class=\"elementor-widget-container\">\n\t\t\t\t\t\t\t\t\t\t\t\t\t<img decoding=\"async\" width=\"800\" height=\"359\" src=\"https:\/\/www.24xtrades.com\/wp-content\/uploads\/2024\/05\/1x-6-1024x459.png\" class=\"attachment-large size-large wp-image-1118\" alt=\"\" srcset=\"https:\/\/www.24xtrades.com\/wp-content\/uploads\/2024\/05\/1x-6-1024x459.png 1024w, https:\/\/www.24xtrades.com\/wp-content\/uploads\/2024\/05\/1x-6-300x135.png 300w, https:\/\/www.24xtrades.com\/wp-content\/uploads\/2024\/05\/1x-6-768x344.png 768w, https:\/\/www.24xtrades.com\/wp-content\/uploads\/2024\/05\/1x-6.png 1360w\" sizes=\"(max-width: 800px) 100vw, 800px\" \/>\t\t\t\t\t\t\t\t\t\t\t\t\t<\/div>\n\t\t\t\t<\/div>\n\t\t\t\t\t<\/div>\n\t\t\t\t<\/div>\n\t\t<div class=\"elementor-element elementor-element-c9746b5 e-flex e-con-boxed e-con e-parent\" data-id=\"c9746b5\" data-element_type=\"container\">\n\t\t\t\t\t<div class=\"e-con-inner\">\n\t\t\t\t<div class=\"elementor-element elementor-element-5044d75 elementor-invisible elementor-widget elementor-widget-text-editor\" data-id=\"5044d75\" data-element_type=\"widget\" data-settings=\"{&quot;_animation&quot;:&quot;fadeInUp&quot;}\" data-widget_type=\"text-editor.default\">\n\t\t\t\t<div class=\"elementor-widget-container\">\n\t\t\t<style>\/*! elementor - v3.21.0 - 24-04-2024 *\/\n.elementor-widget-text-editor.elementor-drop-cap-view-stacked .elementor-drop-cap{background-color:#69727d;color:#fff}.elementor-widget-text-editor.elementor-drop-cap-view-framed .elementor-drop-cap{color:#69727d;border:3px solid;background-color:transparent}.elementor-widget-text-editor:not(.elementor-drop-cap-view-default) .elementor-drop-cap{margin-top:8px}.elementor-widget-text-editor:not(.elementor-drop-cap-view-default) .elementor-drop-cap-letter{width:1em;height:1em}.elementor-widget-text-editor .elementor-drop-cap{float:left;text-align:center;line-height:1;font-size:50px}.elementor-widget-text-editor .elementor-drop-cap-letter{display:inline-block}<\/style>\t\t\t\t<h2 class=\"title\">Comercio de criptomonedas<\/h2>\t\t\t\t\t\t<\/div>\n\t\t\t\t<\/div>\n\t\t\t\t<div class=\"elementor-element elementor-element-3a39632 elementor-invisible elementor-widget elementor-widget-text-editor\" data-id=\"3a39632\" data-element_type=\"widget\" data-settings=\"{&quot;_animation&quot;:&quot;fadeInUp&quot;}\" data-widget_type=\"text-editor.default\">\n\t\t\t\t<div class=\"elementor-widget-container\">\n\t\t\t\t\t\t\t<div class=\"elementor-element elementor-element-1d8f4b7 elementor-widget elementor-widget-text-editor animated fadeInUp\" data-id=\"1d8f4b7\" data-element_type=\"widget\" data-settings=\"{&quot;_animation&quot;:&quot;fadeInUp&quot;}\" data-widget_type=\"text-editor.default\"><div class=\"elementor-widget-container\"><p>Pasos para operar con CFD de criptomonedas<\/p><\/div><\/div><div class=\"elementor-element elementor-element-1ef0040 elementor-widget elementor-widget-text-editor animated fadeInUp\" data-id=\"1ef0040\" data-element_type=\"widget\" data-settings=\"{&quot;_animation&quot;:&quot;fadeInUp&quot;}\" data-widget_type=\"text-editor.default\"><div class=\"elementor-widget-container\"><p>1. Inf\u00f3rmese sobre los CFD de criptomonedas y c\u00f3mo funcionan. Aprender c\u00f3mo funcionan puede ampliar su comprensi\u00f3n de esta faceta de los mercados financieros. El conocimiento le resultar\u00e1 \u00fatil a la hora de operar.<\/p><p>2. Crea y deposita fondos en una cuenta de operaciones. Puedes operar en una plataforma utilizando tu cuenta de operaciones. Sin ella, est\u00e1s limitado a lo que puedes lograr en una plataforma de operaciones. Para comenzar a operar, deposita fondos en tu cuenta con el monto de operaciones que desees despu\u00e9s de establecerla.<\/p><p>3. Desarrolle una estrategia de trading adecuada. El plan le guiar\u00e1 a trav\u00e9s de todo el procedimiento de trading y el marco temporal. Siga su estrategia lo m\u00e1s fielmente posible y realice peque\u00f1as modificaciones seg\u00fan sea necesario.<\/p><p>4. Seleccione una plataforma de negociaci\u00f3n. Para poner en pr\u00e1ctica su experiencia, necesitar\u00e1 una plataforma de negociaci\u00f3n. Puede invertir en cualquier criptomoneda y negociarla mediante la plataforma, ya sea en posiciones largas o cortas. Cuando sea necesario, la plataforma le ayudar\u00e1 a hacer que la negociaci\u00f3n sea m\u00e1s sencilla.<\/p><p>Abra una cuenta en 24XTRADE y comience a aprovechar nuestros productos y servicios. Comience con una peque\u00f1a cantidad para probar su experiencia con nosotros y luego ampl\u00edela seg\u00fan sus necesidades.<br \/><br \/><br \/><\/p><\/div><\/div>\t\t\t\t\t\t<\/div>\n\t\t\t\t<\/div>\n\t\t\t\t\t<\/div>\n\t\t\t\t<\/div>\n\t\t\t\t<\/div>","protected":false},"excerpt":{"rendered":"<p>Por qu\u00e9 las monedas digitales (criptomonedas) Negociaci\u00f3n de criptomonedas Pasos para operar con CFD de criptomonedas 1. Aprenda sobre los CFD de criptomonedas y c\u00f3mo funcionan. Aprender c\u00f3mo funcionan puede ampliar su comprensi\u00f3n de esta faceta de los mercados financieros. El conocimiento ser\u00e1 \u00fatil al operar. 2. Cree y financie una cuenta de operaciones. Puede operar en una plataforma utilizando [\u2026]<\/p>","protected":false},"author":1,"featured_media":0,"parent":0,"menu_order":0,"comment_status":"closed","ping_status":"closed","template":"","meta":{"footnotes":""},"class_list":["post-351","page","type-page","status-publish","hentry"],"_links":{"self":[{"href":"https:\/\/www.24xtrades.com\/es\/wp-json\/wp\/v2\/pages\/351","targetHints":{"allow":["GET"]}}],"collection":[{"href":"https:\/\/www.24xtrades.com\/es\/wp-json\/wp\/v2\/pages"}],"about":[{"href":"https:\/\/www.24xtrades.com\/es\/wp-json\/wp\/v2\/types\/page"}],"author":[{"embeddable":true,"href":"https:\/\/www.24xtrades.com\/es\/wp-json\/wp\/v2\/users\/1"}],"replies":[{"embeddable":true,"href":"https:\/\/www.24xtrades.com\/es\/wp-json\/wp\/v2\/comments?post=351"}],"version-history":[{"count":28,"href":"https:\/\/www.24xtrades.com\/es\/wp-json\/wp\/v2\/pages\/351\/revisions"}],"predecessor-version":[{"id":1150,"href":"https:\/\/www.24xtrades.com\/es\/wp-json\/wp\/v2\/pages\/351\/revisions\/1150"}],"wp:attachment":[{"href":"https:\/\/www.24xtrades.com\/es\/wp-json\/wp\/v2\/media?parent=351"}],"curies":[{"name":"wp","href":"https:\/\/api.w.org\/{rel}","templated":true}]}}