{"id":350,"date":"2024-04-26T13:03:18","date_gmt":"2024-04-26T13:03:18","guid":{"rendered":"https:\/\/24xtrades.com\/?page_id=350"},"modified":"2024-05-09T11:39:10","modified_gmt":"2024-05-09T11:39:10","slug":"commodity-trading","status":"publish","type":"page","link":"https:\/\/www.24xtrades.com\/es\/commodity-trading\/","title":{"rendered":"Comercio de materias primas"},"content":{"rendered":"<div data-elementor-type=\"wp-page\" data-elementor-id=\"350\" class=\"elementor elementor-350\" data-elementor-post-type=\"page\">\n\t\t\t\t\t\t<section class=\"elementor-section elementor-top-section elementor-element elementor-element-1a5f3679 elementor-section-boxed elementor-section-height-default elementor-section-height-default elementor-invisible\" data-id=\"1a5f3679\" data-element_type=\"section\" data-settings=\"{&quot;animation&quot;:&quot;fadeInUp&quot;}\">\n\t\t\t\t\t\t<div class=\"elementor-container elementor-column-gap-default\">\n\t\t\t\t\t<div class=\"elementor-column elementor-col-100 elementor-top-column elementor-element elementor-element-201bc1d4\" data-id=\"201bc1d4\" data-element_type=\"column\">\n\t\t\t<div class=\"elementor-widget-wrap elementor-element-populated\">\n\t\t\t\t\t\t<div class=\"elementor-element elementor-element-d037765 elementor-absolute elementor-widget elementor-widget-image\" data-id=\"d037765\" data-element_type=\"widget\" data-settings=\"{&quot;_position&quot;:&quot;absolute&quot;}\" data-widget_type=\"image.default\">\n\t\t\t\t<div class=\"elementor-widget-container\">\n\t\t\t<style>\/*! elementor - v3.21.0 - 24-04-2024 *\/\n.elementor-widget-image{text-align:center}.elementor-widget-image a{display:inline-block}.elementor-widget-image a img[src$=\".svg\"]{width:48px}.elementor-widget-image img{vertical-align:middle;display:inline-block}<\/style>\t\t\t\t\t\t\t\t\t\t<img fetchpriority=\"high\" decoding=\"async\" width=\"800\" height=\"791\" src=\"https:\/\/www.24xtrades.com\/wp-content\/uploads\/2024\/04\/Group-200-1-1024x1013.png\" class=\"attachment-large size-large wp-image-20\" alt=\"\" srcset=\"https:\/\/www.24xtrades.com\/wp-content\/uploads\/2024\/04\/Group-200-1-1024x1013.png 1024w, https:\/\/www.24xtrades.com\/wp-content\/uploads\/2024\/04\/Group-200-1-300x297.png 300w, https:\/\/www.24xtrades.com\/wp-content\/uploads\/2024\/04\/Group-200-1-768x760.png 768w, https:\/\/www.24xtrades.com\/wp-content\/uploads\/2024\/04\/Group-200-1.png 1030w\" sizes=\"(max-width: 800px) 100vw, 800px\" \/>\t\t\t\t\t\t\t\t\t\t\t\t\t<\/div>\n\t\t\t\t<\/div>\n\t\t\t\t\t<\/div>\n\t\t<\/div>\n\t\t\t\t\t<\/div>\n\t\t<\/section>\n\t\t<div class=\"elementor-element elementor-element-b6ba1a5 e-flex e-con-boxed e-con e-parent\" data-id=\"b6ba1a5\" data-element_type=\"container\">\n\t\t\t\t\t<div class=\"e-con-inner\">\n\t\t\t\t<div class=\"elementor-element elementor-element-44b735a elementor-widget elementor-widget-heading\" data-id=\"44b735a\" data-element_type=\"widget\" data-widget_type=\"heading.default\">\n\t\t\t\t<div class=\"elementor-widget-container\">\n\t\t\t<style>\/*! elementor - v3.21.0 - 24-04-2024 *\/\n.elementor-heading-title{padding:0;margin:0;line-height:1}.elementor-widget-heading .elementor-heading-title[class*=elementor-size-]>a{color:inherit;font-size:inherit;line-height:inherit}.elementor-widget-heading .elementor-heading-title.elementor-size-small{font-size:15px}.elementor-widget-heading .elementor-heading-title.elementor-size-medium{font-size:19px}.elementor-widget-heading .elementor-heading-title.elementor-size-large{font-size:29px}.elementor-widget-heading .elementor-heading-title.elementor-size-xl{font-size:39px}.elementor-widget-heading .elementor-heading-title.elementor-size-xxl{font-size:59px}<\/style><h1 class=\"elementor-heading-title elementor-size-default\">\nComercio de materias primas<\/h1>\t\t<\/div>\n\t\t\t\t<\/div>\n\t\t\t\t<div class=\"elementor-element elementor-element-64424c4 elementor-widget elementor-widget-image\" data-id=\"64424c4\" data-element_type=\"widget\" data-widget_type=\"image.default\">\n\t\t\t\t<div class=\"elementor-widget-container\">\n\t\t\t\t\t\t\t\t\t\t\t\t\t<img decoding=\"async\" width=\"800\" height=\"359\" src=\"https:\/\/www.24xtrades.com\/wp-content\/uploads\/2024\/05\/1x-8-1024x460.png\" class=\"attachment-large size-large wp-image-1116\" alt=\"\" srcset=\"https:\/\/www.24xtrades.com\/wp-content\/uploads\/2024\/05\/1x-8-1024x460.png 1024w, https:\/\/www.24xtrades.com\/wp-content\/uploads\/2024\/05\/1x-8-300x135.png 300w, https:\/\/www.24xtrades.com\/wp-content\/uploads\/2024\/05\/1x-8-768x345.png 768w, https:\/\/www.24xtrades.com\/wp-content\/uploads\/2024\/05\/1x-8.png 1361w\" sizes=\"(max-width: 800px) 100vw, 800px\" \/>\t\t\t\t\t\t\t\t\t\t\t\t\t<\/div>\n\t\t\t\t<\/div>\n\t\t\t\t\t<\/div>\n\t\t\t\t<\/div>\n\t\t<div class=\"elementor-element elementor-element-894404d e-flex e-con-boxed e-con e-parent\" data-id=\"894404d\" data-element_type=\"container\">\n\t\t\t\t\t<div class=\"e-con-inner\">\n\t\t\t\t<div class=\"elementor-element elementor-element-fdf1fca elementor-invisible elementor-widget elementor-widget-text-editor\" data-id=\"fdf1fca\" data-element_type=\"widget\" data-settings=\"{&quot;_animation&quot;:&quot;fadeInUp&quot;}\" data-widget_type=\"text-editor.default\">\n\t\t\t\t<div class=\"elementor-widget-container\">\n\t\t\t<style>\/*! elementor - v3.21.0 - 24-04-2024 *\/\n.elementor-widget-text-editor.elementor-drop-cap-view-stacked .elementor-drop-cap{background-color:#69727d;color:#fff}.elementor-widget-text-editor.elementor-drop-cap-view-framed .elementor-drop-cap{color:#69727d;border:3px solid;background-color:transparent}.elementor-widget-text-editor:not(.elementor-drop-cap-view-default) .elementor-drop-cap{margin-top:8px}.elementor-widget-text-editor:not(.elementor-drop-cap-view-default) .elementor-drop-cap-letter{width:1em;height:1em}.elementor-widget-text-editor .elementor-drop-cap{float:left;text-align:center;line-height:1;font-size:50px}.elementor-widget-text-editor .elementor-drop-cap-letter{display:inline-block}<\/style>\t\t\t\t<h3>Comercio de contratos de materias primas con 24XTRADE<\/h3><nav aria-label=\"migaja de pan\"><\/nav>\t\t\t\t\t\t<\/div>\n\t\t\t\t<\/div>\n\t\t\t\t<div class=\"elementor-element elementor-element-a49fe05 elementor-invisible elementor-widget elementor-widget-text-editor\" data-id=\"a49fe05\" data-element_type=\"widget\" data-settings=\"{&quot;_animation&quot;:&quot;fadeInUp&quot;}\" data-widget_type=\"text-editor.default\">\n\t\t\t\t<div class=\"elementor-widget-container\">\n\t\t\t\t\t\t\t<div data-id=\"2f2ba49\" data-element_type=\"widget\" data-settings=\"{&quot;_animation&quot;:&quot;fadeInUp&quot;}\" data-widget_type=\"text-editor.default\"><div><p>Dise\u00f1ado para comerciantes que desean aprovechar los mercados en alza y en baja, el comercio de materias primas sobre la base de Contratos por Diferencia (CFD) es donde las materias primas se intercambian a trav\u00e9s de un acuerdo contractual entre un comprador y un vendedor para negociar la diferencia en el precio de la materia prima.<\/p><\/div><\/div><div data-id=\"679465b\" data-element_type=\"widget\" data-widget_type=\"text-editor.default\"><div><p>Con 24XTRADE opere una amplia variedad de metales, energ\u00eda y productos agr\u00edcolas con tiempos de ejecuci\u00f3n r\u00e1pidos, herramientas de gesti\u00f3n de riesgos y condiciones comerciales transparentes.<\/p><\/div><\/div><p>Disfrute de spreads ajustados, dep\u00f3sitos y retiros r\u00e1pidos, y opere utilizando la plataforma m\u00e1s popular del mundo, MetaTrader 5, o directamente en su navegador utilizando nuestro WebTrader.<\/p><section data-id=\"0bd53d5\" data-element_type=\"section\"><div><div data-id=\"d13ac38\" data-element_type=\"column\"><div><div data-id=\"ed12cef\" data-element_type=\"widget\" data-settings=\"{&quot;_animation&quot;:&quot;fadeInUp&quot;}\" data-widget_type=\"text-editor.default\"><div><h3>Rieles<\/h3><\/div><\/div><div data-id=\"2cbf25e\" data-element_type=\"widget\" data-settings=\"{&quot;_animation&quot;:&quot;fadeInUp&quot;}\" data-widget_type=\"text-editor.default\"><div><p>Los metales se consideran materias primas duras porque se encuentran bajo tierra. Se clasifican como<br \/>metales preciosos o semipreciosos. Metales no preciosos utilizados en el desarrollo industrial<br \/>y construcci\u00f3n, tambi\u00e9n est\u00e1n incluidos.<\/p><\/div><\/div><\/div><\/div><\/div><\/section><section data-id=\"8ac1500\" data-element_type=\"section\"><div><div data-id=\"e6959d7\" data-element_type=\"column\"><div><div data-id=\"5966196\" data-element_type=\"widget\" data-settings=\"{&quot;_animation&quot;:&quot;fadeInUp&quot;}\" data-widget_type=\"text-editor.default\"><div><h3>\u00a0Energ\u00eda<\/h3><\/div><\/div><div data-id=\"a7f3c14\" data-element_type=\"widget\" data-settings=\"{&quot;_animation&quot;:&quot;fadeInUp&quot;}\" data-widget_type=\"text-editor.default\"><div><p>Debido a su importancia para la econom\u00eda en general, el mercado energ\u00e9tico es uno de los m\u00e1s comercializados.<br \/>mercados. Considere cu\u00e1ntas industrias dependen de la gasolina para impulsar sus operaciones para comprender<br \/>Lo poderoso que es el mercado energ\u00e9tico.<\/p><\/div><\/div><\/div><\/div><\/div><\/section><section data-id=\"481c075\" data-element_type=\"section\"><div><div data-id=\"069c6e6\" data-element_type=\"column\"><div><div data-id=\"d0c7d52\" data-element_type=\"widget\" data-settings=\"{&quot;_animation&quot;:&quot;fadeInUp&quot;}\" data-widget_type=\"text-editor.default\"><div><h3>\u00a0 \u00a0Agricultura<\/h3><\/div><\/div><div data-id=\"4cb4e47\" data-element_type=\"widget\" data-settings=\"{&quot;_animation&quot;:&quot;fadeInUp&quot;}\" data-widget_type=\"text-editor.default\"><div><p>El mercado blando de productos agr\u00edcolas es sensible a las fluctuaciones globales de la oferta y la demanda, tambi\u00e9n a los desastres naturales, que suelen afectar a los cultivos y las hierbas, y a la demanda estacional de determinados productos agr\u00edcolas.<\/p><\/div><\/div><div data-id=\"82480bd\" data-element_type=\"widget\" data-widget_type=\"text-editor.default\"><div><p>24XTRADE ofrece todo lo que necesita para ingresar al mundo del comercio de materias primas y oro y convertirse en<br \/>un operador de CFD exitoso. Desde informaci\u00f3n comercial gratuita, art\u00edculos esclarecedores, an\u00e1lisis y entrevistas de creadores de mercado hasta estrategias comerciales para todos los niveles de experiencia, ya sea que sea un principiante absoluto<br \/>o una mano experimentada, tenemos algo para usted.<\/p><p>\u00a0<\/p><\/div><\/div><\/div><\/div><\/div><\/section>\t\t\t\t\t\t<\/div>\n\t\t\t\t<\/div>\n\t\t\t\t\t<\/div>\n\t\t\t\t<\/div>\n\t\t\t\t<\/div>","protected":false},"excerpt":{"rendered":"<p>Comercio de materias primas Comercio de contratos de materias primas con 24XTRADE Dise\u00f1ado para comerciantes que desean aprovechar los mercados en alza y baja, el comercio de materias primas sobre la base de Contratos por Diferencia (CFD) es donde la materia prima se intercambia a trav\u00e9s de un acuerdo contractual entre un comprador y un vendedor para negociar la diferencia en el precio de la materia prima. [\u2026]<\/p>","protected":false},"author":1,"featured_media":0,"parent":0,"menu_order":0,"comment_status":"closed","ping_status":"closed","template":"","meta":{"footnotes":""},"class_list":["post-350","page","type-page","status-publish","hentry"],"_links":{"self":[{"href":"https:\/\/www.24xtrades.com\/es\/wp-json\/wp\/v2\/pages\/350","targetHints":{"allow":["GET"]}}],"collection":[{"href":"https:\/\/www.24xtrades.com\/es\/wp-json\/wp\/v2\/pages"}],"about":[{"href":"https:\/\/www.24xtrades.com\/es\/wp-json\/wp\/v2\/types\/page"}],"author":[{"embeddable":true,"href":"https:\/\/www.24xtrades.com\/es\/wp-json\/wp\/v2\/users\/1"}],"replies":[{"embeddable":true,"href":"https:\/\/www.24xtrades.com\/es\/wp-json\/wp\/v2\/comments?post=350"}],"version-history":[{"count":34,"href":"https:\/\/www.24xtrades.com\/es\/wp-json\/wp\/v2\/pages\/350\/revisions"}],"predecessor-version":[{"id":1156,"href":"https:\/\/www.24xtrades.com\/es\/wp-json\/wp\/v2\/pages\/350\/revisions\/1156"}],"wp:attachment":[{"href":"https:\/\/www.24xtrades.com\/es\/wp-json\/wp\/v2\/media?parent=350"}],"curies":[{"name":"wp","href":"https:\/\/api.w.org\/{rel}","templated":true}]}}