{"id":349,"date":"2024-04-26T13:03:08","date_gmt":"2024-04-26T13:03:08","guid":{"rendered":"https:\/\/24xtrades.com\/?page_id=349"},"modified":"2024-08-21T10:55:35","modified_gmt":"2024-08-21T10:55:35","slug":"indices-trading","status":"publish","type":"page","link":"https:\/\/www.24xtrades.com\/es\/indices-trading\/","title":{"rendered":"Trading de \u00edndices"},"content":{"rendered":"<div data-elementor-type=\"wp-page\" data-elementor-id=\"349\" class=\"elementor elementor-349\" data-elementor-post-type=\"page\">\n\t\t\t\t\t\t<section class=\"elementor-section elementor-top-section elementor-element elementor-element-46460957 elementor-section-boxed elementor-section-height-default elementor-section-height-default elementor-invisible\" data-id=\"46460957\" data-element_type=\"section\" data-settings=\"{&quot;animation&quot;:&quot;fadeInUp&quot;}\">\n\t\t\t\t\t\t<div class=\"elementor-container elementor-column-gap-default\">\n\t\t\t\t\t<div class=\"elementor-column elementor-col-100 elementor-top-column elementor-element elementor-element-5fab4f74\" data-id=\"5fab4f74\" data-element_type=\"column\">\n\t\t\t<div class=\"elementor-widget-wrap elementor-element-populated\">\n\t\t\t\t\t\t<div class=\"elementor-element elementor-element-65c711bd elementor-absolute elementor-widget elementor-widget-image\" data-id=\"65c711bd\" data-element_type=\"widget\" data-settings=\"{&quot;_position&quot;:&quot;absolute&quot;}\" data-widget_type=\"image.default\">\n\t\t\t\t<div class=\"elementor-widget-container\">\n\t\t\t<style>\/*! elementor - v3.21.0 - 24-04-2024 *\/\n.elementor-widget-image{text-align:center}.elementor-widget-image a{display:inline-block}.elementor-widget-image a img[src$=\".svg\"]{width:48px}.elementor-widget-image img{vertical-align:middle;display:inline-block}<\/style>\t\t\t\t\t\t\t\t\t\t<img fetchpriority=\"high\" decoding=\"async\" width=\"800\" height=\"791\" src=\"https:\/\/www.24xtrades.com\/wp-content\/uploads\/2024\/04\/Group-200-1-1024x1013.png\" class=\"attachment-large size-large wp-image-20\" alt=\"\" srcset=\"https:\/\/www.24xtrades.com\/wp-content\/uploads\/2024\/04\/Group-200-1-1024x1013.png 1024w, https:\/\/www.24xtrades.com\/wp-content\/uploads\/2024\/04\/Group-200-1-300x297.png 300w, https:\/\/www.24xtrades.com\/wp-content\/uploads\/2024\/04\/Group-200-1-768x760.png 768w, https:\/\/www.24xtrades.com\/wp-content\/uploads\/2024\/04\/Group-200-1.png 1030w\" sizes=\"(max-width: 800px) 100vw, 800px\" \/>\t\t\t\t\t\t\t\t\t\t\t\t\t<\/div>\n\t\t\t\t<\/div>\n\t\t\t\t\t<\/div>\n\t\t<\/div>\n\t\t\t\t\t<\/div>\n\t\t<\/section>\n\t\t<div class=\"elementor-element elementor-element-1a2ff2b e-flex e-con-boxed e-con e-parent\" data-id=\"1a2ff2b\" data-element_type=\"container\">\n\t\t\t\t\t<div class=\"e-con-inner\">\n\t\t\t\t<div class=\"elementor-element elementor-element-5aa9ec3 elementor-widget elementor-widget-heading\" data-id=\"5aa9ec3\" data-element_type=\"widget\" data-widget_type=\"heading.default\">\n\t\t\t\t<div class=\"elementor-widget-container\">\n\t\t\t<style>\/*! elementor - v3.21.0 - 24-04-2024 *\/\n.elementor-heading-title{padding:0;margin:0;line-height:1}.elementor-widget-heading .elementor-heading-title[class*=elementor-size-]>a{color:inherit;font-size:inherit;line-height:inherit}.elementor-widget-heading .elementor-heading-title.elementor-size-small{font-size:15px}.elementor-widget-heading .elementor-heading-title.elementor-size-medium{font-size:19px}.elementor-widget-heading .elementor-heading-title.elementor-size-large{font-size:29px}.elementor-widget-heading .elementor-heading-title.elementor-size-xl{font-size:39px}.elementor-widget-heading .elementor-heading-title.elementor-size-xxl{font-size:59px}<\/style><h1 class=\"elementor-heading-title elementor-size-default\">Trading de \u00edndices\n<\/h1>\t\t<\/div>\n\t\t\t\t<\/div>\n\t\t\t\t<div class=\"elementor-element elementor-element-4e5a1f6 elementor-widget elementor-widget-image\" data-id=\"4e5a1f6\" data-element_type=\"widget\" data-widget_type=\"image.default\">\n\t\t\t\t<div class=\"elementor-widget-container\">\n\t\t\t\t\t\t\t\t\t\t\t\t\t<img decoding=\"async\" width=\"800\" height=\"359\" src=\"https:\/\/www.24xtrades.com\/wp-content\/uploads\/2024\/05\/1x-4-1024x460.png\" class=\"attachment-large size-large wp-image-1120\" alt=\"\" srcset=\"https:\/\/www.24xtrades.com\/wp-content\/uploads\/2024\/05\/1x-4-1024x460.png 1024w, https:\/\/www.24xtrades.com\/wp-content\/uploads\/2024\/05\/1x-4-300x135.png 300w, https:\/\/www.24xtrades.com\/wp-content\/uploads\/2024\/05\/1x-4-768x345.png 768w, https:\/\/www.24xtrades.com\/wp-content\/uploads\/2024\/05\/1x-4.png 1361w\" sizes=\"(max-width: 800px) 100vw, 800px\" \/>\t\t\t\t\t\t\t\t\t\t\t\t\t<\/div>\n\t\t\t\t<\/div>\n\t\t\t\t\t<\/div>\n\t\t\t\t<\/div>\n\t\t<div class=\"elementor-element elementor-element-1c67fff e-flex e-con-boxed e-con e-parent\" data-id=\"1c67fff\" data-element_type=\"container\">\n\t\t\t\t\t<div class=\"e-con-inner\">\n\t\t\t\t<div class=\"elementor-element elementor-element-5b2e1a3 elementor-invisible elementor-widget elementor-widget-text-editor\" data-id=\"5b2e1a3\" data-element_type=\"widget\" data-settings=\"{&quot;_animation&quot;:&quot;fadeInUp&quot;}\" data-widget_type=\"text-editor.default\">\n\t\t\t\t<div class=\"elementor-widget-container\">\n\t\t\t<style>\/*! elementor - v3.21.0 - 24-04-2024 *\/\n.elementor-widget-text-editor.elementor-drop-cap-view-stacked .elementor-drop-cap{background-color:#69727d;color:#fff}.elementor-widget-text-editor.elementor-drop-cap-view-framed .elementor-drop-cap{color:#69727d;border:3px solid;background-color:transparent}.elementor-widget-text-editor:not(.elementor-drop-cap-view-default) .elementor-drop-cap{margin-top:8px}.elementor-widget-text-editor:not(.elementor-drop-cap-view-default) .elementor-drop-cap-letter{width:1em;height:1em}.elementor-widget-text-editor .elementor-drop-cap{float:left;text-align:center;line-height:1;font-size:50px}.elementor-widget-text-editor .elementor-drop-cap-letter{display:inline-block}<\/style>\t\t\t\t<p>En la era de la informaci\u00f3n, una era dorada de avances tecnol\u00f3gicos ha abierto el mundo de la inversi\u00f3n y el comercio se ha vuelto accesible para cualquiera que desee obtener ganancias. Una de esas plataformas de comercio populares son los \u00edndices, ya que ofrecen a los operadores grandes oportunidades para aumentar su riqueza y mejorar su poder financiero.<\/p><p>\u00a0<\/p>\t\t\t\t\t\t<\/div>\n\t\t\t\t<\/div>\n\t\t\t\t<div class=\"elementor-element elementor-element-a22a233 elementor-invisible elementor-widget elementor-widget-text-editor\" data-id=\"a22a233\" data-element_type=\"widget\" data-settings=\"{&quot;_animation&quot;:&quot;fadeInUp&quot;}\" data-widget_type=\"text-editor.default\">\n\t\t\t\t<div class=\"elementor-widget-container\">\n\t\t\t\t\t\t\t<h3>\u00bfPor qu\u00e9 deber\u00eda operar con CFD sobre \u00edndices?<\/h3><nav aria-label=\"migaja de pan\"><\/nav>\t\t\t\t\t\t<\/div>\n\t\t\t\t<\/div>\n\t\t\t\t<div class=\"elementor-element elementor-element-1fc855b elementor-invisible elementor-widget elementor-widget-text-editor\" data-id=\"1fc855b\" data-element_type=\"widget\" data-settings=\"{&quot;_animation&quot;:&quot;fadeInUp&quot;}\" data-widget_type=\"text-editor.default\">\n\t\t\t\t<div class=\"elementor-widget-container\">\n\t\t\t\t\t\t\t<div data-id=\"ea8a7f6\" data-element_type=\"widget\" data-settings=\"{&quot;_animation&quot;:&quot;fadeInUp&quot;}\" data-widget_type=\"text-editor.default\"><div data-id=\"45fc28e\" data-element_type=\"widget\" data-settings=\"{&quot;_animation&quot;:&quot;fadeInUp&quot;}\" data-widget_type=\"text-editor.default\"><div><h6>*Siempre puedes obtener ganancias.<\/h6><\/div><\/div><div data-id=\"e0ef912\" data-element_type=\"widget\" data-widget_type=\"text-editor.default\"><div><p>Las dos alternativas comerciales, compra y venta, le brindan una oportunidad fant\u00e1stica de maximizar su retorno de la inversi\u00f3n independientemente de la situaci\u00f3n del mercado.<\/p><\/div><\/div><div data-id=\"2295a36\" data-element_type=\"widget\" data-settings=\"{&quot;_animation&quot;:&quot;fadeInUp&quot;}\" data-widget_type=\"text-editor.default\"><div><h6>*Puedes comerciar\u00a0<b>En una variedad<\/b>\u00a0De los mercados.<\/h6><\/div><\/div><div data-id=\"816bb15\" data-element_type=\"widget\" data-widget_type=\"text-editor.default\"><div><p>Los contratos por diferencia permiten a los operadores operar en una variedad de mercados. Existen aproximadamente 5000 \u00edndices disponibles para operar en los Estados Unidos. El Dow Jones Industrial Average, el Dax, el Nikkei, el FTSE, el S&amp;P 500 y el Nasdaq Composite se encuentran entre los \u00edndices m\u00e1s seguidos en todo el mundo.<\/p><\/div><\/div><div data-id=\"3727f37\" data-element_type=\"widget\" data-settings=\"{&quot;_animation&quot;:&quot;fadeInUp&quot;}\" data-widget_type=\"text-editor.default\"><div><h6>*Mejora tu concentraci\u00f3n<\/h6><\/div><\/div><div data-id=\"febc5c8\" data-element_type=\"widget\" data-widget_type=\"text-editor.default\"><div><p>Los \u00edndices comerciales tendr\u00e1n un impacto en sus operaciones. Le permiten concentrarse en algunas acciones en las que puede invertir y obtener ganancias sin tener una propiedad directa. Concentrarse en dichas acciones le evita la incertidumbre al seleccionar entre un amplio grupo de acciones.<\/p><\/div><\/div><div data-id=\"2b4c3c0\" data-element_type=\"widget\" data-settings=\"{&quot;_animation&quot;:&quot;fadeInUp&quot;}\" data-widget_type=\"text-editor.default\"><div><h6>*Tendr\u00e1s una comprensi\u00f3n m\u00e1s profunda de la industria.<\/h6><\/div><\/div><div data-id=\"acb1ae2\" data-element_type=\"widget\" data-widget_type=\"text-editor.default\"><div><p>El trading con CFD requiere realizar predicciones correctas. Por lo tanto, debe tener un conocimiento profundo de lo que representan las empresas en las que desea invertir, as\u00ed como de sus condiciones y acciones. Estudiar el mercado para tener la informaci\u00f3n necesaria para realizar predicciones correctas le permitir\u00e1 familiarizarse mejor con estas posibles oportunidades de inversi\u00f3n.<\/p><\/div><\/div><\/div>\t\t\t\t\t\t<\/div>\n\t\t\t\t<\/div>\n\t\t\t\t<div class=\"elementor-element elementor-element-a420b67 elementor-invisible elementor-widget elementor-widget-text-editor\" data-id=\"a420b67\" data-element_type=\"widget\" data-settings=\"{&quot;_animation&quot;:&quot;fadeInUp&quot;}\" data-widget_type=\"text-editor.default\">\n\t\t\t\t<div class=\"elementor-widget-container\">\n\t\t\t\t\t\t\t<div data-id=\"71527e2\" data-element_type=\"widget\" data-settings=\"{&quot;_animation&quot;:&quot;fadeIn&quot;}\" data-widget_type=\"vc_custom_heading.default\"><div><div><h3>C\u00f3mo operar con \u00edndices<\/h3><\/div><\/div><\/div><div data-id=\"af9796b\" data-element_type=\"widget\" data-widget_type=\"text-editor.default\"><div>\u00a0<\/div><\/div><nav aria-label=\"migaja de pan\"><\/nav>\t\t\t\t\t\t<\/div>\n\t\t\t\t<\/div>\n\t\t\t\t<div class=\"elementor-element elementor-element-4c3aaad elementor-invisible elementor-widget elementor-widget-text-editor\" data-id=\"4c3aaad\" data-element_type=\"widget\" data-settings=\"{&quot;_animation&quot;:&quot;fadeInUp&quot;}\" data-widget_type=\"text-editor.default\">\n\t\t\t\t<div class=\"elementor-widget-container\">\n\t\t\t\t\t\t\t<div data-id=\"ea8a7f6\" data-element_type=\"widget\" data-settings=\"{&quot;_animation&quot;:&quot;fadeInUp&quot;}\" data-widget_type=\"text-editor.default\"><div data-id=\"45fc28e\" data-element_type=\"widget\" data-settings=\"{&quot;_animation&quot;:&quot;fadeInUp&quot;}\" data-widget_type=\"text-editor.default\"><div data-id=\"ea8a7f6\" data-element_type=\"widget\" data-settings=\"{&quot;_animation&quot;:&quot;fadeInUp&quot;}\" data-widget_type=\"text-editor.default\"><div data-id=\"45fc28e\" data-element_type=\"widget\" data-settings=\"{&quot;_animation&quot;:&quot;fadeInUp&quot;}\" data-widget_type=\"text-editor.default\"><div data-id=\"af9796b\" data-element_type=\"widget\" data-widget_type=\"text-editor.default\"><div><p>El trading de \u00edndices es muy popular no solo porque permite a los comerciantes e inversores obtener exposici\u00f3n a una econom\u00eda entera a trav\u00e9s de una \u00fanica operaci\u00f3n, sino que tambi\u00e9n se pueden negociar en ambas direcciones, lo que significa que es posible<br \/>Benef\u00edciese tanto de los movimientos de precios al alza como a la baja. Instrucciones paso a paso<br \/>A continuaci\u00f3n le ayudar\u00e1 a comenzar r\u00e1pidamente:<\/p><\/div><\/div><div data-id=\"e93e969\" data-element_type=\"widget\" data-settings=\"{&quot;_animation&quot;:&quot;fadeInUp&quot;}\" data-widget_type=\"text-editor.default\"><div><h6>*Seleccione un tipo de activo<\/h6><\/div><\/div><div data-id=\"29611ec\" data-element_type=\"widget\" data-widget_type=\"text-editor.default\"><div><p>El \u00edndice burs\u00e1til no se puede negociar como un activo puro; un operador solo puede operar con su derivado. Los CFD (contratos por diferencia) son instrumentos financieros que permiten un mayor apalancamiento durante la negociaci\u00f3n y la apertura de posiciones largas (de compra) y cortas (de venta). Los CFD sobre \u00edndices suelen tener el mismo precio que su \u00edndice subyacente y siguen las mismas tendencias.<\/p><\/div><\/div><div data-id=\"227321d\" data-element_type=\"widget\" data-settings=\"{&quot;_animation&quot;:&quot;fadeInUp&quot;}\" data-widget_type=\"text-editor.default\"><div><h6>*Elija un \u00edndice en particular<\/h6><\/div><\/div><div data-id=\"9f797c9\" data-element_type=\"widget\" data-widget_type=\"text-editor.default\"><div><p>Dependiendo de sus objetivos y preferencias de inversi\u00f3n, elija el instrumento que mejor se adapte a su estrategia de trading. Recomendamos al inversor con menos experiencia que estudie primero el mercado y practique el trading en una cuenta demo antes de seleccionar un activo para operar en la vida real.<\/p><\/div><\/div><div data-id=\"f263b11\" data-element_type=\"widget\" data-settings=\"{&quot;_animation&quot;:&quot;fadeInUp&quot;}\" data-widget_type=\"text-editor.default\"><div><h6>*Elige el volumen y la direcci\u00f3n de tu pedido<\/h6><\/div><\/div><div data-id=\"e9da6c1\" data-element_type=\"widget\" data-widget_type=\"text-editor.default\"><div><p>El volumen del pedido debe basarse en su inversi\u00f3n inicial y la cantidad de riesgo que est\u00e1 dispuesto a asumir.<\/p><\/div><\/div><div data-id=\"d059edb\" data-element_type=\"widget\" data-settings=\"{&quot;_animation&quot;:&quot;fadeInUp&quot;}\" data-widget_type=\"text-editor.default\"><div><h6>*Realizar una orden de compra<\/h6><\/div><\/div><div data-id=\"2c2d2bb\" data-element_type=\"widget\" data-widget_type=\"text-editor.default\"><div><p>Si cree que el precio del \u00edndice crecer\u00e1, emita una orden de venta si predice su movimiento a la baja.<\/p><\/div><\/div><div data-id=\"19b9247\" data-element_type=\"widget\" data-settings=\"{&quot;_animation&quot;:&quot;fadeInUp&quot;}\" data-widget_type=\"text-editor.default\"><div><h6>*Invierte y monitorea tus resultados.<\/h6><\/div><\/div><div data-id=\"48e7842\" data-element_type=\"widget\" data-widget_type=\"text-editor.default\"><div><p>El trading no se detiene cuando se abre una posici\u00f3n. Hay que controlar las inversiones y reaccionar en funci\u00f3n de la situaci\u00f3n del mercado.<\/p><\/div><\/div><\/div><\/div><\/div><\/div>\t\t\t\t\t\t<\/div>\n\t\t\t\t<\/div>\n\t\t\t\t\t<\/div>\n\t\t\t\t<\/div>\n\t\t\t\t<\/div>","protected":false},"excerpt":{"rendered":"<p>Trading de \u00edndices En la era de la informaci\u00f3n, una era dorada de avances tecnol\u00f3gicos ha abierto el mundo de la inversi\u00f3n y el trading se ha vuelto accesible para cualquiera que quiera obtener ganancias. Una de esas plataformas de trading populares son los \u00edndices, ya que ofrecen a los operadores grandes oportunidades para hacer crecer su riqueza y mejorar su poder financiero. \u00bfPor qu\u00e9 [\u2026]<\/p>","protected":false},"author":1,"featured_media":0,"parent":0,"menu_order":0,"comment_status":"closed","ping_status":"closed","template":"","meta":{"footnotes":""},"class_list":["post-349","page","type-page","status-publish","hentry"],"_links":{"self":[{"href":"https:\/\/www.24xtrades.com\/es\/wp-json\/wp\/v2\/pages\/349","targetHints":{"allow":["GET"]}}],"collection":[{"href":"https:\/\/www.24xtrades.com\/es\/wp-json\/wp\/v2\/pages"}],"about":[{"href":"https:\/\/www.24xtrades.com\/es\/wp-json\/wp\/v2\/types\/page"}],"author":[{"embeddable":true,"href":"https:\/\/www.24xtrades.com\/es\/wp-json\/wp\/v2\/users\/1"}],"replies":[{"embeddable":true,"href":"https:\/\/www.24xtrades.com\/es\/wp-json\/wp\/v2\/comments?post=349"}],"version-history":[{"count":37,"href":"https:\/\/www.24xtrades.com\/es\/wp-json\/wp\/v2\/pages\/349\/revisions"}],"predecessor-version":[{"id":1479,"href":"https:\/\/www.24xtrades.com\/es\/wp-json\/wp\/v2\/pages\/349\/revisions\/1479"}],"wp:attachment":[{"href":"https:\/\/www.24xtrades.com\/es\/wp-json\/wp\/v2\/media?parent=349"}],"curies":[{"name":"wp","href":"https:\/\/api.w.org\/{rel}","templated":true}]}}