{"id":309,"date":"2024-04-26T12:50:14","date_gmt":"2024-04-26T12:50:14","guid":{"rendered":"https:\/\/24xtrades.com\/?page_id=309"},"modified":"2024-08-08T05:58:14","modified_gmt":"2024-08-08T05:58:14","slug":"legal","status":"publish","type":"page","link":"https:\/\/www.24xtrades.com\/es\/legal\/","title":{"rendered":"Legal"},"content":{"rendered":"<div data-elementor-type=\"wp-page\" data-elementor-id=\"309\" class=\"elementor elementor-309\" data-elementor-post-type=\"page\">\n\t\t\t\t\t\t<section class=\"elementor-section elementor-top-section elementor-element elementor-element-8e9397d elementor-section-boxed elementor-section-height-default elementor-section-height-default\" data-id=\"8e9397d\" data-element_type=\"section\">\n\t\t\t\t\t\t<div class=\"elementor-container elementor-column-gap-default\">\n\t\t\t\t\t<div class=\"elementor-column elementor-col-100 elementor-top-column elementor-element elementor-element-7baf3a05\" data-id=\"7baf3a05\" data-element_type=\"column\">\n\t\t\t<div class=\"elementor-widget-wrap elementor-element-populated\">\n\t\t\t\t\t\t<div class=\"elementor-element elementor-element-c9e29b1 elementor-widget elementor-widget-heading\" data-id=\"c9e29b1\" data-element_type=\"widget\" data-widget_type=\"heading.default\">\n\t\t\t\t<div class=\"elementor-widget-container\">\n\t\t\t<style>\/*! elementor - v3.21.0 - 24-04-2024 *\/\n.elementor-heading-title{padding:0;margin:0;line-height:1}.elementor-widget-heading .elementor-heading-title[class*=elementor-size-]>a{color:inherit;font-size:inherit;line-height:inherit}.elementor-widget-heading .elementor-heading-title.elementor-size-small{font-size:15px}.elementor-widget-heading .elementor-heading-title.elementor-size-medium{font-size:19px}.elementor-widget-heading .elementor-heading-title.elementor-size-large{font-size:29px}.elementor-widget-heading .elementor-heading-title.elementor-size-xl{font-size:39px}.elementor-widget-heading .elementor-heading-title.elementor-size-xxl{font-size:59px}<\/style><h1 class=\"elementor-heading-title elementor-size-default\">Comercio de divisas<\/h1>\t\t<\/div>\n\t\t\t\t<\/div>\n\t\t\t\t<div class=\"elementor-element elementor-element-268f580 elementor-invisible elementor-widget elementor-widget-text-editor\" data-id=\"268f580\" data-element_type=\"widget\" data-settings=\"{&quot;_animation&quot;:&quot;fadeInUp&quot;}\" data-widget_type=\"text-editor.default\">\n\t\t\t\t<div class=\"elementor-widget-container\">\n\t\t\t<style>\/*! elementor - v3.21.0 - 24-04-2024 *\/\n.elementor-widget-text-editor.elementor-drop-cap-view-stacked .elementor-drop-cap{background-color:#69727d;color:#fff}.elementor-widget-text-editor.elementor-drop-cap-view-framed .elementor-drop-cap{color:#69727d;border:3px solid;background-color:transparent}.elementor-widget-text-editor:not(.elementor-drop-cap-view-default) .elementor-drop-cap{margin-top:8px}.elementor-widget-text-editor:not(.elementor-drop-cap-view-default) .elementor-drop-cap-letter{width:1em;height:1em}.elementor-widget-text-editor .elementor-drop-cap{float:left;text-align:center;line-height:1;font-size:50px}.elementor-widget-text-editor .elementor-drop-cap-letter{display:inline-block}<\/style>\t\t\t\t<p>Aqu\u00ed en 24XTRADE, nuestros clientes son nuestro mayor activo y su satisfacci\u00f3n es nuestra principal prioridad.<br \/>Si tienes alguna pregunta o consulta no dudes en contactarnos, haremos todo lo posible para ayudarte.<\/p>\t\t\t\t\t\t<\/div>\n\t\t\t\t<\/div>\n\t\t\t\t<section class=\"elementor-section elementor-inner-section elementor-element elementor-element-5e69b467 elementor-section-full_width elementor-section-height-default elementor-section-height-default\" data-id=\"5e69b467\" data-element_type=\"section\">\n\t\t\t\t\t\t<div class=\"elementor-container elementor-column-gap-default\">\n\t\t\t\t\t<div class=\"elementor-column elementor-col-100 elementor-inner-column elementor-element elementor-element-315fdacf\" data-id=\"315fdacf\" data-element_type=\"column\" data-settings=\"{&quot;background_background&quot;:&quot;classic&quot;}\">\n\t\t\t<div class=\"elementor-widget-wrap elementor-element-populated\">\n\t\t\t\t\t\t<div class=\"elementor-element elementor-element-2d7b4410 elementor-widget__width-initial jkit-equal-height-disable elementor-invisible elementor-widget elementor-widget-jkit_icon_box\" data-id=\"2d7b4410\" data-element_type=\"widget\" data-settings=\"{&quot;_animation&quot;:&quot;fadeInUp&quot;}\" data-widget_type=\"jkit_icon_box.default\">\n\t\t\t\t<div class=\"elementor-widget-container\">\n\t\t\t<div  class=\"jeg-elementor-kit jkit-icon-box icon-position-top elementor-animation- jeg_module___69e21ab69d1e0\" ><a href=\"https:\/\/24xtrades.com\/wp-content\/uploads\/2024\/06\/Anti-Money-Laundering-Policy-24XTRADE-1.pdf\"  class=\"icon-box-link\"  aria-label=\"M\u00e1s informaci\u00f3n\"><div class=\"jkit-icon-box-wrapper hover-from-left\"><div class=\"icon-box icon-box-header elementor-animation-\"><div class=\"icon style-color\"><img fetchpriority=\"high\" decoding=\"async\" width=\"438\" height=\"438\" src=\"https:\/\/www.24xtrades.com\/wp-content\/uploads\/2024\/05\/trjtfjtr-03-03-03.png\" class=\"attachment-full size-full\" alt=\"Anti Money Laundering Policy\" url=\"https:\/\/24xtrades.com\/wp-content\/uploads\/2024\/05\/trjtfjtr-03-03-03.png\" source=\"library\" srcset=\"https:\/\/www.24xtrades.com\/wp-content\/uploads\/2024\/05\/trjtfjtr-03-03-03.png 438w, https:\/\/www.24xtrades.com\/wp-content\/uploads\/2024\/05\/trjtfjtr-03-03-03-300x300.png 300w, https:\/\/www.24xtrades.com\/wp-content\/uploads\/2024\/05\/trjtfjtr-03-03-03-150x150.png 150w\" sizes=\"(max-width: 438px) 100vw, 438px\" \/><\/div><\/div><div class=\"icon-box icon-box-body\">\n                <h2 class=\"title\">Pol\u00edtica contra el blanqueo de dinero<\/h2>\n            <\/div>\n            \n            <\/div><\/a><\/div>\t\t<\/div>\n\t\t\t\t<\/div>\n\t\t\t\t<div class=\"elementor-element elementor-element-54ab60ef elementor-widget__width-initial jkit-equal-height-disable elementor-invisible elementor-widget elementor-widget-jkit_icon_box\" data-id=\"54ab60ef\" data-element_type=\"widget\" data-settings=\"{&quot;_animation&quot;:&quot;fadeInUp&quot;}\" data-widget_type=\"jkit_icon_box.default\">\n\t\t\t\t<div class=\"elementor-widget-container\">\n\t\t\t<div  class=\"jeg-elementor-kit jkit-icon-box icon-position-top elementor-animation- jeg_module__1_69e21ab6a31b4\" ><a href=\"https:\/\/24xtrades.com\/wp-content\/uploads\/2024\/08\/Client-agreement-24XTRADE-1-1.pdf\"  class=\"icon-box-link\"  aria-label=\"M\u00e1s informaci\u00f3n\"><div class=\"jkit-icon-box-wrapper hover-from-left\"><div class=\"icon-box icon-box-header elementor-animation-\"><div class=\"icon style-color\"><img decoding=\"async\" width=\"150\" height=\"150\" src=\"https:\/\/www.24xtrades.com\/wp-content\/uploads\/2024\/05\/trjtfjtr-03-03-03-150x150.png\" class=\"attachment-thumbnail size-thumbnail\" alt=\"Client Agreement\" url=\"https:\/\/24xtrades.com\/wp-content\/uploads\/2024\/05\/trjtfjtr-03-03-03.png\" source=\"library\" srcset=\"https:\/\/www.24xtrades.com\/wp-content\/uploads\/2024\/05\/trjtfjtr-03-03-03-150x150.png 150w, https:\/\/www.24xtrades.com\/wp-content\/uploads\/2024\/05\/trjtfjtr-03-03-03-300x300.png 300w, https:\/\/www.24xtrades.com\/wp-content\/uploads\/2024\/05\/trjtfjtr-03-03-03.png 438w\" sizes=\"(max-width: 150px) 100vw, 150px\" \/><\/div><\/div><div class=\"icon-box icon-box-body\">\n                <h2 class=\"title\">Acuerdo del cliente<\/h2>\n            <\/div>\n            \n            <\/div><\/a><\/div>\t\t<\/div>\n\t\t\t\t<\/div>\n\t\t\t\t<div class=\"elementor-element elementor-element-1970e733 elementor-widget__width-initial jkit-equal-height-disable elementor-invisible elementor-widget elementor-widget-jkit_icon_box\" data-id=\"1970e733\" data-element_type=\"widget\" data-settings=\"{&quot;_animation&quot;:&quot;fadeInUp&quot;}\" data-widget_type=\"jkit_icon_box.default\">\n\t\t\t\t<div class=\"elementor-widget-container\">\n\t\t\t<div  class=\"jeg-elementor-kit jkit-icon-box icon-position-top elementor-animation- jeg_module__2_69e21ab6a3ab4\" ><a href=\"https:\/\/24xtrades.com\/wp-content\/uploads\/2024\/06\/Terms_and_Conditions_for_the_Use_of_the_Website-24XTRADE-1.pdf\"  class=\"icon-box-link\"  aria-label=\"M\u00e1s informaci\u00f3n\"><div class=\"jkit-icon-box-wrapper hover-from-left\"><div class=\"icon-box icon-box-header elementor-animation-\"><div class=\"icon style-color\"><img decoding=\"async\" width=\"150\" height=\"150\" src=\"https:\/\/www.24xtrades.com\/wp-content\/uploads\/2024\/05\/trjtfjtr-03-03-03-150x150.png\" class=\"attachment-thumbnail size-thumbnail\" alt=\"Terms And Conditions\" url=\"https:\/\/24xtrades.com\/wp-content\/uploads\/2024\/05\/trjtfjtr-03-03-03.png\" source=\"library\" srcset=\"https:\/\/www.24xtrades.com\/wp-content\/uploads\/2024\/05\/trjtfjtr-03-03-03-150x150.png 150w, https:\/\/www.24xtrades.com\/wp-content\/uploads\/2024\/05\/trjtfjtr-03-03-03-300x300.png 300w, https:\/\/www.24xtrades.com\/wp-content\/uploads\/2024\/05\/trjtfjtr-03-03-03.png 438w\" sizes=\"(max-width: 150px) 100vw, 150px\" \/><\/div><\/div><div class=\"icon-box icon-box-body\">\n                <h2 class=\"title\">T\u00e9rminos y condiciones<\/h2>\n            <\/div>\n            \n            <\/div><\/a><\/div>\t\t<\/div>\n\t\t\t\t<\/div>\n\t\t\t\t<div class=\"elementor-element elementor-element-af06944 elementor-widget__width-initial jkit-equal-height-disable elementor-invisible elementor-widget elementor-widget-jkit_icon_box\" data-id=\"af06944\" data-element_type=\"widget\" data-settings=\"{&quot;_animation&quot;:&quot;fadeInUp&quot;}\" data-widget_type=\"jkit_icon_box.default\">\n\t\t\t\t<div class=\"elementor-widget-container\">\n\t\t\t<div  class=\"jeg-elementor-kit jkit-icon-box icon-position-top elementor-animation- jeg_module__3_69e21ab6a4363\" ><a href=\"https:\/\/24xtrades.com\/wp-content\/uploads\/2024\/06\/Refund-and-Cancellation-Policy-24XTRADE-1.pdf\"  class=\"icon-box-link\"  aria-label=\"M\u00e1s informaci\u00f3n\"><div class=\"jkit-icon-box-wrapper hover-from-left\"><div class=\"icon-box icon-box-header elementor-animation-\"><div class=\"icon style-color\"><img loading=\"lazy\" decoding=\"async\" width=\"150\" height=\"150\" src=\"https:\/\/www.24xtrades.com\/wp-content\/uploads\/2024\/05\/trjtfjtr-03-03-03-150x150.png\" class=\"attachment-thumbnail size-thumbnail\" alt=\"Refund And Cancellation Policy\" url=\"https:\/\/24xtrades.com\/wp-content\/uploads\/2024\/05\/trjtfjtr-03-03-03.png\" source=\"library\" srcset=\"https:\/\/www.24xtrades.com\/wp-content\/uploads\/2024\/05\/trjtfjtr-03-03-03-150x150.png 150w, https:\/\/www.24xtrades.com\/wp-content\/uploads\/2024\/05\/trjtfjtr-03-03-03-300x300.png 300w, https:\/\/www.24xtrades.com\/wp-content\/uploads\/2024\/05\/trjtfjtr-03-03-03.png 438w\" sizes=\"(max-width: 150px) 100vw, 150px\" \/><\/div><\/div><div class=\"icon-box icon-box-body\">\n                <h2 class=\"title\">Pol\u00edtica de reembolso y cancelaci\u00f3n<\/h2>\n            <\/div>\n            \n            <\/div><\/a><\/div>\t\t<\/div>\n\t\t\t\t<\/div>\n\t\t\t\t<div class=\"elementor-element elementor-element-f53b579 elementor-widget__width-initial jkit-equal-height-disable elementor-invisible elementor-widget elementor-widget-jkit_icon_box\" data-id=\"f53b579\" data-element_type=\"widget\" data-settings=\"{&quot;_animation&quot;:&quot;fadeInUp&quot;}\" data-widget_type=\"jkit_icon_box.default\">\n\t\t\t\t<div class=\"elementor-widget-container\">\n\t\t\t<div  class=\"jeg-elementor-kit jkit-icon-box icon-position-top elementor-animation- jeg_module__4_69e21ab6a78de\" ><a href=\"https:\/\/24xtrades.com\/wp-content\/uploads\/2024\/06\/Privacy-Policy-and-cookie-disclosure-24XTRADE-1.pdf\"  class=\"icon-box-link\"  aria-label=\"M\u00e1s informaci\u00f3n\"><div class=\"jkit-icon-box-wrapper hover-from-left\"><div class=\"icon-box icon-box-header elementor-animation-\"><div class=\"icon style-color\"><img loading=\"lazy\" decoding=\"async\" width=\"150\" height=\"150\" src=\"https:\/\/www.24xtrades.com\/wp-content\/uploads\/2024\/05\/trjtfjtr-03-03-03-150x150.png\" class=\"attachment-thumbnail size-thumbnail\" alt=\"Privacy Policy And Cookie Disclosure\" url=\"https:\/\/24xtrades.com\/wp-content\/uploads\/2024\/05\/trjtfjtr-03-03-03.png\" source=\"library\" srcset=\"https:\/\/www.24xtrades.com\/wp-content\/uploads\/2024\/05\/trjtfjtr-03-03-03-150x150.png 150w, https:\/\/www.24xtrades.com\/wp-content\/uploads\/2024\/05\/trjtfjtr-03-03-03-300x300.png 300w, https:\/\/www.24xtrades.com\/wp-content\/uploads\/2024\/05\/trjtfjtr-03-03-03.png 438w\" sizes=\"(max-width: 150px) 100vw, 150px\" \/><\/div><\/div><div class=\"icon-box icon-box-body\">\n                <h2 class=\"title\">Pol\u00edtica de privacidad y divulgaci\u00f3n de cookies<\/h2>\n            <\/div>\n            \n            <\/div><\/a><\/div>\t\t<\/div>\n\t\t\t\t<\/div>\n\t\t\t\t<div class=\"elementor-element elementor-element-59b0cbe elementor-widget__width-initial jkit-equal-height-disable elementor-invisible elementor-widget elementor-widget-jkit_icon_box\" data-id=\"59b0cbe\" data-element_type=\"widget\" data-settings=\"{&quot;_animation&quot;:&quot;fadeInUp&quot;}\" data-widget_type=\"jkit_icon_box.default\">\n\t\t\t\t<div class=\"elementor-widget-container\">\n\t\t\t<div  class=\"jeg-elementor-kit jkit-icon-box icon-position-top elementor-animation- jeg_module__5_69e21ab6a81c8\" ><a href=\"https:\/\/24xtrades.com\/wp-content\/uploads\/2024\/06\/POPIA-24XTRADE-1.pdf\"  class=\"icon-box-link\"  aria-label=\"M\u00e1s informaci\u00f3n\"><div class=\"jkit-icon-box-wrapper hover-from-left\"><div class=\"icon-box icon-box-header elementor-animation-\"><div class=\"icon style-color\"><img loading=\"lazy\" decoding=\"async\" width=\"150\" height=\"150\" src=\"https:\/\/www.24xtrades.com\/wp-content\/uploads\/2024\/05\/trjtfjtr-03-03-03-150x150.png\" class=\"attachment-thumbnail size-thumbnail\" alt=\"POPIA 24XTRADE\" url=\"https:\/\/24xtrades.com\/wp-content\/uploads\/2024\/05\/trjtfjtr-03-03-03.png\" source=\"library\" srcset=\"https:\/\/www.24xtrades.com\/wp-content\/uploads\/2024\/05\/trjtfjtr-03-03-03-150x150.png 150w, https:\/\/www.24xtrades.com\/wp-content\/uploads\/2024\/05\/trjtfjtr-03-03-03-300x300.png 300w, https:\/\/www.24xtrades.com\/wp-content\/uploads\/2024\/05\/trjtfjtr-03-03-03.png 438w\" sizes=\"(max-width: 150px) 100vw, 150px\" \/><\/div><\/div><div class=\"icon-box icon-box-body\">\n                <h2 class=\"title\">POPIA 24XTRADE<\/h2>\n            <\/div>\n            \n            <\/div><\/a><\/div>\t\t<\/div>\n\t\t\t\t<\/div>\n\t\t\t\t<div class=\"elementor-element elementor-element-619a327 elementor-widget__width-initial jkit-equal-height-disable elementor-invisible elementor-widget elementor-widget-jkit_icon_box\" data-id=\"619a327\" data-element_type=\"widget\" data-settings=\"{&quot;_animation&quot;:&quot;fadeInUp&quot;}\" data-widget_type=\"jkit_icon_box.default\">\n\t\t\t\t<div class=\"elementor-widget-container\">\n\t\t\t<div  class=\"jeg-elementor-kit jkit-icon-box icon-position-top elementor-animation- jeg_module__6_69e21ab6a8a52\" ><a href=\"https:\/\/24xtrades.com\/wp-content\/uploads\/2024\/06\/General-Fees-24XTRADE-1.pdf\"  class=\"icon-box-link\"  aria-label=\"M\u00e1s informaci\u00f3n\"><div class=\"jkit-icon-box-wrapper hover-from-left\"><div class=\"icon-box icon-box-header elementor-animation-\"><div class=\"icon style-color\"><img loading=\"lazy\" decoding=\"async\" width=\"150\" height=\"150\" src=\"https:\/\/www.24xtrades.com\/wp-content\/uploads\/2024\/05\/trjtfjtr-03-03-03-150x150.png\" class=\"attachment-thumbnail size-thumbnail\" alt=\"General Fees\" url=\"https:\/\/24xtrades.com\/wp-content\/uploads\/2024\/05\/trjtfjtr-03-03-03.png\" source=\"library\" srcset=\"https:\/\/www.24xtrades.com\/wp-content\/uploads\/2024\/05\/trjtfjtr-03-03-03-150x150.png 150w, https:\/\/www.24xtrades.com\/wp-content\/uploads\/2024\/05\/trjtfjtr-03-03-03-300x300.png 300w, https:\/\/www.24xtrades.com\/wp-content\/uploads\/2024\/05\/trjtfjtr-03-03-03.png 438w\" sizes=\"(max-width: 150px) 100vw, 150px\" \/><\/div><\/div><div class=\"icon-box icon-box-body\">\n                <h2 class=\"title\">Tarifas generales<\/h2>\n            <\/div>\n            \n            <\/div><\/a><\/div>\t\t<\/div>\n\t\t\t\t<\/div>\n\t\t\t\t<div class=\"elementor-element elementor-element-3bfe55b elementor-widget__width-initial jkit-equal-height-disable elementor-invisible elementor-widget elementor-widget-jkit_icon_box\" data-id=\"3bfe55b\" data-element_type=\"widget\" data-settings=\"{&quot;_animation&quot;:&quot;fadeInUp&quot;}\" data-widget_type=\"jkit_icon_box.default\">\n\t\t\t\t<div class=\"elementor-widget-container\">\n\t\t\t<div  class=\"jeg-elementor-kit jkit-icon-box icon-position-top elementor-animation- jeg_module__7_69e21ab6a92d9\" ><a href=\"https:\/\/24xtrades.com\/wp-content\/uploads\/2024\/06\/Complaints-Procedure-24XTRADE-1.pdf\"  class=\"icon-box-link\"  aria-label=\"M\u00e1s informaci\u00f3n\"><div class=\"jkit-icon-box-wrapper hover-from-left\"><div class=\"icon-box icon-box-header elementor-animation-\"><div class=\"icon style-color\"><img loading=\"lazy\" decoding=\"async\" width=\"150\" height=\"150\" src=\"https:\/\/www.24xtrades.com\/wp-content\/uploads\/2024\/05\/trjtfjtr-03-03-03-150x150.png\" class=\"attachment-thumbnail size-thumbnail\" alt=\"Complaints Procedure\" url=\"https:\/\/24xtrades.com\/wp-content\/uploads\/2024\/05\/trjtfjtr-03-03-03.png\" source=\"library\" srcset=\"https:\/\/www.24xtrades.com\/wp-content\/uploads\/2024\/05\/trjtfjtr-03-03-03-150x150.png 150w, https:\/\/www.24xtrades.com\/wp-content\/uploads\/2024\/05\/trjtfjtr-03-03-03-300x300.png 300w, https:\/\/www.24xtrades.com\/wp-content\/uploads\/2024\/05\/trjtfjtr-03-03-03.png 438w\" sizes=\"(max-width: 150px) 100vw, 150px\" \/><\/div><\/div><div class=\"icon-box icon-box-body\">\n                <h2 class=\"title\">Procedimiento de quejas<\/h2>\n            <\/div>\n            \n            <\/div><\/a><\/div>\t\t<\/div>\n\t\t\t\t<\/div>\n\t\t\t\t<div class=\"elementor-element elementor-element-1e586c8 elementor-widget__width-initial jkit-equal-height-disable elementor-invisible elementor-widget elementor-widget-jkit_icon_box\" data-id=\"1e586c8\" data-element_type=\"widget\" data-settings=\"{&quot;_animation&quot;:&quot;fadeInUp&quot;}\" data-widget_type=\"jkit_icon_box.default\">\n\t\t\t\t<div class=\"elementor-widget-container\">\n\t\t\t<div  class=\"jeg-elementor-kit jkit-icon-box icon-position-top elementor-animation- jeg_module__8_69e21ab6afb25\" ><a href=\"https:\/\/24xtrades.com\/wp-content\/uploads\/2024\/08\/24XTRADE_Withdrawal_Steps.pdf\"  class=\"icon-box-link\"  aria-label=\"M\u00e1s informaci\u00f3n\"><div class=\"jkit-icon-box-wrapper hover-from-left\"><div class=\"icon-box icon-box-header elementor-animation-\"><div class=\"icon style-color\"><img loading=\"lazy\" decoding=\"async\" width=\"150\" height=\"150\" src=\"https:\/\/www.24xtrades.com\/wp-content\/uploads\/2024\/05\/trjtfjtr-03-03-03-150x150.png\" class=\"attachment-thumbnail size-thumbnail\" alt=\"Withdrawal Steps\" url=\"https:\/\/24xtrades.com\/wp-content\/uploads\/2024\/05\/trjtfjtr-03-03-03.png\" source=\"library\" srcset=\"https:\/\/www.24xtrades.com\/wp-content\/uploads\/2024\/05\/trjtfjtr-03-03-03-150x150.png 150w, https:\/\/www.24xtrades.com\/wp-content\/uploads\/2024\/05\/trjtfjtr-03-03-03-300x300.png 300w, https:\/\/www.24xtrades.com\/wp-content\/uploads\/2024\/05\/trjtfjtr-03-03-03.png 438w\" sizes=\"(max-width: 150px) 100vw, 150px\" \/><\/div><\/div><div class=\"icon-box icon-box-body\">\n                <h2 class=\"title\">Pasos para el retiro<\/h2>\n            <\/div>\n            \n            <\/div><\/a><\/div>\t\t<\/div>\n\t\t\t\t<\/div>\n\t\t\t\t\t<\/div>\n\t\t<\/div>\n\t\t\t\t\t<\/div>\n\t\t<\/section>\n\t\t\t\t<div class=\"elementor-element elementor-element-4976b12e elementor-widget__width-auto elementor-absolute elementor-widget elementor-widget-image\" data-id=\"4976b12e\" data-element_type=\"widget\" data-settings=\"{&quot;_position&quot;:&quot;absolute&quot;}\" data-widget_type=\"image.default\">\n\t\t\t\t<div class=\"elementor-widget-container\">\n\t\t\t<style>\/*! elementor - v3.21.0 - 24-04-2024 *\/\n.elementor-widget-image{text-align:center}.elementor-widget-image a{display:inline-block}.elementor-widget-image a img[src$=\".svg\"]{width:48px}.elementor-widget-image img{vertical-align:middle;display:inline-block}<\/style>\t\t\t\t\t\t\t\t\t\t<img loading=\"lazy\" decoding=\"async\" width=\"603\" height=\"604\" src=\"https:\/\/www.24xtrades.com\/wp-content\/uploads\/2024\/04\/Group-200.png\" class=\"attachment-large size-large wp-image-23\" alt=\"\" srcset=\"https:\/\/www.24xtrades.com\/wp-content\/uploads\/2024\/04\/Group-200.png 603w, https:\/\/www.24xtrades.com\/wp-content\/uploads\/2024\/04\/Group-200-300x300.png 300w, https:\/\/www.24xtrades.com\/wp-content\/uploads\/2024\/04\/Group-200-150x150.png 150w\" sizes=\"(max-width: 603px) 100vw, 603px\" \/>\t\t\t\t\t\t\t\t\t\t\t\t\t<\/div>\n\t\t\t\t<\/div>\n\t\t\t\t\t<\/div>\n\t\t<\/div>\n\t\t\t\t\t<\/div>\n\t\t<\/section>\n\t\t\t\t<\/div>","protected":false},"excerpt":{"rendered":"<p>Operaciones de Forex En 24XTRADE, nuestros clientes son nuestro mayor activo y su satisfacci\u00f3n es nuestra m\u00e1xima prioridad. Si tiene alguna pregunta o consulta, no dude en contactarnos, haremos todo lo posible para ayudarlo. Pol\u00edtica contra el lavado de dinero Acuerdo del cliente T\u00e9rminos y condiciones Pol\u00edtica de reembolso y cancelaci\u00f3n Pol\u00edtica de privacidad y cookies [\u2026]<\/p>","protected":false},"author":1,"featured_media":0,"parent":0,"menu_order":0,"comment_status":"closed","ping_status":"closed","template":"","meta":{"footnotes":""},"class_list":["post-309","page","type-page","status-publish","hentry"],"_links":{"self":[{"href":"https:\/\/www.24xtrades.com\/es\/wp-json\/wp\/v2\/pages\/309","targetHints":{"allow":["GET"]}}],"collection":[{"href":"https:\/\/www.24xtrades.com\/es\/wp-json\/wp\/v2\/pages"}],"about":[{"href":"https:\/\/www.24xtrades.com\/es\/wp-json\/wp\/v2\/types\/page"}],"author":[{"embeddable":true,"href":"https:\/\/www.24xtrades.com\/es\/wp-json\/wp\/v2\/users\/1"}],"replies":[{"embeddable":true,"href":"https:\/\/www.24xtrades.com\/es\/wp-json\/wp\/v2\/comments?post=309"}],"version-history":[{"count":31,"href":"https:\/\/www.24xtrades.com\/es\/wp-json\/wp\/v2\/pages\/309\/revisions"}],"predecessor-version":[{"id":1472,"href":"https:\/\/www.24xtrades.com\/es\/wp-json\/wp\/v2\/pages\/309\/revisions\/1472"}],"wp:attachment":[{"href":"https:\/\/www.24xtrades.com\/es\/wp-json\/wp\/v2\/media?parent=309"}],"curies":[{"name":"wp","href":"https:\/\/api.w.org\/{rel}","templated":true}]}}