{"id":294,"date":"2024-04-26T12:43:41","date_gmt":"2024-04-26T12:43:41","guid":{"rendered":"https:\/\/24xtrades.com\/?page_id=294"},"modified":"2024-05-14T20:50:26","modified_gmt":"2024-05-14T20:50:26","slug":"why-24xtrade","status":"publish","type":"page","link":"https:\/\/www.24xtrades.com\/es\/why-24xtrade\/","title":{"rendered":"\u00bfPor qu\u00e9 24xtrade?"},"content":{"rendered":"<div data-elementor-type=\"wp-page\" data-elementor-id=\"294\" class=\"elementor elementor-294\" data-elementor-post-type=\"page\">\n\t\t\t\t\t\t<section class=\"elementor-section elementor-top-section elementor-element elementor-element-4848273d elementor-section-boxed elementor-section-height-default elementor-section-height-default\" data-id=\"4848273d\" data-element_type=\"section\">\n\t\t\t\t\t\t<div class=\"elementor-container elementor-column-gap-default\">\n\t\t\t\t\t<div class=\"elementor-column elementor-col-100 elementor-top-column elementor-element elementor-element-25a3981d\" data-id=\"25a3981d\" data-element_type=\"column\">\n\t\t\t<div class=\"elementor-widget-wrap elementor-element-populated\">\n\t\t\t\t\t\t<div class=\"elementor-element elementor-element-1eb14693 elementor-invisible elementor-widget elementor-widget-heading\" data-id=\"1eb14693\" data-element_type=\"widget\" data-settings=\"{&quot;_animation&quot;:&quot;fadeInUp&quot;}\" data-widget_type=\"heading.default\">\n\t\t\t\t<div class=\"elementor-widget-container\">\n\t\t\t<style>\/*! elementor - v3.21.0 - 24-04-2024 *\/\n.elementor-heading-title{padding:0;margin:0;line-height:1}.elementor-widget-heading .elementor-heading-title[class*=elementor-size-]>a{color:inherit;font-size:inherit;line-height:inherit}.elementor-widget-heading .elementor-heading-title.elementor-size-small{font-size:15px}.elementor-widget-heading .elementor-heading-title.elementor-size-medium{font-size:19px}.elementor-widget-heading .elementor-heading-title.elementor-size-large{font-size:29px}.elementor-widget-heading .elementor-heading-title.elementor-size-xl{font-size:39px}.elementor-widget-heading .elementor-heading-title.elementor-size-xxl{font-size:59px}<\/style><h2 class=\"elementor-heading-title elementor-size-default\">\u00bfPor qu\u00e9 24XTRADE?<\/h2>\t\t<\/div>\n\t\t\t\t<\/div>\n\t\t\t\t<div class=\"elementor-element elementor-element-5777cf25 elementor-widget__width-initial elementor-invisible elementor-widget elementor-widget-text-editor\" data-id=\"5777cf25\" data-element_type=\"widget\" data-settings=\"{&quot;_animation&quot;:&quot;fadeInUp&quot;}\" data-widget_type=\"text-editor.default\">\n\t\t\t\t<div class=\"elementor-widget-container\">\n\t\t\t<style>\/*! elementor - v3.21.0 - 24-04-2024 *\/\n.elementor-widget-text-editor.elementor-drop-cap-view-stacked .elementor-drop-cap{background-color:#69727d;color:#fff}.elementor-widget-text-editor.elementor-drop-cap-view-framed .elementor-drop-cap{color:#69727d;border:3px solid;background-color:transparent}.elementor-widget-text-editor:not(.elementor-drop-cap-view-default) .elementor-drop-cap{margin-top:8px}.elementor-widget-text-editor:not(.elementor-drop-cap-view-default) .elementor-drop-cap-letter{width:1em;height:1em}.elementor-widget-text-editor .elementor-drop-cap{float:left;text-align:center;line-height:1;font-size:50px}.elementor-widget-text-editor .elementor-drop-cap-letter{display:inline-block}<\/style>\t\t\t\t<p>Nuestra industria nos ha reconocido una y otra vez por nuestras plataformas de negociaci\u00f3n de vanguardia, nuestros servicios financieros de primera clase y nuestras oportunidades de negociaci\u00f3n de vanguardia. Nuestro objetivo es siempre brindarles a nuestros clientes la mejor y m\u00e1s transparente experiencia de negociaci\u00f3n posible.<\/p><p>Nos gustar\u00eda ser su br\u00f3ker online de confianza, su socio de confianza. Estamos aqu\u00ed para ayudarle a prosperar y tener \u00e9xito. En resumen, su visi\u00f3n es nuestra misi\u00f3n. \u00a1Se trata de usted, no de nosotros! Su satisfacci\u00f3n y rentabilidad son nuestra misi\u00f3n. Por ello, le ofrecemos toda nuestra experiencia junto con nuestra ayuda y las herramientas necesarias.<\/p>\t\t\t\t\t\t<\/div>\n\t\t\t\t<\/div>\n\t\t\t\t<div class=\"elementor-element elementor-element-533c1bef elementor-absolute elementor-widget elementor-widget-image\" data-id=\"533c1bef\" data-element_type=\"widget\" data-settings=\"{&quot;_position&quot;:&quot;absolute&quot;}\" data-widget_type=\"image.default\">\n\t\t\t\t<div class=\"elementor-widget-container\">\n\t\t\t<style>\/*! elementor - v3.21.0 - 24-04-2024 *\/\n.elementor-widget-image{text-align:center}.elementor-widget-image a{display:inline-block}.elementor-widget-image a img[src$=\".svg\"]{width:48px}.elementor-widget-image img{vertical-align:middle;display:inline-block}<\/style>\t\t\t\t\t\t\t\t\t\t<img fetchpriority=\"high\" decoding=\"async\" width=\"800\" height=\"791\" src=\"https:\/\/www.24xtrades.com\/wp-content\/uploads\/2024\/04\/Group-200-1-1024x1013.png\" class=\"attachment-large size-large wp-image-20\" alt=\"\" srcset=\"https:\/\/www.24xtrades.com\/wp-content\/uploads\/2024\/04\/Group-200-1-1024x1013.png 1024w, https:\/\/www.24xtrades.com\/wp-content\/uploads\/2024\/04\/Group-200-1-300x297.png 300w, https:\/\/www.24xtrades.com\/wp-content\/uploads\/2024\/04\/Group-200-1-768x760.png 768w, https:\/\/www.24xtrades.com\/wp-content\/uploads\/2024\/04\/Group-200-1.png 1030w\" sizes=\"(max-width: 800px) 100vw, 800px\" \/>\t\t\t\t\t\t\t\t\t\t\t\t\t<\/div>\n\t\t\t\t<\/div>\n\t\t\t\t<section class=\"elementor-section elementor-inner-section elementor-element elementor-element-e1b8aca elementor-section-boxed elementor-section-height-default elementor-section-height-default\" data-id=\"e1b8aca\" data-element_type=\"section\">\n\t\t\t\t\t\t<div class=\"elementor-container elementor-column-gap-custom\">\n\t\t\t\t\t<div class=\"elementor-column elementor-col-25 elementor-inner-column elementor-element elementor-element-7a940a0\" data-id=\"7a940a0\" data-element_type=\"column\">\n\t\t\t<div class=\"elementor-widget-wrap elementor-element-populated\">\n\t\t\t\t\t\t<div class=\"elementor-element elementor-element-76a18bd elementor-widget elementor-widget-image\" data-id=\"76a18bd\" data-element_type=\"widget\" data-widget_type=\"image.default\">\n\t\t\t\t<div class=\"elementor-widget-container\">\n\t\t\t\t\t\t\t\t\t\t\t\t\t<img decoding=\"async\" width=\"1498\" height=\"1498\" src=\"https:\/\/www.24xtrades.com\/wp-content\/uploads\/2024\/04\/24-xtrade-website-icon-05.png\" class=\"attachment-full size-full wp-image-197\" alt=\"\" srcset=\"https:\/\/www.24xtrades.com\/wp-content\/uploads\/2024\/04\/24-xtrade-website-icon-05.png 1498w, https:\/\/www.24xtrades.com\/wp-content\/uploads\/2024\/04\/24-xtrade-website-icon-05-300x300.png 300w, https:\/\/www.24xtrades.com\/wp-content\/uploads\/2024\/04\/24-xtrade-website-icon-05-1024x1024.png 1024w, https:\/\/www.24xtrades.com\/wp-content\/uploads\/2024\/04\/24-xtrade-website-icon-05-150x150.png 150w, https:\/\/www.24xtrades.com\/wp-content\/uploads\/2024\/04\/24-xtrade-website-icon-05-768x768.png 768w\" sizes=\"(max-width: 1498px) 100vw, 1498px\" \/>\t\t\t\t\t\t\t\t\t\t\t\t\t<\/div>\n\t\t\t\t<\/div>\n\t\t\t\t<div class=\"elementor-element elementor-element-1860a2a elementor-widget__width-inherit elementor-widget elementor-widget-text-editor\" data-id=\"1860a2a\" data-element_type=\"widget\" data-widget_type=\"text-editor.default\">\n\t\t\t\t<div class=\"elementor-widget-container\">\n\t\t\t\t\t\t\t<h4 class=\"title\">Software y seguridad<\/h4>\t\t\t\t\t\t<\/div>\n\t\t\t\t<\/div>\n\t\t\t\t<div class=\"elementor-element elementor-element-12ce9c2 elementor-widget__width-inherit elementor-widget elementor-widget-text-editor\" data-id=\"12ce9c2\" data-element_type=\"widget\" data-widget_type=\"text-editor.default\">\n\t\t\t\t<div class=\"elementor-widget-container\">\n\t\t\t\t\t\t\t<p class=\"title\">Para garantizar el mejor tiempo de ejecuci\u00f3n y seguridad, tambi\u00e9n ofrecemos las plataformas de negociaci\u00f3n m\u00e1s confiables y populares. Eche un vistazo a nuestras plataformas.<\/p>\t\t\t\t\t\t<\/div>\n\t\t\t\t<\/div>\n\t\t\t\t\t<\/div>\n\t\t<\/div>\n\t\t\t\t<div class=\"elementor-column elementor-col-25 elementor-inner-column elementor-element elementor-element-a88b5e7\" data-id=\"a88b5e7\" data-element_type=\"column\">\n\t\t\t<div class=\"elementor-widget-wrap elementor-element-populated\">\n\t\t\t\t\t\t<div class=\"elementor-element elementor-element-6872be4 elementor-widget elementor-widget-image\" data-id=\"6872be4\" data-element_type=\"widget\" data-widget_type=\"image.default\">\n\t\t\t\t<div class=\"elementor-widget-container\">\n\t\t\t\t\t\t\t\t\t\t\t\t\t<img decoding=\"async\" width=\"1498\" height=\"1498\" src=\"https:\/\/www.24xtrades.com\/wp-content\/uploads\/2024\/04\/24-xtrade-website-icon-02.png\" class=\"attachment-full size-full wp-image-194\" alt=\"\" srcset=\"https:\/\/www.24xtrades.com\/wp-content\/uploads\/2024\/04\/24-xtrade-website-icon-02.png 1498w, https:\/\/www.24xtrades.com\/wp-content\/uploads\/2024\/04\/24-xtrade-website-icon-02-300x300.png 300w, https:\/\/www.24xtrades.com\/wp-content\/uploads\/2024\/04\/24-xtrade-website-icon-02-1024x1024.png 1024w, https:\/\/www.24xtrades.com\/wp-content\/uploads\/2024\/04\/24-xtrade-website-icon-02-150x150.png 150w, https:\/\/www.24xtrades.com\/wp-content\/uploads\/2024\/04\/24-xtrade-website-icon-02-768x768.png 768w\" sizes=\"(max-width: 1498px) 100vw, 1498px\" \/>\t\t\t\t\t\t\t\t\t\t\t\t\t<\/div>\n\t\t\t\t<\/div>\n\t\t\t\t<div class=\"elementor-element elementor-element-285b9bd elementor-widget__width-inherit elementor-widget elementor-widget-text-editor\" data-id=\"285b9bd\" data-element_type=\"widget\" data-widget_type=\"text-editor.default\">\n\t\t\t\t<div class=\"elementor-widget-container\">\n\t\t\t\t\t\t\t<h4 class=\"title\">Licencias y autorizaciones regulatorias<\/h4>\t\t\t\t\t\t<\/div>\n\t\t\t\t<\/div>\n\t\t\t\t<div class=\"elementor-element elementor-element-bb9dfd9 elementor-widget__width-inherit elementor-widget elementor-widget-text-editor\" data-id=\"bb9dfd9\" data-element_type=\"widget\" data-widget_type=\"text-editor.default\">\n\t\t\t\t<div class=\"elementor-widget-container\">\n\t\t\t\t\t\t\t<p class=\"title\">En 24xtrade, estamos comprometidos a brindar transparencia y el m\u00e1s alto nivel de seguridad de los fondos de nuestros clientes.<\/p>\t\t\t\t\t\t<\/div>\n\t\t\t\t<\/div>\n\t\t\t\t\t<\/div>\n\t\t<\/div>\n\t\t\t\t<div class=\"elementor-column elementor-col-25 elementor-inner-column elementor-element elementor-element-fe695f7\" data-id=\"fe695f7\" data-element_type=\"column\">\n\t\t\t<div class=\"elementor-widget-wrap elementor-element-populated\">\n\t\t\t\t\t\t<div class=\"elementor-element elementor-element-399f27d elementor-widget elementor-widget-image\" data-id=\"399f27d\" data-element_type=\"widget\" data-widget_type=\"image.default\">\n\t\t\t\t<div class=\"elementor-widget-container\">\n\t\t\t\t\t\t\t\t\t\t\t\t\t<img loading=\"lazy\" decoding=\"async\" width=\"1498\" height=\"1498\" src=\"https:\/\/www.24xtrades.com\/wp-content\/uploads\/2024\/04\/24-xtrade-website-icon-03.png\" class=\"attachment-full size-full wp-image-195\" alt=\"\" srcset=\"https:\/\/www.24xtrades.com\/wp-content\/uploads\/2024\/04\/24-xtrade-website-icon-03.png 1498w, https:\/\/www.24xtrades.com\/wp-content\/uploads\/2024\/04\/24-xtrade-website-icon-03-300x300.png 300w, https:\/\/www.24xtrades.com\/wp-content\/uploads\/2024\/04\/24-xtrade-website-icon-03-1024x1024.png 1024w, https:\/\/www.24xtrades.com\/wp-content\/uploads\/2024\/04\/24-xtrade-website-icon-03-150x150.png 150w, https:\/\/www.24xtrades.com\/wp-content\/uploads\/2024\/04\/24-xtrade-website-icon-03-768x768.png 768w\" sizes=\"(max-width: 1498px) 100vw, 1498px\" \/>\t\t\t\t\t\t\t\t\t\t\t\t\t<\/div>\n\t\t\t\t<\/div>\n\t\t\t\t<div class=\"elementor-element elementor-element-9496b8a elementor-widget__width-inherit elementor-widget elementor-widget-text-editor\" data-id=\"9496b8a\" data-element_type=\"widget\" data-widget_type=\"text-editor.default\">\n\t\t\t\t<div class=\"elementor-widget-container\">\n\t\t\t\t\t\t\t<h4 class=\"title\">Servicio al cliente<\/h4>\t\t\t\t\t\t<\/div>\n\t\t\t\t<\/div>\n\t\t\t\t<div class=\"elementor-element elementor-element-3733601 elementor-widget__width-inherit elementor-widget elementor-widget-text-editor\" data-id=\"3733601\" data-element_type=\"widget\" data-widget_type=\"text-editor.default\">\n\t\t\t\t<div class=\"elementor-widget-container\">\n\t\t\t\t\t\t\t<p class=\"title\">24xtrade ofrece asistencia al cliente por tel\u00e9fono y chat en vivo para ayudar a los clientes con problemas t\u00e9cnicos y organizativos. Consulta la p\u00e1gina Cont\u00e1ctanos para obtener m\u00e1s informaci\u00f3n sobre nuestra atenci\u00f3n al cliente.<\/p>\t\t\t\t\t\t<\/div>\n\t\t\t\t<\/div>\n\t\t\t\t\t<\/div>\n\t\t<\/div>\n\t\t\t\t<div class=\"elementor-column elementor-col-25 elementor-inner-column elementor-element elementor-element-123b837\" data-id=\"123b837\" data-element_type=\"column\">\n\t\t\t<div class=\"elementor-widget-wrap elementor-element-populated\">\n\t\t\t\t\t\t<div class=\"elementor-element elementor-element-0dc9c31 elementor-widget elementor-widget-image\" data-id=\"0dc9c31\" data-element_type=\"widget\" data-widget_type=\"image.default\">\n\t\t\t\t<div class=\"elementor-widget-container\">\n\t\t\t\t\t\t\t\t\t\t\t\t\t<img loading=\"lazy\" decoding=\"async\" width=\"1498\" height=\"1498\" src=\"https:\/\/www.24xtrades.com\/wp-content\/uploads\/2024\/04\/24-xtrade-website-icon-04.png\" class=\"attachment-full size-full wp-image-196\" alt=\"\" srcset=\"https:\/\/www.24xtrades.com\/wp-content\/uploads\/2024\/04\/24-xtrade-website-icon-04.png 1498w, https:\/\/www.24xtrades.com\/wp-content\/uploads\/2024\/04\/24-xtrade-website-icon-04-300x300.png 300w, https:\/\/www.24xtrades.com\/wp-content\/uploads\/2024\/04\/24-xtrade-website-icon-04-1024x1024.png 1024w, https:\/\/www.24xtrades.com\/wp-content\/uploads\/2024\/04\/24-xtrade-website-icon-04-150x150.png 150w, https:\/\/www.24xtrades.com\/wp-content\/uploads\/2024\/04\/24-xtrade-website-icon-04-768x768.png 768w\" sizes=\"(max-width: 1498px) 100vw, 1498px\" \/>\t\t\t\t\t\t\t\t\t\t\t\t\t<\/div>\n\t\t\t\t<\/div>\n\t\t\t\t<div class=\"elementor-element elementor-element-25d9627 elementor-widget__width-inherit elementor-widget elementor-widget-text-editor\" data-id=\"25d9627\" data-element_type=\"widget\" data-widget_type=\"text-editor.default\">\n\t\t\t\t<div class=\"elementor-widget-container\">\n\t\t\t\t\t\t\t<h4 class=\"title\">Gerentes de cuentas senior<\/h4>\t\t\t\t\t\t<\/div>\n\t\t\t\t<\/div>\n\t\t\t\t<div class=\"elementor-element elementor-element-24ae3c6 elementor-widget__width-inherit elementor-widget elementor-widget-text-editor\" data-id=\"24ae3c6\" data-element_type=\"widget\" data-widget_type=\"text-editor.default\">\n\t\t\t\t<div class=\"elementor-widget-container\">\n\t\t\t\t\t\t\t<p>Al completar su inversi\u00f3n inicial, se le asignar\u00e1 un Gerente de Cuenta Senior dedicado a ayudarlo y brindarle toda la informaci\u00f3n necesaria para comenzar.<\/p>\t\t\t\t\t\t<\/div>\n\t\t\t\t<\/div>\n\t\t\t\t\t<\/div>\n\t\t<\/div>\n\t\t\t\t\t<\/div>\n\t\t<\/section>\n\t\t\t\t\t<\/div>\n\t\t<\/div>\n\t\t\t\t\t<\/div>\n\t\t<\/section>\n\t\t\t\t<\/div>","protected":false},"excerpt":{"rendered":"<p>\u00bfPor qu\u00e9 24XTRADE? Nuestra industria nos ha reconocido una y otra vez por nuestras plataformas de trading de vanguardia, servicios financieros de primera clase y oportunidades de trading de \u00faltima generaci\u00f3n. Nuestro objetivo es siempre brindarles a nuestros clientes la mejor y m\u00e1s transparente experiencia de trading posible. Nos gustar\u00eda ser su corredor en l\u00ednea confiable, su [\u2026]<\/p>","protected":false},"author":1,"featured_media":0,"parent":0,"menu_order":0,"comment_status":"closed","ping_status":"closed","template":"","meta":{"footnotes":""},"class_list":["post-294","page","type-page","status-publish","hentry"],"_links":{"self":[{"href":"https:\/\/www.24xtrades.com\/es\/wp-json\/wp\/v2\/pages\/294","targetHints":{"allow":["GET"]}}],"collection":[{"href":"https:\/\/www.24xtrades.com\/es\/wp-json\/wp\/v2\/pages"}],"about":[{"href":"https:\/\/www.24xtrades.com\/es\/wp-json\/wp\/v2\/types\/page"}],"author":[{"embeddable":true,"href":"https:\/\/www.24xtrades.com\/es\/wp-json\/wp\/v2\/users\/1"}],"replies":[{"embeddable":true,"href":"https:\/\/www.24xtrades.com\/es\/wp-json\/wp\/v2\/comments?post=294"}],"version-history":[{"count":47,"href":"https:\/\/www.24xtrades.com\/es\/wp-json\/wp\/v2\/pages\/294\/revisions"}],"predecessor-version":[{"id":1415,"href":"https:\/\/www.24xtrades.com\/es\/wp-json\/wp\/v2\/pages\/294\/revisions\/1415"}],"wp:attachment":[{"href":"https:\/\/www.24xtrades.com\/es\/wp-json\/wp\/v2\/media?parent=294"}],"curies":[{"name":"wp","href":"https:\/\/api.w.org\/{rel}","templated":true}]}}